{"id":17698,"date":"2024-01-12T22:05:32","date_gmt":"2024-01-12T22:05:32","guid":{"rendered":"https:\/\/bulliesteashop.com\/?post_type=product&#038;p=17698"},"modified":"2025-11-06T07:07:59","modified_gmt":"2025-11-06T07:07:59","slug":"nestle-carnation-sweetened-condensed-milk-397g","status":"publish","type":"product","link":"https:\/\/bulliesteashop.com\/nl\/product\/nestle-carnation-sweetened-condensed-milk-397g\/","title":{"rendered":"Nestl\u00e9 Carnation Sweetened Condensed Milk 397g"},"content":{"rendered":"<div class=\"gn-content bop-info__field\">\n<div class=\"bop-info__content\">Zoet en heerlijk romig van smaak, Carnation\u00ae Gecondenseerde Melk is een geweldige shortcut om je favoriete desserts te maken. Gemaakt met slechts twee ingredi\u00ebnten: verse volle melk en natuurlijke suiker, maakt Carnation\u00ae Gezoete Gecondenseerde Melk het snel en gemakkelijk om heerlijke traktaties te cre\u00ebren. Van smakelijke cheesecakes tot Millionaire's Shortbread, het gecondenseerde melk-klassieker van Nestle\u00ae is een heerlijke basis om desserts en taarten te maken en bakken om te delen met iedereen, voor elke gelegenheid.<\/div>\n<\/div>\n<div class=\"gn-content bop-info__field\">\n<div class=\"bop-info__content\">Blik van 397g Carnation\u00ae Gezoete Gecondenseerde Melk, Gemaakt met volledig natuurlijke ingredi\u00ebnten, Slechts twee ingredi\u00ebnten: volle melk en natuurlijke suiker!, Geweldig om heerlijke desserts te maken, Geschikt voor vegetari\u00ebrs<\/div>\n<\/div>\n<p class=\"gn-content\"><span class=\"bop-lifestyleBadge\"><img decoding=\"async\" class=\"bop-badge bop-badge-vegetarian\" src=\"https:\/\/www.ocado.com\/static\/vegetarian-b4dac.svg\" alt=\"Suitable for vegetarians\" \/>Geschikt voor vegetari\u00ebrs<\/span><\/p>\n<table>\n<tbody>\n<tr>\n<th>Typische Waarden<\/th>\n<th>Per 100g<\/th>\n<th>Per 50g serving<\/th>\n<\/tr>\n<tr>\n<td>Energie<\/td>\n<td>1359 kJ<\/td>\n<td>680 kJ<\/td>\n<\/tr>\n<tr>\n<td><\/td>\n<td>322 kcal<\/td>\n<td>161 kcal<\/td>\n<\/tr>\n<tr>\n<td>Vet<\/td>\n<td>8.0 g<\/td>\n<td>4.0 g<\/td>\n<\/tr>\n<tr>\n<td>of which: saturates<\/td>\n<td>5.0 g<\/td>\n<td>2.5 g<\/td>\n<\/tr>\n<tr>\n<td>Koolhydraat<\/td>\n<td>55.0 g<\/td>\n<td>27.5 g<\/td>\n<\/tr>\n<tr>\n<td>of which: sugars<\/td>\n<td>55.0 g<\/td>\n<td>27.5 g<\/td>\n<\/tr>\n<tr>\n<td>Vezel<\/td>\n<td>0.0 g<\/td>\n<td>0.0 g<\/td>\n<\/tr>\n<tr>\n<td>Eiwit<\/td>\n<td>7.5 g<\/td>\n<td>3.8 g<\/td>\n<\/tr>\n<tr>\n<td>Zout<\/td>\n<td>0.26 g<\/td>\n<td>0.13 g<\/td>\n<\/tr>\n<tr>\n<td>Calcium<\/td>\n<td>260 mg<\/td>\n<td>130 mg 16% RI*<\/td>\n<\/tr>\n<tr>\n<td>*Reference Intake of an average adult (8400kJ \/ 2000kcal)<\/td>\n<td><\/td>\n<td><\/td>\n<\/tr>\n<tr>\n<td>Contains 7 servings<\/td>\n<\/tr>\n<\/tbody>\n<\/table>\n<p>&nbsp;<\/p>\n<p>&nbsp;<\/p>","protected":false},"excerpt":{"rendered":"<div class=\"gn-content bop-info__field\">\n<h6>Ingredi\u00ebnten<\/h6>\n<div class=\"bop-info__content translation-block\">Volle\u00a0<b>Melk<\/b>, suiker<\/div>\n<\/div>\n<div class=\"gn-content bop-info__field\">\n<h6>Allergeneninformatie<\/h6>\n<div class=\"bop-info__content\">Bevat melk<\/div>\n<\/div>\n<div class=\"gn-content bop-info__field\">\n<h6>Dieetinformatie<\/h6>\n<div class=\"bop-info__content\">Geschikt voor vegetari\u00ebrs<\/div>\n<\/div>","protected":false},"featured_media":17697,"comment_status":"closed","ping_status":"closed","template":"","meta":[],"product_brand":[],"product_cat":[296,375,374],"product_tag":[402,400,404,403,399],"class_list":{"0":"post-17698","1":"product","2":"type-product","3":"status-publish","4":"has-post-thumbnail","6":"product_cat-baking","7":"product_cat-dessert","8":"product_cat-tins-cans-soup-pasta","9":"product_tag-advocaat","10":"product_tag-carnation","11":"product_tag-condensed-milk","12":"product_tag-milk","13":"product_tag-nestle","15":"first","16":"outofstock","17":"purchasable","18":"product-type-simple"},"yoast_head":"<!-- This site is optimized with the Yoast SEO plugin v23.4 - https:\/\/yoast.com\/wordpress\/plugins\/seo\/ -->\n<title>Nestl\u00e9 Carnation Sweetened Condensed Milk 397g - Bullies Tea Shop<\/title>\n<meta name=\"robots\" content=\"index, follow, max-snippet:-1, max-image-preview:large, max-video-preview:-1\" \/>\n<link rel=\"canonical\" href=\"https:\/\/bulliesteashop.com\/nl\/product\/nestle-carnation-sweetened-condensed-milk-397g\/\" \/>\n<meta property=\"og:locale\" content=\"nl_BE\" \/>\n<meta property=\"og:type\" content=\"article\" \/>\n<meta property=\"og:title\" content=\"Nestl\u00e9 Carnation Sweetened Condensed Milk 397g - Bullies Tea Shop\" \/>\n<meta property=\"og:description\" content=\"Ingredients Whole\u00a0Milk, Sugar   Allergen Information Contains Milk   Dietary Information Suitable for Vegetarians\" \/>\n<meta property=\"og:url\" content=\"https:\/\/bulliesteashop.com\/nl\/product\/nestle-carnation-sweetened-condensed-milk-397g\/\" \/>\n<meta property=\"og:site_name\" content=\"Bullies Tea Shop\" \/>\n<meta property=\"article:publisher\" content=\"https:\/\/www.facebook.com\/iengelswienkeltje2\/\" \/>\n<meta property=\"article:modified_time\" content=\"2025-11-06T07:07:59+00:00\" \/>\n<meta property=\"og:image\" content=\"https:\/\/bulliesteashop.com\/wp-content\/uploads\/2024\/01\/NestleCarnationCondensedMilk397g.jpg\" \/>\n\t<meta property=\"og:image:width\" content=\"1280\" \/>\n\t<meta property=\"og:image:height\" content=\"1280\" \/>\n\t<meta property=\"og:image:type\" content=\"image\/jpeg\" \/>\n<meta name=\"twitter:card\" content=\"summary_large_image\" \/>\n<meta name=\"twitter:label1\" content=\"Geschatte leestijd\" \/>\n\t<meta name=\"twitter:data1\" content=\"1 minuut\" \/>\n<script type=\"application\/ld+json\" class=\"yoast-schema-graph\">{\"@context\":\"https:\/\/schema.org\",\"@graph\":[{\"@type\":\"WebPage\",\"@id\":\"https:\/\/bulliesteashop.com\/product\/nestle-carnation-sweetened-condensed-milk-397g\/\",\"url\":\"https:\/\/bulliesteashop.com\/product\/nestle-carnation-sweetened-condensed-milk-397g\/\",\"name\":\"Nestl\u00e9 Carnation Sweetened Condensed Milk 397g - Bullies Tea Shop\",\"isPartOf\":{\"@id\":\"https:\/\/bulliesteashop.com\/#website\"},\"primaryImageOfPage\":{\"@id\":\"https:\/\/bulliesteashop.com\/product\/nestle-carnation-sweetened-condensed-milk-397g\/#primaryimage\"},\"image\":{\"@id\":\"https:\/\/bulliesteashop.com\/product\/nestle-carnation-sweetened-condensed-milk-397g\/#primaryimage\"},\"thumbnailUrl\":\"https:\/\/bulliesteashop.com\/wp-content\/uploads\/2024\/01\/NestleCarnationCondensedMilk397g.jpg\",\"datePublished\":\"2024-01-12T22:05:32+00:00\",\"dateModified\":\"2025-11-06T07:07:59+00:00\",\"breadcrumb\":{\"@id\":\"https:\/\/bulliesteashop.com\/product\/nestle-carnation-sweetened-condensed-milk-397g\/#breadcrumb\"},\"inLanguage\":\"nl-BE\",\"potentialAction\":[{\"@type\":\"ReadAction\",\"target\":[\"https:\/\/bulliesteashop.com\/product\/nestle-carnation-sweetened-condensed-milk-397g\/\"]}]},{\"@type\":\"ImageObject\",\"inLanguage\":\"nl-BE\",\"@id\":\"https:\/\/bulliesteashop.com\/product\/nestle-carnation-sweetened-condensed-milk-397g\/#primaryimage\",\"url\":\"https:\/\/bulliesteashop.com\/wp-content\/uploads\/2024\/01\/NestleCarnationCondensedMilk397g.jpg\",\"contentUrl\":\"https:\/\/bulliesteashop.com\/wp-content\/uploads\/2024\/01\/NestleCarnationCondensedMilk397g.jpg\",\"width\":1280,\"height\":1280},{\"@type\":\"BreadcrumbList\",\"@id\":\"https:\/\/bulliesteashop.com\/product\/nestle-carnation-sweetened-condensed-milk-397g\/#breadcrumb\",\"itemListElement\":[{\"@type\":\"ListItem\",\"position\":1,\"name\":\"Home\",\"item\":\"https:\/\/bulliesteashop.com\/\"},{\"@type\":\"ListItem\",\"position\":2,\"name\":\"Shop\",\"item\":\"https:\/\/bulliesteashop.com\/shop\/\"},{\"@type\":\"ListItem\",\"position\":3,\"name\":\"Nestl\u00e9 Carnation Sweetened Condensed Milk 397g\"}]},{\"@type\":\"WebSite\",\"@id\":\"https:\/\/bulliesteashop.com\/#website\",\"url\":\"https:\/\/bulliesteashop.com\/\",\"name\":\"Bullies Tea Shop\",\"description\":\"Online shop for your favourite British and English food and drink products\",\"publisher\":{\"@id\":\"https:\/\/bulliesteashop.com\/#organization\"},\"potentialAction\":[{\"@type\":\"SearchAction\",\"target\":{\"@type\":\"EntryPoint\",\"urlTemplate\":\"https:\/\/bulliesteashop.com\/?s={search_term_string}\"},\"query-input\":{\"@type\":\"PropertyValueSpecification\",\"valueRequired\":true,\"valueName\":\"search_term_string\"}}],\"inLanguage\":\"nl-BE\"},{\"@type\":\"Organization\",\"@id\":\"https:\/\/bulliesteashop.com\/#organization\",\"name\":\"Bullies Tea Shop\",\"url\":\"https:\/\/bulliesteashop.com\/\",\"logo\":{\"@type\":\"ImageObject\",\"inLanguage\":\"nl-BE\",\"@id\":\"https:\/\/bulliesteashop.com\/#\/schema\/logo\/image\/\",\"url\":\"https:\/\/bulliesteashop.com\/wp-content\/uploads\/2023\/07\/bulliesteashop-2.png\",\"contentUrl\":\"https:\/\/bulliesteashop.com\/wp-content\/uploads\/2023\/07\/bulliesteashop-2.png\",\"width\":351,\"height\":337,\"caption\":\"Bullies Tea Shop\"},\"image\":{\"@id\":\"https:\/\/bulliesteashop.com\/#\/schema\/logo\/image\/\"},\"sameAs\":[\"https:\/\/www.facebook.com\/iengelswienkeltje2\/\"]}]}<\/script>\n<!-- \/ Yoast SEO plugin. -->","yoast_head_json":{"title":"Nestl\u00e9 Carnation Sweetened Condensed Milk 397g - Bullies Tea Shop","robots":{"index":"index","follow":"follow","max-snippet":"max-snippet:-1","max-image-preview":"max-image-preview:large","max-video-preview":"max-video-preview:-1"},"canonical":"https:\/\/bulliesteashop.com\/nl\/product\/nestle-carnation-sweetened-condensed-milk-397g\/","og_locale":"nl_BE","og_type":"article","og_title":"Nestl\u00e9 Carnation Sweetened Condensed Milk 397g - Bullies Tea Shop","og_description":"Ingredients Whole\u00a0Milk, Sugar   Allergen Information Contains Milk   Dietary Information Suitable for Vegetarians","og_url":"https:\/\/bulliesteashop.com\/nl\/product\/nestle-carnation-sweetened-condensed-milk-397g\/","og_site_name":"Bullies Tea Shop","article_publisher":"https:\/\/www.facebook.com\/iengelswienkeltje2\/","article_modified_time":"2025-11-06T07:07:59+00:00","og_image":[{"width":1280,"height":1280,"url":"https:\/\/bulliesteashop.com\/wp-content\/uploads\/2024\/01\/NestleCarnationCondensedMilk397g.jpg","type":"image\/jpeg"}],"twitter_card":"summary_large_image","twitter_misc":{"Geschatte leestijd":"1 minuut"},"schema":{"@context":"https:\/\/schema.org","@graph":[{"@type":"WebPage","@id":"https:\/\/bulliesteashop.com\/product\/nestle-carnation-sweetened-condensed-milk-397g\/","url":"https:\/\/bulliesteashop.com\/product\/nestle-carnation-sweetened-condensed-milk-397g\/","name":"Nestl\u00e9 Carnation Sweetened Condensed Milk 397g - Bullies Tea Shop","isPartOf":{"@id":"https:\/\/bulliesteashop.com\/#website"},"primaryImageOfPage":{"@id":"https:\/\/bulliesteashop.com\/product\/nestle-carnation-sweetened-condensed-milk-397g\/#primaryimage"},"image":{"@id":"https:\/\/bulliesteashop.com\/product\/nestle-carnation-sweetened-condensed-milk-397g\/#primaryimage"},"thumbnailUrl":"https:\/\/bulliesteashop.com\/wp-content\/uploads\/2024\/01\/NestleCarnationCondensedMilk397g.jpg","datePublished":"2024-01-12T22:05:32+00:00","dateModified":"2025-11-06T07:07:59+00:00","breadcrumb":{"@id":"https:\/\/bulliesteashop.com\/product\/nestle-carnation-sweetened-condensed-milk-397g\/#breadcrumb"},"inLanguage":"nl-BE","potentialAction":[{"@type":"ReadAction","target":["https:\/\/bulliesteashop.com\/product\/nestle-carnation-sweetened-condensed-milk-397g\/"]}]},{"@type":"ImageObject","inLanguage":"nl-BE","@id":"https:\/\/bulliesteashop.com\/product\/nestle-carnation-sweetened-condensed-milk-397g\/#primaryimage","url":"https:\/\/bulliesteashop.com\/wp-content\/uploads\/2024\/01\/NestleCarnationCondensedMilk397g.jpg","contentUrl":"https:\/\/bulliesteashop.com\/wp-content\/uploads\/2024\/01\/NestleCarnationCondensedMilk397g.jpg","width":1280,"height":1280},{"@type":"BreadcrumbList","@id":"https:\/\/bulliesteashop.com\/product\/nestle-carnation-sweetened-condensed-milk-397g\/#breadcrumb","itemListElement":[{"@type":"ListItem","position":1,"name":"Home","item":"https:\/\/bulliesteashop.com\/"},{"@type":"ListItem","position":2,"name":"Shop","item":"https:\/\/bulliesteashop.com\/shop\/"},{"@type":"ListItem","position":3,"name":"Nestl\u00e9 Carnation Sweetened Condensed Milk 397g"}]},{"@type":"WebSite","@id":"https:\/\/bulliesteashop.com\/#website","url":"https:\/\/bulliesteashop.com\/","name":"Bullies Tea Shop","description":"Online shop for your favourite British and English food and drink products","publisher":{"@id":"https:\/\/bulliesteashop.com\/#organization"},"potentialAction":[{"@type":"SearchAction","target":{"@type":"EntryPoint","urlTemplate":"https:\/\/bulliesteashop.com\/?s={search_term_string}"},"query-input":{"@type":"PropertyValueSpecification","valueRequired":true,"valueName":"search_term_string"}}],"inLanguage":"nl-BE"},{"@type":"Organization","@id":"https:\/\/bulliesteashop.com\/#organization","name":"Bullies Tea Shop","url":"https:\/\/bulliesteashop.com\/","logo":{"@type":"ImageObject","inLanguage":"nl-BE","@id":"https:\/\/bulliesteashop.com\/#\/schema\/logo\/image\/","url":"https:\/\/bulliesteashop.com\/wp-content\/uploads\/2023\/07\/bulliesteashop-2.png","contentUrl":"https:\/\/bulliesteashop.com\/wp-content\/uploads\/2023\/07\/bulliesteashop-2.png","width":351,"height":337,"caption":"Bullies Tea Shop"},"image":{"@id":"https:\/\/bulliesteashop.com\/#\/schema\/logo\/image\/"},"sameAs":["https:\/\/www.facebook.com\/iengelswienkeltje2\/"]}]}},"_links":{"self":[{"href":"https:\/\/bulliesteashop.com\/nl\/wp-json\/wp\/v2\/product\/17698"}],"collection":[{"href":"https:\/\/bulliesteashop.com\/nl\/wp-json\/wp\/v2\/product"}],"about":[{"href":"https:\/\/bulliesteashop.com\/nl\/wp-json\/wp\/v2\/types\/product"}],"replies":[{"embeddable":true,"href":"https:\/\/bulliesteashop.com\/nl\/wp-json\/wp\/v2\/comments?post=17698"}],"wp:featuredmedia":[{"embeddable":true,"href":"https:\/\/bulliesteashop.com\/nl\/wp-json\/wp\/v2\/media\/17697"}],"wp:attachment":[{"href":"https:\/\/bulliesteashop.com\/nl\/wp-json\/wp\/v2\/media?parent=17698"}],"wp:term":[{"taxonomy":"product_brand","embeddable":true,"href":"https:\/\/bulliesteashop.com\/nl\/wp-json\/wp\/v2\/product_brand?post=17698"},{"taxonomy":"product_cat","embeddable":true,"href":"https:\/\/bulliesteashop.com\/nl\/wp-json\/wp\/v2\/product_cat?post=17698"},{"taxonomy":"product_tag","embeddable":true,"href":"https:\/\/bulliesteashop.com\/nl\/wp-json\/wp\/v2\/product_tag?post=17698"}],"curies":[{"name":"wp","href":"https:\/\/api.w.org\/{rel}","templated":true}]}}