{"id":17605,"date":"2023-12-28T21:37:32","date_gmt":"2023-12-28T21:37:32","guid":{"rendered":"https:\/\/bulliesteashop.com\/?post_type=product&#038;p=17605"},"modified":"2025-11-06T06:51:56","modified_gmt":"2025-11-06T06:51:56","slug":"levi-roots-reggae-reggae-jerk-bbq-sauce-290g","status":"publish","type":"product","link":"https:\/\/bulliesteashop.com\/nl\/product\/levi-roots-reggae-reggae-jerk-bbq-sauce-290g\/","title":{"rendered":"Levi Roots Reggae Reggae Jerk BBQ Sauce 290g"},"content":{"rendered":"<div class=\"gn-content bop-info__field\">\n<div class=\"bop-info__content\">\n<p>Tangy Jerk BBQ Marinade and Sauce with Scotch Bonnet Chillies, Allspice and Herbs Blend.<\/p>\n<p>My story started from humble beginnings in a tiny village in Jamaica called Content, where my Grandmother taught me the art of mixing Caribbean flavours and where I first discovered my love of Reggae Music. Reggae Raggae Sauce fuses my biggest passions in life&#8230; music and food.. and is the result of a lifetime&#8217;s journey from these humble beginnings. Go on&#8230; join me on the journey and put some music in your food!<\/p>\n<\/div>\n<\/div>\n<div class=\"gn-content bop-info__field\">\n<div class=\"bop-info__content\">Chilli rating &#8211; 2, No artificial colours, flavourings and preservatives, Suitable for vegetarians and vegans<\/div>\n<\/div>\n<div class=\"gn-content bop-info__field\">\n<h6>Land van herkomst<\/h6>\n<div class=\"bop-info__content\">Produce of the EU<\/div>\n<\/div>\n<p class=\"gn-content\"><span class=\"bop-lifestyleBadge\"><img decoding=\"async\" class=\"bop-badge bop-badge-vegetarian\" src=\"https:\/\/www.ocado.com\/static\/vegetarian-b4dac.svg\" alt=\"Suitable for vegetarians\" \/>Geschikt voor vegetari\u00ebrs<\/span><\/p>\n<p>&nbsp;<\/p>\n<h3>Voedingswaarde<\/h3>\n<p>Typical Values Per 100g: Energy 570kJ \/ 137kcal<\/p>\n<p>Fat 0.1g<br \/>\nof which saturates 0.0g<br \/>\nCarbohydrate 32g<br \/>\nof which sugars 29g<br \/>\nProtein 1g<br \/>\nSalt 1.08g<\/p>","protected":false},"excerpt":{"rendered":"<div class=\"gn-content bop-info__field\">\n<h6>Ingredi\u00ebnten<\/h6>\n<div class=\"bop-info__content\">Water, Sugar,\u00a0<b>Gerst<\/b>\u00a0Malt Vinegar, Concentrated Tomato Paste, Onion Pur\u00e9e, Modified Maize Starch, Red Scotch Bonnet Chilli Pur\u00e9e (1.3%) [Scotch Bonnet Chilli Peppers (1%), Salt, Acid (Acetic Acid)], Garlic Pur\u00e9e, Colour (Plain Caramel), Salt, Ginger Pur\u00e9e, Ground Allspice, Spring Onion, Ground Black Pepper, Black Pepper, Herbs Blend, Paprika, Ground Coriander, Cinnamon, Nutmeg, Dried Basil, Thyme<\/div>\n<\/div>\n<div class=\"gn-content bop-info__field\">\n<h6>Allergeneninformatie<\/h6>\n<div class=\"bop-info__content\">Contains Barley, May Contain Nuts, May Contain Peanuts<\/div>\n<\/div>\n<div class=\"gn-content bop-info__field\">\n<h6>Allergie informatie<\/h6>\n<div class=\"bop-info__content\">May also contain Peanuts and Nuts.<\/div>\n<\/div>\n<div class=\"gn-content bop-info__field\">\n<h6>Dieetinformatie<\/h6>\n<div class=\"bop-info__content\">Suitable for Vegetarians, Vegans<\/div>\n<\/div>","protected":false},"featured_media":17604,"comment_status":"open","ping_status":"closed","template":"","meta":[],"product_brand":[],"product_cat":[115],"product_tag":[348,346,345,347,349,350,81,20,82],"class_list":{"0":"post-17605","1":"product","2":"type-product","3":"status-publish","4":"has-post-thumbnail","6":"product_cat-condiment","7":"product_tag-bbq","8":"product_tag-jamaica","9":"product_tag-jamaican","10":"product_tag-jerk","11":"product_tag-spice","12":"product_tag-spicy","13":"product_tag-vegan","14":"product_tag-vegans","15":"product_tag-vegetarian","16":"pa_allergy-contains-barley","18":"first","19":"instock","20":"purchasable","21":"product-type-simple"},"yoast_head":"<!-- This site is optimized with the Yoast SEO plugin v23.4 - https:\/\/yoast.com\/wordpress\/plugins\/seo\/ -->\n<title>Levi Roots Reggae Reggae Jerk BBQ Sauce 290g - Bullies Tea Shop<\/title>\n<meta name=\"robots\" content=\"index, follow, max-snippet:-1, max-image-preview:large, max-video-preview:-1\" \/>\n<link rel=\"canonical\" href=\"https:\/\/bulliesteashop.com\/nl\/product\/levi-roots-reggae-reggae-jerk-bbq-sauce-290g\/\" \/>\n<meta property=\"og:locale\" content=\"nl_BE\" \/>\n<meta property=\"og:type\" content=\"article\" \/>\n<meta property=\"og:title\" content=\"Levi Roots Reggae Reggae Jerk BBQ Sauce 290g - Bullies Tea Shop\" \/>\n<meta property=\"og:description\" content=\"Ingredients Water, Sugar,\u00a0Barley\u00a0Malt Vinegar, Concentrated Tomato Paste, Onion Pur\u00e9e, Modified Maize Starch, Red Scotch Bonnet Chilli Pur\u00e9e (1.3%) [Scotch Bonnet Chilli Peppers (1%), Salt, Acid (Acetic Acid)], Garlic Pur\u00e9e, Colour (Plain Caramel), Salt, Ginger Pur\u00e9e, Ground Allspice, Spring Onion, Ground Black Pepper, Black Pepper, Herbs Blend, Paprika, Ground Coriander, Cinnamon, Nutmeg, Dried Basil, Thyme   Allergen Information Contains Barley, May Contain Nuts, May Contain Peanuts   Allergy Information May also contain Peanuts and Nuts.   Dietary Information Suitable for Vegetarians, Vegans\" \/>\n<meta property=\"og:url\" content=\"https:\/\/bulliesteashop.com\/nl\/product\/levi-roots-reggae-reggae-jerk-bbq-sauce-290g\/\" \/>\n<meta property=\"og:site_name\" content=\"Bullies Tea Shop\" \/>\n<meta property=\"article:publisher\" content=\"https:\/\/www.facebook.com\/iengelswienkeltje2\/\" \/>\n<meta property=\"article:modified_time\" content=\"2025-11-06T06:51:56+00:00\" \/>\n<meta property=\"og:image\" content=\"https:\/\/bulliesteashop.com\/wp-content\/uploads\/2023\/12\/LeviRootsReggaeReggae.jpg\" \/>\n\t<meta property=\"og:image:width\" content=\"960\" \/>\n\t<meta property=\"og:image:height\" content=\"960\" \/>\n\t<meta property=\"og:image:type\" content=\"image\/jpeg\" \/>\n<meta name=\"twitter:card\" content=\"summary_large_image\" \/>\n<meta name=\"twitter:label1\" content=\"Geschatte leestijd\" \/>\n\t<meta name=\"twitter:data1\" content=\"1 minuut\" \/>\n<script type=\"application\/ld+json\" class=\"yoast-schema-graph\">{\"@context\":\"https:\/\/schema.org\",\"@graph\":[{\"@type\":\"WebPage\",\"@id\":\"https:\/\/bulliesteashop.com\/product\/levi-roots-reggae-reggae-jerk-bbq-sauce-290g\/\",\"url\":\"https:\/\/bulliesteashop.com\/product\/levi-roots-reggae-reggae-jerk-bbq-sauce-290g\/\",\"name\":\"Levi Roots Reggae Reggae Jerk BBQ Sauce 290g - Bullies Tea Shop\",\"isPartOf\":{\"@id\":\"https:\/\/bulliesteashop.com\/#website\"},\"primaryImageOfPage\":{\"@id\":\"https:\/\/bulliesteashop.com\/product\/levi-roots-reggae-reggae-jerk-bbq-sauce-290g\/#primaryimage\"},\"image\":{\"@id\":\"https:\/\/bulliesteashop.com\/product\/levi-roots-reggae-reggae-jerk-bbq-sauce-290g\/#primaryimage\"},\"thumbnailUrl\":\"https:\/\/bulliesteashop.com\/wp-content\/uploads\/2023\/12\/LeviRootsReggaeReggae.jpg\",\"datePublished\":\"2023-12-28T21:37:32+00:00\",\"dateModified\":\"2025-11-06T06:51:56+00:00\",\"breadcrumb\":{\"@id\":\"https:\/\/bulliesteashop.com\/product\/levi-roots-reggae-reggae-jerk-bbq-sauce-290g\/#breadcrumb\"},\"inLanguage\":\"nl-BE\",\"potentialAction\":[{\"@type\":\"ReadAction\",\"target\":[\"https:\/\/bulliesteashop.com\/product\/levi-roots-reggae-reggae-jerk-bbq-sauce-290g\/\"]}]},{\"@type\":\"ImageObject\",\"inLanguage\":\"nl-BE\",\"@id\":\"https:\/\/bulliesteashop.com\/product\/levi-roots-reggae-reggae-jerk-bbq-sauce-290g\/#primaryimage\",\"url\":\"https:\/\/bulliesteashop.com\/wp-content\/uploads\/2023\/12\/LeviRootsReggaeReggae.jpg\",\"contentUrl\":\"https:\/\/bulliesteashop.com\/wp-content\/uploads\/2023\/12\/LeviRootsReggaeReggae.jpg\",\"width\":960,\"height\":960},{\"@type\":\"BreadcrumbList\",\"@id\":\"https:\/\/bulliesteashop.com\/product\/levi-roots-reggae-reggae-jerk-bbq-sauce-290g\/#breadcrumb\",\"itemListElement\":[{\"@type\":\"ListItem\",\"position\":1,\"name\":\"Home\",\"item\":\"https:\/\/bulliesteashop.com\/\"},{\"@type\":\"ListItem\",\"position\":2,\"name\":\"Shop\",\"item\":\"https:\/\/bulliesteashop.com\/shop\/\"},{\"@type\":\"ListItem\",\"position\":3,\"name\":\"Levi Roots Reggae Reggae Jerk BBQ Sauce 290g\"}]},{\"@type\":\"WebSite\",\"@id\":\"https:\/\/bulliesteashop.com\/#website\",\"url\":\"https:\/\/bulliesteashop.com\/\",\"name\":\"Bullies Tea Shop\",\"description\":\"Online shop for your favourite British and English food and drink products\",\"publisher\":{\"@id\":\"https:\/\/bulliesteashop.com\/#organization\"},\"potentialAction\":[{\"@type\":\"SearchAction\",\"target\":{\"@type\":\"EntryPoint\",\"urlTemplate\":\"https:\/\/bulliesteashop.com\/?s={search_term_string}\"},\"query-input\":{\"@type\":\"PropertyValueSpecification\",\"valueRequired\":true,\"valueName\":\"search_term_string\"}}],\"inLanguage\":\"nl-BE\"},{\"@type\":\"Organization\",\"@id\":\"https:\/\/bulliesteashop.com\/#organization\",\"name\":\"Bullies Tea Shop\",\"url\":\"https:\/\/bulliesteashop.com\/\",\"logo\":{\"@type\":\"ImageObject\",\"inLanguage\":\"nl-BE\",\"@id\":\"https:\/\/bulliesteashop.com\/#\/schema\/logo\/image\/\",\"url\":\"https:\/\/bulliesteashop.com\/wp-content\/uploads\/2023\/07\/bulliesteashop-2.png\",\"contentUrl\":\"https:\/\/bulliesteashop.com\/wp-content\/uploads\/2023\/07\/bulliesteashop-2.png\",\"width\":351,\"height\":337,\"caption\":\"Bullies Tea Shop\"},\"image\":{\"@id\":\"https:\/\/bulliesteashop.com\/#\/schema\/logo\/image\/\"},\"sameAs\":[\"https:\/\/www.facebook.com\/iengelswienkeltje2\/\"]}]}<\/script>\n<!-- \/ Yoast SEO plugin. -->","yoast_head_json":{"title":"Levi Roots Reggae Reggae Jerk BBQ Sauce 290g - Bullies Tea Shop","robots":{"index":"index","follow":"follow","max-snippet":"max-snippet:-1","max-image-preview":"max-image-preview:large","max-video-preview":"max-video-preview:-1"},"canonical":"https:\/\/bulliesteashop.com\/nl\/product\/levi-roots-reggae-reggae-jerk-bbq-sauce-290g\/","og_locale":"nl_BE","og_type":"article","og_title":"Levi Roots Reggae Reggae Jerk BBQ Sauce 290g - Bullies Tea Shop","og_description":"Ingredients Water, Sugar,\u00a0Barley\u00a0Malt Vinegar, Concentrated Tomato Paste, Onion Pur\u00e9e, Modified Maize Starch, Red Scotch Bonnet Chilli Pur\u00e9e (1.3%) [Scotch Bonnet Chilli Peppers (1%), Salt, Acid (Acetic Acid)], Garlic Pur\u00e9e, Colour (Plain Caramel), Salt, Ginger Pur\u00e9e, Ground Allspice, Spring Onion, Ground Black Pepper, Black Pepper, Herbs Blend, Paprika, Ground Coriander, Cinnamon, Nutmeg, Dried Basil, Thyme   Allergen Information Contains Barley, May Contain Nuts, May Contain Peanuts   Allergy Information May also contain Peanuts and Nuts.   Dietary Information Suitable for Vegetarians, Vegans","og_url":"https:\/\/bulliesteashop.com\/nl\/product\/levi-roots-reggae-reggae-jerk-bbq-sauce-290g\/","og_site_name":"Bullies Tea Shop","article_publisher":"https:\/\/www.facebook.com\/iengelswienkeltje2\/","article_modified_time":"2025-11-06T06:51:56+00:00","og_image":[{"width":960,"height":960,"url":"https:\/\/bulliesteashop.com\/wp-content\/uploads\/2023\/12\/LeviRootsReggaeReggae.jpg","type":"image\/jpeg"}],"twitter_card":"summary_large_image","twitter_misc":{"Geschatte leestijd":"1 minuut"},"schema":{"@context":"https:\/\/schema.org","@graph":[{"@type":"WebPage","@id":"https:\/\/bulliesteashop.com\/product\/levi-roots-reggae-reggae-jerk-bbq-sauce-290g\/","url":"https:\/\/bulliesteashop.com\/product\/levi-roots-reggae-reggae-jerk-bbq-sauce-290g\/","name":"Levi Roots Reggae Reggae Jerk BBQ Sauce 290g - Bullies Tea Shop","isPartOf":{"@id":"https:\/\/bulliesteashop.com\/#website"},"primaryImageOfPage":{"@id":"https:\/\/bulliesteashop.com\/product\/levi-roots-reggae-reggae-jerk-bbq-sauce-290g\/#primaryimage"},"image":{"@id":"https:\/\/bulliesteashop.com\/product\/levi-roots-reggae-reggae-jerk-bbq-sauce-290g\/#primaryimage"},"thumbnailUrl":"https:\/\/bulliesteashop.com\/wp-content\/uploads\/2023\/12\/LeviRootsReggaeReggae.jpg","datePublished":"2023-12-28T21:37:32+00:00","dateModified":"2025-11-06T06:51:56+00:00","breadcrumb":{"@id":"https:\/\/bulliesteashop.com\/product\/levi-roots-reggae-reggae-jerk-bbq-sauce-290g\/#breadcrumb"},"inLanguage":"nl-BE","potentialAction":[{"@type":"ReadAction","target":["https:\/\/bulliesteashop.com\/product\/levi-roots-reggae-reggae-jerk-bbq-sauce-290g\/"]}]},{"@type":"ImageObject","inLanguage":"nl-BE","@id":"https:\/\/bulliesteashop.com\/product\/levi-roots-reggae-reggae-jerk-bbq-sauce-290g\/#primaryimage","url":"https:\/\/bulliesteashop.com\/wp-content\/uploads\/2023\/12\/LeviRootsReggaeReggae.jpg","contentUrl":"https:\/\/bulliesteashop.com\/wp-content\/uploads\/2023\/12\/LeviRootsReggaeReggae.jpg","width":960,"height":960},{"@type":"BreadcrumbList","@id":"https:\/\/bulliesteashop.com\/product\/levi-roots-reggae-reggae-jerk-bbq-sauce-290g\/#breadcrumb","itemListElement":[{"@type":"ListItem","position":1,"name":"Home","item":"https:\/\/bulliesteashop.com\/"},{"@type":"ListItem","position":2,"name":"Shop","item":"https:\/\/bulliesteashop.com\/shop\/"},{"@type":"ListItem","position":3,"name":"Levi Roots Reggae Reggae Jerk BBQ Sauce 290g"}]},{"@type":"WebSite","@id":"https:\/\/bulliesteashop.com\/#website","url":"https:\/\/bulliesteashop.com\/","name":"Bullies Tea Shop","description":"Online shop for your favourite British and English food and drink products","publisher":{"@id":"https:\/\/bulliesteashop.com\/#organization"},"potentialAction":[{"@type":"SearchAction","target":{"@type":"EntryPoint","urlTemplate":"https:\/\/bulliesteashop.com\/?s={search_term_string}"},"query-input":{"@type":"PropertyValueSpecification","valueRequired":true,"valueName":"search_term_string"}}],"inLanguage":"nl-BE"},{"@type":"Organization","@id":"https:\/\/bulliesteashop.com\/#organization","name":"Bullies Tea Shop","url":"https:\/\/bulliesteashop.com\/","logo":{"@type":"ImageObject","inLanguage":"nl-BE","@id":"https:\/\/bulliesteashop.com\/#\/schema\/logo\/image\/","url":"https:\/\/bulliesteashop.com\/wp-content\/uploads\/2023\/07\/bulliesteashop-2.png","contentUrl":"https:\/\/bulliesteashop.com\/wp-content\/uploads\/2023\/07\/bulliesteashop-2.png","width":351,"height":337,"caption":"Bullies Tea Shop"},"image":{"@id":"https:\/\/bulliesteashop.com\/#\/schema\/logo\/image\/"},"sameAs":["https:\/\/www.facebook.com\/iengelswienkeltje2\/"]}]}},"_links":{"self":[{"href":"https:\/\/bulliesteashop.com\/nl\/wp-json\/wp\/v2\/product\/17605"}],"collection":[{"href":"https:\/\/bulliesteashop.com\/nl\/wp-json\/wp\/v2\/product"}],"about":[{"href":"https:\/\/bulliesteashop.com\/nl\/wp-json\/wp\/v2\/types\/product"}],"replies":[{"embeddable":true,"href":"https:\/\/bulliesteashop.com\/nl\/wp-json\/wp\/v2\/comments?post=17605"}],"wp:featuredmedia":[{"embeddable":true,"href":"https:\/\/bulliesteashop.com\/nl\/wp-json\/wp\/v2\/media\/17604"}],"wp:attachment":[{"href":"https:\/\/bulliesteashop.com\/nl\/wp-json\/wp\/v2\/media?parent=17605"}],"wp:term":[{"taxonomy":"product_brand","embeddable":true,"href":"https:\/\/bulliesteashop.com\/nl\/wp-json\/wp\/v2\/product_brand?post=17605"},{"taxonomy":"product_cat","embeddable":true,"href":"https:\/\/bulliesteashop.com\/nl\/wp-json\/wp\/v2\/product_cat?post=17605"},{"taxonomy":"product_tag","embeddable":true,"href":"https:\/\/bulliesteashop.com\/nl\/wp-json\/wp\/v2\/product_tag?post=17605"}],"curies":[{"name":"wp","href":"https:\/\/api.w.org\/{rel}","templated":true}]}}