{"id":18345,"date":"2024-07-10T13:45:18","date_gmt":"2024-07-10T12:45:18","guid":{"rendered":"https:\/\/bulliesteashop.com\/?post_type=product&#038;p=18345"},"modified":"2025-11-06T06:55:03","modified_gmt":"2025-11-06T06:55:03","slug":"tetley-decaf-80-tea-bags","status":"publish","type":"product","link":"https:\/\/bulliesteashop.com\/fr\/produit\/tetley-decaf-80-tea-bags\/","title":{"rendered":"Tetley Decaf 80 Tea Bags"},"content":{"rendered":"<h1>About Tetley Decaf<\/h1>\n<p>Savourez la saveur riche et douce du th\u00e9 Tetley D\u00e9caf\u00e9in\u00e9 sans vous soucier de la teneur en caf\u00e9ine. Ce m\u00e9lange d\u00e9licieux est parfait pour ceux qui veulent profiter d'une bonne tasse de th\u00e9 sans l'effet stimulant. Avec sa combinaison unique d'herbes et d'\u00e9pices, Tetley D\u00e9caf\u00e9in\u00e9 offre une exp\u00e9rience gustative satisfaisante qui plaira m\u00eame aux palais les plus exigeants.<\/p>\n<p>Que vous recherchiez un remontant relaxant l'apr\u00e8s-midi ou une infusion apaisante le soir, Tetley D\u00e9caf\u00e9in\u00e9 est le choix parfait. Son processus de d\u00e9caf\u00e9ination garantit que toute la caf\u00e9ine est \u00e9limin\u00e9e, ne laissant que les saveurs et les ar\u00f4mes d\u00e9licieux des feuilles de th\u00e9. Et avec son emballage g\u00e9n\u00e9reux, vous pouvez profiter de votre tasse de th\u00e9 pr\u00e9f\u00e9r\u00e9e quand et o\u00f9 vous le souhaitez, sans craindre de manquer de th\u00e9 de sit\u00f4t! Alors pourquoi ne pas vous offrir un (ou deux) sachets de Tetley D\u00e9caf\u00e9in\u00e9 d\u00e8s aujourd'hui? Vos papilles vous remercieront!<\/p>\n<h2>Valeurs Nutritionnelles<\/h2>\n<p>Pour 100 ml : 4kJ\/1kcal, Lipides 0g, dont satur\u00e9s 0g, Glucides 0,3g, dont sucres 0g, Fibres 0g, Prot\u00e9ines 0g, Sel 0g<\/p>\n<h2>Ingr\u00e9dients<\/h2>\n<p>Th\u00e9 noir d\u00e9caf\u00e9in\u00e9 (d\u00e9caf\u00e9in\u00e9 \u00e0 0,2%)<\/p>","protected":false},"excerpt":{"rendered":"<p>Savourez la saveur riche et douce du th\u00e9 Tetley D\u00e9caf\u00e9in\u00e9 sans vous soucier de la caf\u00e9ine. Ce m\u00e9lange d\u00e9licieux est parfait pour ceux qui veulent profiter d'une bonne tasse de th\u00e9 sans l'effet stimulant. Avec sa combinaison unique d'herbes et d'\u00e9pices, Tetley D\u00e9caf\u00e9in\u00e9 offre une exp\u00e9rience gustative satisfaisante qui plaira m\u00eame aux palais les plus exigeants.<\/p>","protected":false},"featured_media":18346,"comment_status":"closed","ping_status":"closed","template":"","meta":[],"product_brand":[],"product_cat":[300,164],"product_tag":[],"class_list":{"0":"post-18345","1":"product","2":"type-product","3":"status-publish","4":"has-post-thumbnail","6":"product_cat-decaf","7":"product_cat-tea","9":"first","10":"outofstock","11":"purchasable","12":"product-type-simple"},"yoast_head":"<!-- This site is optimized with the Yoast SEO plugin v23.4 - https:\/\/yoast.com\/wordpress\/plugins\/seo\/ -->\n<title>Tetley Decaf 80 Tea Bags - Bullies Tea Shop<\/title>\n<meta name=\"description\" content=\"Experience the smooth, rich flavor of Tetley Decafe tea without caffeine. Perfect for those who want to enjoy great taste without the buzz.\" \/>\n<meta name=\"robots\" content=\"index, follow, max-snippet:-1, max-image-preview:large, max-video-preview:-1\" \/>\n<link rel=\"canonical\" href=\"https:\/\/bulliesteashop.com\/fr\/produit\/tetley-decaf-80-tea-bags\/\" \/>\n<meta property=\"og:locale\" content=\"fr_FR\" \/>\n<meta property=\"og:type\" content=\"article\" \/>\n<meta property=\"og:title\" content=\"Tetley Decaf 80 Tea Bags - Bullies Tea Shop\" \/>\n<meta property=\"og:description\" content=\"Experience the smooth, rich flavor of Tetley Decafe tea without caffeine. Perfect for those who want to enjoy great taste without the buzz.\" \/>\n<meta property=\"og:url\" content=\"https:\/\/bulliesteashop.com\/fr\/produit\/tetley-decaf-80-tea-bags\/\" \/>\n<meta property=\"og:site_name\" content=\"Bullies Tea Shop\" \/>\n<meta property=\"article:publisher\" content=\"https:\/\/www.facebook.com\/iengelswienkeltje2\/\" \/>\n<meta property=\"article:modified_time\" content=\"2025-11-06T06:55:03+00:00\" \/>\n<meta property=\"og:image\" content=\"https:\/\/bulliesteashop.com\/wp-content\/uploads\/2024\/07\/Tetley_decaf_80_1.webp\" \/>\n\t<meta property=\"og:image:width\" content=\"290\" \/>\n\t<meta property=\"og:image:height\" content=\"290\" \/>\n\t<meta property=\"og:image:type\" content=\"image\/webp\" \/>\n<meta name=\"twitter:card\" content=\"summary_large_image\" \/>\n<meta name=\"twitter:label1\" content=\"Dur\u00e9e de lecture est.\" \/>\n\t<meta name=\"twitter:data1\" content=\"1 minute\" \/>\n<script type=\"application\/ld+json\" class=\"yoast-schema-graph\">{\"@context\":\"https:\/\/schema.org\",\"@graph\":[{\"@type\":\"WebPage\",\"@id\":\"https:\/\/bulliesteashop.com\/product\/tetley-decaf-80-tea-bags\/\",\"url\":\"https:\/\/bulliesteashop.com\/product\/tetley-decaf-80-tea-bags\/\",\"name\":\"Tetley Decaf 80 Tea Bags - Bullies Tea Shop\",\"isPartOf\":{\"@id\":\"https:\/\/bulliesteashop.com\/#website\"},\"primaryImageOfPage\":{\"@id\":\"https:\/\/bulliesteashop.com\/product\/tetley-decaf-80-tea-bags\/#primaryimage\"},\"image\":{\"@id\":\"https:\/\/bulliesteashop.com\/product\/tetley-decaf-80-tea-bags\/#primaryimage\"},\"thumbnailUrl\":\"https:\/\/bulliesteashop.com\/wp-content\/uploads\/2024\/07\/Tetley_decaf_80_1.webp\",\"datePublished\":\"2024-07-10T12:45:18+00:00\",\"dateModified\":\"2025-11-06T06:55:03+00:00\",\"description\":\"Experience the smooth, rich flavor of Tetley Decafe tea without caffeine. Perfect for those who want to enjoy great taste without the buzz.\",\"breadcrumb\":{\"@id\":\"https:\/\/bulliesteashop.com\/product\/tetley-decaf-80-tea-bags\/#breadcrumb\"},\"inLanguage\":\"fr-BE\",\"potentialAction\":[{\"@type\":\"ReadAction\",\"target\":[\"https:\/\/bulliesteashop.com\/product\/tetley-decaf-80-tea-bags\/\"]}]},{\"@type\":\"ImageObject\",\"inLanguage\":\"fr-BE\",\"@id\":\"https:\/\/bulliesteashop.com\/product\/tetley-decaf-80-tea-bags\/#primaryimage\",\"url\":\"https:\/\/bulliesteashop.com\/wp-content\/uploads\/2024\/07\/Tetley_decaf_80_1.webp\",\"contentUrl\":\"https:\/\/bulliesteashop.com\/wp-content\/uploads\/2024\/07\/Tetley_decaf_80_1.webp\",\"width\":290,\"height\":290},{\"@type\":\"BreadcrumbList\",\"@id\":\"https:\/\/bulliesteashop.com\/product\/tetley-decaf-80-tea-bags\/#breadcrumb\",\"itemListElement\":[{\"@type\":\"ListItem\",\"position\":1,\"name\":\"Home\",\"item\":\"https:\/\/bulliesteashop.com\/\"},{\"@type\":\"ListItem\",\"position\":2,\"name\":\"Shop\",\"item\":\"https:\/\/bulliesteashop.com\/shop\/\"},{\"@type\":\"ListItem\",\"position\":3,\"name\":\"Tetley Decaf 80 Tea Bags\"}]},{\"@type\":\"WebSite\",\"@id\":\"https:\/\/bulliesteashop.com\/#website\",\"url\":\"https:\/\/bulliesteashop.com\/\",\"name\":\"Bullies Tea Shop\",\"description\":\"Online shop for your favourite British and English food and drink products\",\"publisher\":{\"@id\":\"https:\/\/bulliesteashop.com\/#organization\"},\"potentialAction\":[{\"@type\":\"SearchAction\",\"target\":{\"@type\":\"EntryPoint\",\"urlTemplate\":\"https:\/\/bulliesteashop.com\/?s={search_term_string}\"},\"query-input\":{\"@type\":\"PropertyValueSpecification\",\"valueRequired\":true,\"valueName\":\"search_term_string\"}}],\"inLanguage\":\"fr-BE\"},{\"@type\":\"Organization\",\"@id\":\"https:\/\/bulliesteashop.com\/#organization\",\"name\":\"Bullies Tea Shop\",\"url\":\"https:\/\/bulliesteashop.com\/\",\"logo\":{\"@type\":\"ImageObject\",\"inLanguage\":\"fr-BE\",\"@id\":\"https:\/\/bulliesteashop.com\/#\/schema\/logo\/image\/\",\"url\":\"https:\/\/bulliesteashop.com\/wp-content\/uploads\/2023\/07\/bulliesteashop-2.png\",\"contentUrl\":\"https:\/\/bulliesteashop.com\/wp-content\/uploads\/2023\/07\/bulliesteashop-2.png\",\"width\":351,\"height\":337,\"caption\":\"Bullies Tea Shop\"},\"image\":{\"@id\":\"https:\/\/bulliesteashop.com\/#\/schema\/logo\/image\/\"},\"sameAs\":[\"https:\/\/www.facebook.com\/iengelswienkeltje2\/\"]}]}<\/script>\n<!-- \/ Yoast SEO plugin. -->","yoast_head_json":{"title":"Tetley Decaf 80 Tea Bags - Bullies Tea Shop","description":"Experience the smooth, rich flavor of Tetley Decafe tea without caffeine. Perfect for those who want to enjoy great taste without the buzz.","robots":{"index":"index","follow":"follow","max-snippet":"max-snippet:-1","max-image-preview":"max-image-preview:large","max-video-preview":"max-video-preview:-1"},"canonical":"https:\/\/bulliesteashop.com\/fr\/produit\/tetley-decaf-80-tea-bags\/","og_locale":"fr_FR","og_type":"article","og_title":"Tetley Decaf 80 Tea Bags - Bullies Tea Shop","og_description":"Experience the smooth, rich flavor of Tetley Decafe tea without caffeine. Perfect for those who want to enjoy great taste without the buzz.","og_url":"https:\/\/bulliesteashop.com\/fr\/produit\/tetley-decaf-80-tea-bags\/","og_site_name":"Bullies Tea Shop","article_publisher":"https:\/\/www.facebook.com\/iengelswienkeltje2\/","article_modified_time":"2025-11-06T06:55:03+00:00","og_image":[{"width":290,"height":290,"url":"https:\/\/bulliesteashop.com\/wp-content\/uploads\/2024\/07\/Tetley_decaf_80_1.webp","type":"image\/webp"}],"twitter_card":"summary_large_image","twitter_misc":{"Dur\u00e9e de lecture est.":"1 minute"},"schema":{"@context":"https:\/\/schema.org","@graph":[{"@type":"WebPage","@id":"https:\/\/bulliesteashop.com\/product\/tetley-decaf-80-tea-bags\/","url":"https:\/\/bulliesteashop.com\/product\/tetley-decaf-80-tea-bags\/","name":"Tetley Decaf 80 Tea Bags - Bullies Tea Shop","isPartOf":{"@id":"https:\/\/bulliesteashop.com\/#website"},"primaryImageOfPage":{"@id":"https:\/\/bulliesteashop.com\/product\/tetley-decaf-80-tea-bags\/#primaryimage"},"image":{"@id":"https:\/\/bulliesteashop.com\/product\/tetley-decaf-80-tea-bags\/#primaryimage"},"thumbnailUrl":"https:\/\/bulliesteashop.com\/wp-content\/uploads\/2024\/07\/Tetley_decaf_80_1.webp","datePublished":"2024-07-10T12:45:18+00:00","dateModified":"2025-11-06T06:55:03+00:00","description":"Experience the smooth, rich flavor of Tetley Decafe tea without caffeine. Perfect for those who want to enjoy great taste without the buzz.","breadcrumb":{"@id":"https:\/\/bulliesteashop.com\/product\/tetley-decaf-80-tea-bags\/#breadcrumb"},"inLanguage":"fr-BE","potentialAction":[{"@type":"ReadAction","target":["https:\/\/bulliesteashop.com\/product\/tetley-decaf-80-tea-bags\/"]}]},{"@type":"ImageObject","inLanguage":"fr-BE","@id":"https:\/\/bulliesteashop.com\/product\/tetley-decaf-80-tea-bags\/#primaryimage","url":"https:\/\/bulliesteashop.com\/wp-content\/uploads\/2024\/07\/Tetley_decaf_80_1.webp","contentUrl":"https:\/\/bulliesteashop.com\/wp-content\/uploads\/2024\/07\/Tetley_decaf_80_1.webp","width":290,"height":290},{"@type":"BreadcrumbList","@id":"https:\/\/bulliesteashop.com\/product\/tetley-decaf-80-tea-bags\/#breadcrumb","itemListElement":[{"@type":"ListItem","position":1,"name":"Home","item":"https:\/\/bulliesteashop.com\/"},{"@type":"ListItem","position":2,"name":"Shop","item":"https:\/\/bulliesteashop.com\/shop\/"},{"@type":"ListItem","position":3,"name":"Tetley Decaf 80 Tea Bags"}]},{"@type":"WebSite","@id":"https:\/\/bulliesteashop.com\/#website","url":"https:\/\/bulliesteashop.com\/","name":"Bullies Tea Shop","description":"Online shop for your favourite British and English food and drink products","publisher":{"@id":"https:\/\/bulliesteashop.com\/#organization"},"potentialAction":[{"@type":"SearchAction","target":{"@type":"EntryPoint","urlTemplate":"https:\/\/bulliesteashop.com\/?s={search_term_string}"},"query-input":{"@type":"PropertyValueSpecification","valueRequired":true,"valueName":"search_term_string"}}],"inLanguage":"fr-BE"},{"@type":"Organization","@id":"https:\/\/bulliesteashop.com\/#organization","name":"Bullies Tea Shop","url":"https:\/\/bulliesteashop.com\/","logo":{"@type":"ImageObject","inLanguage":"fr-BE","@id":"https:\/\/bulliesteashop.com\/#\/schema\/logo\/image\/","url":"https:\/\/bulliesteashop.com\/wp-content\/uploads\/2023\/07\/bulliesteashop-2.png","contentUrl":"https:\/\/bulliesteashop.com\/wp-content\/uploads\/2023\/07\/bulliesteashop-2.png","width":351,"height":337,"caption":"Bullies Tea Shop"},"image":{"@id":"https:\/\/bulliesteashop.com\/#\/schema\/logo\/image\/"},"sameAs":["https:\/\/www.facebook.com\/iengelswienkeltje2\/"]}]}},"_links":{"self":[{"href":"https:\/\/bulliesteashop.com\/fr\/wp-json\/wp\/v2\/product\/18345"}],"collection":[{"href":"https:\/\/bulliesteashop.com\/fr\/wp-json\/wp\/v2\/product"}],"about":[{"href":"https:\/\/bulliesteashop.com\/fr\/wp-json\/wp\/v2\/types\/product"}],"replies":[{"embeddable":true,"href":"https:\/\/bulliesteashop.com\/fr\/wp-json\/wp\/v2\/comments?post=18345"}],"wp:featuredmedia":[{"embeddable":true,"href":"https:\/\/bulliesteashop.com\/fr\/wp-json\/wp\/v2\/media\/18346"}],"wp:attachment":[{"href":"https:\/\/bulliesteashop.com\/fr\/wp-json\/wp\/v2\/media?parent=18345"}],"wp:term":[{"taxonomy":"product_brand","embeddable":true,"href":"https:\/\/bulliesteashop.com\/fr\/wp-json\/wp\/v2\/product_brand?post=18345"},{"taxonomy":"product_cat","embeddable":true,"href":"https:\/\/bulliesteashop.com\/fr\/wp-json\/wp\/v2\/product_cat?post=18345"},{"taxonomy":"product_tag","embeddable":true,"href":"https:\/\/bulliesteashop.com\/fr\/wp-json\/wp\/v2\/product_tag?post=18345"}],"curies":[{"name":"wp","href":"https:\/\/api.w.org\/{rel}","templated":true}]}}