{"id":18342,"date":"2024-07-09T13:30:14","date_gmt":"2024-07-09T12:30:14","guid":{"rendered":"https:\/\/bulliesteashop.com\/?post_type=product&#038;p=18342"},"modified":"2026-01-21T06:45:58","modified_gmt":"2026-01-21T06:45:58","slug":"sharwoods-tikka-masala-sauce","status":"publish","type":"product","link":"https:\/\/bulliesteashop.com\/fr\/produit\/sharwoods-tikka-masala-sauce\/","title":{"rendered":"Sharwoods Tikka Masala Sauce"},"content":{"rendered":"<h1>About Sharwoods Tikka Masala Sauce<\/h1>\n<p>La sauce Tikka Masala de Sharwoods est un d\u00e9lice culinaire riche et savoureux qui apporte le go\u00fbt authentique de la cuisine indienne dans votre cuisine. Fabriqu\u00e9e avec un m\u00e9lange de tomates, de cr\u00e8me et de diverses \u00e9pices, cette sauce capture l'essence du tikka masala traditionnel. Chaque pot est soigneusement \u00e9labor\u00e9 pour offrir un \u00e9quilibre parfait entre tomates acidul\u00e9es et onctuosit\u00e9, infus\u00e9 avec des \u00e9pices aromatiques comme le cumin, la coriandre et le curcuma. Le r\u00e9sultat est une sauce \u00e0 la fois l\u00e9g\u00e8rement \u00e9pic\u00e9e et irr\u00e9sistiblement cr\u00e9meuse, ce qui en fait un ajout polyvalent \u00e0 tout repas.<\/p>\n<p>Perfect for creating a quick and delicious dinner, Sharwoods Tikka Masala Sauce pairs wonderfully with chicken, lamb, or vegetables. Simply simmer your chosen ingredients in the sauce for a few minutes to create a hearty and satisfying dish. This sauce is also excellent for making a variety of Indian-inspired dishes, from wraps to rice bowls. With its rich flavor and convenient preparation, it is a pantry staple for anyone who loves the taste of Indian cuisine. Enjoy the authentic taste and convenience of Sharwoods, and bring a touch of India to your dining table.<\/p>\n<h2>Valeurs Nutritionnelles<\/h2>\n<p>Pour 100g : \u00c9nergie 463 kJ\/ 110 kcal, Prot\u00e9ines 1,6g, Lipides 7,0g, Dont satur\u00e9s 3,3g, Glucides 9,6g, dont sucres 6,5g, sel 0,28g<\/p>\n<h2>Ingr\u00e9dients<\/h2>\n<p>Eau, tomates (32 %), yaourt (9 %), sucre, cr\u00e8me double (3,5 %), amidon de ma\u00efs modifi\u00e9, oignon, huile de colza, cr\u00e8me de noix de coco, pur\u00e9e de gingembre, pur\u00e9e d'ail, noix de coco dess\u00e9ch\u00e9e, cumin moulu, graines de coriandre moulues. , coriandre, sel, \u00e9pices moulues, concentr\u00e9 de prot\u00e9ines de lactos\u00e9rum (du lait), jus de citron concentr\u00e9, r\u00e9gulateur d'acidit\u00e9 (acide lactique), colorant (paprika)<\/p>","protected":false},"excerpt":{"rendered":"<p>La sauce Tikka Masala de Sharwoods est un m\u00e9lange riche et savoureux de tomates, de cr\u00e8me et d'\u00e9pices aromatiques, capturant l'essence du tikka masala indien traditionnel. Cette sauce polyvalente se marie \u00e0 merveille avec le poulet, l'agneau ou les l\u00e9gumes, facilitant ainsi la pr\u00e9paration d'un d\u00e9licieux repas en quelques minutes. Il suffit de faire mijoter vos ingr\u00e9dients choisis dans la sauce pour obtenir un plat copieux et satisfaisant. Avec son \u00e9quilibre parfait entre tomates acidul\u00e9es et onctuosit\u00e9, la sauce Tikka Masala de Sharwoods apporte le go\u00fbt authentique de l'Inde dans votre cuisine, en faisant un indispensable de votre garde-manger pour tout amateur de cuisine indienne.<\/p>","protected":false},"featured_media":18341,"comment_status":"closed","ping_status":"closed","template":"","meta":[],"product_brand":[],"product_cat":[115],"product_tag":[],"class_list":{"0":"post-18342","1":"product","2":"type-product","3":"status-publish","4":"has-post-thumbnail","6":"product_cat-condiment","8":"first","9":"instock","10":"purchasable","11":"product-type-simple"},"yoast_head":"<!-- This site is optimized with the Yoast SEO plugin v23.4 - https:\/\/yoast.com\/wordpress\/plugins\/seo\/ -->\n<title>Sharwoods Tikka Masala Sauce - Bullies Tea Shop<\/title>\n<meta name=\"description\" content=\"Sharwoods Tikka Masala Sauce is a rich and flavorful blend of tomatoes, cream, and spices, capturing the essence of traditional Indian tikka masala.\" \/>\n<meta name=\"robots\" content=\"index, follow, max-snippet:-1, max-image-preview:large, max-video-preview:-1\" \/>\n<link rel=\"canonical\" href=\"https:\/\/bulliesteashop.com\/fr\/produit\/sharwoods-tikka-masala-sauce\/\" \/>\n<meta property=\"og:locale\" content=\"fr_FR\" \/>\n<meta property=\"og:type\" content=\"article\" \/>\n<meta property=\"og:title\" content=\"Sharwoods Tikka Masala Sauce - Bullies Tea Shop\" \/>\n<meta property=\"og:description\" content=\"Sharwoods Tikka Masala Sauce is a rich and flavorful blend of tomatoes, cream, and spices, capturing the essence of traditional Indian tikka masala.\" \/>\n<meta property=\"og:url\" content=\"https:\/\/bulliesteashop.com\/fr\/produit\/sharwoods-tikka-masala-sauce\/\" \/>\n<meta property=\"og:site_name\" content=\"Bullies Tea Shop\" \/>\n<meta property=\"article:publisher\" content=\"https:\/\/www.facebook.com\/iengelswienkeltje2\/\" \/>\n<meta property=\"article:modified_time\" content=\"2026-01-21T06:45:58+00:00\" \/>\n<meta property=\"og:image\" content=\"https:\/\/bulliesteashop.com\/wp-content\/uploads\/2024\/07\/SharwoodsTikkaMasala.jpg\" \/>\n\t<meta property=\"og:image:width\" content=\"2365\" \/>\n\t<meta property=\"og:image:height\" content=\"2365\" \/>\n\t<meta property=\"og:image:type\" content=\"image\/jpeg\" \/>\n<meta name=\"twitter:card\" content=\"summary_large_image\" \/>\n<meta name=\"twitter:label1\" content=\"Dur\u00e9e de lecture est.\" \/>\n\t<meta name=\"twitter:data1\" content=\"2 minutes\" \/>\n<script type=\"application\/ld+json\" class=\"yoast-schema-graph\">{\"@context\":\"https:\/\/schema.org\",\"@graph\":[{\"@type\":\"WebPage\",\"@id\":\"https:\/\/bulliesteashop.com\/product\/sharwoods-tikka-masala-sauce\/\",\"url\":\"https:\/\/bulliesteashop.com\/product\/sharwoods-tikka-masala-sauce\/\",\"name\":\"Sharwoods Tikka Masala Sauce - Bullies Tea Shop\",\"isPartOf\":{\"@id\":\"https:\/\/bulliesteashop.com\/#website\"},\"primaryImageOfPage\":{\"@id\":\"https:\/\/bulliesteashop.com\/product\/sharwoods-tikka-masala-sauce\/#primaryimage\"},\"image\":{\"@id\":\"https:\/\/bulliesteashop.com\/product\/sharwoods-tikka-masala-sauce\/#primaryimage\"},\"thumbnailUrl\":\"https:\/\/bulliesteashop.com\/wp-content\/uploads\/2024\/07\/SharwoodsTikkaMasala.jpg\",\"datePublished\":\"2024-07-09T12:30:14+00:00\",\"dateModified\":\"2026-01-21T06:45:58+00:00\",\"description\":\"Sharwoods Tikka Masala Sauce is a rich and flavorful blend of tomatoes, cream, and spices, capturing the essence of traditional Indian tikka masala.\",\"breadcrumb\":{\"@id\":\"https:\/\/bulliesteashop.com\/product\/sharwoods-tikka-masala-sauce\/#breadcrumb\"},\"inLanguage\":\"fr-BE\",\"potentialAction\":[{\"@type\":\"ReadAction\",\"target\":[\"https:\/\/bulliesteashop.com\/product\/sharwoods-tikka-masala-sauce\/\"]}]},{\"@type\":\"ImageObject\",\"inLanguage\":\"fr-BE\",\"@id\":\"https:\/\/bulliesteashop.com\/product\/sharwoods-tikka-masala-sauce\/#primaryimage\",\"url\":\"https:\/\/bulliesteashop.com\/wp-content\/uploads\/2024\/07\/SharwoodsTikkaMasala.jpg\",\"contentUrl\":\"https:\/\/bulliesteashop.com\/wp-content\/uploads\/2024\/07\/SharwoodsTikkaMasala.jpg\",\"width\":2365,\"height\":2365},{\"@type\":\"BreadcrumbList\",\"@id\":\"https:\/\/bulliesteashop.com\/product\/sharwoods-tikka-masala-sauce\/#breadcrumb\",\"itemListElement\":[{\"@type\":\"ListItem\",\"position\":1,\"name\":\"Home\",\"item\":\"https:\/\/bulliesteashop.com\/\"},{\"@type\":\"ListItem\",\"position\":2,\"name\":\"Shop\",\"item\":\"https:\/\/bulliesteashop.com\/shop\/\"},{\"@type\":\"ListItem\",\"position\":3,\"name\":\"Sharwoods Tikka Masala Sauce\"}]},{\"@type\":\"WebSite\",\"@id\":\"https:\/\/bulliesteashop.com\/#website\",\"url\":\"https:\/\/bulliesteashop.com\/\",\"name\":\"Bullies Tea Shop\",\"description\":\"Online shop for your favourite British and English food and drink products\",\"publisher\":{\"@id\":\"https:\/\/bulliesteashop.com\/#organization\"},\"potentialAction\":[{\"@type\":\"SearchAction\",\"target\":{\"@type\":\"EntryPoint\",\"urlTemplate\":\"https:\/\/bulliesteashop.com\/?s={search_term_string}\"},\"query-input\":{\"@type\":\"PropertyValueSpecification\",\"valueRequired\":true,\"valueName\":\"search_term_string\"}}],\"inLanguage\":\"fr-BE\"},{\"@type\":\"Organization\",\"@id\":\"https:\/\/bulliesteashop.com\/#organization\",\"name\":\"Bullies Tea Shop\",\"url\":\"https:\/\/bulliesteashop.com\/\",\"logo\":{\"@type\":\"ImageObject\",\"inLanguage\":\"fr-BE\",\"@id\":\"https:\/\/bulliesteashop.com\/#\/schema\/logo\/image\/\",\"url\":\"https:\/\/bulliesteashop.com\/wp-content\/uploads\/2023\/07\/bulliesteashop-2.png\",\"contentUrl\":\"https:\/\/bulliesteashop.com\/wp-content\/uploads\/2023\/07\/bulliesteashop-2.png\",\"width\":351,\"height\":337,\"caption\":\"Bullies Tea Shop\"},\"image\":{\"@id\":\"https:\/\/bulliesteashop.com\/#\/schema\/logo\/image\/\"},\"sameAs\":[\"https:\/\/www.facebook.com\/iengelswienkeltje2\/\"]}]}<\/script>\n<!-- \/ Yoast SEO plugin. -->","yoast_head_json":{"title":"Sharwoods Tikka Masala Sauce - Bullies Tea Shop","description":"Sharwoods Tikka Masala Sauce is a rich and flavorful blend of tomatoes, cream, and spices, capturing the essence of traditional Indian tikka masala.","robots":{"index":"index","follow":"follow","max-snippet":"max-snippet:-1","max-image-preview":"max-image-preview:large","max-video-preview":"max-video-preview:-1"},"canonical":"https:\/\/bulliesteashop.com\/fr\/produit\/sharwoods-tikka-masala-sauce\/","og_locale":"fr_FR","og_type":"article","og_title":"Sharwoods Tikka Masala Sauce - Bullies Tea Shop","og_description":"Sharwoods Tikka Masala Sauce is a rich and flavorful blend of tomatoes, cream, and spices, capturing the essence of traditional Indian tikka masala.","og_url":"https:\/\/bulliesteashop.com\/fr\/produit\/sharwoods-tikka-masala-sauce\/","og_site_name":"Bullies Tea Shop","article_publisher":"https:\/\/www.facebook.com\/iengelswienkeltje2\/","article_modified_time":"2026-01-21T06:45:58+00:00","og_image":[{"width":2365,"height":2365,"url":"https:\/\/bulliesteashop.com\/wp-content\/uploads\/2024\/07\/SharwoodsTikkaMasala.jpg","type":"image\/jpeg"}],"twitter_card":"summary_large_image","twitter_misc":{"Dur\u00e9e de lecture est.":"2 minutes"},"schema":{"@context":"https:\/\/schema.org","@graph":[{"@type":"WebPage","@id":"https:\/\/bulliesteashop.com\/product\/sharwoods-tikka-masala-sauce\/","url":"https:\/\/bulliesteashop.com\/product\/sharwoods-tikka-masala-sauce\/","name":"Sharwoods Tikka Masala Sauce - Bullies Tea Shop","isPartOf":{"@id":"https:\/\/bulliesteashop.com\/#website"},"primaryImageOfPage":{"@id":"https:\/\/bulliesteashop.com\/product\/sharwoods-tikka-masala-sauce\/#primaryimage"},"image":{"@id":"https:\/\/bulliesteashop.com\/product\/sharwoods-tikka-masala-sauce\/#primaryimage"},"thumbnailUrl":"https:\/\/bulliesteashop.com\/wp-content\/uploads\/2024\/07\/SharwoodsTikkaMasala.jpg","datePublished":"2024-07-09T12:30:14+00:00","dateModified":"2026-01-21T06:45:58+00:00","description":"Sharwoods Tikka Masala Sauce is a rich and flavorful blend of tomatoes, cream, and spices, capturing the essence of traditional Indian tikka masala.","breadcrumb":{"@id":"https:\/\/bulliesteashop.com\/product\/sharwoods-tikka-masala-sauce\/#breadcrumb"},"inLanguage":"fr-BE","potentialAction":[{"@type":"ReadAction","target":["https:\/\/bulliesteashop.com\/product\/sharwoods-tikka-masala-sauce\/"]}]},{"@type":"ImageObject","inLanguage":"fr-BE","@id":"https:\/\/bulliesteashop.com\/product\/sharwoods-tikka-masala-sauce\/#primaryimage","url":"https:\/\/bulliesteashop.com\/wp-content\/uploads\/2024\/07\/SharwoodsTikkaMasala.jpg","contentUrl":"https:\/\/bulliesteashop.com\/wp-content\/uploads\/2024\/07\/SharwoodsTikkaMasala.jpg","width":2365,"height":2365},{"@type":"BreadcrumbList","@id":"https:\/\/bulliesteashop.com\/product\/sharwoods-tikka-masala-sauce\/#breadcrumb","itemListElement":[{"@type":"ListItem","position":1,"name":"Home","item":"https:\/\/bulliesteashop.com\/"},{"@type":"ListItem","position":2,"name":"Shop","item":"https:\/\/bulliesteashop.com\/shop\/"},{"@type":"ListItem","position":3,"name":"Sharwoods Tikka Masala Sauce"}]},{"@type":"WebSite","@id":"https:\/\/bulliesteashop.com\/#website","url":"https:\/\/bulliesteashop.com\/","name":"Bullies Tea Shop","description":"Online shop for your favourite British and English food and drink products","publisher":{"@id":"https:\/\/bulliesteashop.com\/#organization"},"potentialAction":[{"@type":"SearchAction","target":{"@type":"EntryPoint","urlTemplate":"https:\/\/bulliesteashop.com\/?s={search_term_string}"},"query-input":{"@type":"PropertyValueSpecification","valueRequired":true,"valueName":"search_term_string"}}],"inLanguage":"fr-BE"},{"@type":"Organization","@id":"https:\/\/bulliesteashop.com\/#organization","name":"Bullies Tea Shop","url":"https:\/\/bulliesteashop.com\/","logo":{"@type":"ImageObject","inLanguage":"fr-BE","@id":"https:\/\/bulliesteashop.com\/#\/schema\/logo\/image\/","url":"https:\/\/bulliesteashop.com\/wp-content\/uploads\/2023\/07\/bulliesteashop-2.png","contentUrl":"https:\/\/bulliesteashop.com\/wp-content\/uploads\/2023\/07\/bulliesteashop-2.png","width":351,"height":337,"caption":"Bullies Tea Shop"},"image":{"@id":"https:\/\/bulliesteashop.com\/#\/schema\/logo\/image\/"},"sameAs":["https:\/\/www.facebook.com\/iengelswienkeltje2\/"]}]}},"_links":{"self":[{"href":"https:\/\/bulliesteashop.com\/fr\/wp-json\/wp\/v2\/product\/18342"}],"collection":[{"href":"https:\/\/bulliesteashop.com\/fr\/wp-json\/wp\/v2\/product"}],"about":[{"href":"https:\/\/bulliesteashop.com\/fr\/wp-json\/wp\/v2\/types\/product"}],"replies":[{"embeddable":true,"href":"https:\/\/bulliesteashop.com\/fr\/wp-json\/wp\/v2\/comments?post=18342"}],"wp:featuredmedia":[{"embeddable":true,"href":"https:\/\/bulliesteashop.com\/fr\/wp-json\/wp\/v2\/media\/18341"}],"wp:attachment":[{"href":"https:\/\/bulliesteashop.com\/fr\/wp-json\/wp\/v2\/media?parent=18342"}],"wp:term":[{"taxonomy":"product_brand","embeddable":true,"href":"https:\/\/bulliesteashop.com\/fr\/wp-json\/wp\/v2\/product_brand?post=18342"},{"taxonomy":"product_cat","embeddable":true,"href":"https:\/\/bulliesteashop.com\/fr\/wp-json\/wp\/v2\/product_cat?post=18342"},{"taxonomy":"product_tag","embeddable":true,"href":"https:\/\/bulliesteashop.com\/fr\/wp-json\/wp\/v2\/product_tag?post=18342"}],"curies":[{"name":"wp","href":"https:\/\/api.w.org\/{rel}","templated":true}]}}