{"id":18329,"date":"2024-06-21T13:13:31","date_gmt":"2024-06-21T12:13:31","guid":{"rendered":"https:\/\/bulliesteashop.com\/?post_type=product&#038;p=18329"},"modified":"2025-11-07T06:09:49","modified_gmt":"2025-11-07T06:09:49","slug":"tango-apple-sugar-free","status":"publish","type":"product","link":"https:\/\/bulliesteashop.com\/fr\/produit\/tango-apple-sugar-free\/","title":{"rendered":"Tango Apple Sugar Free 8x330ml"},"content":{"rendered":"<h1>About Tango Apple Sugar Free<\/h1>\n<p>Tango Apple Sugar Free est une boisson gazeuse rafra\u00eechissante qui offre le go\u00fbt croquant et acidul\u00e9 des pommes sans sucre ajout\u00e9. Fabriqu\u00e9e avec les meilleurs extraits de pomme, cette boisson capture l'essence des pommes fra\u00eeches et juteuses. Elle offre une explosion de saveur naturelle \u00e0 chaque gorg\u00e9e. Cette boisson est une option sans culpabilit\u00e9 pour ceux qui veulent une d\u00e9licieuse boisson gazeuse sans sucre. Chaque canette est soigneusement fabriqu\u00e9e pour assurer l'\u00e9quilibre parfait entre douceur et acidit\u00e9. C'est une d\u00e9licieuse friandise \u00e0 tout moment de la journ\u00e9e.<\/p>\n<p>Parfait pour un mode de vie actif, Tango Apple Sugar Free peut \u00eatre d\u00e9gust\u00e9 seul ou comme m\u00e9langeur. Son go\u00fbt l\u00e9ger et revigorant est excellent pour \u00e9tancher votre soif par une journ\u00e9e chaude ou pour accompagner votre repas. Que vous soyez \u00e0 un pique-nique, une f\u00eate ou simplement en train de vous d\u00e9tendre \u00e0 la maison, cette boisson sans sucre satisfera s\u00fbrement vos envies. Avec son go\u00fbt de pomme audacieux et sans sucre, elle est id\u00e9ale pour ceux qui recherchent une alternative plus saine aux sodas sucr\u00e9s. Profitez du go\u00fbt des pommes d'une mani\u00e8re \u00e0 la fois rafra\u00eechissante et bonne pour vous.<\/p>\n<h2>Valeurs Nutritionnelles<\/h2>\n<p>Pour 330ml : \u00c9nergie 56kJ\/13 kcal, Lipides 0g dont satur\u00e9s 0g, Sucres 0g, Sel 0,17g<\/p>\n<h2>Ingr\u00e9dients<\/h2>\n<p>Eau gaz\u00e9ifi\u00e9e, jus de pomme concentr\u00e9 (4%), ar\u00f4me naturel de pomme, acidifiant (acide malique), r\u00e9gulateur d'acidit\u00e9 (citrate de sodium, \u00e9dulcorants (sucralose, ac\u00e9sultame K), colorant naturel (caramel nature), conservateurs (sorbate de potassium), antioxydant. (Acide ascorbique)<\/p>","protected":false},"excerpt":{"rendered":"<p>Tango Apple Sugar Free est une boisson gazeuse rafra\u00eechissante qui offre le go\u00fbt croquant et acidul\u00e9 des pommes sans sucre ajout\u00e9. Fabriqu\u00e9 avec les meilleurs extraits de pomme, il capture l'essence des pommes fra\u00eeches et juteuses \u00e0 chaque gorg\u00e9e. Cette boisson sans culpabilit\u00e9 est parfaite pour ceux qui recherchent une boisson d\u00e9licieuse sans se soucier de leur apport en sucre. Savourez-la seule ou en tant que m\u00e9langeur, et \u00e9tanchez votre soif avec son go\u00fbt l\u00e9ger et revigorant. Id\u00e9al pour toute occasion, Tango Apple Sugar Free offre une alternative plus saine aux sodas sucr\u00e9s tout en offrant une saveur de pomme audacieuse.<\/p>","protected":false},"featured_media":18597,"comment_status":"closed","ping_status":"closed","template":"","meta":[],"product_brand":[],"product_cat":[377,371],"product_tag":[],"class_list":{"0":"post-18329","1":"product","2":"type-product","3":"status-publish","4":"has-post-thumbnail","6":"product_cat-drinks","7":"product_cat-softdrinks","9":"first","10":"instock","11":"purchasable","12":"product-type-simple"},"yoast_head":"<!-- This site is optimized with the Yoast SEO plugin v23.4 - https:\/\/yoast.com\/wordpress\/plugins\/seo\/ -->\n<title>Tango Apple Sugar Free 8x330ml - Bullies Tea Shop<\/title>\n<meta name=\"description\" content=\"Tango Apple Sugar Free is a refreshing soft drink that offers the crisp, tangy taste of apples without any added sugar. Made with the finest apple extracts.\" \/>\n<meta name=\"robots\" content=\"index, follow, max-snippet:-1, max-image-preview:large, max-video-preview:-1\" \/>\n<link rel=\"canonical\" href=\"https:\/\/bulliesteashop.com\/fr\/produit\/tango-apple-sugar-free\/\" \/>\n<meta property=\"og:locale\" content=\"fr_FR\" \/>\n<meta property=\"og:type\" content=\"article\" \/>\n<meta property=\"og:title\" content=\"Tango Apple Sugar Free 8x330ml - Bullies Tea Shop\" \/>\n<meta property=\"og:description\" content=\"Tango Apple Sugar Free is a refreshing soft drink that offers the crisp, tangy taste of apples without any added sugar. Made with the finest apple extracts.\" \/>\n<meta property=\"og:url\" content=\"https:\/\/bulliesteashop.com\/fr\/produit\/tango-apple-sugar-free\/\" \/>\n<meta property=\"og:site_name\" content=\"Bullies Tea Shop\" \/>\n<meta property=\"article:publisher\" content=\"https:\/\/www.facebook.com\/iengelswienkeltje2\/\" \/>\n<meta property=\"article:modified_time\" content=\"2025-11-07T06:09:49+00:00\" \/>\n<meta property=\"og:image\" content=\"https:\/\/bulliesteashop.com\/wp-content\/uploads\/2025\/07\/TangoAppleSF8X330.jpg\" \/>\n\t<meta property=\"og:image:width\" content=\"1280\" \/>\n\t<meta property=\"og:image:height\" content=\"1280\" \/>\n\t<meta property=\"og:image:type\" content=\"image\/jpeg\" \/>\n<meta name=\"twitter:card\" content=\"summary_large_image\" \/>\n<meta name=\"twitter:label1\" content=\"Dur\u00e9e de lecture est.\" \/>\n\t<meta name=\"twitter:data1\" content=\"2 minutes\" \/>\n<script type=\"application\/ld+json\" class=\"yoast-schema-graph\">{\"@context\":\"https:\/\/schema.org\",\"@graph\":[{\"@type\":\"WebPage\",\"@id\":\"https:\/\/bulliesteashop.com\/product\/tango-apple-sugar-free\/\",\"url\":\"https:\/\/bulliesteashop.com\/product\/tango-apple-sugar-free\/\",\"name\":\"Tango Apple Sugar Free 8x330ml - Bullies Tea Shop\",\"isPartOf\":{\"@id\":\"https:\/\/bulliesteashop.com\/#website\"},\"primaryImageOfPage\":{\"@id\":\"https:\/\/bulliesteashop.com\/product\/tango-apple-sugar-free\/#primaryimage\"},\"image\":{\"@id\":\"https:\/\/bulliesteashop.com\/product\/tango-apple-sugar-free\/#primaryimage\"},\"thumbnailUrl\":\"https:\/\/bulliesteashop.com\/wp-content\/uploads\/2025\/07\/TangoAppleSF8X330.jpg\",\"datePublished\":\"2024-06-21T12:13:31+00:00\",\"dateModified\":\"2025-11-07T06:09:49+00:00\",\"description\":\"Tango Apple Sugar Free is a refreshing soft drink that offers the crisp, tangy taste of apples without any added sugar. Made with the finest apple extracts.\",\"breadcrumb\":{\"@id\":\"https:\/\/bulliesteashop.com\/product\/tango-apple-sugar-free\/#breadcrumb\"},\"inLanguage\":\"fr-BE\",\"potentialAction\":[{\"@type\":\"ReadAction\",\"target\":[\"https:\/\/bulliesteashop.com\/product\/tango-apple-sugar-free\/\"]}]},{\"@type\":\"ImageObject\",\"inLanguage\":\"fr-BE\",\"@id\":\"https:\/\/bulliesteashop.com\/product\/tango-apple-sugar-free\/#primaryimage\",\"url\":\"https:\/\/bulliesteashop.com\/wp-content\/uploads\/2025\/07\/TangoAppleSF8X330.jpg\",\"contentUrl\":\"https:\/\/bulliesteashop.com\/wp-content\/uploads\/2025\/07\/TangoAppleSF8X330.jpg\",\"width\":1280,\"height\":1280},{\"@type\":\"BreadcrumbList\",\"@id\":\"https:\/\/bulliesteashop.com\/product\/tango-apple-sugar-free\/#breadcrumb\",\"itemListElement\":[{\"@type\":\"ListItem\",\"position\":1,\"name\":\"Home\",\"item\":\"https:\/\/bulliesteashop.com\/\"},{\"@type\":\"ListItem\",\"position\":2,\"name\":\"Shop\",\"item\":\"https:\/\/bulliesteashop.com\/shop\/\"},{\"@type\":\"ListItem\",\"position\":3,\"name\":\"Tango Apple Sugar Free 8x330ml\"}]},{\"@type\":\"WebSite\",\"@id\":\"https:\/\/bulliesteashop.com\/#website\",\"url\":\"https:\/\/bulliesteashop.com\/\",\"name\":\"Bullies Tea Shop\",\"description\":\"Online shop for your favourite British and English food and drink products\",\"publisher\":{\"@id\":\"https:\/\/bulliesteashop.com\/#organization\"},\"potentialAction\":[{\"@type\":\"SearchAction\",\"target\":{\"@type\":\"EntryPoint\",\"urlTemplate\":\"https:\/\/bulliesteashop.com\/?s={search_term_string}\"},\"query-input\":{\"@type\":\"PropertyValueSpecification\",\"valueRequired\":true,\"valueName\":\"search_term_string\"}}],\"inLanguage\":\"fr-BE\"},{\"@type\":\"Organization\",\"@id\":\"https:\/\/bulliesteashop.com\/#organization\",\"name\":\"Bullies Tea Shop\",\"url\":\"https:\/\/bulliesteashop.com\/\",\"logo\":{\"@type\":\"ImageObject\",\"inLanguage\":\"fr-BE\",\"@id\":\"https:\/\/bulliesteashop.com\/#\/schema\/logo\/image\/\",\"url\":\"https:\/\/bulliesteashop.com\/wp-content\/uploads\/2023\/07\/bulliesteashop-2.png\",\"contentUrl\":\"https:\/\/bulliesteashop.com\/wp-content\/uploads\/2023\/07\/bulliesteashop-2.png\",\"width\":351,\"height\":337,\"caption\":\"Bullies Tea Shop\"},\"image\":{\"@id\":\"https:\/\/bulliesteashop.com\/#\/schema\/logo\/image\/\"},\"sameAs\":[\"https:\/\/www.facebook.com\/iengelswienkeltje2\/\"]}]}<\/script>\n<!-- \/ Yoast SEO plugin. -->","yoast_head_json":{"title":"Tango Apple Sugar Free 8x330ml - Bullies Tea Shop","description":"Tango Apple Sugar Free is a refreshing soft drink that offers the crisp, tangy taste of apples without any added sugar. Made with the finest apple extracts.","robots":{"index":"index","follow":"follow","max-snippet":"max-snippet:-1","max-image-preview":"max-image-preview:large","max-video-preview":"max-video-preview:-1"},"canonical":"https:\/\/bulliesteashop.com\/fr\/produit\/tango-apple-sugar-free\/","og_locale":"fr_FR","og_type":"article","og_title":"Tango Apple Sugar Free 8x330ml - Bullies Tea Shop","og_description":"Tango Apple Sugar Free is a refreshing soft drink that offers the crisp, tangy taste of apples without any added sugar. Made with the finest apple extracts.","og_url":"https:\/\/bulliesteashop.com\/fr\/produit\/tango-apple-sugar-free\/","og_site_name":"Bullies Tea Shop","article_publisher":"https:\/\/www.facebook.com\/iengelswienkeltje2\/","article_modified_time":"2025-11-07T06:09:49+00:00","og_image":[{"width":1280,"height":1280,"url":"https:\/\/bulliesteashop.com\/wp-content\/uploads\/2025\/07\/TangoAppleSF8X330.jpg","type":"image\/jpeg"}],"twitter_card":"summary_large_image","twitter_misc":{"Dur\u00e9e de lecture est.":"2 minutes"},"schema":{"@context":"https:\/\/schema.org","@graph":[{"@type":"WebPage","@id":"https:\/\/bulliesteashop.com\/product\/tango-apple-sugar-free\/","url":"https:\/\/bulliesteashop.com\/product\/tango-apple-sugar-free\/","name":"Tango Apple Sugar Free 8x330ml - Bullies Tea Shop","isPartOf":{"@id":"https:\/\/bulliesteashop.com\/#website"},"primaryImageOfPage":{"@id":"https:\/\/bulliesteashop.com\/product\/tango-apple-sugar-free\/#primaryimage"},"image":{"@id":"https:\/\/bulliesteashop.com\/product\/tango-apple-sugar-free\/#primaryimage"},"thumbnailUrl":"https:\/\/bulliesteashop.com\/wp-content\/uploads\/2025\/07\/TangoAppleSF8X330.jpg","datePublished":"2024-06-21T12:13:31+00:00","dateModified":"2025-11-07T06:09:49+00:00","description":"Tango Apple Sugar Free is a refreshing soft drink that offers the crisp, tangy taste of apples without any added sugar. Made with the finest apple extracts.","breadcrumb":{"@id":"https:\/\/bulliesteashop.com\/product\/tango-apple-sugar-free\/#breadcrumb"},"inLanguage":"fr-BE","potentialAction":[{"@type":"ReadAction","target":["https:\/\/bulliesteashop.com\/product\/tango-apple-sugar-free\/"]}]},{"@type":"ImageObject","inLanguage":"fr-BE","@id":"https:\/\/bulliesteashop.com\/product\/tango-apple-sugar-free\/#primaryimage","url":"https:\/\/bulliesteashop.com\/wp-content\/uploads\/2025\/07\/TangoAppleSF8X330.jpg","contentUrl":"https:\/\/bulliesteashop.com\/wp-content\/uploads\/2025\/07\/TangoAppleSF8X330.jpg","width":1280,"height":1280},{"@type":"BreadcrumbList","@id":"https:\/\/bulliesteashop.com\/product\/tango-apple-sugar-free\/#breadcrumb","itemListElement":[{"@type":"ListItem","position":1,"name":"Home","item":"https:\/\/bulliesteashop.com\/"},{"@type":"ListItem","position":2,"name":"Shop","item":"https:\/\/bulliesteashop.com\/shop\/"},{"@type":"ListItem","position":3,"name":"Tango Apple Sugar Free 8x330ml"}]},{"@type":"WebSite","@id":"https:\/\/bulliesteashop.com\/#website","url":"https:\/\/bulliesteashop.com\/","name":"Bullies Tea Shop","description":"Online shop for your favourite British and English food and drink products","publisher":{"@id":"https:\/\/bulliesteashop.com\/#organization"},"potentialAction":[{"@type":"SearchAction","target":{"@type":"EntryPoint","urlTemplate":"https:\/\/bulliesteashop.com\/?s={search_term_string}"},"query-input":{"@type":"PropertyValueSpecification","valueRequired":true,"valueName":"search_term_string"}}],"inLanguage":"fr-BE"},{"@type":"Organization","@id":"https:\/\/bulliesteashop.com\/#organization","name":"Bullies Tea Shop","url":"https:\/\/bulliesteashop.com\/","logo":{"@type":"ImageObject","inLanguage":"fr-BE","@id":"https:\/\/bulliesteashop.com\/#\/schema\/logo\/image\/","url":"https:\/\/bulliesteashop.com\/wp-content\/uploads\/2023\/07\/bulliesteashop-2.png","contentUrl":"https:\/\/bulliesteashop.com\/wp-content\/uploads\/2023\/07\/bulliesteashop-2.png","width":351,"height":337,"caption":"Bullies Tea Shop"},"image":{"@id":"https:\/\/bulliesteashop.com\/#\/schema\/logo\/image\/"},"sameAs":["https:\/\/www.facebook.com\/iengelswienkeltje2\/"]}]}},"_links":{"self":[{"href":"https:\/\/bulliesteashop.com\/fr\/wp-json\/wp\/v2\/product\/18329"}],"collection":[{"href":"https:\/\/bulliesteashop.com\/fr\/wp-json\/wp\/v2\/product"}],"about":[{"href":"https:\/\/bulliesteashop.com\/fr\/wp-json\/wp\/v2\/types\/product"}],"replies":[{"embeddable":true,"href":"https:\/\/bulliesteashop.com\/fr\/wp-json\/wp\/v2\/comments?post=18329"}],"wp:featuredmedia":[{"embeddable":true,"href":"https:\/\/bulliesteashop.com\/fr\/wp-json\/wp\/v2\/media\/18597"}],"wp:attachment":[{"href":"https:\/\/bulliesteashop.com\/fr\/wp-json\/wp\/v2\/media?parent=18329"}],"wp:term":[{"taxonomy":"product_brand","embeddable":true,"href":"https:\/\/bulliesteashop.com\/fr\/wp-json\/wp\/v2\/product_brand?post=18329"},{"taxonomy":"product_cat","embeddable":true,"href":"https:\/\/bulliesteashop.com\/fr\/wp-json\/wp\/v2\/product_cat?post=18329"},{"taxonomy":"product_tag","embeddable":true,"href":"https:\/\/bulliesteashop.com\/fr\/wp-json\/wp\/v2\/product_tag?post=18329"}],"curies":[{"name":"wp","href":"https:\/\/api.w.org\/{rel}","templated":true}]}}