{"id":18301,"date":"2024-06-05T15:10:33","date_gmt":"2024-06-05T14:10:33","guid":{"rendered":"https:\/\/bulliesteashop.com\/?post_type=product&#038;p=18301"},"modified":"2026-03-28T16:37:27","modified_gmt":"2026-03-28T16:37:27","slug":"mcvities-digestives-white-chocolate-232g","status":"publish","type":"product","link":"https:\/\/bulliesteashop.com\/fr\/produit\/mcvities-digestives-white-chocolate-232g\/","title":{"rendered":"McVities Digestives White Chocolate 232g"},"content":{"rendered":"<h1>About McVities Digestives White Chocolate<\/h1>\n<p>Les Digestives White Chocolate de McVitie\u2019s offrent une d\u00e9licieuse variation du biscuit classique de bl\u00e9. Ces biscuits de bl\u00e9 croustillants, dor\u00e9s au four, sont recouverts d\u2019une couche de chocolat blanc lisse et cr\u00e9meux, cr\u00e9ant une combinaison irr\u00e9sistible qui saura satisfaire vos envies de sucr\u00e9. Chaque bouch\u00e9e d\u00e9livre l\u2019\u00e9quilibre parfait entre le go\u00fbt robuste et nourrissant du biscuit de bl\u00e9 et la douceur luxueuse du chocolat blanc, en faisant une friandise d\u00e9licieuse \u00e0 tout moment de la journ\u00e9e.<\/p>\n<p>Parfaits pour accompagner une tasse de th\u00e9 ou pour \u00eatre d\u00e9gust\u00e9s seuls, les Digestives White Chocolate de McVitie\u2019s sont un v\u00e9ritable d\u00e9lice pour les amateurs de chocolat blanc. L\u2019enrobage cr\u00e9meux de chocolat blanc ajoute une texture riche et velout\u00e9e qui compl\u00e8te la base croustillante du biscuit, offrant une exp\u00e9rience gustative divine. Que vous vous d\u00e9tendiez apr\u00e8s une longue journ\u00e9e ou que vous cherchiez une friandise sp\u00e9ciale \u00e0 partager avec vos amis et votre famille, ces biscuits constituent une collation luxueuse que tout le monde adorera.<\/p>\n<h2>Valeurs Nutritionnelles<\/h2>\n<p>Chaque biscuit contient : \u00c9nergie 327kJ\/78 kcal, Lipides 3,8g, dont satur\u00e9s 2g, Glucides 9,9 g, dont Sucres 4,6g, Fibres 2,4g, Prot\u00e9ines 6,0g, Sel 0,14g<\/p>\n<h2>Ingr\u00e9dients<\/h2>\n<p class=\" translation-block\">Farine (39%) (Farine de <strong>Bl\u00e9<\/strong>\u00a0, Calcium, Fer, Niacine, Thiamine), Chocolat Blanc (28%) [Sucre, Beurre de Cacao, <strong>Lait entier<\/strong> en poudre, Lactose ( <strong>Lait<\/strong>), lactos\u00e9rum s\u00e9ch\u00e9 (<strong>Lait<\/strong>), \u00e9mulsifiants (<strong>l\u00e9cithine de soja<\/strong>\u00a0, E476), ar\u00f4me naturel de vanille], huile de palme, farine compl\u00e8te\u00a0<strong> Farine de bl\u00e9 (9%), sucre, sirop de glucose-fructose, agents levants (bicarbonate de sodium, acide malique, bicarbonate d'ammonium), sel<\/p>","protected":false},"excerpt":{"rendered":"<p>Les Digestives White Chocolate de McVitie\u2019s combinent des biscuits de bl\u00e9 croustillants, dor\u00e9s au four, avec un enrobage lisse et cr\u00e9meux de chocolat blanc, cr\u00e9ant ainsi une friandise d\u00e9licieusement satisfaisante. Parfaits pour accompagner une tasse de th\u00e9 ou pour \u00eatre d\u00e9gust\u00e9s seuls, ces biscuits offrent le juste \u00e9quilibre entre la saveur robuste du bl\u00e9 et la douceur luxueuse du chocolat blanc, en faisant une collation d\u00e9licieuse pour toute occasion.<\/p>","protected":false},"featured_media":18302,"comment_status":"closed","ping_status":"closed","template":"","meta":[],"product_brand":[],"product_cat":[355],"product_tag":[],"class_list":{"0":"post-18301","1":"product","2":"type-product","3":"status-publish","4":"has-post-thumbnail","6":"product_cat-chocolate-biscuits","8":"first","9":"instock","10":"purchasable","11":"product-type-simple"},"yoast_head":"<!-- This site is optimized with the Yoast SEO plugin v23.4 - https:\/\/yoast.com\/wordpress\/plugins\/seo\/ -->\n<title>McVities Digestives White Chocolate 232g - Bullies Tea Shop<\/title>\n<meta name=\"description\" content=\"McVities Digestives White Chocolate offer a delectable twist on the classic wheatmeal biscuit. A smooth white chocolate coating creates a satisfying treat.\" \/>\n<meta name=\"robots\" content=\"index, follow, max-snippet:-1, max-image-preview:large, max-video-preview:-1\" \/>\n<link rel=\"canonical\" href=\"https:\/\/bulliesteashop.com\/fr\/produit\/mcvities-digestives-white-chocolate-232g\/\" \/>\n<meta property=\"og:locale\" content=\"fr_FR\" \/>\n<meta property=\"og:type\" content=\"article\" \/>\n<meta property=\"og:title\" content=\"McVities Digestives White Chocolate 232g - Bullies Tea Shop\" \/>\n<meta property=\"og:description\" content=\"McVities Digestives White Chocolate offer a delectable twist on the classic wheatmeal biscuit. A smooth white chocolate coating creates a satisfying treat.\" \/>\n<meta property=\"og:url\" content=\"https:\/\/bulliesteashop.com\/fr\/produit\/mcvities-digestives-white-chocolate-232g\/\" \/>\n<meta property=\"og:site_name\" content=\"Bullies Tea Shop\" \/>\n<meta property=\"article:publisher\" content=\"https:\/\/www.facebook.com\/iengelswienkeltje2\/\" \/>\n<meta property=\"article:modified_time\" content=\"2026-03-28T16:37:27+00:00\" \/>\n<meta property=\"og:image\" content=\"https:\/\/bulliesteashop.com\/wp-content\/uploads\/2024\/06\/McVities_digestives_White_choc_232g_1.webp\" \/>\n\t<meta property=\"og:image:width\" content=\"1200\" \/>\n\t<meta property=\"og:image:height\" content=\"630\" \/>\n\t<meta property=\"og:image:type\" content=\"image\/webp\" \/>\n<meta name=\"twitter:card\" content=\"summary_large_image\" \/>\n<meta name=\"twitter:label1\" content=\"Dur\u00e9e de lecture est.\" \/>\n\t<meta name=\"twitter:data1\" content=\"2 minutes\" \/>\n<script type=\"application\/ld+json\" class=\"yoast-schema-graph\">{\"@context\":\"https:\/\/schema.org\",\"@graph\":[{\"@type\":\"WebPage\",\"@id\":\"https:\/\/bulliesteashop.com\/product\/mcvities-digestives-white-chocolate-232g\/\",\"url\":\"https:\/\/bulliesteashop.com\/product\/mcvities-digestives-white-chocolate-232g\/\",\"name\":\"McVities Digestives White Chocolate 232g - Bullies Tea Shop\",\"isPartOf\":{\"@id\":\"https:\/\/bulliesteashop.com\/#website\"},\"primaryImageOfPage\":{\"@id\":\"https:\/\/bulliesteashop.com\/product\/mcvities-digestives-white-chocolate-232g\/#primaryimage\"},\"image\":{\"@id\":\"https:\/\/bulliesteashop.com\/product\/mcvities-digestives-white-chocolate-232g\/#primaryimage\"},\"thumbnailUrl\":\"https:\/\/bulliesteashop.com\/wp-content\/uploads\/2024\/06\/McVities_digestives_White_choc_232g_1.webp\",\"datePublished\":\"2024-06-05T14:10:33+00:00\",\"dateModified\":\"2026-03-28T16:37:27+00:00\",\"description\":\"McVities Digestives White Chocolate offer a delectable twist on the classic wheatmeal biscuit. A smooth white chocolate coating creates a satisfying treat.\",\"breadcrumb\":{\"@id\":\"https:\/\/bulliesteashop.com\/product\/mcvities-digestives-white-chocolate-232g\/#breadcrumb\"},\"inLanguage\":\"fr-BE\",\"potentialAction\":[{\"@type\":\"ReadAction\",\"target\":[\"https:\/\/bulliesteashop.com\/product\/mcvities-digestives-white-chocolate-232g\/\"]}]},{\"@type\":\"ImageObject\",\"inLanguage\":\"fr-BE\",\"@id\":\"https:\/\/bulliesteashop.com\/product\/mcvities-digestives-white-chocolate-232g\/#primaryimage\",\"url\":\"https:\/\/bulliesteashop.com\/wp-content\/uploads\/2024\/06\/McVities_digestives_White_choc_232g_1.webp\",\"contentUrl\":\"https:\/\/bulliesteashop.com\/wp-content\/uploads\/2024\/06\/McVities_digestives_White_choc_232g_1.webp\",\"width\":1200,\"height\":630,\"caption\":\"Single packages of McVities Digestive White Chocolate\"},{\"@type\":\"BreadcrumbList\",\"@id\":\"https:\/\/bulliesteashop.com\/product\/mcvities-digestives-white-chocolate-232g\/#breadcrumb\",\"itemListElement\":[{\"@type\":\"ListItem\",\"position\":1,\"name\":\"Home\",\"item\":\"https:\/\/bulliesteashop.com\/\"},{\"@type\":\"ListItem\",\"position\":2,\"name\":\"Shop\",\"item\":\"https:\/\/bulliesteashop.com\/shop\/\"},{\"@type\":\"ListItem\",\"position\":3,\"name\":\"McVities Digestives White Chocolate 232g\"}]},{\"@type\":\"WebSite\",\"@id\":\"https:\/\/bulliesteashop.com\/#website\",\"url\":\"https:\/\/bulliesteashop.com\/\",\"name\":\"Bullies Tea Shop\",\"description\":\"Online shop for your favourite British and English food and drink products\",\"publisher\":{\"@id\":\"https:\/\/bulliesteashop.com\/#organization\"},\"potentialAction\":[{\"@type\":\"SearchAction\",\"target\":{\"@type\":\"EntryPoint\",\"urlTemplate\":\"https:\/\/bulliesteashop.com\/?s={search_term_string}\"},\"query-input\":{\"@type\":\"PropertyValueSpecification\",\"valueRequired\":true,\"valueName\":\"search_term_string\"}}],\"inLanguage\":\"fr-BE\"},{\"@type\":\"Organization\",\"@id\":\"https:\/\/bulliesteashop.com\/#organization\",\"name\":\"Bullies Tea Shop\",\"url\":\"https:\/\/bulliesteashop.com\/\",\"logo\":{\"@type\":\"ImageObject\",\"inLanguage\":\"fr-BE\",\"@id\":\"https:\/\/bulliesteashop.com\/#\/schema\/logo\/image\/\",\"url\":\"https:\/\/bulliesteashop.com\/wp-content\/uploads\/2023\/07\/bulliesteashop-2.png\",\"contentUrl\":\"https:\/\/bulliesteashop.com\/wp-content\/uploads\/2023\/07\/bulliesteashop-2.png\",\"width\":351,\"height\":337,\"caption\":\"Bullies Tea Shop\"},\"image\":{\"@id\":\"https:\/\/bulliesteashop.com\/#\/schema\/logo\/image\/\"},\"sameAs\":[\"https:\/\/www.facebook.com\/iengelswienkeltje2\/\"]}]}<\/script>\n<!-- \/ Yoast SEO plugin. -->","yoast_head_json":{"title":"McVities Digestives White Chocolate 232g - Bullies Tea Shop","description":"McVities Digestives White Chocolate offer a delectable twist on the classic wheatmeal biscuit. A smooth white chocolate coating creates a satisfying treat.","robots":{"index":"index","follow":"follow","max-snippet":"max-snippet:-1","max-image-preview":"max-image-preview:large","max-video-preview":"max-video-preview:-1"},"canonical":"https:\/\/bulliesteashop.com\/fr\/produit\/mcvities-digestives-white-chocolate-232g\/","og_locale":"fr_FR","og_type":"article","og_title":"McVities Digestives White Chocolate 232g - Bullies Tea Shop","og_description":"McVities Digestives White Chocolate offer a delectable twist on the classic wheatmeal biscuit. A smooth white chocolate coating creates a satisfying treat.","og_url":"https:\/\/bulliesteashop.com\/fr\/produit\/mcvities-digestives-white-chocolate-232g\/","og_site_name":"Bullies Tea Shop","article_publisher":"https:\/\/www.facebook.com\/iengelswienkeltje2\/","article_modified_time":"2026-03-28T16:37:27+00:00","og_image":[{"width":1200,"height":630,"url":"https:\/\/bulliesteashop.com\/wp-content\/uploads\/2024\/06\/McVities_digestives_White_choc_232g_1.webp","type":"image\/webp"}],"twitter_card":"summary_large_image","twitter_misc":{"Dur\u00e9e de lecture est.":"2 minutes"},"schema":{"@context":"https:\/\/schema.org","@graph":[{"@type":"WebPage","@id":"https:\/\/bulliesteashop.com\/product\/mcvities-digestives-white-chocolate-232g\/","url":"https:\/\/bulliesteashop.com\/product\/mcvities-digestives-white-chocolate-232g\/","name":"McVities Digestives White Chocolate 232g - Bullies Tea Shop","isPartOf":{"@id":"https:\/\/bulliesteashop.com\/#website"},"primaryImageOfPage":{"@id":"https:\/\/bulliesteashop.com\/product\/mcvities-digestives-white-chocolate-232g\/#primaryimage"},"image":{"@id":"https:\/\/bulliesteashop.com\/product\/mcvities-digestives-white-chocolate-232g\/#primaryimage"},"thumbnailUrl":"https:\/\/bulliesteashop.com\/wp-content\/uploads\/2024\/06\/McVities_digestives_White_choc_232g_1.webp","datePublished":"2024-06-05T14:10:33+00:00","dateModified":"2026-03-28T16:37:27+00:00","description":"McVities Digestives White Chocolate offer a delectable twist on the classic wheatmeal biscuit. A smooth white chocolate coating creates a satisfying treat.","breadcrumb":{"@id":"https:\/\/bulliesteashop.com\/product\/mcvities-digestives-white-chocolate-232g\/#breadcrumb"},"inLanguage":"fr-BE","potentialAction":[{"@type":"ReadAction","target":["https:\/\/bulliesteashop.com\/product\/mcvities-digestives-white-chocolate-232g\/"]}]},{"@type":"ImageObject","inLanguage":"fr-BE","@id":"https:\/\/bulliesteashop.com\/product\/mcvities-digestives-white-chocolate-232g\/#primaryimage","url":"https:\/\/bulliesteashop.com\/wp-content\/uploads\/2024\/06\/McVities_digestives_White_choc_232g_1.webp","contentUrl":"https:\/\/bulliesteashop.com\/wp-content\/uploads\/2024\/06\/McVities_digestives_White_choc_232g_1.webp","width":1200,"height":630,"caption":"Single packages of McVities Digestive White Chocolate"},{"@type":"BreadcrumbList","@id":"https:\/\/bulliesteashop.com\/product\/mcvities-digestives-white-chocolate-232g\/#breadcrumb","itemListElement":[{"@type":"ListItem","position":1,"name":"Home","item":"https:\/\/bulliesteashop.com\/"},{"@type":"ListItem","position":2,"name":"Shop","item":"https:\/\/bulliesteashop.com\/shop\/"},{"@type":"ListItem","position":3,"name":"McVities Digestives White Chocolate 232g"}]},{"@type":"WebSite","@id":"https:\/\/bulliesteashop.com\/#website","url":"https:\/\/bulliesteashop.com\/","name":"Bullies Tea Shop","description":"Online shop for your favourite British and English food and drink products","publisher":{"@id":"https:\/\/bulliesteashop.com\/#organization"},"potentialAction":[{"@type":"SearchAction","target":{"@type":"EntryPoint","urlTemplate":"https:\/\/bulliesteashop.com\/?s={search_term_string}"},"query-input":{"@type":"PropertyValueSpecification","valueRequired":true,"valueName":"search_term_string"}}],"inLanguage":"fr-BE"},{"@type":"Organization","@id":"https:\/\/bulliesteashop.com\/#organization","name":"Bullies Tea Shop","url":"https:\/\/bulliesteashop.com\/","logo":{"@type":"ImageObject","inLanguage":"fr-BE","@id":"https:\/\/bulliesteashop.com\/#\/schema\/logo\/image\/","url":"https:\/\/bulliesteashop.com\/wp-content\/uploads\/2023\/07\/bulliesteashop-2.png","contentUrl":"https:\/\/bulliesteashop.com\/wp-content\/uploads\/2023\/07\/bulliesteashop-2.png","width":351,"height":337,"caption":"Bullies Tea Shop"},"image":{"@id":"https:\/\/bulliesteashop.com\/#\/schema\/logo\/image\/"},"sameAs":["https:\/\/www.facebook.com\/iengelswienkeltje2\/"]}]}},"_links":{"self":[{"href":"https:\/\/bulliesteashop.com\/fr\/wp-json\/wp\/v2\/product\/18301"}],"collection":[{"href":"https:\/\/bulliesteashop.com\/fr\/wp-json\/wp\/v2\/product"}],"about":[{"href":"https:\/\/bulliesteashop.com\/fr\/wp-json\/wp\/v2\/types\/product"}],"replies":[{"embeddable":true,"href":"https:\/\/bulliesteashop.com\/fr\/wp-json\/wp\/v2\/comments?post=18301"}],"wp:featuredmedia":[{"embeddable":true,"href":"https:\/\/bulliesteashop.com\/fr\/wp-json\/wp\/v2\/media\/18302"}],"wp:attachment":[{"href":"https:\/\/bulliesteashop.com\/fr\/wp-json\/wp\/v2\/media?parent=18301"}],"wp:term":[{"taxonomy":"product_brand","embeddable":true,"href":"https:\/\/bulliesteashop.com\/fr\/wp-json\/wp\/v2\/product_brand?post=18301"},{"taxonomy":"product_cat","embeddable":true,"href":"https:\/\/bulliesteashop.com\/fr\/wp-json\/wp\/v2\/product_cat?post=18301"},{"taxonomy":"product_tag","embeddable":true,"href":"https:\/\/bulliesteashop.com\/fr\/wp-json\/wp\/v2\/product_tag?post=18301"}],"curies":[{"name":"wp","href":"https:\/\/api.w.org\/{rel}","templated":true}]}}