{"id":17692,"date":"2024-01-11T10:59:44","date_gmt":"2024-01-11T10:59:44","guid":{"rendered":"https:\/\/bulliesteashop.com\/?post_type=product&#038;p=17692"},"modified":"2026-03-13T13:07:20","modified_gmt":"2026-03-13T13:07:20","slug":"twinings-earl-grey-120-tea-bags","status":"publish","type":"product","link":"https:\/\/bulliesteashop.com\/fr\/produit\/twinings-earl-grey-120-tea-bags\/","title":{"rendered":"Twinings Earl Grey &#8211; 80 Tea Bags"},"content":{"rendered":"<p>Th\u00e9 au parfum d\u00e9licat de bergamote et de citron. Un th\u00e9 subtil avec une d\u00e9licieuse touche de bergamote citronn\u00e9e.<\/p>\n<p>En 1831, Twinings cr\u00e9a le th\u00e9 Earl Grey dans leur magasin sur le Strand \u00e0 la demande du Premier ministre. Il l'aimait tellement qu'il lui donna son nom. Tr\u00e8s rapidement, il fit sensation \u00e0 Londres et reste toujours tr\u00e8s appr\u00e9ci\u00e9 des personnes qui aiment les choses originales, qui sortent des sentiers battus et ne suivent pas toujours les r\u00e8gles.<\/p>\n<h3>Valeurs Nutritionnelles<\/h3>\n<p>Per 100ml: 3kJ\/1kcal, Fat 0g, of which saturates 0g, Carbohydrate 0g, of which sugars 0g, Fibre 0g, Protein 0g, Salt 0g<\/p>","protected":false},"excerpt":{"rendered":"<p><strong>Ingr\u00e9dients<\/strong>:<br \/>\nTh\u00e9, ar\u00f4me bergamote (4%), ar\u00f4me naturel de citron avec autres ar\u00f4mes naturels (1%)<\/p>","protected":false},"featured_media":18169,"comment_status":"closed","ping_status":"closed","template":"","meta":[],"product_brand":[],"product_cat":[179,164],"product_tag":[213,81],"class_list":{"0":"post-17692","1":"product","2":"type-product","3":"status-publish","4":"has-post-thumbnail","6":"product_cat-black","7":"product_cat-tea","8":"product_tag-sugar-free","9":"product_tag-vegan","11":"first","12":"instock","13":"purchasable","14":"product-type-simple"},"yoast_head":"<!-- This site is optimized with the Yoast SEO plugin v23.4 - https:\/\/yoast.com\/wordpress\/plugins\/seo\/ -->\n<title>Twinings Earl Grey - 80 Tea Bags - Bullies Tea Shop<\/title>\n<meta name=\"robots\" content=\"index, follow, max-snippet:-1, max-image-preview:large, max-video-preview:-1\" \/>\n<link rel=\"canonical\" href=\"https:\/\/bulliesteashop.com\/fr\/produit\/twinings-earl-grey-120-tea-bags\/\" \/>\n<meta property=\"og:locale\" content=\"fr_FR\" \/>\n<meta property=\"og:type\" content=\"article\" \/>\n<meta property=\"og:title\" content=\"Twinings Earl Grey - 80 Tea Bags - Bullies Tea Shop\" \/>\n<meta property=\"og:description\" content=\"Ingredients: Tea, Bergamot Flavouring (4%), Natural Lemon Flavouring with other Natural Flavourings (1%)\" \/>\n<meta property=\"og:url\" content=\"https:\/\/bulliesteashop.com\/fr\/produit\/twinings-earl-grey-120-tea-bags\/\" \/>\n<meta property=\"og:site_name\" content=\"Bullies Tea Shop\" \/>\n<meta property=\"article:publisher\" content=\"https:\/\/www.facebook.com\/iengelswienkeltje2\/\" \/>\n<meta property=\"article:modified_time\" content=\"2026-03-13T13:07:20+00:00\" \/>\n<meta property=\"og:image\" content=\"https:\/\/bulliesteashop.com\/wp-content\/uploads\/2024\/01\/twinings_the_earl_grey_80_1.jpg\" \/>\n\t<meta property=\"og:image:width\" content=\"1600\" \/>\n\t<meta property=\"og:image:height\" content=\"1600\" \/>\n\t<meta property=\"og:image:type\" content=\"image\/jpeg\" \/>\n<meta name=\"twitter:card\" content=\"summary_large_image\" \/>\n<meta name=\"twitter:label1\" content=\"Dur\u00e9e de lecture est.\" \/>\n\t<meta name=\"twitter:data1\" content=\"1 minute\" \/>\n<script type=\"application\/ld+json\" class=\"yoast-schema-graph\">{\"@context\":\"https:\/\/schema.org\",\"@graph\":[{\"@type\":\"WebPage\",\"@id\":\"https:\/\/bulliesteashop.com\/product\/twinings-earl-grey-120-tea-bags\/\",\"url\":\"https:\/\/bulliesteashop.com\/product\/twinings-earl-grey-120-tea-bags\/\",\"name\":\"Twinings Earl Grey - 80 Tea Bags - Bullies Tea Shop\",\"isPartOf\":{\"@id\":\"https:\/\/bulliesteashop.com\/#website\"},\"primaryImageOfPage\":{\"@id\":\"https:\/\/bulliesteashop.com\/product\/twinings-earl-grey-120-tea-bags\/#primaryimage\"},\"image\":{\"@id\":\"https:\/\/bulliesteashop.com\/product\/twinings-earl-grey-120-tea-bags\/#primaryimage\"},\"thumbnailUrl\":\"https:\/\/bulliesteashop.com\/wp-content\/uploads\/2024\/01\/twinings_the_earl_grey_80_1.jpg\",\"datePublished\":\"2024-01-11T10:59:44+00:00\",\"dateModified\":\"2026-03-13T13:07:20+00:00\",\"breadcrumb\":{\"@id\":\"https:\/\/bulliesteashop.com\/product\/twinings-earl-grey-120-tea-bags\/#breadcrumb\"},\"inLanguage\":\"fr-BE\",\"potentialAction\":[{\"@type\":\"ReadAction\",\"target\":[\"https:\/\/bulliesteashop.com\/product\/twinings-earl-grey-120-tea-bags\/\"]}]},{\"@type\":\"ImageObject\",\"inLanguage\":\"fr-BE\",\"@id\":\"https:\/\/bulliesteashop.com\/product\/twinings-earl-grey-120-tea-bags\/#primaryimage\",\"url\":\"https:\/\/bulliesteashop.com\/wp-content\/uploads\/2024\/01\/twinings_the_earl_grey_80_1.jpg\",\"contentUrl\":\"https:\/\/bulliesteashop.com\/wp-content\/uploads\/2024\/01\/twinings_the_earl_grey_80_1.jpg\",\"width\":1600,\"height\":1600},{\"@type\":\"BreadcrumbList\",\"@id\":\"https:\/\/bulliesteashop.com\/product\/twinings-earl-grey-120-tea-bags\/#breadcrumb\",\"itemListElement\":[{\"@type\":\"ListItem\",\"position\":1,\"name\":\"Home\",\"item\":\"https:\/\/bulliesteashop.com\/\"},{\"@type\":\"ListItem\",\"position\":2,\"name\":\"Shop\",\"item\":\"https:\/\/bulliesteashop.com\/shop\/\"},{\"@type\":\"ListItem\",\"position\":3,\"name\":\"Twinings Earl Grey &#8211; 80 Tea Bags\"}]},{\"@type\":\"WebSite\",\"@id\":\"https:\/\/bulliesteashop.com\/#website\",\"url\":\"https:\/\/bulliesteashop.com\/\",\"name\":\"Bullies Tea Shop\",\"description\":\"Online shop for your favourite British and English food and drink products\",\"publisher\":{\"@id\":\"https:\/\/bulliesteashop.com\/#organization\"},\"potentialAction\":[{\"@type\":\"SearchAction\",\"target\":{\"@type\":\"EntryPoint\",\"urlTemplate\":\"https:\/\/bulliesteashop.com\/?s={search_term_string}\"},\"query-input\":{\"@type\":\"PropertyValueSpecification\",\"valueRequired\":true,\"valueName\":\"search_term_string\"}}],\"inLanguage\":\"fr-BE\"},{\"@type\":\"Organization\",\"@id\":\"https:\/\/bulliesteashop.com\/#organization\",\"name\":\"Bullies Tea Shop\",\"url\":\"https:\/\/bulliesteashop.com\/\",\"logo\":{\"@type\":\"ImageObject\",\"inLanguage\":\"fr-BE\",\"@id\":\"https:\/\/bulliesteashop.com\/#\/schema\/logo\/image\/\",\"url\":\"https:\/\/bulliesteashop.com\/wp-content\/uploads\/2023\/07\/bulliesteashop-2.png\",\"contentUrl\":\"https:\/\/bulliesteashop.com\/wp-content\/uploads\/2023\/07\/bulliesteashop-2.png\",\"width\":351,\"height\":337,\"caption\":\"Bullies Tea Shop\"},\"image\":{\"@id\":\"https:\/\/bulliesteashop.com\/#\/schema\/logo\/image\/\"},\"sameAs\":[\"https:\/\/www.facebook.com\/iengelswienkeltje2\/\"]}]}<\/script>\n<!-- \/ Yoast SEO plugin. -->","yoast_head_json":{"title":"Twinings Earl Grey - 80 Tea Bags - Bullies Tea Shop","robots":{"index":"index","follow":"follow","max-snippet":"max-snippet:-1","max-image-preview":"max-image-preview:large","max-video-preview":"max-video-preview:-1"},"canonical":"https:\/\/bulliesteashop.com\/fr\/produit\/twinings-earl-grey-120-tea-bags\/","og_locale":"fr_FR","og_type":"article","og_title":"Twinings Earl Grey - 80 Tea Bags - Bullies Tea Shop","og_description":"Ingredients: Tea, Bergamot Flavouring (4%), Natural Lemon Flavouring with other Natural Flavourings (1%)","og_url":"https:\/\/bulliesteashop.com\/fr\/produit\/twinings-earl-grey-120-tea-bags\/","og_site_name":"Bullies Tea Shop","article_publisher":"https:\/\/www.facebook.com\/iengelswienkeltje2\/","article_modified_time":"2026-03-13T13:07:20+00:00","og_image":[{"width":1600,"height":1600,"url":"https:\/\/bulliesteashop.com\/wp-content\/uploads\/2024\/01\/twinings_the_earl_grey_80_1.jpg","type":"image\/jpeg"}],"twitter_card":"summary_large_image","twitter_misc":{"Dur\u00e9e de lecture est.":"1 minute"},"schema":{"@context":"https:\/\/schema.org","@graph":[{"@type":"WebPage","@id":"https:\/\/bulliesteashop.com\/product\/twinings-earl-grey-120-tea-bags\/","url":"https:\/\/bulliesteashop.com\/product\/twinings-earl-grey-120-tea-bags\/","name":"Twinings Earl Grey - 80 Tea Bags - Bullies Tea Shop","isPartOf":{"@id":"https:\/\/bulliesteashop.com\/#website"},"primaryImageOfPage":{"@id":"https:\/\/bulliesteashop.com\/product\/twinings-earl-grey-120-tea-bags\/#primaryimage"},"image":{"@id":"https:\/\/bulliesteashop.com\/product\/twinings-earl-grey-120-tea-bags\/#primaryimage"},"thumbnailUrl":"https:\/\/bulliesteashop.com\/wp-content\/uploads\/2024\/01\/twinings_the_earl_grey_80_1.jpg","datePublished":"2024-01-11T10:59:44+00:00","dateModified":"2026-03-13T13:07:20+00:00","breadcrumb":{"@id":"https:\/\/bulliesteashop.com\/product\/twinings-earl-grey-120-tea-bags\/#breadcrumb"},"inLanguage":"fr-BE","potentialAction":[{"@type":"ReadAction","target":["https:\/\/bulliesteashop.com\/product\/twinings-earl-grey-120-tea-bags\/"]}]},{"@type":"ImageObject","inLanguage":"fr-BE","@id":"https:\/\/bulliesteashop.com\/product\/twinings-earl-grey-120-tea-bags\/#primaryimage","url":"https:\/\/bulliesteashop.com\/wp-content\/uploads\/2024\/01\/twinings_the_earl_grey_80_1.jpg","contentUrl":"https:\/\/bulliesteashop.com\/wp-content\/uploads\/2024\/01\/twinings_the_earl_grey_80_1.jpg","width":1600,"height":1600},{"@type":"BreadcrumbList","@id":"https:\/\/bulliesteashop.com\/product\/twinings-earl-grey-120-tea-bags\/#breadcrumb","itemListElement":[{"@type":"ListItem","position":1,"name":"Home","item":"https:\/\/bulliesteashop.com\/"},{"@type":"ListItem","position":2,"name":"Shop","item":"https:\/\/bulliesteashop.com\/shop\/"},{"@type":"ListItem","position":3,"name":"Twinings Earl Grey &#8211; 80 Tea Bags"}]},{"@type":"WebSite","@id":"https:\/\/bulliesteashop.com\/#website","url":"https:\/\/bulliesteashop.com\/","name":"Bullies Tea Shop","description":"Online shop for your favourite British and English food and drink products","publisher":{"@id":"https:\/\/bulliesteashop.com\/#organization"},"potentialAction":[{"@type":"SearchAction","target":{"@type":"EntryPoint","urlTemplate":"https:\/\/bulliesteashop.com\/?s={search_term_string}"},"query-input":{"@type":"PropertyValueSpecification","valueRequired":true,"valueName":"search_term_string"}}],"inLanguage":"fr-BE"},{"@type":"Organization","@id":"https:\/\/bulliesteashop.com\/#organization","name":"Bullies Tea Shop","url":"https:\/\/bulliesteashop.com\/","logo":{"@type":"ImageObject","inLanguage":"fr-BE","@id":"https:\/\/bulliesteashop.com\/#\/schema\/logo\/image\/","url":"https:\/\/bulliesteashop.com\/wp-content\/uploads\/2023\/07\/bulliesteashop-2.png","contentUrl":"https:\/\/bulliesteashop.com\/wp-content\/uploads\/2023\/07\/bulliesteashop-2.png","width":351,"height":337,"caption":"Bullies Tea Shop"},"image":{"@id":"https:\/\/bulliesteashop.com\/#\/schema\/logo\/image\/"},"sameAs":["https:\/\/www.facebook.com\/iengelswienkeltje2\/"]}]}},"_links":{"self":[{"href":"https:\/\/bulliesteashop.com\/fr\/wp-json\/wp\/v2\/product\/17692"}],"collection":[{"href":"https:\/\/bulliesteashop.com\/fr\/wp-json\/wp\/v2\/product"}],"about":[{"href":"https:\/\/bulliesteashop.com\/fr\/wp-json\/wp\/v2\/types\/product"}],"replies":[{"embeddable":true,"href":"https:\/\/bulliesteashop.com\/fr\/wp-json\/wp\/v2\/comments?post=17692"}],"wp:featuredmedia":[{"embeddable":true,"href":"https:\/\/bulliesteashop.com\/fr\/wp-json\/wp\/v2\/media\/18169"}],"wp:attachment":[{"href":"https:\/\/bulliesteashop.com\/fr\/wp-json\/wp\/v2\/media?parent=17692"}],"wp:term":[{"taxonomy":"product_brand","embeddable":true,"href":"https:\/\/bulliesteashop.com\/fr\/wp-json\/wp\/v2\/product_brand?post=17692"},{"taxonomy":"product_cat","embeddable":true,"href":"https:\/\/bulliesteashop.com\/fr\/wp-json\/wp\/v2\/product_cat?post=17692"},{"taxonomy":"product_tag","embeddable":true,"href":"https:\/\/bulliesteashop.com\/fr\/wp-json\/wp\/v2\/product_tag?post=17692"}],"curies":[{"name":"wp","href":"https:\/\/api.w.org\/{rel}","templated":true}]}}