{"id":17638,"date":"2024-01-04T15:03:33","date_gmt":"2024-01-04T15:03:33","guid":{"rendered":"https:\/\/bulliesteashop.com\/?post_type=product&#038;p=17638"},"modified":"2024-05-03T13:24:31","modified_gmt":"2024-05-03T12:24:31","slug":"mcvities-hobnobs-sticky-toffee-pudding-flavour-262g-best-before-29-06-2024","status":"publish","type":"product","link":"https:\/\/bulliesteashop.com\/fr\/produit\/mcvities-hobnobs-sticky-toffee-pudding-flavour-262g-best-before-29-06-2024\/","title":{"rendered":"McVitie&#8217;s Hobnobs Sticky Toffee Pudding Flavour 262g &#8211; Best Before 29\/06\/2024"},"content":{"rendered":"<p class=\"mt-4 mb-3\">Biscuits Avoine au Go\u00fbt de Pudding Collant au Caramel Recouverts de Chocolat au Lait. Cuits avec 100% d'Avoine Compl\u00e8te. Sans Colorants ni Ar\u00f4mes Artificiels. Sans Huile V\u00e9g\u00e9tale Hydrog\u00e9n\u00e9e. Convient aux V\u00e9g\u00e9tariens. Les produits \u00e0 base d'huile de palme contenus dans ce produit ont \u00e9t\u00e9 certifi\u00e9s comme provenant de sources s\u00e9par\u00e9es RSPO et ont \u00e9t\u00e9 produits selon des crit\u00e8res environnementaux et sociaux stricts. www.rspo.org. McVitie\u2019s.<\/p>\n<p class=\"mt-4 mb-3\">Informations di\u00e9t\u00e9tiques<\/p>\n<p class=\"text-muted\">Convient aux v\u00e9g\u00e9tariens<\/p>","protected":false},"excerpt":{"rendered":"<p class=\" translation-block\">Roul\u00e9s\u00a0<span class=\"nutrition-allergen-ingredient\">AVOINE <\/span>(30%),\u00a0<span class=\"nutrition-allergen-ingredient\">LAIT<\/span>\u00a0Chocolat (25\u00a0%) [Sucre, Cacao\u00a0<span class=\"nutrition-allergen-ingredient\">Beurre<\/span>, p\u00e2te de cacao, <span class=\"nutrition-allergen-ingredient\">LAIT<\/span> s\u00e9ch\u00e9, lactos\u00e9rum s\u00e9ch\u00e9 (<span class=\"nutrition-allergen-ingredient\"> allergen-ingredient\"&gt;LAIT<\/span>),\u00a0<span class=\"nutrition-allergen-ingredient\">Beurre<\/span>\u00a0Huile (<span class=\"nutrition-allergen-ingredient\">LAIT<\/span>), Graisses v\u00e9g\u00e9tales (palme, karit\u00e9), \u00e9mulsifiants (<span class=\"nutrition-allergen-ingredient\">SOJA<\/span>\u00a0l\u00e9cithine, E476), ar\u00f4me naturel], farine compl\u00e8te\u00a0<span class=\"nutrition-allergen-ingredient\">BL\u00c9 <\/span>\u00a0Farine (16 %), sucre, huile v\u00e9g\u00e9tale (palme), sirop de glucose-fructose, agents levants (bicarbonate de sodium, bicarbonate d'ammonium), sel, ar\u00f4me naturel<\/p>","protected":false},"featured_media":17620,"comment_status":"closed","ping_status":"closed","template":"","meta":[],"product_brand":[],"product_cat":[166,355],"product_tag":[356,357,358,82],"class_list":{"0":"post-17638","1":"product","2":"type-product","3":"status-publish","4":"has-post-thumbnail","6":"product_cat-biscuits","7":"product_cat-chocolate-biscuits","8":"product_tag-biscuits","9":"product_tag-chocolate-biscuits","10":"product_tag-mcvities","11":"product_tag-vegetarian","13":"first","14":"outofstock","15":"purchasable","16":"product-type-simple"},"yoast_head":"<!-- This site is optimized with the Yoast SEO plugin v23.4 - https:\/\/yoast.com\/wordpress\/plugins\/seo\/ -->\n<title>McVitie&#039;s Hobnobs Sticky Toffee Pudding Flavour 262g - Best Before 29\/06\/2024 - Bullies Tea Shop<\/title>\n<meta name=\"robots\" content=\"index, follow, max-snippet:-1, max-image-preview:large, max-video-preview:-1\" \/>\n<link rel=\"canonical\" href=\"https:\/\/bulliesteashop.com\/fr\/produit\/mcvities-hobnobs-sticky-toffee-pudding-flavour-262g-best-before-29-06-2024\/\" \/>\n<meta property=\"og:locale\" content=\"fr_FR\" \/>\n<meta property=\"og:type\" content=\"article\" \/>\n<meta property=\"og:title\" content=\"McVitie&#039;s Hobnobs Sticky Toffee Pudding Flavour 262g - Best Before 29\/06\/2024 - Bullies Tea Shop\" \/>\n<meta property=\"og:description\" content=\"Rolled\u00a0OATS (30%),\u00a0MILK\u00a0Chocolate (25%) [Sugar, Cocoa\u00a0Butter, Cocoa Mass, Dried Skimmed\u00a0MILK, Dried WHEY (MILK),\u00a0Butter\u00a0Oil (MILK), Vegetable Fats (Palm, Shea), Emulsifiers (SOYA\u00a0Lecithin, E476), Natural Flavouring], Wholemeal\u00a0WHEAT\u00a0Flour (16%), Sugar, Vegetable Oil (Palm), Glucose-Fructose Syrup, Raising Agents (Sodium Bicarbonate, Ammonium Bicarbonate), Salt, Natural Flavouring\" \/>\n<meta property=\"og:url\" content=\"https:\/\/bulliesteashop.com\/fr\/produit\/mcvities-hobnobs-sticky-toffee-pudding-flavour-262g-best-before-29-06-2024\/\" \/>\n<meta property=\"og:site_name\" content=\"Bullies Tea Shop\" \/>\n<meta property=\"article:publisher\" content=\"https:\/\/www.facebook.com\/iengelswienkeltje2\/\" \/>\n<meta property=\"article:modified_time\" content=\"2024-05-03T12:24:31+00:00\" \/>\n<meta property=\"og:image\" content=\"https:\/\/bulliesteashop.com\/wp-content\/uploads\/2024\/01\/McVitiesHobnobsStickyToffeePudding262g.jpeg\" \/>\n\t<meta property=\"og:image:width\" content=\"1080\" \/>\n\t<meta property=\"og:image:height\" content=\"1080\" \/>\n\t<meta property=\"og:image:type\" content=\"image\/jpeg\" \/>\n<meta name=\"twitter:card\" content=\"summary_large_image\" \/>\n<meta name=\"twitter:label1\" content=\"Dur\u00e9e de lecture est.\" \/>\n\t<meta name=\"twitter:data1\" content=\"1 minute\" \/>\n<script type=\"application\/ld+json\" class=\"yoast-schema-graph\">{\"@context\":\"https:\/\/schema.org\",\"@graph\":[{\"@type\":\"WebPage\",\"@id\":\"https:\/\/bulliesteashop.com\/product\/mcvities-hobnobs-sticky-toffee-pudding-flavour-262g-best-before-29-06-2024\/\",\"url\":\"https:\/\/bulliesteashop.com\/product\/mcvities-hobnobs-sticky-toffee-pudding-flavour-262g-best-before-29-06-2024\/\",\"name\":\"McVitie's Hobnobs Sticky Toffee Pudding Flavour 262g - Best Before 29\/06\/2024 - Bullies Tea Shop\",\"isPartOf\":{\"@id\":\"https:\/\/bulliesteashop.com\/#website\"},\"primaryImageOfPage\":{\"@id\":\"https:\/\/bulliesteashop.com\/product\/mcvities-hobnobs-sticky-toffee-pudding-flavour-262g-best-before-29-06-2024\/#primaryimage\"},\"image\":{\"@id\":\"https:\/\/bulliesteashop.com\/product\/mcvities-hobnobs-sticky-toffee-pudding-flavour-262g-best-before-29-06-2024\/#primaryimage\"},\"thumbnailUrl\":\"https:\/\/bulliesteashop.com\/wp-content\/uploads\/2024\/01\/McVitiesHobnobsStickyToffeePudding262g.jpeg\",\"datePublished\":\"2024-01-04T15:03:33+00:00\",\"dateModified\":\"2024-05-03T12:24:31+00:00\",\"breadcrumb\":{\"@id\":\"https:\/\/bulliesteashop.com\/product\/mcvities-hobnobs-sticky-toffee-pudding-flavour-262g-best-before-29-06-2024\/#breadcrumb\"},\"inLanguage\":\"fr-BE\",\"potentialAction\":[{\"@type\":\"ReadAction\",\"target\":[\"https:\/\/bulliesteashop.com\/product\/mcvities-hobnobs-sticky-toffee-pudding-flavour-262g-best-before-29-06-2024\/\"]}]},{\"@type\":\"ImageObject\",\"inLanguage\":\"fr-BE\",\"@id\":\"https:\/\/bulliesteashop.com\/product\/mcvities-hobnobs-sticky-toffee-pudding-flavour-262g-best-before-29-06-2024\/#primaryimage\",\"url\":\"https:\/\/bulliesteashop.com\/wp-content\/uploads\/2024\/01\/McVitiesHobnobsStickyToffeePudding262g.jpeg\",\"contentUrl\":\"https:\/\/bulliesteashop.com\/wp-content\/uploads\/2024\/01\/McVitiesHobnobsStickyToffeePudding262g.jpeg\",\"width\":1080,\"height\":1080},{\"@type\":\"BreadcrumbList\",\"@id\":\"https:\/\/bulliesteashop.com\/product\/mcvities-hobnobs-sticky-toffee-pudding-flavour-262g-best-before-29-06-2024\/#breadcrumb\",\"itemListElement\":[{\"@type\":\"ListItem\",\"position\":1,\"name\":\"Home\",\"item\":\"https:\/\/bulliesteashop.com\/\"},{\"@type\":\"ListItem\",\"position\":2,\"name\":\"Shop\",\"item\":\"https:\/\/bulliesteashop.com\/shop\/\"},{\"@type\":\"ListItem\",\"position\":3,\"name\":\"McVitie&#8217;s Hobnobs Sticky Toffee Pudding Flavour 262g &#8211; Best Before 29\/06\/2024\"}]},{\"@type\":\"WebSite\",\"@id\":\"https:\/\/bulliesteashop.com\/#website\",\"url\":\"https:\/\/bulliesteashop.com\/\",\"name\":\"Bullies Tea Shop\",\"description\":\"Online shop for your favourite British and English food and drink products\",\"publisher\":{\"@id\":\"https:\/\/bulliesteashop.com\/#organization\"},\"potentialAction\":[{\"@type\":\"SearchAction\",\"target\":{\"@type\":\"EntryPoint\",\"urlTemplate\":\"https:\/\/bulliesteashop.com\/?s={search_term_string}\"},\"query-input\":{\"@type\":\"PropertyValueSpecification\",\"valueRequired\":true,\"valueName\":\"search_term_string\"}}],\"inLanguage\":\"fr-BE\"},{\"@type\":\"Organization\",\"@id\":\"https:\/\/bulliesteashop.com\/#organization\",\"name\":\"Bullies Tea Shop\",\"url\":\"https:\/\/bulliesteashop.com\/\",\"logo\":{\"@type\":\"ImageObject\",\"inLanguage\":\"fr-BE\",\"@id\":\"https:\/\/bulliesteashop.com\/#\/schema\/logo\/image\/\",\"url\":\"https:\/\/bulliesteashop.com\/wp-content\/uploads\/2023\/07\/bulliesteashop-2.png\",\"contentUrl\":\"https:\/\/bulliesteashop.com\/wp-content\/uploads\/2023\/07\/bulliesteashop-2.png\",\"width\":351,\"height\":337,\"caption\":\"Bullies Tea Shop\"},\"image\":{\"@id\":\"https:\/\/bulliesteashop.com\/#\/schema\/logo\/image\/\"},\"sameAs\":[\"https:\/\/www.facebook.com\/iengelswienkeltje2\/\"]}]}<\/script>\n<!-- \/ Yoast SEO plugin. -->","yoast_head_json":{"title":"McVitie's Hobnobs Sticky Toffee Pudding Flavour 262g - Best Before 29\/06\/2024 - Bullies Tea Shop","robots":{"index":"index","follow":"follow","max-snippet":"max-snippet:-1","max-image-preview":"max-image-preview:large","max-video-preview":"max-video-preview:-1"},"canonical":"https:\/\/bulliesteashop.com\/fr\/produit\/mcvities-hobnobs-sticky-toffee-pudding-flavour-262g-best-before-29-06-2024\/","og_locale":"fr_FR","og_type":"article","og_title":"McVitie's Hobnobs Sticky Toffee Pudding Flavour 262g - Best Before 29\/06\/2024 - Bullies Tea Shop","og_description":"Rolled\u00a0OATS (30%),\u00a0MILK\u00a0Chocolate (25%) [Sugar, Cocoa\u00a0Butter, Cocoa Mass, Dried Skimmed\u00a0MILK, Dried WHEY (MILK),\u00a0Butter\u00a0Oil (MILK), Vegetable Fats (Palm, Shea), Emulsifiers (SOYA\u00a0Lecithin, E476), Natural Flavouring], Wholemeal\u00a0WHEAT\u00a0Flour (16%), Sugar, Vegetable Oil (Palm), Glucose-Fructose Syrup, Raising Agents (Sodium Bicarbonate, Ammonium Bicarbonate), Salt, Natural Flavouring","og_url":"https:\/\/bulliesteashop.com\/fr\/produit\/mcvities-hobnobs-sticky-toffee-pudding-flavour-262g-best-before-29-06-2024\/","og_site_name":"Bullies Tea Shop","article_publisher":"https:\/\/www.facebook.com\/iengelswienkeltje2\/","article_modified_time":"2024-05-03T12:24:31+00:00","og_image":[{"width":1080,"height":1080,"url":"https:\/\/bulliesteashop.com\/wp-content\/uploads\/2024\/01\/McVitiesHobnobsStickyToffeePudding262g.jpeg","type":"image\/jpeg"}],"twitter_card":"summary_large_image","twitter_misc":{"Dur\u00e9e de lecture est.":"1 minute"},"schema":{"@context":"https:\/\/schema.org","@graph":[{"@type":"WebPage","@id":"https:\/\/bulliesteashop.com\/product\/mcvities-hobnobs-sticky-toffee-pudding-flavour-262g-best-before-29-06-2024\/","url":"https:\/\/bulliesteashop.com\/product\/mcvities-hobnobs-sticky-toffee-pudding-flavour-262g-best-before-29-06-2024\/","name":"McVitie's Hobnobs Sticky Toffee Pudding Flavour 262g - Best Before 29\/06\/2024 - Bullies Tea Shop","isPartOf":{"@id":"https:\/\/bulliesteashop.com\/#website"},"primaryImageOfPage":{"@id":"https:\/\/bulliesteashop.com\/product\/mcvities-hobnobs-sticky-toffee-pudding-flavour-262g-best-before-29-06-2024\/#primaryimage"},"image":{"@id":"https:\/\/bulliesteashop.com\/product\/mcvities-hobnobs-sticky-toffee-pudding-flavour-262g-best-before-29-06-2024\/#primaryimage"},"thumbnailUrl":"https:\/\/bulliesteashop.com\/wp-content\/uploads\/2024\/01\/McVitiesHobnobsStickyToffeePudding262g.jpeg","datePublished":"2024-01-04T15:03:33+00:00","dateModified":"2024-05-03T12:24:31+00:00","breadcrumb":{"@id":"https:\/\/bulliesteashop.com\/product\/mcvities-hobnobs-sticky-toffee-pudding-flavour-262g-best-before-29-06-2024\/#breadcrumb"},"inLanguage":"fr-BE","potentialAction":[{"@type":"ReadAction","target":["https:\/\/bulliesteashop.com\/product\/mcvities-hobnobs-sticky-toffee-pudding-flavour-262g-best-before-29-06-2024\/"]}]},{"@type":"ImageObject","inLanguage":"fr-BE","@id":"https:\/\/bulliesteashop.com\/product\/mcvities-hobnobs-sticky-toffee-pudding-flavour-262g-best-before-29-06-2024\/#primaryimage","url":"https:\/\/bulliesteashop.com\/wp-content\/uploads\/2024\/01\/McVitiesHobnobsStickyToffeePudding262g.jpeg","contentUrl":"https:\/\/bulliesteashop.com\/wp-content\/uploads\/2024\/01\/McVitiesHobnobsStickyToffeePudding262g.jpeg","width":1080,"height":1080},{"@type":"BreadcrumbList","@id":"https:\/\/bulliesteashop.com\/product\/mcvities-hobnobs-sticky-toffee-pudding-flavour-262g-best-before-29-06-2024\/#breadcrumb","itemListElement":[{"@type":"ListItem","position":1,"name":"Home","item":"https:\/\/bulliesteashop.com\/"},{"@type":"ListItem","position":2,"name":"Shop","item":"https:\/\/bulliesteashop.com\/shop\/"},{"@type":"ListItem","position":3,"name":"McVitie&#8217;s Hobnobs Sticky Toffee Pudding Flavour 262g &#8211; Best Before 29\/06\/2024"}]},{"@type":"WebSite","@id":"https:\/\/bulliesteashop.com\/#website","url":"https:\/\/bulliesteashop.com\/","name":"Bullies Tea Shop","description":"Online shop for your favourite British and English food and drink products","publisher":{"@id":"https:\/\/bulliesteashop.com\/#organization"},"potentialAction":[{"@type":"SearchAction","target":{"@type":"EntryPoint","urlTemplate":"https:\/\/bulliesteashop.com\/?s={search_term_string}"},"query-input":{"@type":"PropertyValueSpecification","valueRequired":true,"valueName":"search_term_string"}}],"inLanguage":"fr-BE"},{"@type":"Organization","@id":"https:\/\/bulliesteashop.com\/#organization","name":"Bullies Tea Shop","url":"https:\/\/bulliesteashop.com\/","logo":{"@type":"ImageObject","inLanguage":"fr-BE","@id":"https:\/\/bulliesteashop.com\/#\/schema\/logo\/image\/","url":"https:\/\/bulliesteashop.com\/wp-content\/uploads\/2023\/07\/bulliesteashop-2.png","contentUrl":"https:\/\/bulliesteashop.com\/wp-content\/uploads\/2023\/07\/bulliesteashop-2.png","width":351,"height":337,"caption":"Bullies Tea Shop"},"image":{"@id":"https:\/\/bulliesteashop.com\/#\/schema\/logo\/image\/"},"sameAs":["https:\/\/www.facebook.com\/iengelswienkeltje2\/"]}]}},"_links":{"self":[{"href":"https:\/\/bulliesteashop.com\/fr\/wp-json\/wp\/v2\/product\/17638"}],"collection":[{"href":"https:\/\/bulliesteashop.com\/fr\/wp-json\/wp\/v2\/product"}],"about":[{"href":"https:\/\/bulliesteashop.com\/fr\/wp-json\/wp\/v2\/types\/product"}],"replies":[{"embeddable":true,"href":"https:\/\/bulliesteashop.com\/fr\/wp-json\/wp\/v2\/comments?post=17638"}],"wp:featuredmedia":[{"embeddable":true,"href":"https:\/\/bulliesteashop.com\/fr\/wp-json\/wp\/v2\/media\/17620"}],"wp:attachment":[{"href":"https:\/\/bulliesteashop.com\/fr\/wp-json\/wp\/v2\/media?parent=17638"}],"wp:term":[{"taxonomy":"product_brand","embeddable":true,"href":"https:\/\/bulliesteashop.com\/fr\/wp-json\/wp\/v2\/product_brand?post=17638"},{"taxonomy":"product_cat","embeddable":true,"href":"https:\/\/bulliesteashop.com\/fr\/wp-json\/wp\/v2\/product_cat?post=17638"},{"taxonomy":"product_tag","embeddable":true,"href":"https:\/\/bulliesteashop.com\/fr\/wp-json\/wp\/v2\/product_tag?post=17638"}],"curies":[{"name":"wp","href":"https:\/\/api.w.org\/{rel}","templated":true}]}}