{"id":17630,"date":"2024-01-04T09:01:41","date_gmt":"2024-01-04T09:01:41","guid":{"rendered":"https:\/\/bulliesteashop.com\/?post_type=product&#038;p=17630"},"modified":"2025-08-18T12:55:32","modified_gmt":"2025-08-18T11:55:32","slug":"mcvities-ginger-nuts-200g-dated-best-before-27-01-2024","status":"publish","type":"product","link":"https:\/\/bulliesteashop.com\/fr\/produit\/mcvities-ginger-nuts-200g-dated-best-before-27-01-2024\/","title":{"rendered":"McVities Ginger Nuts 200g"},"content":{"rendered":"<div class=\"gn-content bop-info__field\">\n<div class=\"bop-info__content\">\n<p>Les Ginger Nuts de McVitie's sont un biscuit classique, avec un punch croquant et \u00e9pic\u00e9 de gingembre. Parfait pour tremper!<\/p>\n<p>Profitez d'une petite pause dans le quotidien, les biscuits McVitie's sont trop bons pour ne pas partager.<\/p>\n<\/div>\n<\/div>\n<div class=\"gn-content bop-info__field\">\n<div class=\"bop-info__content\">Sans colorants ni ar\u00f4mes artificiels, Sans huile v\u00e9g\u00e9tale hydrog\u00e9n\u00e9e, Convient aux v\u00e9g\u00e9tariens. Les produits \u00e0 base d'huile de palme contenus dans ce produit ont \u00e9t\u00e9 certifi\u00e9s comme provenant de sources s\u00e9par\u00e9es RSPO et ont \u00e9t\u00e9 produits selon des crit\u00e8res environnementaux et sociaux stricts. www.rspo.org<\/div>\n<\/div>\n<div class=\"gn-content bop-info__field\">\n<h6>Country of Origin<\/h6>\n<div class=\"bop-info__content\">United Kingdom<\/div>\n<\/div>\n<p class=\"gn-content\"><span class=\"bop-lifestyleBadge\"><img decoding=\"async\" class=\"bop-badge bop-badge-vegetarian\" src=\"https:\/\/www.ocado.com\/static\/vegetarian-b4dac.svg\" alt=\"Suitable for vegetarians\" \/>Suitable for vegetarians<\/span><\/p>\n<p>&nbsp;<\/p>\n<table>\n<tbody>\n<tr>\n<th>Typical Values<\/th>\n<th>Per 100g<\/th>\n<th>Per Biscuit (10.1g)<\/th>\n<\/tr>\n<tr>\n<td>Energy (kJ)<\/td>\n<td>1939<\/td>\n<td>196<\/td>\n<\/tr>\n<tr>\n<td>(kcal)<\/td>\n<td>461<\/td>\n<td>47<\/td>\n<\/tr>\n<tr>\n<td>Graisse<\/td>\n<td>16.5g<\/td>\n<td>1.7g<\/td>\n<\/tr>\n<tr>\n<td>c'est satur\u00e9<\/td>\n<td>7.8g<\/td>\n<td>0.8g<\/td>\n<\/tr>\n<tr>\n<td>Glucides<\/td>\n<td>71.3g<\/td>\n<td>7.2g<\/td>\n<\/tr>\n<tr>\n<td>dont les sucres<\/td>\n<td>28.9g<\/td>\n<td>2.9g<\/td>\n<\/tr>\n<tr>\n<td>Fibre<\/td>\n<td>2.3g<\/td>\n<td>0.2g<\/td>\n<\/tr>\n<tr>\n<td>Prot\u00e9ine<\/td>\n<td>5.8g<\/td>\n<td>0.6g<\/td>\n<\/tr>\n<tr>\n<td>Sel<\/td>\n<td>0.94g<\/td>\n<td>0.09g<\/td>\n<\/tr>\n<tr>\n<td>Typical number of biscuits per pack: 25<\/td>\n<\/tr>\n<\/tbody>\n<\/table>","protected":false},"excerpt":{"rendered":"<div class=\"gn-content bop-info__field\">\n<h6>Ingr\u00e9dients<\/h6>\n<div class=\"bop-info__content translation-block\">Farine (farine de <b>bl\u00e9<\/b>\u00a0, calcium, fer, niacine, thiamine), sucre, huile v\u00e9g\u00e9tale (palme), sirop de glucose-fructose, m\u00e9lasse, agents levants (bicarbonate de sodium, diphosphate disodique), gingembre moulu, sel. , Ar\u00f4me Naturel Citron et Gingembre<\/div>\n<\/div>\n<div class=\"gn-content bop-info__field\">\n<h6>Informations di\u00e9t\u00e9tiques<\/h6>\n<div class=\"bop-info__content\">Convient aux v\u00e9g\u00e9tariens<\/div>\n<\/div>","protected":false},"featured_media":17621,"comment_status":"open","ping_status":"closed","template":"","meta":[],"product_brand":[],"product_cat":[166],"product_tag":[356,360,358,82],"class_list":{"0":"post-17630","1":"product","2":"type-product","3":"status-publish","4":"has-post-thumbnail","6":"product_cat-biscuits","7":"product_tag-biscuits","8":"product_tag-ginger","9":"product_tag-mcvities","10":"product_tag-vegetarian","12":"first","13":"instock","14":"purchasable","15":"product-type-simple"},"yoast_head":"<!-- This site is optimized with the Yoast SEO plugin v23.4 - https:\/\/yoast.com\/wordpress\/plugins\/seo\/ -->\n<title>McVities Ginger Nuts 200g - Bullies Tea Shop<\/title>\n<meta name=\"robots\" content=\"index, follow, max-snippet:-1, max-image-preview:large, max-video-preview:-1\" \/>\n<link rel=\"canonical\" href=\"https:\/\/bulliesteashop.com\/fr\/produit\/mcvities-ginger-nuts-200g-dated-best-before-27-01-2024\/\" \/>\n<meta property=\"og:locale\" content=\"fr_FR\" \/>\n<meta property=\"og:type\" content=\"article\" \/>\n<meta property=\"og:title\" content=\"McVities Ginger Nuts 200g - Bullies Tea Shop\" \/>\n<meta property=\"og:description\" content=\"Ingredients Flour (Wheat\u00a0Flour, Calcium, Iron, Niacin, Thiamin), Sugar, Vegetable Oil (Palm), Glucose-Fructose Syrup, Molasses, Raising Agents (Sodium Bicarbonate, Disodium Diphosphate), Ground Ginger, Salt, Natural Lemon and Ginger Flavouring   Dietary Information Suitable for Vegetarians\" \/>\n<meta property=\"og:url\" content=\"https:\/\/bulliesteashop.com\/fr\/produit\/mcvities-ginger-nuts-200g-dated-best-before-27-01-2024\/\" \/>\n<meta property=\"og:site_name\" content=\"Bullies Tea Shop\" \/>\n<meta property=\"article:publisher\" content=\"https:\/\/www.facebook.com\/iengelswienkeltje2\/\" \/>\n<meta property=\"article:modified_time\" content=\"2025-08-18T11:55:32+00:00\" \/>\n<meta property=\"og:image\" content=\"https:\/\/bulliesteashop.com\/wp-content\/uploads\/2024\/01\/McVitiesDigestivesGingerNuts200g.jpeg\" \/>\n\t<meta property=\"og:image:width\" content=\"1080\" \/>\n\t<meta property=\"og:image:height\" content=\"1080\" \/>\n\t<meta property=\"og:image:type\" content=\"image\/jpeg\" \/>\n<meta name=\"twitter:card\" content=\"summary_large_image\" \/>\n<meta name=\"twitter:label1\" content=\"Dur\u00e9e de lecture est.\" \/>\n\t<meta name=\"twitter:data1\" content=\"1 minute\" \/>\n<script type=\"application\/ld+json\" class=\"yoast-schema-graph\">{\"@context\":\"https:\/\/schema.org\",\"@graph\":[{\"@type\":\"WebPage\",\"@id\":\"https:\/\/bulliesteashop.com\/product\/mcvities-ginger-nuts-200g-dated-best-before-27-01-2024\/\",\"url\":\"https:\/\/bulliesteashop.com\/product\/mcvities-ginger-nuts-200g-dated-best-before-27-01-2024\/\",\"name\":\"McVities Ginger Nuts 200g - Bullies Tea Shop\",\"isPartOf\":{\"@id\":\"https:\/\/bulliesteashop.com\/#website\"},\"primaryImageOfPage\":{\"@id\":\"https:\/\/bulliesteashop.com\/product\/mcvities-ginger-nuts-200g-dated-best-before-27-01-2024\/#primaryimage\"},\"image\":{\"@id\":\"https:\/\/bulliesteashop.com\/product\/mcvities-ginger-nuts-200g-dated-best-before-27-01-2024\/#primaryimage\"},\"thumbnailUrl\":\"https:\/\/bulliesteashop.com\/wp-content\/uploads\/2024\/01\/McVitiesDigestivesGingerNuts200g.jpeg\",\"datePublished\":\"2024-01-04T09:01:41+00:00\",\"dateModified\":\"2025-08-18T11:55:32+00:00\",\"breadcrumb\":{\"@id\":\"https:\/\/bulliesteashop.com\/product\/mcvities-ginger-nuts-200g-dated-best-before-27-01-2024\/#breadcrumb\"},\"inLanguage\":\"fr-BE\",\"potentialAction\":[{\"@type\":\"ReadAction\",\"target\":[\"https:\/\/bulliesteashop.com\/product\/mcvities-ginger-nuts-200g-dated-best-before-27-01-2024\/\"]}]},{\"@type\":\"ImageObject\",\"inLanguage\":\"fr-BE\",\"@id\":\"https:\/\/bulliesteashop.com\/product\/mcvities-ginger-nuts-200g-dated-best-before-27-01-2024\/#primaryimage\",\"url\":\"https:\/\/bulliesteashop.com\/wp-content\/uploads\/2024\/01\/McVitiesDigestivesGingerNuts200g.jpeg\",\"contentUrl\":\"https:\/\/bulliesteashop.com\/wp-content\/uploads\/2024\/01\/McVitiesDigestivesGingerNuts200g.jpeg\",\"width\":1080,\"height\":1080},{\"@type\":\"BreadcrumbList\",\"@id\":\"https:\/\/bulliesteashop.com\/product\/mcvities-ginger-nuts-200g-dated-best-before-27-01-2024\/#breadcrumb\",\"itemListElement\":[{\"@type\":\"ListItem\",\"position\":1,\"name\":\"Home\",\"item\":\"https:\/\/bulliesteashop.com\/\"},{\"@type\":\"ListItem\",\"position\":2,\"name\":\"Shop\",\"item\":\"https:\/\/bulliesteashop.com\/shop\/\"},{\"@type\":\"ListItem\",\"position\":3,\"name\":\"McVities Ginger Nuts 200g\"}]},{\"@type\":\"WebSite\",\"@id\":\"https:\/\/bulliesteashop.com\/#website\",\"url\":\"https:\/\/bulliesteashop.com\/\",\"name\":\"Bullies Tea Shop\",\"description\":\"Online shop for your favourite British and English food and drink products\",\"publisher\":{\"@id\":\"https:\/\/bulliesteashop.com\/#organization\"},\"potentialAction\":[{\"@type\":\"SearchAction\",\"target\":{\"@type\":\"EntryPoint\",\"urlTemplate\":\"https:\/\/bulliesteashop.com\/?s={search_term_string}\"},\"query-input\":{\"@type\":\"PropertyValueSpecification\",\"valueRequired\":true,\"valueName\":\"search_term_string\"}}],\"inLanguage\":\"fr-BE\"},{\"@type\":\"Organization\",\"@id\":\"https:\/\/bulliesteashop.com\/#organization\",\"name\":\"Bullies Tea Shop\",\"url\":\"https:\/\/bulliesteashop.com\/\",\"logo\":{\"@type\":\"ImageObject\",\"inLanguage\":\"fr-BE\",\"@id\":\"https:\/\/bulliesteashop.com\/#\/schema\/logo\/image\/\",\"url\":\"https:\/\/bulliesteashop.com\/wp-content\/uploads\/2023\/07\/bulliesteashop-2.png\",\"contentUrl\":\"https:\/\/bulliesteashop.com\/wp-content\/uploads\/2023\/07\/bulliesteashop-2.png\",\"width\":351,\"height\":337,\"caption\":\"Bullies Tea Shop\"},\"image\":{\"@id\":\"https:\/\/bulliesteashop.com\/#\/schema\/logo\/image\/\"},\"sameAs\":[\"https:\/\/www.facebook.com\/iengelswienkeltje2\/\"]}]}<\/script>\n<!-- \/ Yoast SEO plugin. -->","yoast_head_json":{"title":"McVities Ginger Nuts 200g - Bullies Tea Shop","robots":{"index":"index","follow":"follow","max-snippet":"max-snippet:-1","max-image-preview":"max-image-preview:large","max-video-preview":"max-video-preview:-1"},"canonical":"https:\/\/bulliesteashop.com\/fr\/produit\/mcvities-ginger-nuts-200g-dated-best-before-27-01-2024\/","og_locale":"fr_FR","og_type":"article","og_title":"McVities Ginger Nuts 200g - Bullies Tea Shop","og_description":"Ingredients Flour (Wheat\u00a0Flour, Calcium, Iron, Niacin, Thiamin), Sugar, Vegetable Oil (Palm), Glucose-Fructose Syrup, Molasses, Raising Agents (Sodium Bicarbonate, Disodium Diphosphate), Ground Ginger, Salt, Natural Lemon and Ginger Flavouring   Dietary Information Suitable for Vegetarians","og_url":"https:\/\/bulliesteashop.com\/fr\/produit\/mcvities-ginger-nuts-200g-dated-best-before-27-01-2024\/","og_site_name":"Bullies Tea Shop","article_publisher":"https:\/\/www.facebook.com\/iengelswienkeltje2\/","article_modified_time":"2025-08-18T11:55:32+00:00","og_image":[{"width":1080,"height":1080,"url":"https:\/\/bulliesteashop.com\/wp-content\/uploads\/2024\/01\/McVitiesDigestivesGingerNuts200g.jpeg","type":"image\/jpeg"}],"twitter_card":"summary_large_image","twitter_misc":{"Dur\u00e9e de lecture est.":"1 minute"},"schema":{"@context":"https:\/\/schema.org","@graph":[{"@type":"WebPage","@id":"https:\/\/bulliesteashop.com\/product\/mcvities-ginger-nuts-200g-dated-best-before-27-01-2024\/","url":"https:\/\/bulliesteashop.com\/product\/mcvities-ginger-nuts-200g-dated-best-before-27-01-2024\/","name":"McVities Ginger Nuts 200g - Bullies Tea Shop","isPartOf":{"@id":"https:\/\/bulliesteashop.com\/#website"},"primaryImageOfPage":{"@id":"https:\/\/bulliesteashop.com\/product\/mcvities-ginger-nuts-200g-dated-best-before-27-01-2024\/#primaryimage"},"image":{"@id":"https:\/\/bulliesteashop.com\/product\/mcvities-ginger-nuts-200g-dated-best-before-27-01-2024\/#primaryimage"},"thumbnailUrl":"https:\/\/bulliesteashop.com\/wp-content\/uploads\/2024\/01\/McVitiesDigestivesGingerNuts200g.jpeg","datePublished":"2024-01-04T09:01:41+00:00","dateModified":"2025-08-18T11:55:32+00:00","breadcrumb":{"@id":"https:\/\/bulliesteashop.com\/product\/mcvities-ginger-nuts-200g-dated-best-before-27-01-2024\/#breadcrumb"},"inLanguage":"fr-BE","potentialAction":[{"@type":"ReadAction","target":["https:\/\/bulliesteashop.com\/product\/mcvities-ginger-nuts-200g-dated-best-before-27-01-2024\/"]}]},{"@type":"ImageObject","inLanguage":"fr-BE","@id":"https:\/\/bulliesteashop.com\/product\/mcvities-ginger-nuts-200g-dated-best-before-27-01-2024\/#primaryimage","url":"https:\/\/bulliesteashop.com\/wp-content\/uploads\/2024\/01\/McVitiesDigestivesGingerNuts200g.jpeg","contentUrl":"https:\/\/bulliesteashop.com\/wp-content\/uploads\/2024\/01\/McVitiesDigestivesGingerNuts200g.jpeg","width":1080,"height":1080},{"@type":"BreadcrumbList","@id":"https:\/\/bulliesteashop.com\/product\/mcvities-ginger-nuts-200g-dated-best-before-27-01-2024\/#breadcrumb","itemListElement":[{"@type":"ListItem","position":1,"name":"Home","item":"https:\/\/bulliesteashop.com\/"},{"@type":"ListItem","position":2,"name":"Shop","item":"https:\/\/bulliesteashop.com\/shop\/"},{"@type":"ListItem","position":3,"name":"McVities Ginger Nuts 200g"}]},{"@type":"WebSite","@id":"https:\/\/bulliesteashop.com\/#website","url":"https:\/\/bulliesteashop.com\/","name":"Bullies Tea Shop","description":"Online shop for your favourite British and English food and drink products","publisher":{"@id":"https:\/\/bulliesteashop.com\/#organization"},"potentialAction":[{"@type":"SearchAction","target":{"@type":"EntryPoint","urlTemplate":"https:\/\/bulliesteashop.com\/?s={search_term_string}"},"query-input":{"@type":"PropertyValueSpecification","valueRequired":true,"valueName":"search_term_string"}}],"inLanguage":"fr-BE"},{"@type":"Organization","@id":"https:\/\/bulliesteashop.com\/#organization","name":"Bullies Tea Shop","url":"https:\/\/bulliesteashop.com\/","logo":{"@type":"ImageObject","inLanguage":"fr-BE","@id":"https:\/\/bulliesteashop.com\/#\/schema\/logo\/image\/","url":"https:\/\/bulliesteashop.com\/wp-content\/uploads\/2023\/07\/bulliesteashop-2.png","contentUrl":"https:\/\/bulliesteashop.com\/wp-content\/uploads\/2023\/07\/bulliesteashop-2.png","width":351,"height":337,"caption":"Bullies Tea Shop"},"image":{"@id":"https:\/\/bulliesteashop.com\/#\/schema\/logo\/image\/"},"sameAs":["https:\/\/www.facebook.com\/iengelswienkeltje2\/"]}]}},"_links":{"self":[{"href":"https:\/\/bulliesteashop.com\/fr\/wp-json\/wp\/v2\/product\/17630"}],"collection":[{"href":"https:\/\/bulliesteashop.com\/fr\/wp-json\/wp\/v2\/product"}],"about":[{"href":"https:\/\/bulliesteashop.com\/fr\/wp-json\/wp\/v2\/types\/product"}],"replies":[{"embeddable":true,"href":"https:\/\/bulliesteashop.com\/fr\/wp-json\/wp\/v2\/comments?post=17630"}],"wp:featuredmedia":[{"embeddable":true,"href":"https:\/\/bulliesteashop.com\/fr\/wp-json\/wp\/v2\/media\/17621"}],"wp:attachment":[{"href":"https:\/\/bulliesteashop.com\/fr\/wp-json\/wp\/v2\/media?parent=17630"}],"wp:term":[{"taxonomy":"product_brand","embeddable":true,"href":"https:\/\/bulliesteashop.com\/fr\/wp-json\/wp\/v2\/product_brand?post=17630"},{"taxonomy":"product_cat","embeddable":true,"href":"https:\/\/bulliesteashop.com\/fr\/wp-json\/wp\/v2\/product_cat?post=17630"},{"taxonomy":"product_tag","embeddable":true,"href":"https:\/\/bulliesteashop.com\/fr\/wp-json\/wp\/v2\/product_tag?post=17630"}],"curies":[{"name":"wp","href":"https:\/\/api.w.org\/{rel}","templated":true}]}}