{"id":17629,"date":"2024-01-04T06:55:57","date_gmt":"2024-01-04T06:55:57","guid":{"rendered":"https:\/\/bulliesteashop.com\/?post_type=product&#038;p=17629"},"modified":"2025-11-07T06:17:52","modified_gmt":"2025-11-07T06:17:52","slug":"mcvities-digestives-dark-chocolate-400g","status":"publish","type":"product","link":"https:\/\/bulliesteashop.com\/fr\/produit\/mcvities-digestives-dark-chocolate-400g\/","title":{"rendered":"McVities Digestives Dark Chocolate 400g"},"content":{"rendered":"<div class=\"gn-content bop-info__field\">\n<div class=\"bop-info__content\">\n<p>Biscuits de bl\u00e9 croustillants, dor\u00e9s et cuits \u00e0 point par McVitie's, surmont\u00e9s d'une couche de chocolat noir lisse. Les Chocolate Digestives de McVitie's sont les biscuits pr\u00e9f\u00e9r\u00e9s de la nation.<\/p>\n<p>Profitez d'une petite pause dans le quotidien, les biscuits McVitie's sont trop bons pour ne pas partager.<\/p>\n<p>McVitie&#8217;s biscuits are Too Good Not to Share.<\/p>\n<\/div>\n<\/div>\n<div class=\"gn-content bop-info__field\">\n<div class=\"bop-info__content\">45% Wheat and Wholemeal, No Artificial Colours or Flavours, No Hydrogenated Vegetable Oil, Suitable for Vegetarians<\/div>\n<\/div>\n<p class=\"gn-content\"><span class=\"bop-lifestyleBadge\"><img decoding=\"async\" class=\"bop-badge bop-badge-vegetarian\" src=\"https:\/\/www.ocado.com\/static\/vegetarian-b4dac.svg\" alt=\"Suitable for vegetarians\" \/>Suitable for vegetarians<\/span><\/p>\n<p>&nbsp;<\/p>\n<table>\n<tbody>\n<tr>\n<th>Typical Values<\/th>\n<th>Per 100g<\/th>\n<th>Per Biscuit (16.7g)<\/th>\n<\/tr>\n<tr>\n<td>Energy (kJ)<\/td>\n<td>2077<\/td>\n<td>347<\/td>\n<\/tr>\n<tr>\n<td>(kcal)<\/td>\n<td>496<\/td>\n<td>83<\/td>\n<\/tr>\n<tr>\n<td>Graisse<\/td>\n<td>24.3g<\/td>\n<td>4.1g<\/td>\n<\/tr>\n<tr>\n<td>c'est satur\u00e9<\/td>\n<td>12.9g<\/td>\n<td>2.1g<\/td>\n<\/tr>\n<tr>\n<td>Glucides<\/td>\n<td>61.1g<\/td>\n<td>10.2g<\/td>\n<\/tr>\n<tr>\n<td>dont les sucres<\/td>\n<td>26.6g<\/td>\n<td>4.4g<\/td>\n<\/tr>\n<tr>\n<td>Fibre<\/td>\n<td>4.3g<\/td>\n<td>0.7g<\/td>\n<\/tr>\n<tr>\n<td>Prot\u00e9ine<\/td>\n<td>6.0g<\/td>\n<td>1.0g<\/td>\n<\/tr>\n<tr>\n<td>Sel<\/td>\n<td>0.83g<\/td>\n<td>0.14g<\/td>\n<\/tr>\n<tr>\n<td>Typical number of biscuits per pack: 26<\/td>\n<\/tr>\n<\/tbody>\n<\/table>","protected":false},"excerpt":{"rendered":"<div class=\"gn-content bop-info__field\">\n<h6>Ingr\u00e9dients<\/h6>\n<div class=\"bop-info__content translation-block\">Farine (39%) (farine de <b>bl\u00e9<\/b>\u00a0, calcium, fer, niacine, thiamine), chocolat noir (30%) [sucre, p\u00e2te de cacao, graisses v\u00e9g\u00e9tales (palme, karit\u00e9), huile de beurre (<b>Lait<\/b>), beurre de cacao, \u00e9mulsifiants (l\u00e9cithine de <b>soja<\/b>\u00a0, E476), ar\u00f4me naturel], huile v\u00e9g\u00e9tale (palme), farine compl\u00e8te de <b>bl\u00e9<\/b>\u00a0(9\u00a0%) , sucre, sirop de glucose-fructose, agents levants (bicarbonate de sodium, acide malique, bicarbonate d'ammonium), sel<\/div>\n<\/div>\n<div class=\"gn-content bop-info__field\">\n<h6>Informations sur les allerg\u00e8nes<\/h6>\n<div class=\"bop-info__content\">Contient du lait, Contient du soja, Contient du bl\u00e9<\/div>\n<\/div>\n<div class=\"gn-content bop-info__field\">\n<h6>Informations di\u00e9t\u00e9tiques<\/h6>\n<div class=\"bop-info__content\">Convient aux v\u00e9g\u00e9tariens<\/div>\n<\/div>","protected":false},"featured_media":17612,"comment_status":"open","ping_status":"closed","template":"","meta":[],"product_brand":[],"product_cat":[166,355],"product_tag":[356,357,358,359,82],"class_list":{"0":"post-17629","1":"product","2":"type-product","3":"status-publish","4":"has-post-thumbnail","6":"product_cat-biscuits","7":"product_cat-chocolate-biscuits","8":"product_tag-biscuits","9":"product_tag-chocolate-biscuits","10":"product_tag-mcvities","11":"product_tag-vege","12":"product_tag-vegetarian","14":"first","15":"instock","16":"purchasable","17":"product-type-simple"},"yoast_head":"<!-- This site is optimized with the Yoast SEO plugin v23.4 - https:\/\/yoast.com\/wordpress\/plugins\/seo\/ -->\n<title>McVities Digestives Dark Chocolate 400g - Bullies Tea Shop<\/title>\n<meta name=\"robots\" content=\"index, follow, max-snippet:-1, max-image-preview:large, max-video-preview:-1\" \/>\n<link rel=\"canonical\" href=\"https:\/\/bulliesteashop.com\/fr\/produit\/mcvities-digestives-dark-chocolate-400g\/\" \/>\n<meta property=\"og:locale\" content=\"fr_FR\" \/>\n<meta property=\"og:type\" content=\"article\" \/>\n<meta property=\"og:title\" content=\"McVities Digestives Dark Chocolate 400g - Bullies Tea Shop\" \/>\n<meta property=\"og:description\" content=\"Ingredients Flour (39%) (Wheat\u00a0Flour, Calcium, Iron, Niacin, Thiamin), Dark Chocolate (30%) [Sugar, Cocoa Mass, Vegetable Fats (Palm, Shea), Butter Oil (Milk), Cocoa Butter, Emulsifiers (Soya\u00a0Lecithin, E476), Natural Flavouring], Vegetable Oil (Palm), Wholemeal\u00a0Wheat\u00a0Flour (9%), Sugar, Glucose-Fructose Syrup, Raising Agents (Sodium Bicarbonate, Malic Acid, Ammonium Bicarbonate), Salt   Allergen Information Contains Milk, Contains Soya, Contains Wheat   Dietary Information Suitable for Vegetarians\" \/>\n<meta property=\"og:url\" content=\"https:\/\/bulliesteashop.com\/fr\/produit\/mcvities-digestives-dark-chocolate-400g\/\" \/>\n<meta property=\"og:site_name\" content=\"Bullies Tea Shop\" \/>\n<meta property=\"article:publisher\" content=\"https:\/\/www.facebook.com\/iengelswienkeltje2\/\" \/>\n<meta property=\"article:modified_time\" content=\"2025-11-07T06:17:52+00:00\" \/>\n<meta property=\"og:image\" content=\"https:\/\/bulliesteashop.com\/wp-content\/uploads\/2024\/01\/McVitiesDigestivesDarkChocolate400g.jpeg\" \/>\n\t<meta property=\"og:image:width\" content=\"1080\" \/>\n\t<meta property=\"og:image:height\" content=\"1080\" \/>\n\t<meta property=\"og:image:type\" content=\"image\/jpeg\" \/>\n<meta name=\"twitter:card\" content=\"summary_large_image\" \/>\n<meta name=\"twitter:label1\" content=\"Dur\u00e9e de lecture est.\" \/>\n\t<meta name=\"twitter:data1\" content=\"1 minute\" \/>\n<script type=\"application\/ld+json\" class=\"yoast-schema-graph\">{\"@context\":\"https:\/\/schema.org\",\"@graph\":[{\"@type\":\"WebPage\",\"@id\":\"https:\/\/bulliesteashop.com\/product\/mcvities-digestives-dark-chocolate-400g\/\",\"url\":\"https:\/\/bulliesteashop.com\/product\/mcvities-digestives-dark-chocolate-400g\/\",\"name\":\"McVities Digestives Dark Chocolate 400g - Bullies Tea Shop\",\"isPartOf\":{\"@id\":\"https:\/\/bulliesteashop.com\/#website\"},\"primaryImageOfPage\":{\"@id\":\"https:\/\/bulliesteashop.com\/product\/mcvities-digestives-dark-chocolate-400g\/#primaryimage\"},\"image\":{\"@id\":\"https:\/\/bulliesteashop.com\/product\/mcvities-digestives-dark-chocolate-400g\/#primaryimage\"},\"thumbnailUrl\":\"https:\/\/bulliesteashop.com\/wp-content\/uploads\/2024\/01\/McVitiesDigestivesDarkChocolate400g.jpeg\",\"datePublished\":\"2024-01-04T06:55:57+00:00\",\"dateModified\":\"2025-11-07T06:17:52+00:00\",\"breadcrumb\":{\"@id\":\"https:\/\/bulliesteashop.com\/product\/mcvities-digestives-dark-chocolate-400g\/#breadcrumb\"},\"inLanguage\":\"fr-BE\",\"potentialAction\":[{\"@type\":\"ReadAction\",\"target\":[\"https:\/\/bulliesteashop.com\/product\/mcvities-digestives-dark-chocolate-400g\/\"]}]},{\"@type\":\"ImageObject\",\"inLanguage\":\"fr-BE\",\"@id\":\"https:\/\/bulliesteashop.com\/product\/mcvities-digestives-dark-chocolate-400g\/#primaryimage\",\"url\":\"https:\/\/bulliesteashop.com\/wp-content\/uploads\/2024\/01\/McVitiesDigestivesDarkChocolate400g.jpeg\",\"contentUrl\":\"https:\/\/bulliesteashop.com\/wp-content\/uploads\/2024\/01\/McVitiesDigestivesDarkChocolate400g.jpeg\",\"width\":1080,\"height\":1080},{\"@type\":\"BreadcrumbList\",\"@id\":\"https:\/\/bulliesteashop.com\/product\/mcvities-digestives-dark-chocolate-400g\/#breadcrumb\",\"itemListElement\":[{\"@type\":\"ListItem\",\"position\":1,\"name\":\"Home\",\"item\":\"https:\/\/bulliesteashop.com\/\"},{\"@type\":\"ListItem\",\"position\":2,\"name\":\"Shop\",\"item\":\"https:\/\/bulliesteashop.com\/shop\/\"},{\"@type\":\"ListItem\",\"position\":3,\"name\":\"McVities Digestives Dark Chocolate 400g\"}]},{\"@type\":\"WebSite\",\"@id\":\"https:\/\/bulliesteashop.com\/#website\",\"url\":\"https:\/\/bulliesteashop.com\/\",\"name\":\"Bullies Tea Shop\",\"description\":\"Online shop for your favourite British and English food and drink products\",\"publisher\":{\"@id\":\"https:\/\/bulliesteashop.com\/#organization\"},\"potentialAction\":[{\"@type\":\"SearchAction\",\"target\":{\"@type\":\"EntryPoint\",\"urlTemplate\":\"https:\/\/bulliesteashop.com\/?s={search_term_string}\"},\"query-input\":{\"@type\":\"PropertyValueSpecification\",\"valueRequired\":true,\"valueName\":\"search_term_string\"}}],\"inLanguage\":\"fr-BE\"},{\"@type\":\"Organization\",\"@id\":\"https:\/\/bulliesteashop.com\/#organization\",\"name\":\"Bullies Tea Shop\",\"url\":\"https:\/\/bulliesteashop.com\/\",\"logo\":{\"@type\":\"ImageObject\",\"inLanguage\":\"fr-BE\",\"@id\":\"https:\/\/bulliesteashop.com\/#\/schema\/logo\/image\/\",\"url\":\"https:\/\/bulliesteashop.com\/wp-content\/uploads\/2023\/07\/bulliesteashop-2.png\",\"contentUrl\":\"https:\/\/bulliesteashop.com\/wp-content\/uploads\/2023\/07\/bulliesteashop-2.png\",\"width\":351,\"height\":337,\"caption\":\"Bullies Tea Shop\"},\"image\":{\"@id\":\"https:\/\/bulliesteashop.com\/#\/schema\/logo\/image\/\"},\"sameAs\":[\"https:\/\/www.facebook.com\/iengelswienkeltje2\/\"]}]}<\/script>\n<!-- \/ Yoast SEO plugin. -->","yoast_head_json":{"title":"McVities Digestives Dark Chocolate 400g - Bullies Tea Shop","robots":{"index":"index","follow":"follow","max-snippet":"max-snippet:-1","max-image-preview":"max-image-preview:large","max-video-preview":"max-video-preview:-1"},"canonical":"https:\/\/bulliesteashop.com\/fr\/produit\/mcvities-digestives-dark-chocolate-400g\/","og_locale":"fr_FR","og_type":"article","og_title":"McVities Digestives Dark Chocolate 400g - Bullies Tea Shop","og_description":"Ingredients Flour (39%) (Wheat\u00a0Flour, Calcium, Iron, Niacin, Thiamin), Dark Chocolate (30%) [Sugar, Cocoa Mass, Vegetable Fats (Palm, Shea), Butter Oil (Milk), Cocoa Butter, Emulsifiers (Soya\u00a0Lecithin, E476), Natural Flavouring], Vegetable Oil (Palm), Wholemeal\u00a0Wheat\u00a0Flour (9%), Sugar, Glucose-Fructose Syrup, Raising Agents (Sodium Bicarbonate, Malic Acid, Ammonium Bicarbonate), Salt   Allergen Information Contains Milk, Contains Soya, Contains Wheat   Dietary Information Suitable for Vegetarians","og_url":"https:\/\/bulliesteashop.com\/fr\/produit\/mcvities-digestives-dark-chocolate-400g\/","og_site_name":"Bullies Tea Shop","article_publisher":"https:\/\/www.facebook.com\/iengelswienkeltje2\/","article_modified_time":"2025-11-07T06:17:52+00:00","og_image":[{"width":1080,"height":1080,"url":"https:\/\/bulliesteashop.com\/wp-content\/uploads\/2024\/01\/McVitiesDigestivesDarkChocolate400g.jpeg","type":"image\/jpeg"}],"twitter_card":"summary_large_image","twitter_misc":{"Dur\u00e9e de lecture est.":"1 minute"},"schema":{"@context":"https:\/\/schema.org","@graph":[{"@type":"WebPage","@id":"https:\/\/bulliesteashop.com\/product\/mcvities-digestives-dark-chocolate-400g\/","url":"https:\/\/bulliesteashop.com\/product\/mcvities-digestives-dark-chocolate-400g\/","name":"McVities Digestives Dark Chocolate 400g - Bullies Tea Shop","isPartOf":{"@id":"https:\/\/bulliesteashop.com\/#website"},"primaryImageOfPage":{"@id":"https:\/\/bulliesteashop.com\/product\/mcvities-digestives-dark-chocolate-400g\/#primaryimage"},"image":{"@id":"https:\/\/bulliesteashop.com\/product\/mcvities-digestives-dark-chocolate-400g\/#primaryimage"},"thumbnailUrl":"https:\/\/bulliesteashop.com\/wp-content\/uploads\/2024\/01\/McVitiesDigestivesDarkChocolate400g.jpeg","datePublished":"2024-01-04T06:55:57+00:00","dateModified":"2025-11-07T06:17:52+00:00","breadcrumb":{"@id":"https:\/\/bulliesteashop.com\/product\/mcvities-digestives-dark-chocolate-400g\/#breadcrumb"},"inLanguage":"fr-BE","potentialAction":[{"@type":"ReadAction","target":["https:\/\/bulliesteashop.com\/product\/mcvities-digestives-dark-chocolate-400g\/"]}]},{"@type":"ImageObject","inLanguage":"fr-BE","@id":"https:\/\/bulliesteashop.com\/product\/mcvities-digestives-dark-chocolate-400g\/#primaryimage","url":"https:\/\/bulliesteashop.com\/wp-content\/uploads\/2024\/01\/McVitiesDigestivesDarkChocolate400g.jpeg","contentUrl":"https:\/\/bulliesteashop.com\/wp-content\/uploads\/2024\/01\/McVitiesDigestivesDarkChocolate400g.jpeg","width":1080,"height":1080},{"@type":"BreadcrumbList","@id":"https:\/\/bulliesteashop.com\/product\/mcvities-digestives-dark-chocolate-400g\/#breadcrumb","itemListElement":[{"@type":"ListItem","position":1,"name":"Home","item":"https:\/\/bulliesteashop.com\/"},{"@type":"ListItem","position":2,"name":"Shop","item":"https:\/\/bulliesteashop.com\/shop\/"},{"@type":"ListItem","position":3,"name":"McVities Digestives Dark Chocolate 400g"}]},{"@type":"WebSite","@id":"https:\/\/bulliesteashop.com\/#website","url":"https:\/\/bulliesteashop.com\/","name":"Bullies Tea Shop","description":"Online shop for your favourite British and English food and drink products","publisher":{"@id":"https:\/\/bulliesteashop.com\/#organization"},"potentialAction":[{"@type":"SearchAction","target":{"@type":"EntryPoint","urlTemplate":"https:\/\/bulliesteashop.com\/?s={search_term_string}"},"query-input":{"@type":"PropertyValueSpecification","valueRequired":true,"valueName":"search_term_string"}}],"inLanguage":"fr-BE"},{"@type":"Organization","@id":"https:\/\/bulliesteashop.com\/#organization","name":"Bullies Tea Shop","url":"https:\/\/bulliesteashop.com\/","logo":{"@type":"ImageObject","inLanguage":"fr-BE","@id":"https:\/\/bulliesteashop.com\/#\/schema\/logo\/image\/","url":"https:\/\/bulliesteashop.com\/wp-content\/uploads\/2023\/07\/bulliesteashop-2.png","contentUrl":"https:\/\/bulliesteashop.com\/wp-content\/uploads\/2023\/07\/bulliesteashop-2.png","width":351,"height":337,"caption":"Bullies Tea Shop"},"image":{"@id":"https:\/\/bulliesteashop.com\/#\/schema\/logo\/image\/"},"sameAs":["https:\/\/www.facebook.com\/iengelswienkeltje2\/"]}]}},"_links":{"self":[{"href":"https:\/\/bulliesteashop.com\/fr\/wp-json\/wp\/v2\/product\/17629"}],"collection":[{"href":"https:\/\/bulliesteashop.com\/fr\/wp-json\/wp\/v2\/product"}],"about":[{"href":"https:\/\/bulliesteashop.com\/fr\/wp-json\/wp\/v2\/types\/product"}],"replies":[{"embeddable":true,"href":"https:\/\/bulliesteashop.com\/fr\/wp-json\/wp\/v2\/comments?post=17629"}],"wp:featuredmedia":[{"embeddable":true,"href":"https:\/\/bulliesteashop.com\/fr\/wp-json\/wp\/v2\/media\/17612"}],"wp:attachment":[{"href":"https:\/\/bulliesteashop.com\/fr\/wp-json\/wp\/v2\/media?parent=17629"}],"wp:term":[{"taxonomy":"product_brand","embeddable":true,"href":"https:\/\/bulliesteashop.com\/fr\/wp-json\/wp\/v2\/product_brand?post=17629"},{"taxonomy":"product_cat","embeddable":true,"href":"https:\/\/bulliesteashop.com\/fr\/wp-json\/wp\/v2\/product_cat?post=17629"},{"taxonomy":"product_tag","embeddable":true,"href":"https:\/\/bulliesteashop.com\/fr\/wp-json\/wp\/v2\/product_tag?post=17629"}],"curies":[{"name":"wp","href":"https:\/\/api.w.org\/{rel}","templated":true}]}}