{"id":17488,"date":"2023-11-27T10:25:55","date_gmt":"2023-11-27T10:25:55","guid":{"rendered":"https:\/\/bulliesteashop.com\/?post_type=product&#038;p=17488"},"modified":"2025-12-24T06:09:45","modified_gmt":"2025-12-24T06:09:45","slug":"mr-kipling-6-deep-filled-mince-pies","status":"publish","type":"product","link":"https:\/\/bulliesteashop.com\/fr\/produit\/mr-kipling-6-deep-filled-mince-pies\/","title":{"rendered":"Mr Kipling 6 Deep Filled Mince Pies"},"content":{"rendered":"<p>Fonds de p\u00e2te enrichie de beurre avec une garniture de viande hach\u00e9e, cuits avec une pinc\u00e9e de sucre. Un classique absolu de No\u00ebl.<\/p>\n<h3>Valeurs Nutritionnelles<\/h3>\n<p>Pour 100g : 1627kJ\/387kcal, Lipides 13,6g, dont satur\u00e9s 5,4g, Glucides 61,6g, dont sucres 30,9g, Prot\u00e9ines 3,5g, Sel 0,30g<\/p>","protected":false},"excerpt":{"rendered":"<p><strong>Ingr\u00e9dients<\/strong>:<\/p>\n<p>Garniture de viande hach\u00e9e (sucre, pur\u00e9e de pommes Bramley, raisins secs, sirop de glucose, garniture d'abricots (sirop de glucose-fructose, pur\u00e9e d'abricots, sucre, g\u00e9lifiant (pectine), acide (acide citrique), conservateur (sorbate de potassium), r\u00e9gulateur d'acidit\u00e9 ( Acide citrique), conservateur (DIOXYDE DE SOUFRE)), huiles v\u00e9g\u00e9tales (palme, colza), m\u00e9lasse noire, amidon de ma\u00efs, m\u00e9lange d'\u00e9pices moulues (cassia, coriandre, carvi, clous de girofle, gingembre, muscade), extrait de malt d'ORGE torr\u00e9fi\u00e9, acide (ac\u00e9tique acide), ar\u00f4me, conservateurs (sorbate de potassium, m\u00e9tabisulfite de sodium (SULFITES), DIOXYDE DE SULPHE)), farine de BL\u00c9 (avec ajout de calcium, fer, niacine, thiamine), huiles v\u00e9g\u00e9tales (palme, colza), sirop de glucose, beurre non sal\u00e9 (LAIT), sucre, sel, agents levants (diphosphate disodique, bicarbonate de sodium).<\/p>","protected":false},"featured_media":17489,"comment_status":"closed","ping_status":"closed","template":"","meta":[],"product_brand":[],"product_cat":[304],"product_tag":[],"class_list":{"0":"post-17488","1":"product","2":"type-product","3":"status-publish","4":"has-post-thumbnail","6":"product_cat-christmas","7":"pa_allergy-contains-barley","8":"pa_allergy-contains-milk","9":"pa_allergy-contains-sulphur-dioxide","10":"pa_allergy-contains-wheat","12":"first","13":"outofstock","14":"purchasable","15":"product-type-simple"},"yoast_head":"<!-- This site is optimized with the Yoast SEO plugin v23.4 - https:\/\/yoast.com\/wordpress\/plugins\/seo\/ -->\n<title>Mr Kipling 6 Deep Filled Mince Pies - Bullies Tea Shop<\/title>\n<meta name=\"robots\" content=\"index, follow, max-snippet:-1, max-image-preview:large, max-video-preview:-1\" \/>\n<link rel=\"canonical\" href=\"https:\/\/bulliesteashop.com\/fr\/produit\/mr-kipling-6-deep-filled-mince-pies\/\" \/>\n<meta property=\"og:locale\" content=\"fr_FR\" \/>\n<meta property=\"og:type\" content=\"article\" \/>\n<meta property=\"og:title\" content=\"Mr Kipling 6 Deep Filled Mince Pies - Bullies Tea Shop\" \/>\n<meta property=\"og:description\" content=\"Ingredients:  Mincemeat Filling (Sugar, Bramley Apple Pur\u00e9e, Sultanas, Raisins, Glucose Syrup, Apricot Filling (Glucose-Fructose Syrup, Apricot Pur\u00e9e, Sugar, Gelling Agent (Pectin), Acid (Citric Acid), Preservative (Potassium Sorbate), Acidity Regulator (Citric Acid), Preservative (SULPHUR DIOXIDE)), Vegetable Oils (Palm, Rapeseed), Black Treacle, Maize Starch, Ground Mixed Spice (Cassia, Coriander, Caraway, Cloves, Ginger, Nutmeg), Roasted BARLEY Malt Extract, Acid (Acetic Acid), Flavouring, Preservatives (Potassium Sorbate, Sodium Metabisulphite (SULPHITES), SULPHOR DIOXIDE)), WHEAT Flour (with added Calcium, Iron, Niacin, Thiamin), Vegetable Oils (Palm, Rapeseed), Glucose Syrup, Unsalted Butter (MILK), Sugar, Salt, Raising Agents (Disodium Diphospahte, Sodium Bicarbonate).\" \/>\n<meta property=\"og:url\" content=\"https:\/\/bulliesteashop.com\/fr\/produit\/mr-kipling-6-deep-filled-mince-pies\/\" \/>\n<meta property=\"og:site_name\" content=\"Bullies Tea Shop\" \/>\n<meta property=\"article:publisher\" content=\"https:\/\/www.facebook.com\/iengelswienkeltje2\/\" \/>\n<meta property=\"article:modified_time\" content=\"2025-12-24T06:09:45+00:00\" \/>\n<meta property=\"og:image\" content=\"https:\/\/bulliesteashop.com\/wp-content\/uploads\/2023\/11\/Kipling-Deep-Filled_Mince_pies_1.jpg\" \/>\n\t<meta property=\"og:image:width\" content=\"1077\" \/>\n\t<meta property=\"og:image:height\" content=\"764\" \/>\n\t<meta property=\"og:image:type\" content=\"image\/jpeg\" \/>\n<meta name=\"twitter:card\" content=\"summary_large_image\" \/>\n<meta name=\"twitter:label1\" content=\"Dur\u00e9e de lecture est.\" \/>\n\t<meta name=\"twitter:data1\" content=\"1 minute\" \/>\n<script type=\"application\/ld+json\" class=\"yoast-schema-graph\">{\"@context\":\"https:\/\/schema.org\",\"@graph\":[{\"@type\":\"WebPage\",\"@id\":\"https:\/\/bulliesteashop.com\/product\/mr-kipling-6-deep-filled-mince-pies\/\",\"url\":\"https:\/\/bulliesteashop.com\/product\/mr-kipling-6-deep-filled-mince-pies\/\",\"name\":\"Mr Kipling 6 Deep Filled Mince Pies - Bullies Tea Shop\",\"isPartOf\":{\"@id\":\"https:\/\/bulliesteashop.com\/#website\"},\"primaryImageOfPage\":{\"@id\":\"https:\/\/bulliesteashop.com\/product\/mr-kipling-6-deep-filled-mince-pies\/#primaryimage\"},\"image\":{\"@id\":\"https:\/\/bulliesteashop.com\/product\/mr-kipling-6-deep-filled-mince-pies\/#primaryimage\"},\"thumbnailUrl\":\"https:\/\/bulliesteashop.com\/wp-content\/uploads\/2023\/11\/Kipling-Deep-Filled_Mince_pies_1.jpg\",\"datePublished\":\"2023-11-27T10:25:55+00:00\",\"dateModified\":\"2025-12-24T06:09:45+00:00\",\"breadcrumb\":{\"@id\":\"https:\/\/bulliesteashop.com\/product\/mr-kipling-6-deep-filled-mince-pies\/#breadcrumb\"},\"inLanguage\":\"fr-BE\",\"potentialAction\":[{\"@type\":\"ReadAction\",\"target\":[\"https:\/\/bulliesteashop.com\/product\/mr-kipling-6-deep-filled-mince-pies\/\"]}]},{\"@type\":\"ImageObject\",\"inLanguage\":\"fr-BE\",\"@id\":\"https:\/\/bulliesteashop.com\/product\/mr-kipling-6-deep-filled-mince-pies\/#primaryimage\",\"url\":\"https:\/\/bulliesteashop.com\/wp-content\/uploads\/2023\/11\/Kipling-Deep-Filled_Mince_pies_1.jpg\",\"contentUrl\":\"https:\/\/bulliesteashop.com\/wp-content\/uploads\/2023\/11\/Kipling-Deep-Filled_Mince_pies_1.jpg\",\"width\":1077,\"height\":764},{\"@type\":\"BreadcrumbList\",\"@id\":\"https:\/\/bulliesteashop.com\/product\/mr-kipling-6-deep-filled-mince-pies\/#breadcrumb\",\"itemListElement\":[{\"@type\":\"ListItem\",\"position\":1,\"name\":\"Home\",\"item\":\"https:\/\/bulliesteashop.com\/\"},{\"@type\":\"ListItem\",\"position\":2,\"name\":\"Shop\",\"item\":\"https:\/\/bulliesteashop.com\/shop\/\"},{\"@type\":\"ListItem\",\"position\":3,\"name\":\"Mr Kipling 6 Deep Filled Mince Pies\"}]},{\"@type\":\"WebSite\",\"@id\":\"https:\/\/bulliesteashop.com\/#website\",\"url\":\"https:\/\/bulliesteashop.com\/\",\"name\":\"Bullies Tea Shop\",\"description\":\"Online shop for your favourite British and English food and drink products\",\"publisher\":{\"@id\":\"https:\/\/bulliesteashop.com\/#organization\"},\"potentialAction\":[{\"@type\":\"SearchAction\",\"target\":{\"@type\":\"EntryPoint\",\"urlTemplate\":\"https:\/\/bulliesteashop.com\/?s={search_term_string}\"},\"query-input\":{\"@type\":\"PropertyValueSpecification\",\"valueRequired\":true,\"valueName\":\"search_term_string\"}}],\"inLanguage\":\"fr-BE\"},{\"@type\":\"Organization\",\"@id\":\"https:\/\/bulliesteashop.com\/#organization\",\"name\":\"Bullies Tea Shop\",\"url\":\"https:\/\/bulliesteashop.com\/\",\"logo\":{\"@type\":\"ImageObject\",\"inLanguage\":\"fr-BE\",\"@id\":\"https:\/\/bulliesteashop.com\/#\/schema\/logo\/image\/\",\"url\":\"https:\/\/bulliesteashop.com\/wp-content\/uploads\/2023\/07\/bulliesteashop-2.png\",\"contentUrl\":\"https:\/\/bulliesteashop.com\/wp-content\/uploads\/2023\/07\/bulliesteashop-2.png\",\"width\":351,\"height\":337,\"caption\":\"Bullies Tea Shop\"},\"image\":{\"@id\":\"https:\/\/bulliesteashop.com\/#\/schema\/logo\/image\/\"},\"sameAs\":[\"https:\/\/www.facebook.com\/iengelswienkeltje2\/\"]}]}<\/script>\n<!-- \/ Yoast SEO plugin. -->","yoast_head_json":{"title":"Mr Kipling 6 Deep Filled Mince Pies - Bullies Tea Shop","robots":{"index":"index","follow":"follow","max-snippet":"max-snippet:-1","max-image-preview":"max-image-preview:large","max-video-preview":"max-video-preview:-1"},"canonical":"https:\/\/bulliesteashop.com\/fr\/produit\/mr-kipling-6-deep-filled-mince-pies\/","og_locale":"fr_FR","og_type":"article","og_title":"Mr Kipling 6 Deep Filled Mince Pies - Bullies Tea Shop","og_description":"Ingredients:  Mincemeat Filling (Sugar, Bramley Apple Pur\u00e9e, Sultanas, Raisins, Glucose Syrup, Apricot Filling (Glucose-Fructose Syrup, Apricot Pur\u00e9e, Sugar, Gelling Agent (Pectin), Acid (Citric Acid), Preservative (Potassium Sorbate), Acidity Regulator (Citric Acid), Preservative (SULPHUR DIOXIDE)), Vegetable Oils (Palm, Rapeseed), Black Treacle, Maize Starch, Ground Mixed Spice (Cassia, Coriander, Caraway, Cloves, Ginger, Nutmeg), Roasted BARLEY Malt Extract, Acid (Acetic Acid), Flavouring, Preservatives (Potassium Sorbate, Sodium Metabisulphite (SULPHITES), SULPHOR DIOXIDE)), WHEAT Flour (with added Calcium, Iron, Niacin, Thiamin), Vegetable Oils (Palm, Rapeseed), Glucose Syrup, Unsalted Butter (MILK), Sugar, Salt, Raising Agents (Disodium Diphospahte, Sodium Bicarbonate).","og_url":"https:\/\/bulliesteashop.com\/fr\/produit\/mr-kipling-6-deep-filled-mince-pies\/","og_site_name":"Bullies Tea Shop","article_publisher":"https:\/\/www.facebook.com\/iengelswienkeltje2\/","article_modified_time":"2025-12-24T06:09:45+00:00","og_image":[{"width":1077,"height":764,"url":"https:\/\/bulliesteashop.com\/wp-content\/uploads\/2023\/11\/Kipling-Deep-Filled_Mince_pies_1.jpg","type":"image\/jpeg"}],"twitter_card":"summary_large_image","twitter_misc":{"Dur\u00e9e de lecture est.":"1 minute"},"schema":{"@context":"https:\/\/schema.org","@graph":[{"@type":"WebPage","@id":"https:\/\/bulliesteashop.com\/product\/mr-kipling-6-deep-filled-mince-pies\/","url":"https:\/\/bulliesteashop.com\/product\/mr-kipling-6-deep-filled-mince-pies\/","name":"Mr Kipling 6 Deep Filled Mince Pies - Bullies Tea Shop","isPartOf":{"@id":"https:\/\/bulliesteashop.com\/#website"},"primaryImageOfPage":{"@id":"https:\/\/bulliesteashop.com\/product\/mr-kipling-6-deep-filled-mince-pies\/#primaryimage"},"image":{"@id":"https:\/\/bulliesteashop.com\/product\/mr-kipling-6-deep-filled-mince-pies\/#primaryimage"},"thumbnailUrl":"https:\/\/bulliesteashop.com\/wp-content\/uploads\/2023\/11\/Kipling-Deep-Filled_Mince_pies_1.jpg","datePublished":"2023-11-27T10:25:55+00:00","dateModified":"2025-12-24T06:09:45+00:00","breadcrumb":{"@id":"https:\/\/bulliesteashop.com\/product\/mr-kipling-6-deep-filled-mince-pies\/#breadcrumb"},"inLanguage":"fr-BE","potentialAction":[{"@type":"ReadAction","target":["https:\/\/bulliesteashop.com\/product\/mr-kipling-6-deep-filled-mince-pies\/"]}]},{"@type":"ImageObject","inLanguage":"fr-BE","@id":"https:\/\/bulliesteashop.com\/product\/mr-kipling-6-deep-filled-mince-pies\/#primaryimage","url":"https:\/\/bulliesteashop.com\/wp-content\/uploads\/2023\/11\/Kipling-Deep-Filled_Mince_pies_1.jpg","contentUrl":"https:\/\/bulliesteashop.com\/wp-content\/uploads\/2023\/11\/Kipling-Deep-Filled_Mince_pies_1.jpg","width":1077,"height":764},{"@type":"BreadcrumbList","@id":"https:\/\/bulliesteashop.com\/product\/mr-kipling-6-deep-filled-mince-pies\/#breadcrumb","itemListElement":[{"@type":"ListItem","position":1,"name":"Home","item":"https:\/\/bulliesteashop.com\/"},{"@type":"ListItem","position":2,"name":"Shop","item":"https:\/\/bulliesteashop.com\/shop\/"},{"@type":"ListItem","position":3,"name":"Mr Kipling 6 Deep Filled Mince Pies"}]},{"@type":"WebSite","@id":"https:\/\/bulliesteashop.com\/#website","url":"https:\/\/bulliesteashop.com\/","name":"Bullies Tea Shop","description":"Online shop for your favourite British and English food and drink products","publisher":{"@id":"https:\/\/bulliesteashop.com\/#organization"},"potentialAction":[{"@type":"SearchAction","target":{"@type":"EntryPoint","urlTemplate":"https:\/\/bulliesteashop.com\/?s={search_term_string}"},"query-input":{"@type":"PropertyValueSpecification","valueRequired":true,"valueName":"search_term_string"}}],"inLanguage":"fr-BE"},{"@type":"Organization","@id":"https:\/\/bulliesteashop.com\/#organization","name":"Bullies Tea Shop","url":"https:\/\/bulliesteashop.com\/","logo":{"@type":"ImageObject","inLanguage":"fr-BE","@id":"https:\/\/bulliesteashop.com\/#\/schema\/logo\/image\/","url":"https:\/\/bulliesteashop.com\/wp-content\/uploads\/2023\/07\/bulliesteashop-2.png","contentUrl":"https:\/\/bulliesteashop.com\/wp-content\/uploads\/2023\/07\/bulliesteashop-2.png","width":351,"height":337,"caption":"Bullies Tea Shop"},"image":{"@id":"https:\/\/bulliesteashop.com\/#\/schema\/logo\/image\/"},"sameAs":["https:\/\/www.facebook.com\/iengelswienkeltje2\/"]}]}},"_links":{"self":[{"href":"https:\/\/bulliesteashop.com\/fr\/wp-json\/wp\/v2\/product\/17488"}],"collection":[{"href":"https:\/\/bulliesteashop.com\/fr\/wp-json\/wp\/v2\/product"}],"about":[{"href":"https:\/\/bulliesteashop.com\/fr\/wp-json\/wp\/v2\/types\/product"}],"replies":[{"embeddable":true,"href":"https:\/\/bulliesteashop.com\/fr\/wp-json\/wp\/v2\/comments?post=17488"}],"wp:featuredmedia":[{"embeddable":true,"href":"https:\/\/bulliesteashop.com\/fr\/wp-json\/wp\/v2\/media\/17489"}],"wp:attachment":[{"href":"https:\/\/bulliesteashop.com\/fr\/wp-json\/wp\/v2\/media?parent=17488"}],"wp:term":[{"taxonomy":"product_brand","embeddable":true,"href":"https:\/\/bulliesteashop.com\/fr\/wp-json\/wp\/v2\/product_brand?post=17488"},{"taxonomy":"product_cat","embeddable":true,"href":"https:\/\/bulliesteashop.com\/fr\/wp-json\/wp\/v2\/product_cat?post=17488"},{"taxonomy":"product_tag","embeddable":true,"href":"https:\/\/bulliesteashop.com\/fr\/wp-json\/wp\/v2\/product_tag?post=17488"}],"curies":[{"name":"wp","href":"https:\/\/api.w.org\/{rel}","templated":true}]}}