{"id":17434,"date":"2023-11-22T11:23:02","date_gmt":"2023-11-22T11:23:02","guid":{"rendered":"https:\/\/bulliesteashop.com\/?post_type=product&#038;p=17434"},"modified":"2026-03-24T22:32:14","modified_gmt":"2026-03-24T22:32:14","slug":"scones-afternoon-tea-by-regents-park","status":"publish","type":"product","link":"https:\/\/bulliesteashop.com\/fr\/produit\/scones-afternoon-tea-by-regents-park\/","title":{"rendered":"Scones Afternoon Tea 240g by Regent&#8217;s Park"},"content":{"rendered":"<h1>Scones Afternoon Tea by Regent&#8217;s Park Ingredients:<\/h1>\n<p>Farine de BL\u00c9 51% (farine de BL\u00c9, carbonate de calcium, fer, niacine, thiamine), sucre, huiles v\u00e9g\u00e9tales (coco, karit\u00e9), eau, humectant : glyc\u00e9rine, LAIT en poudre, poudres \u00e0 lever : E450 et E500, jus de raisin concentr\u00e9, amidon de riz , OEUF, sel.<\/p>\n<h2>Scones Afternoon Tea by Regent&#8217;s Park Nutritional Values:<\/h2>\n<p>Pour 100 g\u00a0: 1549 kJ\/368 kcal, Lipides 10 g, dont satur\u00e9s 6,3 g, Glucides 59 g, dont sucres 17 g, Fibres 1,6 g, Prot\u00e9ines 8,0 g, Sel 1,0 g<\/p>\n<h3>Which jam for my scones?<\/h3>\n<p>Some will tell you that it has to be red fruit. That is not true, we enjoy our scones with other jams as well. And why not try some delicious lemon curd. Some even have their scones with marmalade. Click on the following links for some great suggestions of <a href=\"https:\/\/www.tiptree.com\/\">Tiptree<\/a> products:<\/p>\n<ul>\n<li>\n<h3 class=\"wd-entities-title\"><a href=\"https:\/\/bulliesteashop.com\/fr\/produit\/wild-blueberry-2\/\">Wild Blueberry<\/a><\/h3>\n<\/li>\n<li>\n<h3 class=\"wd-entities-title\"><a href=\"https:\/\/bulliesteashop.com\/fr\/produit\/morello-cherry-2\/\">Morello cherry<\/a><\/h3>\n<\/li>\n<li>\n<h3 class=\"wd-entities-title\"><a href=\"https:\/\/bulliesteashop.com\/fr\/produit\/old-times-orange-marmalade-fine-cut-2\/\">Old Times Orange Marmalade fine cut<\/a><\/h3>\n<\/li>\n<li>\n<h3 class=\"wd-entities-title\"><a href=\"https:\/\/bulliesteashop.com\/fr\/produit\/green-fig-2\/\">Green Fig<\/a><\/h3>\n<\/li>\n<li>\n<h3 class=\"wd-entities-title\"><a href=\"https:\/\/bulliesteashop.com\/fr\/produit\/east-england-strawberry-340g-2\/\">Est de l&#039;Angleterre, de la Fraise 340g<\/a><\/h3>\n<\/li>\n<li>\n<h3 class=\"wd-entities-title\"><a href=\"https:\/\/bulliesteashop.com\/fr\/produit\/black-cherry-340g-2\/\">Black Cherry 340g<\/a><\/h3>\n<\/li>\n<li>\n<h3 class=\"wd-entities-title\"><a href=\"https:\/\/bulliesteashop.com\/fr\/produit\/black-currant-conserve-2\/\">Black Currant Conserve<\/a><\/h3>\n<\/li>\n<li>\n<h3 class=\"wd-entities-title\"><a href=\"https:\/\/bulliesteashop.com\/fr\/produit\/strawberry-340g-2\/\">Fraise 340g<\/a><\/h3>\n<\/li>\n<li>\n<h3 class=\"wd-entities-title\"><a href=\"https:\/\/bulliesteashop.com\/fr\/produit\/strawberry-little-scarlet-340g-2\/\">Fraise Peu \u00c9carlate 340g<\/a><\/h3>\n<\/li>\n<li>\n<h3 class=\"wd-entities-title\"><a href=\"https:\/\/bulliesteashop.com\/fr\/produit\/tiptree-lemon-curd-312g-2\/\">Lemon Curd 312g<\/a><\/h3>\n<\/li>\n<\/ul>\n<h3>Made in England distributed by a French Company<\/h3>\n<p>Would you believe that before Brexit we had our scones made by a baker in Dover?<br \/>\nBut we are afraid that Brexit and the procedures at the border made this quite impossible.<br \/>\nThe solution for this problem came in the form of <a href=\"https:\/\/www.regentspark.fr\/nos-produits\/scone\">Regent&#8217;s Park<\/a>. Who is in fact a French organisation that imports bread products from England.<br \/>\nSo these scones are made in England, where they should be made, but that explains the French text on the packaging.<br \/>\nRegent&#8217;s Park bread products have become very popular in France. And our customers in Belgium love them as well.<\/p>","protected":false},"excerpt":{"rendered":"<p>Scones afternoon tea by Regent&#8217;s Park: what it more English than that? Succumb to this little English cake. Its beautiful golden crust and delicate texture will melt all your senses with pleasure.<\/p>\n<h1>Scones afternoon tea ready to eat<\/h1>\n<p>These delicious scones for your English afternoon tea are ready to eat but you can warm them as well.<\/p>\n<p>Do this in a convection oven at 180\u00b0, but no longer than 2 to 3 minutes. Warm them longer and you risk that these moreish scones taste too dry afterwards. Dreadful shame that would be.<\/p>\n<h2>Clotted cream and jam<\/h2>\n<p>Scones for an Afternoon Tea are of course best eaten with clotted cream, jam or lemon curd. We are sorry that we cannot sell you the clotted cream here in our web shop as it requires cooling at all times. A lot of customers eat their scones with butter. Jam and lemon curd are not a problem. Check out the more detailed description for some suggestions.<\/p>\n<p>&nbsp;<\/p>\n<p>&nbsp;<\/p>","protected":false},"featured_media":17435,"comment_status":"closed","ping_status":"closed","template":"","meta":[],"product_brand":[],"product_cat":[167],"product_tag":[],"class_list":{"0":"post-17434","1":"product","2":"type-product","3":"status-publish","4":"has-post-thumbnail","6":"product_cat-cake","7":"pa_allergy-contains-egg","8":"pa_allergy-contains-milk","9":"pa_allergy-contains-wheat","11":"first","12":"instock","13":"purchasable","14":"product-type-simple"},"yoast_head":"<!-- This site is optimized with the Yoast SEO plugin v23.4 - https:\/\/yoast.com\/wordpress\/plugins\/seo\/ -->\n<title>Scones Afternoon Tea 240g by Regent&#039;s Park - Bullies Tea Shop<\/title>\n<meta name=\"description\" content=\"Scones English afternoon tea. Does it more English than That? Delicious plain scones that contain raisin juice. 4 in a packet.\" \/>\n<meta name=\"robots\" content=\"index, follow, max-snippet:-1, max-image-preview:large, max-video-preview:-1\" \/>\n<link rel=\"canonical\" href=\"https:\/\/bulliesteashop.com\/fr\/produit\/scones-afternoon-tea-by-regents-park\/\" \/>\n<meta property=\"og:locale\" content=\"fr_FR\" \/>\n<meta property=\"og:type\" content=\"article\" \/>\n<meta property=\"og:title\" content=\"Scones Afternoon Tea 240g by Regent&#039;s Park - Bullies Tea Shop\" \/>\n<meta property=\"og:description\" content=\"Scones English afternoon tea. Does it more English than That? Delicious plain scones that contain raisin juice. 4 in a packet.\" \/>\n<meta property=\"og:url\" content=\"https:\/\/bulliesteashop.com\/fr\/produit\/scones-afternoon-tea-by-regents-park\/\" \/>\n<meta property=\"og:site_name\" content=\"Bullies Tea Shop\" \/>\n<meta property=\"article:publisher\" content=\"https:\/\/www.facebook.com\/iengelswienkeltje2\/\" \/>\n<meta property=\"article:modified_time\" content=\"2026-03-24T22:32:14+00:00\" \/>\n<meta property=\"og:image\" content=\"https:\/\/bulliesteashop.com\/wp-content\/uploads\/2023\/11\/Regent-park-scones.png\" \/>\n\t<meta property=\"og:image:width\" content=\"450\" \/>\n\t<meta property=\"og:image:height\" content=\"225\" \/>\n\t<meta property=\"og:image:type\" content=\"image\/png\" \/>\n<meta name=\"twitter:card\" content=\"summary_large_image\" \/>\n<meta name=\"twitter:label1\" content=\"Dur\u00e9e de lecture est.\" \/>\n\t<meta name=\"twitter:data1\" content=\"2 minutes\" \/>\n<script type=\"application\/ld+json\" class=\"yoast-schema-graph\">{\"@context\":\"https:\/\/schema.org\",\"@graph\":[{\"@type\":\"WebPage\",\"@id\":\"https:\/\/bulliesteashop.com\/product\/scones-afternoon-tea-by-regents-park\/\",\"url\":\"https:\/\/bulliesteashop.com\/product\/scones-afternoon-tea-by-regents-park\/\",\"name\":\"Scones Afternoon Tea 240g by Regent's Park - Bullies Tea Shop\",\"isPartOf\":{\"@id\":\"https:\/\/bulliesteashop.com\/#website\"},\"primaryImageOfPage\":{\"@id\":\"https:\/\/bulliesteashop.com\/product\/scones-afternoon-tea-by-regents-park\/#primaryimage\"},\"image\":{\"@id\":\"https:\/\/bulliesteashop.com\/product\/scones-afternoon-tea-by-regents-park\/#primaryimage\"},\"thumbnailUrl\":\"https:\/\/bulliesteashop.com\/wp-content\/uploads\/2023\/11\/Regent-park-scones.png\",\"datePublished\":\"2023-11-22T11:23:02+00:00\",\"dateModified\":\"2026-03-24T22:32:14+00:00\",\"description\":\"Scones English afternoon tea. Does it more English than That? Delicious plain scones that contain raisin juice. 4 in a packet.\",\"breadcrumb\":{\"@id\":\"https:\/\/bulliesteashop.com\/product\/scones-afternoon-tea-by-regents-park\/#breadcrumb\"},\"inLanguage\":\"fr-BE\",\"potentialAction\":[{\"@type\":\"ReadAction\",\"target\":[\"https:\/\/bulliesteashop.com\/product\/scones-afternoon-tea-by-regents-park\/\"]}]},{\"@type\":\"ImageObject\",\"inLanguage\":\"fr-BE\",\"@id\":\"https:\/\/bulliesteashop.com\/product\/scones-afternoon-tea-by-regents-park\/#primaryimage\",\"url\":\"https:\/\/bulliesteashop.com\/wp-content\/uploads\/2023\/11\/Regent-park-scones.png\",\"contentUrl\":\"https:\/\/bulliesteashop.com\/wp-content\/uploads\/2023\/11\/Regent-park-scones.png\",\"width\":450,\"height\":225,\"caption\":\"scones afternoon tea\"},{\"@type\":\"BreadcrumbList\",\"@id\":\"https:\/\/bulliesteashop.com\/product\/scones-afternoon-tea-by-regents-park\/#breadcrumb\",\"itemListElement\":[{\"@type\":\"ListItem\",\"position\":1,\"name\":\"Home\",\"item\":\"https:\/\/bulliesteashop.com\/\"},{\"@type\":\"ListItem\",\"position\":2,\"name\":\"Shop\",\"item\":\"https:\/\/bulliesteashop.com\/shop\/\"},{\"@type\":\"ListItem\",\"position\":3,\"name\":\"Scones Afternoon Tea 240g by Regent&#8217;s Park\"}]},{\"@type\":\"WebSite\",\"@id\":\"https:\/\/bulliesteashop.com\/#website\",\"url\":\"https:\/\/bulliesteashop.com\/\",\"name\":\"Bullies Tea Shop\",\"description\":\"Online shop for your favourite British and English food and drink products\",\"publisher\":{\"@id\":\"https:\/\/bulliesteashop.com\/#organization\"},\"potentialAction\":[{\"@type\":\"SearchAction\",\"target\":{\"@type\":\"EntryPoint\",\"urlTemplate\":\"https:\/\/bulliesteashop.com\/?s={search_term_string}\"},\"query-input\":{\"@type\":\"PropertyValueSpecification\",\"valueRequired\":true,\"valueName\":\"search_term_string\"}}],\"inLanguage\":\"fr-BE\"},{\"@type\":\"Organization\",\"@id\":\"https:\/\/bulliesteashop.com\/#organization\",\"name\":\"Bullies Tea Shop\",\"url\":\"https:\/\/bulliesteashop.com\/\",\"logo\":{\"@type\":\"ImageObject\",\"inLanguage\":\"fr-BE\",\"@id\":\"https:\/\/bulliesteashop.com\/#\/schema\/logo\/image\/\",\"url\":\"https:\/\/bulliesteashop.com\/wp-content\/uploads\/2023\/07\/bulliesteashop-2.png\",\"contentUrl\":\"https:\/\/bulliesteashop.com\/wp-content\/uploads\/2023\/07\/bulliesteashop-2.png\",\"width\":351,\"height\":337,\"caption\":\"Bullies Tea Shop\"},\"image\":{\"@id\":\"https:\/\/bulliesteashop.com\/#\/schema\/logo\/image\/\"},\"sameAs\":[\"https:\/\/www.facebook.com\/iengelswienkeltje2\/\"]}]}<\/script>\n<!-- \/ Yoast SEO plugin. -->","yoast_head_json":{"title":"Scones Afternoon Tea 240g by Regent's Park - Bullies Tea Shop","description":"Scones English afternoon tea. Does it more English than That? Delicious plain scones that contain raisin juice. 4 in a packet.","robots":{"index":"index","follow":"follow","max-snippet":"max-snippet:-1","max-image-preview":"max-image-preview:large","max-video-preview":"max-video-preview:-1"},"canonical":"https:\/\/bulliesteashop.com\/fr\/produit\/scones-afternoon-tea-by-regents-park\/","og_locale":"fr_FR","og_type":"article","og_title":"Scones Afternoon Tea 240g by Regent's Park - Bullies Tea Shop","og_description":"Scones English afternoon tea. Does it more English than That? Delicious plain scones that contain raisin juice. 4 in a packet.","og_url":"https:\/\/bulliesteashop.com\/fr\/produit\/scones-afternoon-tea-by-regents-park\/","og_site_name":"Bullies Tea Shop","article_publisher":"https:\/\/www.facebook.com\/iengelswienkeltje2\/","article_modified_time":"2026-03-24T22:32:14+00:00","og_image":[{"width":450,"height":225,"url":"https:\/\/bulliesteashop.com\/wp-content\/uploads\/2023\/11\/Regent-park-scones.png","type":"image\/png"}],"twitter_card":"summary_large_image","twitter_misc":{"Dur\u00e9e de lecture est.":"2 minutes"},"schema":{"@context":"https:\/\/schema.org","@graph":[{"@type":"WebPage","@id":"https:\/\/bulliesteashop.com\/product\/scones-afternoon-tea-by-regents-park\/","url":"https:\/\/bulliesteashop.com\/product\/scones-afternoon-tea-by-regents-park\/","name":"Scones Afternoon Tea 240g by Regent's Park - Bullies Tea Shop","isPartOf":{"@id":"https:\/\/bulliesteashop.com\/#website"},"primaryImageOfPage":{"@id":"https:\/\/bulliesteashop.com\/product\/scones-afternoon-tea-by-regents-park\/#primaryimage"},"image":{"@id":"https:\/\/bulliesteashop.com\/product\/scones-afternoon-tea-by-regents-park\/#primaryimage"},"thumbnailUrl":"https:\/\/bulliesteashop.com\/wp-content\/uploads\/2023\/11\/Regent-park-scones.png","datePublished":"2023-11-22T11:23:02+00:00","dateModified":"2026-03-24T22:32:14+00:00","description":"Scones English afternoon tea. Does it more English than That? Delicious plain scones that contain raisin juice. 4 in a packet.","breadcrumb":{"@id":"https:\/\/bulliesteashop.com\/product\/scones-afternoon-tea-by-regents-park\/#breadcrumb"},"inLanguage":"fr-BE","potentialAction":[{"@type":"ReadAction","target":["https:\/\/bulliesteashop.com\/product\/scones-afternoon-tea-by-regents-park\/"]}]},{"@type":"ImageObject","inLanguage":"fr-BE","@id":"https:\/\/bulliesteashop.com\/product\/scones-afternoon-tea-by-regents-park\/#primaryimage","url":"https:\/\/bulliesteashop.com\/wp-content\/uploads\/2023\/11\/Regent-park-scones.png","contentUrl":"https:\/\/bulliesteashop.com\/wp-content\/uploads\/2023\/11\/Regent-park-scones.png","width":450,"height":225,"caption":"scones afternoon tea"},{"@type":"BreadcrumbList","@id":"https:\/\/bulliesteashop.com\/product\/scones-afternoon-tea-by-regents-park\/#breadcrumb","itemListElement":[{"@type":"ListItem","position":1,"name":"Home","item":"https:\/\/bulliesteashop.com\/"},{"@type":"ListItem","position":2,"name":"Shop","item":"https:\/\/bulliesteashop.com\/shop\/"},{"@type":"ListItem","position":3,"name":"Scones Afternoon Tea 240g by Regent&#8217;s Park"}]},{"@type":"WebSite","@id":"https:\/\/bulliesteashop.com\/#website","url":"https:\/\/bulliesteashop.com\/","name":"Bullies Tea Shop","description":"Online shop for your favourite British and English food and drink products","publisher":{"@id":"https:\/\/bulliesteashop.com\/#organization"},"potentialAction":[{"@type":"SearchAction","target":{"@type":"EntryPoint","urlTemplate":"https:\/\/bulliesteashop.com\/?s={search_term_string}"},"query-input":{"@type":"PropertyValueSpecification","valueRequired":true,"valueName":"search_term_string"}}],"inLanguage":"fr-BE"},{"@type":"Organization","@id":"https:\/\/bulliesteashop.com\/#organization","name":"Bullies Tea Shop","url":"https:\/\/bulliesteashop.com\/","logo":{"@type":"ImageObject","inLanguage":"fr-BE","@id":"https:\/\/bulliesteashop.com\/#\/schema\/logo\/image\/","url":"https:\/\/bulliesteashop.com\/wp-content\/uploads\/2023\/07\/bulliesteashop-2.png","contentUrl":"https:\/\/bulliesteashop.com\/wp-content\/uploads\/2023\/07\/bulliesteashop-2.png","width":351,"height":337,"caption":"Bullies Tea Shop"},"image":{"@id":"https:\/\/bulliesteashop.com\/#\/schema\/logo\/image\/"},"sameAs":["https:\/\/www.facebook.com\/iengelswienkeltje2\/"]}]}},"_links":{"self":[{"href":"https:\/\/bulliesteashop.com\/fr\/wp-json\/wp\/v2\/product\/17434"}],"collection":[{"href":"https:\/\/bulliesteashop.com\/fr\/wp-json\/wp\/v2\/product"}],"about":[{"href":"https:\/\/bulliesteashop.com\/fr\/wp-json\/wp\/v2\/types\/product"}],"replies":[{"embeddable":true,"href":"https:\/\/bulliesteashop.com\/fr\/wp-json\/wp\/v2\/comments?post=17434"}],"wp:featuredmedia":[{"embeddable":true,"href":"https:\/\/bulliesteashop.com\/fr\/wp-json\/wp\/v2\/media\/17435"}],"wp:attachment":[{"href":"https:\/\/bulliesteashop.com\/fr\/wp-json\/wp\/v2\/media?parent=17434"}],"wp:term":[{"taxonomy":"product_brand","embeddable":true,"href":"https:\/\/bulliesteashop.com\/fr\/wp-json\/wp\/v2\/product_brand?post=17434"},{"taxonomy":"product_cat","embeddable":true,"href":"https:\/\/bulliesteashop.com\/fr\/wp-json\/wp\/v2\/product_cat?post=17434"},{"taxonomy":"product_tag","embeddable":true,"href":"https:\/\/bulliesteashop.com\/fr\/wp-json\/wp\/v2\/product_tag?post=17434"}],"curies":[{"name":"wp","href":"https:\/\/api.w.org\/{rel}","templated":true}]}}