{"id":17340,"date":"2023-11-02T12:54:01","date_gmt":"2023-11-02T12:54:01","guid":{"rendered":"https:\/\/bulliesteashop.com\/?post_type=product&#038;p=17340"},"modified":"2026-01-20T11:25:23","modified_gmt":"2026-01-20T11:25:23","slug":"cadbury-flake-box-48-stuks","status":"publish","type":"product","link":"https:\/\/bulliesteashop.com\/fr\/produit\/cadbury-flake-box-48-stuks\/","title":{"rendered":"Cadbury Flake Box 48 Pieces"},"content":{"rendered":"<p>Il n\u2019y a pas plus feuillet\u00e9 ni plus friable que la barre Cadbury\u2019s Flake, id\u00e9ale comme collation ou avec un dessert.<\/p>\n<p>&nbsp;<\/p>\n<h3>Valeurs Nutritionnelles<\/h3>\n<p>Pour 100g : 2179kJ\/521kcal, Lipides 27g, dont satur\u00e9s 16g, Glucides 60g, dont sucres 59g, Fibres 2,4g, Prot\u00e9ines 7,4g, Sel 0,26g<\/p>","protected":false},"excerpt":{"rendered":"<p><strong>Ingr\u00e9dients<\/strong>:<\/p>\n<p>LAIT, sucre, beurre de cacao, p\u00e2te de cacao, lactos\u00e9rum en poudre (de LAIT), graisses v\u00e9g\u00e9tales (palme, karit\u00e9), \u00e9mulsifiant (E422), ar\u00f4mes, extrait sec MIK 14 % minimum, extrait sec de cacao 25 % minimum, contient en plus des graisses v\u00e9g\u00e9tales. Le beurre de cacao<\/p>","protected":false},"featured_media":17341,"comment_status":"closed","ping_status":"closed","template":"","meta":[],"product_brand":[],"product_cat":[322],"product_tag":[],"class_list":{"0":"post-17340","1":"product","2":"type-product","3":"status-publish","4":"has-post-thumbnail","6":"product_cat-chocolate","7":"pa_allergy-contains-milk","9":"first","10":"instock","11":"purchasable","12":"product-type-simple"},"yoast_head":"<!-- This site is optimized with the Yoast SEO plugin v23.4 - https:\/\/yoast.com\/wordpress\/plugins\/seo\/ -->\n<title>Cadbury Flake Box 48 Pieces - Bullies Tea Shop<\/title>\n<meta name=\"robots\" content=\"index, follow, max-snippet:-1, max-image-preview:large, max-video-preview:-1\" \/>\n<link rel=\"canonical\" href=\"https:\/\/bulliesteashop.com\/fr\/produit\/cadbury-flake-box-48-stuks\/\" \/>\n<meta property=\"og:locale\" content=\"fr_FR\" \/>\n<meta property=\"og:type\" content=\"article\" \/>\n<meta property=\"og:title\" content=\"Cadbury Flake Box 48 Pieces - Bullies Tea Shop\" \/>\n<meta property=\"og:description\" content=\"Ingredients:  MILK, Sugar, Cocoa Butter, Cocoa Mass, Whey Powder (from MILK), Vegetable Fats (Palm, Shea), Emulsifier (E422), Flavourings, MIK solids 14 % minimum, Cocoa Solids 25% minimum, contains Vegetable Fats in addition to Cocoa Butter\" \/>\n<meta property=\"og:url\" content=\"https:\/\/bulliesteashop.com\/fr\/produit\/cadbury-flake-box-48-stuks\/\" \/>\n<meta property=\"og:site_name\" content=\"Bullies Tea Shop\" \/>\n<meta property=\"article:publisher\" content=\"https:\/\/www.facebook.com\/iengelswienkeltje2\/\" \/>\n<meta property=\"article:modified_time\" content=\"2026-01-20T11:25:23+00:00\" \/>\n<meta property=\"og:image\" content=\"https:\/\/bulliesteashop.com\/wp-content\/uploads\/2023\/11\/1698928920926_1698928908367_CadburyFlakeBox.jpg\" \/>\n\t<meta property=\"og:image:width\" content=\"474\" \/>\n\t<meta property=\"og:image:height\" content=\"511\" \/>\n\t<meta property=\"og:image:type\" content=\"image\/jpeg\" \/>\n<meta name=\"twitter:card\" content=\"summary_large_image\" \/>\n<script type=\"application\/ld+json\" class=\"yoast-schema-graph\">{\"@context\":\"https:\/\/schema.org\",\"@graph\":[{\"@type\":\"WebPage\",\"@id\":\"https:\/\/bulliesteashop.com\/product\/cadbury-flake-box-48-stuks\/\",\"url\":\"https:\/\/bulliesteashop.com\/product\/cadbury-flake-box-48-stuks\/\",\"name\":\"Cadbury Flake Box 48 Pieces - Bullies Tea Shop\",\"isPartOf\":{\"@id\":\"https:\/\/bulliesteashop.com\/#website\"},\"primaryImageOfPage\":{\"@id\":\"https:\/\/bulliesteashop.com\/product\/cadbury-flake-box-48-stuks\/#primaryimage\"},\"image\":{\"@id\":\"https:\/\/bulliesteashop.com\/product\/cadbury-flake-box-48-stuks\/#primaryimage\"},\"thumbnailUrl\":\"https:\/\/bulliesteashop.com\/wp-content\/uploads\/2023\/11\/1698928920926_1698928908367_CadburyFlakeBox.jpg\",\"datePublished\":\"2023-11-02T12:54:01+00:00\",\"dateModified\":\"2026-01-20T11:25:23+00:00\",\"breadcrumb\":{\"@id\":\"https:\/\/bulliesteashop.com\/product\/cadbury-flake-box-48-stuks\/#breadcrumb\"},\"inLanguage\":\"fr-BE\",\"potentialAction\":[{\"@type\":\"ReadAction\",\"target\":[\"https:\/\/bulliesteashop.com\/product\/cadbury-flake-box-48-stuks\/\"]}]},{\"@type\":\"ImageObject\",\"inLanguage\":\"fr-BE\",\"@id\":\"https:\/\/bulliesteashop.com\/product\/cadbury-flake-box-48-stuks\/#primaryimage\",\"url\":\"https:\/\/bulliesteashop.com\/wp-content\/uploads\/2023\/11\/1698928920926_1698928908367_CadburyFlakeBox.jpg\",\"contentUrl\":\"https:\/\/bulliesteashop.com\/wp-content\/uploads\/2023\/11\/1698928920926_1698928908367_CadburyFlakeBox.jpg\",\"width\":474,\"height\":511},{\"@type\":\"BreadcrumbList\",\"@id\":\"https:\/\/bulliesteashop.com\/product\/cadbury-flake-box-48-stuks\/#breadcrumb\",\"itemListElement\":[{\"@type\":\"ListItem\",\"position\":1,\"name\":\"Home\",\"item\":\"https:\/\/bulliesteashop.com\/\"},{\"@type\":\"ListItem\",\"position\":2,\"name\":\"Shop\",\"item\":\"https:\/\/bulliesteashop.com\/shop\/\"},{\"@type\":\"ListItem\",\"position\":3,\"name\":\"Cadbury Flake Box 48 Pieces\"}]},{\"@type\":\"WebSite\",\"@id\":\"https:\/\/bulliesteashop.com\/#website\",\"url\":\"https:\/\/bulliesteashop.com\/\",\"name\":\"Bullies Tea Shop\",\"description\":\"Online shop for your favourite British and English food and drink products\",\"publisher\":{\"@id\":\"https:\/\/bulliesteashop.com\/#organization\"},\"potentialAction\":[{\"@type\":\"SearchAction\",\"target\":{\"@type\":\"EntryPoint\",\"urlTemplate\":\"https:\/\/bulliesteashop.com\/?s={search_term_string}\"},\"query-input\":{\"@type\":\"PropertyValueSpecification\",\"valueRequired\":true,\"valueName\":\"search_term_string\"}}],\"inLanguage\":\"fr-BE\"},{\"@type\":\"Organization\",\"@id\":\"https:\/\/bulliesteashop.com\/#organization\",\"name\":\"Bullies Tea Shop\",\"url\":\"https:\/\/bulliesteashop.com\/\",\"logo\":{\"@type\":\"ImageObject\",\"inLanguage\":\"fr-BE\",\"@id\":\"https:\/\/bulliesteashop.com\/#\/schema\/logo\/image\/\",\"url\":\"https:\/\/bulliesteashop.com\/wp-content\/uploads\/2023\/07\/bulliesteashop-2.png\",\"contentUrl\":\"https:\/\/bulliesteashop.com\/wp-content\/uploads\/2023\/07\/bulliesteashop-2.png\",\"width\":351,\"height\":337,\"caption\":\"Bullies Tea Shop\"},\"image\":{\"@id\":\"https:\/\/bulliesteashop.com\/#\/schema\/logo\/image\/\"},\"sameAs\":[\"https:\/\/www.facebook.com\/iengelswienkeltje2\/\"]}]}<\/script>\n<!-- \/ Yoast SEO plugin. -->","yoast_head_json":{"title":"Cadbury Flake Box 48 Pieces - Bullies Tea Shop","robots":{"index":"index","follow":"follow","max-snippet":"max-snippet:-1","max-image-preview":"max-image-preview:large","max-video-preview":"max-video-preview:-1"},"canonical":"https:\/\/bulliesteashop.com\/fr\/produit\/cadbury-flake-box-48-stuks\/","og_locale":"fr_FR","og_type":"article","og_title":"Cadbury Flake Box 48 Pieces - Bullies Tea Shop","og_description":"Ingredients:  MILK, Sugar, Cocoa Butter, Cocoa Mass, Whey Powder (from MILK), Vegetable Fats (Palm, Shea), Emulsifier (E422), Flavourings, MIK solids 14 % minimum, Cocoa Solids 25% minimum, contains Vegetable Fats in addition to Cocoa Butter","og_url":"https:\/\/bulliesteashop.com\/fr\/produit\/cadbury-flake-box-48-stuks\/","og_site_name":"Bullies Tea Shop","article_publisher":"https:\/\/www.facebook.com\/iengelswienkeltje2\/","article_modified_time":"2026-01-20T11:25:23+00:00","og_image":[{"width":474,"height":511,"url":"https:\/\/bulliesteashop.com\/wp-content\/uploads\/2023\/11\/1698928920926_1698928908367_CadburyFlakeBox.jpg","type":"image\/jpeg"}],"twitter_card":"summary_large_image","schema":{"@context":"https:\/\/schema.org","@graph":[{"@type":"WebPage","@id":"https:\/\/bulliesteashop.com\/product\/cadbury-flake-box-48-stuks\/","url":"https:\/\/bulliesteashop.com\/product\/cadbury-flake-box-48-stuks\/","name":"Cadbury Flake Box 48 Pieces - Bullies Tea Shop","isPartOf":{"@id":"https:\/\/bulliesteashop.com\/#website"},"primaryImageOfPage":{"@id":"https:\/\/bulliesteashop.com\/product\/cadbury-flake-box-48-stuks\/#primaryimage"},"image":{"@id":"https:\/\/bulliesteashop.com\/product\/cadbury-flake-box-48-stuks\/#primaryimage"},"thumbnailUrl":"https:\/\/bulliesteashop.com\/wp-content\/uploads\/2023\/11\/1698928920926_1698928908367_CadburyFlakeBox.jpg","datePublished":"2023-11-02T12:54:01+00:00","dateModified":"2026-01-20T11:25:23+00:00","breadcrumb":{"@id":"https:\/\/bulliesteashop.com\/product\/cadbury-flake-box-48-stuks\/#breadcrumb"},"inLanguage":"fr-BE","potentialAction":[{"@type":"ReadAction","target":["https:\/\/bulliesteashop.com\/product\/cadbury-flake-box-48-stuks\/"]}]},{"@type":"ImageObject","inLanguage":"fr-BE","@id":"https:\/\/bulliesteashop.com\/product\/cadbury-flake-box-48-stuks\/#primaryimage","url":"https:\/\/bulliesteashop.com\/wp-content\/uploads\/2023\/11\/1698928920926_1698928908367_CadburyFlakeBox.jpg","contentUrl":"https:\/\/bulliesteashop.com\/wp-content\/uploads\/2023\/11\/1698928920926_1698928908367_CadburyFlakeBox.jpg","width":474,"height":511},{"@type":"BreadcrumbList","@id":"https:\/\/bulliesteashop.com\/product\/cadbury-flake-box-48-stuks\/#breadcrumb","itemListElement":[{"@type":"ListItem","position":1,"name":"Home","item":"https:\/\/bulliesteashop.com\/"},{"@type":"ListItem","position":2,"name":"Shop","item":"https:\/\/bulliesteashop.com\/shop\/"},{"@type":"ListItem","position":3,"name":"Cadbury Flake Box 48 Pieces"}]},{"@type":"WebSite","@id":"https:\/\/bulliesteashop.com\/#website","url":"https:\/\/bulliesteashop.com\/","name":"Bullies Tea Shop","description":"Online shop for your favourite British and English food and drink products","publisher":{"@id":"https:\/\/bulliesteashop.com\/#organization"},"potentialAction":[{"@type":"SearchAction","target":{"@type":"EntryPoint","urlTemplate":"https:\/\/bulliesteashop.com\/?s={search_term_string}"},"query-input":{"@type":"PropertyValueSpecification","valueRequired":true,"valueName":"search_term_string"}}],"inLanguage":"fr-BE"},{"@type":"Organization","@id":"https:\/\/bulliesteashop.com\/#organization","name":"Bullies Tea Shop","url":"https:\/\/bulliesteashop.com\/","logo":{"@type":"ImageObject","inLanguage":"fr-BE","@id":"https:\/\/bulliesteashop.com\/#\/schema\/logo\/image\/","url":"https:\/\/bulliesteashop.com\/wp-content\/uploads\/2023\/07\/bulliesteashop-2.png","contentUrl":"https:\/\/bulliesteashop.com\/wp-content\/uploads\/2023\/07\/bulliesteashop-2.png","width":351,"height":337,"caption":"Bullies Tea Shop"},"image":{"@id":"https:\/\/bulliesteashop.com\/#\/schema\/logo\/image\/"},"sameAs":["https:\/\/www.facebook.com\/iengelswienkeltje2\/"]}]}},"_links":{"self":[{"href":"https:\/\/bulliesteashop.com\/fr\/wp-json\/wp\/v2\/product\/17340"}],"collection":[{"href":"https:\/\/bulliesteashop.com\/fr\/wp-json\/wp\/v2\/product"}],"about":[{"href":"https:\/\/bulliesteashop.com\/fr\/wp-json\/wp\/v2\/types\/product"}],"replies":[{"embeddable":true,"href":"https:\/\/bulliesteashop.com\/fr\/wp-json\/wp\/v2\/comments?post=17340"}],"wp:featuredmedia":[{"embeddable":true,"href":"https:\/\/bulliesteashop.com\/fr\/wp-json\/wp\/v2\/media\/17341"}],"wp:attachment":[{"href":"https:\/\/bulliesteashop.com\/fr\/wp-json\/wp\/v2\/media?parent=17340"}],"wp:term":[{"taxonomy":"product_brand","embeddable":true,"href":"https:\/\/bulliesteashop.com\/fr\/wp-json\/wp\/v2\/product_brand?post=17340"},{"taxonomy":"product_cat","embeddable":true,"href":"https:\/\/bulliesteashop.com\/fr\/wp-json\/wp\/v2\/product_cat?post=17340"},{"taxonomy":"product_tag","embeddable":true,"href":"https:\/\/bulliesteashop.com\/fr\/wp-json\/wp\/v2\/product_tag?post=17340"}],"curies":[{"name":"wp","href":"https:\/\/api.w.org\/{rel}","templated":true}]}}