{"id":17328,"date":"2023-10-30T10:11:15","date_gmt":"2023-10-30T10:11:15","guid":{"rendered":"https:\/\/bulliesteashop.com\/?post_type=product&#038;p=17328"},"modified":"2024-08-16T13:08:14","modified_gmt":"2024-08-16T12:08:14","slug":"maldon-smoked-sea-salt-flakes-125g","status":"publish","type":"product","link":"https:\/\/bulliesteashop.com\/fr\/produit\/maldon-smoked-sea-salt-flakes-125g\/","title":{"rendered":"Maldon Paillettes de Sel de Mer Fum\u00e9 125g"},"content":{"rendered":"<p>N\u00e9s et \u00e9lev\u00e9s parmi les fabricants de sel, Maldon r\u00e9colte ses paillettes de sel \u00e0 la main depuis 1882. Un sel incroyable, avec une touche fum\u00e9e! Maldon Paillettes de Sel de Mer Fum\u00e9 - la perfection!<\/p>\n<p>&nbsp;<\/p>\n<h3>Valeurs Nutritionnelles<\/h3>\n<p>&#8211;<\/p>","protected":false},"excerpt":{"rendered":"<p><strong>Ingr\u00e9dients<\/strong>:<\/p>\n<p>Paillettes de Sel de Mer Fum\u00e9<\/p>","protected":false},"featured_media":17329,"comment_status":"closed","ping_status":"closed","template":"","meta":[],"product_brand":[],"product_cat":[28],"product_tag":[],"class_list":{"0":"post-17328","1":"product","2":"type-product","3":"status-publish","4":"has-post-thumbnail","6":"product_cat-accessories","8":"first","9":"outofstock","10":"purchasable","11":"product-type-simple"},"yoast_head":"<!-- This site is optimized with the Yoast SEO plugin v23.4 - https:\/\/yoast.com\/wordpress\/plugins\/seo\/ -->\n<title>Maldon Smoked Sea Salt Flakes 125g - Bullies Tea Shop<\/title>\n<meta name=\"robots\" content=\"index, follow, max-snippet:-1, max-image-preview:large, max-video-preview:-1\" \/>\n<link rel=\"canonical\" href=\"https:\/\/bulliesteashop.com\/fr\/produit\/maldon-smoked-sea-salt-flakes-125g\/\" \/>\n<meta property=\"og:locale\" content=\"fr_FR\" \/>\n<meta property=\"og:type\" content=\"article\" \/>\n<meta property=\"og:title\" content=\"Maldon Smoked Sea Salt Flakes 125g - Bullies Tea Shop\" \/>\n<meta property=\"og:description\" content=\"Ingredients:  Smoked Sea Salt Flakes\" \/>\n<meta property=\"og:url\" content=\"https:\/\/bulliesteashop.com\/fr\/produit\/maldon-smoked-sea-salt-flakes-125g\/\" \/>\n<meta property=\"og:site_name\" content=\"Bullies Tea Shop\" \/>\n<meta property=\"article:publisher\" content=\"https:\/\/www.facebook.com\/iengelswienkeltje2\/\" \/>\n<meta property=\"article:modified_time\" content=\"2024-08-16T12:08:14+00:00\" \/>\n<meta property=\"og:image\" content=\"https:\/\/bulliesteashop.com\/wp-content\/uploads\/2023\/10\/maldon-smoked-sea-salt-125g-1.jpg\" \/>\n\t<meta property=\"og:image:width\" content=\"410\" \/>\n\t<meta property=\"og:image:height\" content=\"611\" \/>\n\t<meta property=\"og:image:type\" content=\"image\/jpeg\" \/>\n<meta name=\"twitter:card\" content=\"summary_large_image\" \/>\n<script type=\"application\/ld+json\" class=\"yoast-schema-graph\">{\"@context\":\"https:\/\/schema.org\",\"@graph\":[{\"@type\":\"WebPage\",\"@id\":\"https:\/\/bulliesteashop.com\/product\/maldon-smoked-sea-salt-flakes-125g\/\",\"url\":\"https:\/\/bulliesteashop.com\/product\/maldon-smoked-sea-salt-flakes-125g\/\",\"name\":\"Maldon Smoked Sea Salt Flakes 125g - Bullies Tea Shop\",\"isPartOf\":{\"@id\":\"https:\/\/bulliesteashop.com\/#website\"},\"primaryImageOfPage\":{\"@id\":\"https:\/\/bulliesteashop.com\/product\/maldon-smoked-sea-salt-flakes-125g\/#primaryimage\"},\"image\":{\"@id\":\"https:\/\/bulliesteashop.com\/product\/maldon-smoked-sea-salt-flakes-125g\/#primaryimage\"},\"thumbnailUrl\":\"https:\/\/bulliesteashop.com\/wp-content\/uploads\/2023\/10\/maldon-smoked-sea-salt-125g-1.jpg\",\"datePublished\":\"2023-10-30T10:11:15+00:00\",\"dateModified\":\"2024-08-16T12:08:14+00:00\",\"breadcrumb\":{\"@id\":\"https:\/\/bulliesteashop.com\/product\/maldon-smoked-sea-salt-flakes-125g\/#breadcrumb\"},\"inLanguage\":\"fr-BE\",\"potentialAction\":[{\"@type\":\"ReadAction\",\"target\":[\"https:\/\/bulliesteashop.com\/product\/maldon-smoked-sea-salt-flakes-125g\/\"]}]},{\"@type\":\"ImageObject\",\"inLanguage\":\"fr-BE\",\"@id\":\"https:\/\/bulliesteashop.com\/product\/maldon-smoked-sea-salt-flakes-125g\/#primaryimage\",\"url\":\"https:\/\/bulliesteashop.com\/wp-content\/uploads\/2023\/10\/maldon-smoked-sea-salt-125g-1.jpg\",\"contentUrl\":\"https:\/\/bulliesteashop.com\/wp-content\/uploads\/2023\/10\/maldon-smoked-sea-salt-125g-1.jpg\",\"width\":410,\"height\":611},{\"@type\":\"BreadcrumbList\",\"@id\":\"https:\/\/bulliesteashop.com\/product\/maldon-smoked-sea-salt-flakes-125g\/#breadcrumb\",\"itemListElement\":[{\"@type\":\"ListItem\",\"position\":1,\"name\":\"Home\",\"item\":\"https:\/\/bulliesteashop.com\/\"},{\"@type\":\"ListItem\",\"position\":2,\"name\":\"Shop\",\"item\":\"https:\/\/bulliesteashop.com\/shop\/\"},{\"@type\":\"ListItem\",\"position\":3,\"name\":\"Maldon Smoked Sea Salt Flakes 125g\"}]},{\"@type\":\"WebSite\",\"@id\":\"https:\/\/bulliesteashop.com\/#website\",\"url\":\"https:\/\/bulliesteashop.com\/\",\"name\":\"Bullies Tea Shop\",\"description\":\"Online shop for your favourite British and English food and drink products\",\"publisher\":{\"@id\":\"https:\/\/bulliesteashop.com\/#organization\"},\"potentialAction\":[{\"@type\":\"SearchAction\",\"target\":{\"@type\":\"EntryPoint\",\"urlTemplate\":\"https:\/\/bulliesteashop.com\/?s={search_term_string}\"},\"query-input\":{\"@type\":\"PropertyValueSpecification\",\"valueRequired\":true,\"valueName\":\"search_term_string\"}}],\"inLanguage\":\"fr-BE\"},{\"@type\":\"Organization\",\"@id\":\"https:\/\/bulliesteashop.com\/#organization\",\"name\":\"Bullies Tea Shop\",\"url\":\"https:\/\/bulliesteashop.com\/\",\"logo\":{\"@type\":\"ImageObject\",\"inLanguage\":\"fr-BE\",\"@id\":\"https:\/\/bulliesteashop.com\/#\/schema\/logo\/image\/\",\"url\":\"https:\/\/bulliesteashop.com\/wp-content\/uploads\/2023\/07\/bulliesteashop-2.png\",\"contentUrl\":\"https:\/\/bulliesteashop.com\/wp-content\/uploads\/2023\/07\/bulliesteashop-2.png\",\"width\":351,\"height\":337,\"caption\":\"Bullies Tea Shop\"},\"image\":{\"@id\":\"https:\/\/bulliesteashop.com\/#\/schema\/logo\/image\/\"},\"sameAs\":[\"https:\/\/www.facebook.com\/iengelswienkeltje2\/\"]}]}<\/script>\n<!-- \/ Yoast SEO plugin. -->","yoast_head_json":{"title":"Maldon Smoked Sea Salt Flakes 125g - Bullies Tea Shop","robots":{"index":"index","follow":"follow","max-snippet":"max-snippet:-1","max-image-preview":"max-image-preview:large","max-video-preview":"max-video-preview:-1"},"canonical":"https:\/\/bulliesteashop.com\/fr\/produit\/maldon-smoked-sea-salt-flakes-125g\/","og_locale":"fr_FR","og_type":"article","og_title":"Maldon Smoked Sea Salt Flakes 125g - Bullies Tea Shop","og_description":"Ingredients:  Smoked Sea Salt Flakes","og_url":"https:\/\/bulliesteashop.com\/fr\/produit\/maldon-smoked-sea-salt-flakes-125g\/","og_site_name":"Bullies Tea Shop","article_publisher":"https:\/\/www.facebook.com\/iengelswienkeltje2\/","article_modified_time":"2024-08-16T12:08:14+00:00","og_image":[{"width":410,"height":611,"url":"https:\/\/bulliesteashop.com\/wp-content\/uploads\/2023\/10\/maldon-smoked-sea-salt-125g-1.jpg","type":"image\/jpeg"}],"twitter_card":"summary_large_image","schema":{"@context":"https:\/\/schema.org","@graph":[{"@type":"WebPage","@id":"https:\/\/bulliesteashop.com\/product\/maldon-smoked-sea-salt-flakes-125g\/","url":"https:\/\/bulliesteashop.com\/product\/maldon-smoked-sea-salt-flakes-125g\/","name":"Maldon Smoked Sea Salt Flakes 125g - Bullies Tea Shop","isPartOf":{"@id":"https:\/\/bulliesteashop.com\/#website"},"primaryImageOfPage":{"@id":"https:\/\/bulliesteashop.com\/product\/maldon-smoked-sea-salt-flakes-125g\/#primaryimage"},"image":{"@id":"https:\/\/bulliesteashop.com\/product\/maldon-smoked-sea-salt-flakes-125g\/#primaryimage"},"thumbnailUrl":"https:\/\/bulliesteashop.com\/wp-content\/uploads\/2023\/10\/maldon-smoked-sea-salt-125g-1.jpg","datePublished":"2023-10-30T10:11:15+00:00","dateModified":"2024-08-16T12:08:14+00:00","breadcrumb":{"@id":"https:\/\/bulliesteashop.com\/product\/maldon-smoked-sea-salt-flakes-125g\/#breadcrumb"},"inLanguage":"fr-BE","potentialAction":[{"@type":"ReadAction","target":["https:\/\/bulliesteashop.com\/product\/maldon-smoked-sea-salt-flakes-125g\/"]}]},{"@type":"ImageObject","inLanguage":"fr-BE","@id":"https:\/\/bulliesteashop.com\/product\/maldon-smoked-sea-salt-flakes-125g\/#primaryimage","url":"https:\/\/bulliesteashop.com\/wp-content\/uploads\/2023\/10\/maldon-smoked-sea-salt-125g-1.jpg","contentUrl":"https:\/\/bulliesteashop.com\/wp-content\/uploads\/2023\/10\/maldon-smoked-sea-salt-125g-1.jpg","width":410,"height":611},{"@type":"BreadcrumbList","@id":"https:\/\/bulliesteashop.com\/product\/maldon-smoked-sea-salt-flakes-125g\/#breadcrumb","itemListElement":[{"@type":"ListItem","position":1,"name":"Home","item":"https:\/\/bulliesteashop.com\/"},{"@type":"ListItem","position":2,"name":"Shop","item":"https:\/\/bulliesteashop.com\/shop\/"},{"@type":"ListItem","position":3,"name":"Maldon Smoked Sea Salt Flakes 125g"}]},{"@type":"WebSite","@id":"https:\/\/bulliesteashop.com\/#website","url":"https:\/\/bulliesteashop.com\/","name":"Bullies Tea Shop","description":"Online shop for your favourite British and English food and drink products","publisher":{"@id":"https:\/\/bulliesteashop.com\/#organization"},"potentialAction":[{"@type":"SearchAction","target":{"@type":"EntryPoint","urlTemplate":"https:\/\/bulliesteashop.com\/?s={search_term_string}"},"query-input":{"@type":"PropertyValueSpecification","valueRequired":true,"valueName":"search_term_string"}}],"inLanguage":"fr-BE"},{"@type":"Organization","@id":"https:\/\/bulliesteashop.com\/#organization","name":"Bullies Tea Shop","url":"https:\/\/bulliesteashop.com\/","logo":{"@type":"ImageObject","inLanguage":"fr-BE","@id":"https:\/\/bulliesteashop.com\/#\/schema\/logo\/image\/","url":"https:\/\/bulliesteashop.com\/wp-content\/uploads\/2023\/07\/bulliesteashop-2.png","contentUrl":"https:\/\/bulliesteashop.com\/wp-content\/uploads\/2023\/07\/bulliesteashop-2.png","width":351,"height":337,"caption":"Bullies Tea Shop"},"image":{"@id":"https:\/\/bulliesteashop.com\/#\/schema\/logo\/image\/"},"sameAs":["https:\/\/www.facebook.com\/iengelswienkeltje2\/"]}]}},"_links":{"self":[{"href":"https:\/\/bulliesteashop.com\/fr\/wp-json\/wp\/v2\/product\/17328"}],"collection":[{"href":"https:\/\/bulliesteashop.com\/fr\/wp-json\/wp\/v2\/product"}],"about":[{"href":"https:\/\/bulliesteashop.com\/fr\/wp-json\/wp\/v2\/types\/product"}],"replies":[{"embeddable":true,"href":"https:\/\/bulliesteashop.com\/fr\/wp-json\/wp\/v2\/comments?post=17328"}],"wp:featuredmedia":[{"embeddable":true,"href":"https:\/\/bulliesteashop.com\/fr\/wp-json\/wp\/v2\/media\/17329"}],"wp:attachment":[{"href":"https:\/\/bulliesteashop.com\/fr\/wp-json\/wp\/v2\/media?parent=17328"}],"wp:term":[{"taxonomy":"product_brand","embeddable":true,"href":"https:\/\/bulliesteashop.com\/fr\/wp-json\/wp\/v2\/product_brand?post=17328"},{"taxonomy":"product_cat","embeddable":true,"href":"https:\/\/bulliesteashop.com\/fr\/wp-json\/wp\/v2\/product_cat?post=17328"},{"taxonomy":"product_tag","embeddable":true,"href":"https:\/\/bulliesteashop.com\/fr\/wp-json\/wp\/v2\/product_tag?post=17328"}],"curies":[{"name":"wp","href":"https:\/\/api.w.org\/{rel}","templated":true}]}}