{"id":17317,"date":"2023-10-27T14:32:24","date_gmt":"2023-10-27T13:32:24","guid":{"rendered":"https:\/\/bulliesteashop.com\/?post_type=product&#038;p=17317"},"modified":"2026-01-25T12:28:10","modified_gmt":"2026-01-25T12:28:10","slug":"nestle-quality-street-tub-600g","status":"publish","type":"product","link":"https:\/\/bulliesteashop.com\/fr\/produit\/nestle-quality-street-tub-600g\/","title":{"rendered":"Nestl\u00e9 Quality Street Tub 550g"},"content":{"rendered":"<div class=\"alcoholBlock\">Lorsque vous ramenez chez vous une bo\u00eete des c\u00e9l\u00e8bres chocolats individuellement emball\u00e9s de Quality Street, personne ne pourra attendre pour les d\u00e9guster et trouver son pr\u00e9f\u00e9r\u00e9. Que vous d\u00e9gustiez ces bonbons embl\u00e9matiques de No\u00ebl lors d'une journ\u00e9e sp\u00e9ciale ou que vous passiez simplement du temps en famille, cr\u00e9ez des moments que vous pourrez ch\u00e9rir pour toujours avec Quality Street.<\/div>\n<ul>\n<li class=\"alcoholBlock\">Parfait pour partager \u00e0 No\u00ebl et lors d'autres c\u00e9l\u00e9brations!<\/li>\n<li class=\"alcoholBlock\">Inclut le c\u00e9l\u00e8bre Green Triangle et The Purple One, ainsi que le nouveau Chocolate Caramel Brownie!<\/li>\n<li class=\"alcoholBlock\">Sans colorants, ar\u00f4mes ou conservateurs artificiels.<\/li>\n<li class=\"alcoholBlock\">Quality Street convient aux v\u00e9g\u00e9tariens.<\/li>\n<\/ul>\n<h3>Valeurs Nutritionnelles<\/h3>\n<p>Pour 100g : 1976kJ\/471kcal, Lipides 20,7g, dont satur\u00e9s 12g, Glucides 67,3g, dont sucres 58g, Fibres 1,2g, Prot\u00e9ines 3,3g, Sel 0,22g<\/p>","protected":false},"excerpt":{"rendered":"<p><strong>Ingr\u00e9dients<\/strong>:<\/p>\n<p>Sucre, sirop de glucose, LAIT \u00e9cr\u00e9m\u00e9 concentr\u00e9 sucr\u00e9 (LAIT \u00e9cr\u00e9m\u00e9 en poudre, sucre), graisses v\u00e9g\u00e9tales (palme, karit\u00e9, colza, tournesol, noix de coco), p\u00e2te de cacao, beurre de cacao, LAIT entier en poudre, sirop de glucose-fructose, noix de coco, mati\u00e8re grasse ( LAIT), lactos\u00e9rum en poudre (LAIT), \u00e9mulsifiants (l\u00e9cithines, E741), LAIT \u00e9cr\u00e9m\u00e9 en poudre, cacao maigre en poudre, sel, ar\u00f4mes, acide (acide lactique)<\/p>","protected":false},"featured_media":17318,"comment_status":"closed","ping_status":"closed","template":"","meta":[],"product_brand":[],"product_cat":[322,304,327],"product_tag":[325,306,474,473,476],"class_list":{"0":"post-17317","1":"product","2":"type-product","3":"status-publish","4":"has-post-thumbnail","6":"product_cat-chocolate","7":"product_cat-christmas","8":"product_cat-sweets","9":"product_tag-chocolate","10":"product_tag-christmas","11":"product_tag-mackintosh","12":"product_tag-quality-street","13":"product_tag-tins","14":"pa_allergy-contains-hazelnuts","15":"pa_allergy-contains-milk","16":"pa_allergy-may-contain-nuts","17":"pa_allergy-may-contain-peanuts","19":"first","20":"instock","21":"purchasable","22":"product-type-simple"},"yoast_head":"<!-- This site is optimized with the Yoast SEO plugin v23.4 - https:\/\/yoast.com\/wordpress\/plugins\/seo\/ -->\n<title>Nestl\u00e9 Quality Street Tub 550g - Bullies Tea Shop<\/title>\n<meta name=\"description\" content=\"Nestl\u00e9 Quality Street Christmas Tub 600 gram filled with your classic favourite chocolate and caramel bonbons. A great gift for Christmas.\" \/>\n<meta name=\"robots\" content=\"index, follow, max-snippet:-1, max-image-preview:large, max-video-preview:-1\" \/>\n<link rel=\"canonical\" href=\"https:\/\/bulliesteashop.com\/fr\/produit\/nestle-quality-street-tub-600g\/\" \/>\n<meta property=\"og:locale\" content=\"fr_FR\" \/>\n<meta property=\"og:type\" content=\"article\" \/>\n<meta property=\"og:title\" content=\"Nestl\u00e9 Quality Street Tub 550g - Bullies Tea Shop\" \/>\n<meta property=\"og:description\" content=\"Nestl\u00e9 Quality Street Christmas Tub 600 gram filled with your classic favourite chocolate and caramel bonbons. A great gift for Christmas.\" \/>\n<meta property=\"og:url\" content=\"https:\/\/bulliesteashop.com\/fr\/produit\/nestle-quality-street-tub-600g\/\" \/>\n<meta property=\"og:site_name\" content=\"Bullies Tea Shop\" \/>\n<meta property=\"article:publisher\" content=\"https:\/\/www.facebook.com\/iengelswienkeltje2\/\" \/>\n<meta property=\"article:modified_time\" content=\"2026-01-25T12:28:10+00:00\" \/>\n<meta property=\"og:image\" content=\"https:\/\/bulliesteashop.com\/wp-content\/uploads\/2023\/10\/nestle-nestle-quality-street-tub-600g.webp\" \/>\n\t<meta property=\"og:image:width\" content=\"1042\" \/>\n\t<meta property=\"og:image:height\" content=\"878\" \/>\n\t<meta property=\"og:image:type\" content=\"image\/webp\" \/>\n<meta name=\"twitter:card\" content=\"summary_large_image\" \/>\n<meta name=\"twitter:label1\" content=\"Dur\u00e9e de lecture est.\" \/>\n\t<meta name=\"twitter:data1\" content=\"1 minute\" \/>\n<script type=\"application\/ld+json\" class=\"yoast-schema-graph\">{\"@context\":\"https:\/\/schema.org\",\"@graph\":[{\"@type\":\"WebPage\",\"@id\":\"https:\/\/bulliesteashop.com\/product\/nestle-quality-street-tub-600g\/\",\"url\":\"https:\/\/bulliesteashop.com\/product\/nestle-quality-street-tub-600g\/\",\"name\":\"Nestl\u00e9 Quality Street Tub 550g - Bullies Tea Shop\",\"isPartOf\":{\"@id\":\"https:\/\/bulliesteashop.com\/#website\"},\"primaryImageOfPage\":{\"@id\":\"https:\/\/bulliesteashop.com\/product\/nestle-quality-street-tub-600g\/#primaryimage\"},\"image\":{\"@id\":\"https:\/\/bulliesteashop.com\/product\/nestle-quality-street-tub-600g\/#primaryimage\"},\"thumbnailUrl\":\"https:\/\/bulliesteashop.com\/wp-content\/uploads\/2023\/10\/nestle-nestle-quality-street-tub-600g.webp\",\"datePublished\":\"2023-10-27T13:32:24+00:00\",\"dateModified\":\"2026-01-25T12:28:10+00:00\",\"description\":\"Nestl\u00e9 Quality Street Christmas Tub 600 gram filled with your classic favourite chocolate and caramel bonbons. A great gift for Christmas.\",\"breadcrumb\":{\"@id\":\"https:\/\/bulliesteashop.com\/product\/nestle-quality-street-tub-600g\/#breadcrumb\"},\"inLanguage\":\"fr-BE\",\"potentialAction\":[{\"@type\":\"ReadAction\",\"target\":[\"https:\/\/bulliesteashop.com\/product\/nestle-quality-street-tub-600g\/\"]}]},{\"@type\":\"ImageObject\",\"inLanguage\":\"fr-BE\",\"@id\":\"https:\/\/bulliesteashop.com\/product\/nestle-quality-street-tub-600g\/#primaryimage\",\"url\":\"https:\/\/bulliesteashop.com\/wp-content\/uploads\/2023\/10\/nestle-nestle-quality-street-tub-600g.webp\",\"contentUrl\":\"https:\/\/bulliesteashop.com\/wp-content\/uploads\/2023\/10\/nestle-nestle-quality-street-tub-600g.webp\",\"width\":1042,\"height\":878},{\"@type\":\"BreadcrumbList\",\"@id\":\"https:\/\/bulliesteashop.com\/product\/nestle-quality-street-tub-600g\/#breadcrumb\",\"itemListElement\":[{\"@type\":\"ListItem\",\"position\":1,\"name\":\"Home\",\"item\":\"https:\/\/bulliesteashop.com\/\"},{\"@type\":\"ListItem\",\"position\":2,\"name\":\"Shop\",\"item\":\"https:\/\/bulliesteashop.com\/shop\/\"},{\"@type\":\"ListItem\",\"position\":3,\"name\":\"Nestl\u00e9 Quality Street Tub 550g\"}]},{\"@type\":\"WebSite\",\"@id\":\"https:\/\/bulliesteashop.com\/#website\",\"url\":\"https:\/\/bulliesteashop.com\/\",\"name\":\"Bullies Tea Shop\",\"description\":\"Online shop for your favourite British and English food and drink products\",\"publisher\":{\"@id\":\"https:\/\/bulliesteashop.com\/#organization\"},\"potentialAction\":[{\"@type\":\"SearchAction\",\"target\":{\"@type\":\"EntryPoint\",\"urlTemplate\":\"https:\/\/bulliesteashop.com\/?s={search_term_string}\"},\"query-input\":{\"@type\":\"PropertyValueSpecification\",\"valueRequired\":true,\"valueName\":\"search_term_string\"}}],\"inLanguage\":\"fr-BE\"},{\"@type\":\"Organization\",\"@id\":\"https:\/\/bulliesteashop.com\/#organization\",\"name\":\"Bullies Tea Shop\",\"url\":\"https:\/\/bulliesteashop.com\/\",\"logo\":{\"@type\":\"ImageObject\",\"inLanguage\":\"fr-BE\",\"@id\":\"https:\/\/bulliesteashop.com\/#\/schema\/logo\/image\/\",\"url\":\"https:\/\/bulliesteashop.com\/wp-content\/uploads\/2023\/07\/bulliesteashop-2.png\",\"contentUrl\":\"https:\/\/bulliesteashop.com\/wp-content\/uploads\/2023\/07\/bulliesteashop-2.png\",\"width\":351,\"height\":337,\"caption\":\"Bullies Tea Shop\"},\"image\":{\"@id\":\"https:\/\/bulliesteashop.com\/#\/schema\/logo\/image\/\"},\"sameAs\":[\"https:\/\/www.facebook.com\/iengelswienkeltje2\/\"]}]}<\/script>\n<!-- \/ Yoast SEO plugin. -->","yoast_head_json":{"title":"Nestl\u00e9 Quality Street Tub 550g - Bullies Tea Shop","description":"Nestl\u00e9 Quality Street Christmas Tub 600 gram filled with your classic favourite chocolate and caramel bonbons. A great gift for Christmas.","robots":{"index":"index","follow":"follow","max-snippet":"max-snippet:-1","max-image-preview":"max-image-preview:large","max-video-preview":"max-video-preview:-1"},"canonical":"https:\/\/bulliesteashop.com\/fr\/produit\/nestle-quality-street-tub-600g\/","og_locale":"fr_FR","og_type":"article","og_title":"Nestl\u00e9 Quality Street Tub 550g - Bullies Tea Shop","og_description":"Nestl\u00e9 Quality Street Christmas Tub 600 gram filled with your classic favourite chocolate and caramel bonbons. A great gift for Christmas.","og_url":"https:\/\/bulliesteashop.com\/fr\/produit\/nestle-quality-street-tub-600g\/","og_site_name":"Bullies Tea Shop","article_publisher":"https:\/\/www.facebook.com\/iengelswienkeltje2\/","article_modified_time":"2026-01-25T12:28:10+00:00","og_image":[{"width":1042,"height":878,"url":"https:\/\/bulliesteashop.com\/wp-content\/uploads\/2023\/10\/nestle-nestle-quality-street-tub-600g.webp","type":"image\/webp"}],"twitter_card":"summary_large_image","twitter_misc":{"Dur\u00e9e de lecture est.":"1 minute"},"schema":{"@context":"https:\/\/schema.org","@graph":[{"@type":"WebPage","@id":"https:\/\/bulliesteashop.com\/product\/nestle-quality-street-tub-600g\/","url":"https:\/\/bulliesteashop.com\/product\/nestle-quality-street-tub-600g\/","name":"Nestl\u00e9 Quality Street Tub 550g - Bullies Tea Shop","isPartOf":{"@id":"https:\/\/bulliesteashop.com\/#website"},"primaryImageOfPage":{"@id":"https:\/\/bulliesteashop.com\/product\/nestle-quality-street-tub-600g\/#primaryimage"},"image":{"@id":"https:\/\/bulliesteashop.com\/product\/nestle-quality-street-tub-600g\/#primaryimage"},"thumbnailUrl":"https:\/\/bulliesteashop.com\/wp-content\/uploads\/2023\/10\/nestle-nestle-quality-street-tub-600g.webp","datePublished":"2023-10-27T13:32:24+00:00","dateModified":"2026-01-25T12:28:10+00:00","description":"Nestl\u00e9 Quality Street Christmas Tub 600 gram filled with your classic favourite chocolate and caramel bonbons. A great gift for Christmas.","breadcrumb":{"@id":"https:\/\/bulliesteashop.com\/product\/nestle-quality-street-tub-600g\/#breadcrumb"},"inLanguage":"fr-BE","potentialAction":[{"@type":"ReadAction","target":["https:\/\/bulliesteashop.com\/product\/nestle-quality-street-tub-600g\/"]}]},{"@type":"ImageObject","inLanguage":"fr-BE","@id":"https:\/\/bulliesteashop.com\/product\/nestle-quality-street-tub-600g\/#primaryimage","url":"https:\/\/bulliesteashop.com\/wp-content\/uploads\/2023\/10\/nestle-nestle-quality-street-tub-600g.webp","contentUrl":"https:\/\/bulliesteashop.com\/wp-content\/uploads\/2023\/10\/nestle-nestle-quality-street-tub-600g.webp","width":1042,"height":878},{"@type":"BreadcrumbList","@id":"https:\/\/bulliesteashop.com\/product\/nestle-quality-street-tub-600g\/#breadcrumb","itemListElement":[{"@type":"ListItem","position":1,"name":"Home","item":"https:\/\/bulliesteashop.com\/"},{"@type":"ListItem","position":2,"name":"Shop","item":"https:\/\/bulliesteashop.com\/shop\/"},{"@type":"ListItem","position":3,"name":"Nestl\u00e9 Quality Street Tub 550g"}]},{"@type":"WebSite","@id":"https:\/\/bulliesteashop.com\/#website","url":"https:\/\/bulliesteashop.com\/","name":"Bullies Tea Shop","description":"Online shop for your favourite British and English food and drink products","publisher":{"@id":"https:\/\/bulliesteashop.com\/#organization"},"potentialAction":[{"@type":"SearchAction","target":{"@type":"EntryPoint","urlTemplate":"https:\/\/bulliesteashop.com\/?s={search_term_string}"},"query-input":{"@type":"PropertyValueSpecification","valueRequired":true,"valueName":"search_term_string"}}],"inLanguage":"fr-BE"},{"@type":"Organization","@id":"https:\/\/bulliesteashop.com\/#organization","name":"Bullies Tea Shop","url":"https:\/\/bulliesteashop.com\/","logo":{"@type":"ImageObject","inLanguage":"fr-BE","@id":"https:\/\/bulliesteashop.com\/#\/schema\/logo\/image\/","url":"https:\/\/bulliesteashop.com\/wp-content\/uploads\/2023\/07\/bulliesteashop-2.png","contentUrl":"https:\/\/bulliesteashop.com\/wp-content\/uploads\/2023\/07\/bulliesteashop-2.png","width":351,"height":337,"caption":"Bullies Tea Shop"},"image":{"@id":"https:\/\/bulliesteashop.com\/#\/schema\/logo\/image\/"},"sameAs":["https:\/\/www.facebook.com\/iengelswienkeltje2\/"]}]}},"_links":{"self":[{"href":"https:\/\/bulliesteashop.com\/fr\/wp-json\/wp\/v2\/product\/17317"}],"collection":[{"href":"https:\/\/bulliesteashop.com\/fr\/wp-json\/wp\/v2\/product"}],"about":[{"href":"https:\/\/bulliesteashop.com\/fr\/wp-json\/wp\/v2\/types\/product"}],"replies":[{"embeddable":true,"href":"https:\/\/bulliesteashop.com\/fr\/wp-json\/wp\/v2\/comments?post=17317"}],"wp:featuredmedia":[{"embeddable":true,"href":"https:\/\/bulliesteashop.com\/fr\/wp-json\/wp\/v2\/media\/17318"}],"wp:attachment":[{"href":"https:\/\/bulliesteashop.com\/fr\/wp-json\/wp\/v2\/media?parent=17317"}],"wp:term":[{"taxonomy":"product_brand","embeddable":true,"href":"https:\/\/bulliesteashop.com\/fr\/wp-json\/wp\/v2\/product_brand?post=17317"},{"taxonomy":"product_cat","embeddable":true,"href":"https:\/\/bulliesteashop.com\/fr\/wp-json\/wp\/v2\/product_cat?post=17317"},{"taxonomy":"product_tag","embeddable":true,"href":"https:\/\/bulliesteashop.com\/fr\/wp-json\/wp\/v2\/product_tag?post=17317"}],"curies":[{"name":"wp","href":"https:\/\/api.w.org\/{rel}","templated":true}]}}