{"id":16245,"date":"2023-07-28T11:02:54","date_gmt":"2023-07-28T10:02:54","guid":{"rendered":"https:\/\/bulliesteashop.com\/product\/green-fig-2\/"},"modified":"2025-10-30T09:47:54","modified_gmt":"2025-10-30T09:47:54","slug":"green-fig","status":"publish","type":"product","link":"https:\/\/bulliesteashop.com\/fr\/produit\/green-fig\/","title":{"rendered":"Tiptree Green Fig"},"content":{"rendered":"<h1>About Tiptree Green Fig<\/h1>\n<p>D\u00e9couvrez Tiptree Green Fig, le compl\u00e9ment parfait \u00e0 votre routine de collation. Fabriqu\u00e9e \u00e0 partir de figues vertes succulentes cueillies \u00e0 leur maturit\u00e9 et regorgeant de douceur naturelle, cette d\u00e9licieuse tartinade est un d\u00e9lice pour tous les \u00e2ges. Savourez-la sur des crackers, du pain ou comme trempette pour des fruits et l\u00e9gumes frais. Cette conserve est le choix parfait pour ceux qui se soucient de ce qu'ils mettent dans leur corps. Elle est \u00e9galement sans gluten et adapt\u00e9e aux v\u00e9g\u00e9taliens, ce qui la rend adapt\u00e9e \u00e0 tous. R\u00e9pandez la joie avec une cuiller\u00e9e de Tiptree Green Fig d\u00e8s aujourd'hui!<\/p>\n<p>D\u00e9couvrez la polyvalence de Tiptree Green Fig dans votre cuisine et p\u00e2tisserie quotidienne. Cette d\u00e9licieuse tartinade ne se limite pas aux collations ! Utilisez-la comme alternative \u00e0 la confiture ou \u00e0 la marmelade sur des toasts au petit-d\u00e9jeuner, ajoutez une touche sucr\u00e9e aux plats sal\u00e9s comme les c\u00f4telettes de porc ou les l\u00e9gumes r\u00f4tis, ou utilisez-la comme gla\u00e7age pour les viandes et fromages grill\u00e9s. Sa douceur subtile rehausse les saveurs de vos recettes pr\u00e9f\u00e9r\u00e9es sans les dominer. De plus, cette confiture est riche en nutriments b\u00e9n\u00e9fiques pour votre sant\u00e9, rendant chaque bouch\u00e9e un plaisir sans culpabilit\u00e9. Alors pourquoi se contenter de n'importe quelle tartinade quand vous pouvez vous d\u00e9lecter de cette douce et acidul\u00e9e merveille?<\/p>\n<h2>Valeurs Nutritionnelles<\/h2>\n<p>Pour 100g\u00a0: 1153 kJ\/274 kCal, Lipides 0g, dont satur\u00e9s 0g, Glucides 66g, dont sucres 66g, Prot\u00e9ines 0,6g, Sel 0g, Sodium 0,01g<\/p>\n<h2>Ingr\u00e9dients<\/h2>\n<p>Sucre, Figues, R\u00e9gulateur d'acidit\u00e9 : Acide Citrique<\/p>","protected":false},"excerpt":{"rendered":"<p>Faites plaisir \u00e0 vos papilles avec Tiptree Green Fig, une tartinade savoureuse qui est aussi d\u00e9licieuse que saine. Fabriqu\u00e9e \u00e0 partir de figues vertes succulentes cueillies \u00e0 leur maturit\u00e9, cette friandise sucr\u00e9e et acidul\u00e9e est pleine de bienfaits naturels. Sans sucre ajout\u00e9 ni conservateurs artificiels, vous pouvez d\u00e9guster Tiptree Green Fig sans culpabilit\u00e9. Elle est \u00e9galement sans gluten et adapt\u00e9e aux v\u00e9g\u00e9taliens, ce qui en fait un choix parfait pour toute votre famille. Que vous la tartiniez sur du pain grill\u00e9, l'utilisiez comme trempette pour des fruits et l\u00e9gumes frais, ou l'incorporiez dans vos recettes de cuisine et de p\u00e2tisserie, Tiptree Green Fig deviendra s\u00fbrement un incontournable dans votre garde-manger. Alors, pourquoi ne pas essayer cette d\u00e9licieuse tartinade d\u00e8s aujourd'hui ? Vos papilles vous remercieront !<\/p>","protected":false},"featured_media":15759,"comment_status":"closed","ping_status":"closed","template":"","meta":[],"product_brand":[],"product_cat":[18],"product_tag":[21,83,23,81,82],"class_list":{"0":"post-16245","1":"product","2":"type-product","3":"status-publish","4":"has-post-thumbnail","6":"product_cat-jam","7":"product_tag-coeliacs","8":"product_tag-dairy-free","9":"product_tag-kosher","10":"product_tag-vegan","11":"product_tag-vegetarian","12":"pa_ean-127","13":"pa_upc-128","15":"first","16":"instock","17":"purchasable","18":"product-type-simple"},"yoast_head":"<!-- This site is optimized with the Yoast SEO plugin v23.4 - https:\/\/yoast.com\/wordpress\/plugins\/seo\/ -->\n<title>Tiptree Green Fig - Bullies Tea Shop<\/title>\n<meta name=\"description\" content=\"Experience the sweet and tangy goodness of Tiptree Green Fig. Handpicked at their ripest, these figs are packed with natural flavor.\" \/>\n<meta name=\"robots\" content=\"index, follow, max-snippet:-1, max-image-preview:large, max-video-preview:-1\" \/>\n<link rel=\"canonical\" href=\"https:\/\/bulliesteashop.com\/fr\/produit\/green-fig\/\" \/>\n<meta property=\"og:locale\" content=\"fr_FR\" \/>\n<meta property=\"og:type\" content=\"article\" \/>\n<meta property=\"og:title\" content=\"Tiptree Green Fig - Bullies Tea Shop\" \/>\n<meta property=\"og:description\" content=\"Experience the sweet and tangy goodness of Tiptree Green Fig. Handpicked at their ripest, these figs are packed with natural flavor.\" \/>\n<meta property=\"og:url\" content=\"https:\/\/bulliesteashop.com\/fr\/produit\/green-fig\/\" \/>\n<meta property=\"og:site_name\" content=\"Bullies Tea Shop\" \/>\n<meta property=\"article:publisher\" content=\"https:\/\/www.facebook.com\/iengelswienkeltje2\/\" \/>\n<meta property=\"article:modified_time\" content=\"2025-10-30T09:47:54+00:00\" \/>\n<meta property=\"og:image\" content=\"https:\/\/bulliesteashop.com\/wp-content\/uploads\/2023\/07\/groene-vijg-340g.jpg\" \/>\n\t<meta property=\"og:image:width\" content=\"800\" \/>\n\t<meta property=\"og:image:height\" content=\"800\" \/>\n\t<meta property=\"og:image:type\" content=\"image\/jpeg\" \/>\n<meta name=\"twitter:card\" content=\"summary_large_image\" \/>\n<meta name=\"twitter:label1\" content=\"Dur\u00e9e de lecture est.\" \/>\n\t<meta name=\"twitter:data1\" content=\"2 minutes\" \/>\n<script type=\"application\/ld+json\" class=\"yoast-schema-graph\">{\"@context\":\"https:\/\/schema.org\",\"@graph\":[{\"@type\":\"WebPage\",\"@id\":\"https:\/\/bulliesteashop.com\/product\/green-fig\/\",\"url\":\"https:\/\/bulliesteashop.com\/product\/green-fig\/\",\"name\":\"Tiptree Green Fig - Bullies Tea Shop\",\"isPartOf\":{\"@id\":\"https:\/\/bulliesteashop.com\/#website\"},\"primaryImageOfPage\":{\"@id\":\"https:\/\/bulliesteashop.com\/product\/green-fig\/#primaryimage\"},\"image\":{\"@id\":\"https:\/\/bulliesteashop.com\/product\/green-fig\/#primaryimage\"},\"thumbnailUrl\":\"https:\/\/bulliesteashop.com\/wp-content\/uploads\/2023\/07\/groene-vijg-340g.jpg\",\"datePublished\":\"2023-07-28T10:02:54+00:00\",\"dateModified\":\"2025-10-30T09:47:54+00:00\",\"description\":\"Experience the sweet and tangy goodness of Tiptree Green Fig. Handpicked at their ripest, these figs are packed with natural flavor.\",\"breadcrumb\":{\"@id\":\"https:\/\/bulliesteashop.com\/product\/green-fig\/#breadcrumb\"},\"inLanguage\":\"fr-BE\",\"potentialAction\":[{\"@type\":\"ReadAction\",\"target\":[\"https:\/\/bulliesteashop.com\/product\/green-fig\/\"]}]},{\"@type\":\"ImageObject\",\"inLanguage\":\"fr-BE\",\"@id\":\"https:\/\/bulliesteashop.com\/product\/green-fig\/#primaryimage\",\"url\":\"https:\/\/bulliesteashop.com\/wp-content\/uploads\/2023\/07\/groene-vijg-340g.jpg\",\"contentUrl\":\"https:\/\/bulliesteashop.com\/wp-content\/uploads\/2023\/07\/groene-vijg-340g.jpg\",\"width\":800,\"height\":800,\"caption\":\"Jar of Tiptree Green Fig\"},{\"@type\":\"BreadcrumbList\",\"@id\":\"https:\/\/bulliesteashop.com\/product\/green-fig\/#breadcrumb\",\"itemListElement\":[{\"@type\":\"ListItem\",\"position\":1,\"name\":\"Home\",\"item\":\"https:\/\/bulliesteashop.com\/\"},{\"@type\":\"ListItem\",\"position\":2,\"name\":\"Shop\",\"item\":\"https:\/\/bulliesteashop.com\/shop\/\"},{\"@type\":\"ListItem\",\"position\":3,\"name\":\"Tiptree Green Fig\"}]},{\"@type\":\"WebSite\",\"@id\":\"https:\/\/bulliesteashop.com\/#website\",\"url\":\"https:\/\/bulliesteashop.com\/\",\"name\":\"Bullies Tea Shop\",\"description\":\"Online shop for your favourite British and English food and drink products\",\"publisher\":{\"@id\":\"https:\/\/bulliesteashop.com\/#organization\"},\"potentialAction\":[{\"@type\":\"SearchAction\",\"target\":{\"@type\":\"EntryPoint\",\"urlTemplate\":\"https:\/\/bulliesteashop.com\/?s={search_term_string}\"},\"query-input\":{\"@type\":\"PropertyValueSpecification\",\"valueRequired\":true,\"valueName\":\"search_term_string\"}}],\"inLanguage\":\"fr-BE\"},{\"@type\":\"Organization\",\"@id\":\"https:\/\/bulliesteashop.com\/#organization\",\"name\":\"Bullies Tea Shop\",\"url\":\"https:\/\/bulliesteashop.com\/\",\"logo\":{\"@type\":\"ImageObject\",\"inLanguage\":\"fr-BE\",\"@id\":\"https:\/\/bulliesteashop.com\/#\/schema\/logo\/image\/\",\"url\":\"https:\/\/bulliesteashop.com\/wp-content\/uploads\/2023\/07\/bulliesteashop-2.png\",\"contentUrl\":\"https:\/\/bulliesteashop.com\/wp-content\/uploads\/2023\/07\/bulliesteashop-2.png\",\"width\":351,\"height\":337,\"caption\":\"Bullies Tea Shop\"},\"image\":{\"@id\":\"https:\/\/bulliesteashop.com\/#\/schema\/logo\/image\/\"},\"sameAs\":[\"https:\/\/www.facebook.com\/iengelswienkeltje2\/\"]}]}<\/script>\n<!-- \/ Yoast SEO plugin. -->","yoast_head_json":{"title":"Tiptree Green Fig - Bullies Tea Shop","description":"Experience the sweet and tangy goodness of Tiptree Green Fig. Handpicked at their ripest, these figs are packed with natural flavor.","robots":{"index":"index","follow":"follow","max-snippet":"max-snippet:-1","max-image-preview":"max-image-preview:large","max-video-preview":"max-video-preview:-1"},"canonical":"https:\/\/bulliesteashop.com\/fr\/produit\/green-fig\/","og_locale":"fr_FR","og_type":"article","og_title":"Tiptree Green Fig - Bullies Tea Shop","og_description":"Experience the sweet and tangy goodness of Tiptree Green Fig. Handpicked at their ripest, these figs are packed with natural flavor.","og_url":"https:\/\/bulliesteashop.com\/fr\/produit\/green-fig\/","og_site_name":"Bullies Tea Shop","article_publisher":"https:\/\/www.facebook.com\/iengelswienkeltje2\/","article_modified_time":"2025-10-30T09:47:54+00:00","og_image":[{"width":800,"height":800,"url":"https:\/\/bulliesteashop.com\/wp-content\/uploads\/2023\/07\/groene-vijg-340g.jpg","type":"image\/jpeg"}],"twitter_card":"summary_large_image","twitter_misc":{"Dur\u00e9e de lecture est.":"2 minutes"},"schema":{"@context":"https:\/\/schema.org","@graph":[{"@type":"WebPage","@id":"https:\/\/bulliesteashop.com\/product\/green-fig\/","url":"https:\/\/bulliesteashop.com\/product\/green-fig\/","name":"Tiptree Green Fig - Bullies Tea Shop","isPartOf":{"@id":"https:\/\/bulliesteashop.com\/#website"},"primaryImageOfPage":{"@id":"https:\/\/bulliesteashop.com\/product\/green-fig\/#primaryimage"},"image":{"@id":"https:\/\/bulliesteashop.com\/product\/green-fig\/#primaryimage"},"thumbnailUrl":"https:\/\/bulliesteashop.com\/wp-content\/uploads\/2023\/07\/groene-vijg-340g.jpg","datePublished":"2023-07-28T10:02:54+00:00","dateModified":"2025-10-30T09:47:54+00:00","description":"Experience the sweet and tangy goodness of Tiptree Green Fig. Handpicked at their ripest, these figs are packed with natural flavor.","breadcrumb":{"@id":"https:\/\/bulliesteashop.com\/product\/green-fig\/#breadcrumb"},"inLanguage":"fr-BE","potentialAction":[{"@type":"ReadAction","target":["https:\/\/bulliesteashop.com\/product\/green-fig\/"]}]},{"@type":"ImageObject","inLanguage":"fr-BE","@id":"https:\/\/bulliesteashop.com\/product\/green-fig\/#primaryimage","url":"https:\/\/bulliesteashop.com\/wp-content\/uploads\/2023\/07\/groene-vijg-340g.jpg","contentUrl":"https:\/\/bulliesteashop.com\/wp-content\/uploads\/2023\/07\/groene-vijg-340g.jpg","width":800,"height":800,"caption":"Jar of Tiptree Green Fig"},{"@type":"BreadcrumbList","@id":"https:\/\/bulliesteashop.com\/product\/green-fig\/#breadcrumb","itemListElement":[{"@type":"ListItem","position":1,"name":"Home","item":"https:\/\/bulliesteashop.com\/"},{"@type":"ListItem","position":2,"name":"Shop","item":"https:\/\/bulliesteashop.com\/shop\/"},{"@type":"ListItem","position":3,"name":"Tiptree Green Fig"}]},{"@type":"WebSite","@id":"https:\/\/bulliesteashop.com\/#website","url":"https:\/\/bulliesteashop.com\/","name":"Bullies Tea Shop","description":"Online shop for your favourite British and English food and drink products","publisher":{"@id":"https:\/\/bulliesteashop.com\/#organization"},"potentialAction":[{"@type":"SearchAction","target":{"@type":"EntryPoint","urlTemplate":"https:\/\/bulliesteashop.com\/?s={search_term_string}"},"query-input":{"@type":"PropertyValueSpecification","valueRequired":true,"valueName":"search_term_string"}}],"inLanguage":"fr-BE"},{"@type":"Organization","@id":"https:\/\/bulliesteashop.com\/#organization","name":"Bullies Tea Shop","url":"https:\/\/bulliesteashop.com\/","logo":{"@type":"ImageObject","inLanguage":"fr-BE","@id":"https:\/\/bulliesteashop.com\/#\/schema\/logo\/image\/","url":"https:\/\/bulliesteashop.com\/wp-content\/uploads\/2023\/07\/bulliesteashop-2.png","contentUrl":"https:\/\/bulliesteashop.com\/wp-content\/uploads\/2023\/07\/bulliesteashop-2.png","width":351,"height":337,"caption":"Bullies Tea Shop"},"image":{"@id":"https:\/\/bulliesteashop.com\/#\/schema\/logo\/image\/"},"sameAs":["https:\/\/www.facebook.com\/iengelswienkeltje2\/"]}]}},"_links":{"self":[{"href":"https:\/\/bulliesteashop.com\/fr\/wp-json\/wp\/v2\/product\/16245"}],"collection":[{"href":"https:\/\/bulliesteashop.com\/fr\/wp-json\/wp\/v2\/product"}],"about":[{"href":"https:\/\/bulliesteashop.com\/fr\/wp-json\/wp\/v2\/types\/product"}],"replies":[{"embeddable":true,"href":"https:\/\/bulliesteashop.com\/fr\/wp-json\/wp\/v2\/comments?post=16245"}],"wp:featuredmedia":[{"embeddable":true,"href":"https:\/\/bulliesteashop.com\/fr\/wp-json\/wp\/v2\/media\/15759"}],"wp:attachment":[{"href":"https:\/\/bulliesteashop.com\/fr\/wp-json\/wp\/v2\/media?parent=16245"}],"wp:term":[{"taxonomy":"product_brand","embeddable":true,"href":"https:\/\/bulliesteashop.com\/fr\/wp-json\/wp\/v2\/product_brand?post=16245"},{"taxonomy":"product_cat","embeddable":true,"href":"https:\/\/bulliesteashop.com\/fr\/wp-json\/wp\/v2\/product_cat?post=16245"},{"taxonomy":"product_tag","embeddable":true,"href":"https:\/\/bulliesteashop.com\/fr\/wp-json\/wp\/v2\/product_tag?post=16245"}],"curies":[{"name":"wp","href":"https:\/\/api.w.org\/{rel}","templated":true}]}}