{"id":16223,"date":"2023-07-28T11:02:10","date_gmt":"2023-07-28T10:02:10","guid":{"rendered":"https:\/\/bulliesteashop.com\/product\/blackberry-jelly-2\/"},"modified":"2025-10-30T11:44:49","modified_gmt":"2025-10-30T11:44:49","slug":"blackberry-jelly","status":"publish","type":"product","link":"https:\/\/bulliesteashop.com\/fr\/produit\/blackberry-jelly\/","title":{"rendered":"Tiptree Blackberry Jelly"},"content":{"rendered":"<h1>About Tiptree Blackberry Jelly<\/h1>\n<p>D\u00e9couvrez la d\u00e9licieuse blackberry jelly de Tiptree, faite avec les meilleures m\u00fbres cultiv\u00e9es dans leurs propres vergers. Cette tartinade all\u00e9chante est parfaite sur des toasts, des scones ou comme gla\u00e7age pour viandes et fromages. La saveur riche des m\u00fbres fra\u00eeches \u00e9clate \u00e0 chaque cuiller\u00e9e, ce qui en fait un ajout id\u00e9al \u00e0 tout menu de petit-d\u00e9jeuner ou de brunch. L'engagement de Tiptree envers la qualit\u00e9 garantit que leur gel\u00e9e est fabriqu\u00e9e uniquement avec les meilleurs ingr\u00e9dients, sans colorants, ar\u00f4mes ou conservateurs artificiels. Ajoutez une touche de joie \u00e0 votre assiette aujourd'hui avec Tiptree Blackberry Jelly!<\/p>\n<p>D\u00e9couvrez la polyvalence de la blackberry jelly de Tiptree dans vos recettes pr\u00e9f\u00e9r\u00e9es. Elle ajoute une saveur douce et acidul\u00e9e aux plats sal\u00e9s comme le porc ou le poulet, ce qui en fait un excellent choix pour les barbecues et les pique-niques. Dans les desserts, elle se marie parfaitement avec des fromages comme le brie ou le fromage de ch\u00e8vre, cr\u00e9ant une combinaison d\u00e9licieuse de textures et de go\u00fbts. Pour une collation rapide, essayez d'en tartiner sur des crackers ou de l'utiliser comme dip pour des fruits frais. La blackberry jelly de Tiptree n'est pas seulement un incontournable du petit-d\u00e9jeuner; c'est un ingr\u00e9dient polyvalent qui \u00e9l\u00e8vera n'importe quel repas \u00e0 de nouveaux sommets.<\/p>\n<h2>Valeurs Nutritionnelles<\/h2>\n<p>Pour 100g\u00a0: 1140kJ\/267kCal, Lipides 0g, dont satur\u00e9s 0g, Glucides 66g, dont sucres 66g, Prot\u00e9ines 0g, Sel 0g, Sodium 0,01g<\/p>\n<h2>Ingr\u00e9dients<\/h2>\n<p>Jus de M\u00fbre, Sucre, G\u00e9lifiant : Pectine d'Agrumes<\/p>","protected":false},"excerpt":{"rendered":"<p>Laissez-vous tenter par la saveur douce et acidul\u00e9e de la Tiptree\u2019s blackberry jelly, faite avec des baies fra\u00eechement cueillies dans leurs propres vergers. Cette tartinade premium d\u00e9borde de saveur, ce qui en fait un ajout parfait \u00e0 votre routine matinale ou comme collation de l'apr\u00e8s-midi. \u00c9talez-la sur du pain grill\u00e9 chaud et beurr\u00e9 pour un d\u00e9but de journ\u00e9e r\u00e9confortant, ou utilisez-la comme gla\u00e7age pour des fromages et des viandes pour un ap\u00e9ritif sophistiqu\u00e9. L'engagement de Tiptree envers la qualit\u00e9 garantit que leur gel\u00e9e est faite uniquement avec les meilleurs ingr\u00e9dients, sans colorants, ar\u00f4mes ou conservateurs artificiels. Que vous l'appr\u00e9ciiez seule ou dans le cadre de votre recette pr\u00e9f\u00e9r\u00e9e, la Tiptree Blackberry Jelly ravira vos papilles et vous en redemanderez.<\/p>","protected":false},"featured_media":15726,"comment_status":"closed","ping_status":"closed","template":"","meta":[],"product_brand":[],"product_cat":[18],"product_tag":[21,83,23,81,82],"class_list":{"0":"post-16223","1":"product","2":"type-product","3":"status-publish","4":"has-post-thumbnail","6":"product_cat-jam","7":"product_tag-coeliacs","8":"product_tag-dairy-free","9":"product_tag-kosher","10":"product_tag-vegan","11":"product_tag-vegetarian","12":"pa_ean-113","13":"pa_upc-114","15":"first","16":"instock","17":"purchasable","18":"product-type-simple"},"yoast_head":"<!-- This site is optimized with the Yoast SEO plugin v23.4 - https:\/\/yoast.com\/wordpress\/plugins\/seo\/ -->\n<title>Tiptree Blackberry Jelly - Bullies Tea Shop<\/title>\n<meta name=\"description\" content=\"Experience the rich flavor of Tiptree Blackberry Jelly made with fresh berries. Perfect on toast or as a glaze for meats and cheeses.\" \/>\n<meta name=\"robots\" content=\"index, follow, max-snippet:-1, max-image-preview:large, max-video-preview:-1\" \/>\n<link rel=\"canonical\" href=\"https:\/\/bulliesteashop.com\/fr\/produit\/blackberry-jelly\/\" \/>\n<meta property=\"og:locale\" content=\"fr_FR\" \/>\n<meta property=\"og:type\" content=\"article\" \/>\n<meta property=\"og:title\" content=\"Tiptree Blackberry Jelly - Bullies Tea Shop\" \/>\n<meta property=\"og:description\" content=\"Experience the rich flavor of Tiptree Blackberry Jelly made with fresh berries. Perfect on toast or as a glaze for meats and cheeses.\" \/>\n<meta property=\"og:url\" content=\"https:\/\/bulliesteashop.com\/fr\/produit\/blackberry-jelly\/\" \/>\n<meta property=\"og:site_name\" content=\"Bullies Tea Shop\" \/>\n<meta property=\"article:publisher\" content=\"https:\/\/www.facebook.com\/iengelswienkeltje2\/\" \/>\n<meta property=\"article:modified_time\" content=\"2025-10-30T11:44:49+00:00\" \/>\n<meta property=\"og:image\" content=\"https:\/\/bulliesteashop.com\/wp-content\/uploads\/2023\/07\/braambessen-gelei-340g.jpg\" \/>\n\t<meta property=\"og:image:width\" content=\"800\" \/>\n\t<meta property=\"og:image:height\" content=\"800\" \/>\n\t<meta property=\"og:image:type\" content=\"image\/jpeg\" \/>\n<meta name=\"twitter:card\" content=\"summary_large_image\" \/>\n<meta name=\"twitter:label1\" content=\"Dur\u00e9e de lecture est.\" \/>\n\t<meta name=\"twitter:data1\" content=\"2 minutes\" \/>\n<script type=\"application\/ld+json\" class=\"yoast-schema-graph\">{\"@context\":\"https:\/\/schema.org\",\"@graph\":[{\"@type\":\"WebPage\",\"@id\":\"https:\/\/bulliesteashop.com\/product\/blackberry-jelly\/\",\"url\":\"https:\/\/bulliesteashop.com\/product\/blackberry-jelly\/\",\"name\":\"Tiptree Blackberry Jelly - Bullies Tea Shop\",\"isPartOf\":{\"@id\":\"https:\/\/bulliesteashop.com\/#website\"},\"primaryImageOfPage\":{\"@id\":\"https:\/\/bulliesteashop.com\/product\/blackberry-jelly\/#primaryimage\"},\"image\":{\"@id\":\"https:\/\/bulliesteashop.com\/product\/blackberry-jelly\/#primaryimage\"},\"thumbnailUrl\":\"https:\/\/bulliesteashop.com\/wp-content\/uploads\/2023\/07\/braambessen-gelei-340g.jpg\",\"datePublished\":\"2023-07-28T10:02:10+00:00\",\"dateModified\":\"2025-10-30T11:44:49+00:00\",\"description\":\"Experience the rich flavor of Tiptree Blackberry Jelly made with fresh berries. Perfect on toast or as a glaze for meats and cheeses.\",\"breadcrumb\":{\"@id\":\"https:\/\/bulliesteashop.com\/product\/blackberry-jelly\/#breadcrumb\"},\"inLanguage\":\"fr-BE\",\"potentialAction\":[{\"@type\":\"ReadAction\",\"target\":[\"https:\/\/bulliesteashop.com\/product\/blackberry-jelly\/\"]}]},{\"@type\":\"ImageObject\",\"inLanguage\":\"fr-BE\",\"@id\":\"https:\/\/bulliesteashop.com\/product\/blackberry-jelly\/#primaryimage\",\"url\":\"https:\/\/bulliesteashop.com\/wp-content\/uploads\/2023\/07\/braambessen-gelei-340g.jpg\",\"contentUrl\":\"https:\/\/bulliesteashop.com\/wp-content\/uploads\/2023\/07\/braambessen-gelei-340g.jpg\",\"width\":800,\"height\":800},{\"@type\":\"BreadcrumbList\",\"@id\":\"https:\/\/bulliesteashop.com\/product\/blackberry-jelly\/#breadcrumb\",\"itemListElement\":[{\"@type\":\"ListItem\",\"position\":1,\"name\":\"Home\",\"item\":\"https:\/\/bulliesteashop.com\/\"},{\"@type\":\"ListItem\",\"position\":2,\"name\":\"Shop\",\"item\":\"https:\/\/bulliesteashop.com\/shop\/\"},{\"@type\":\"ListItem\",\"position\":3,\"name\":\"Tiptree Blackberry Jelly\"}]},{\"@type\":\"WebSite\",\"@id\":\"https:\/\/bulliesteashop.com\/#website\",\"url\":\"https:\/\/bulliesteashop.com\/\",\"name\":\"Bullies Tea Shop\",\"description\":\"Online shop for your favourite British and English food and drink products\",\"publisher\":{\"@id\":\"https:\/\/bulliesteashop.com\/#organization\"},\"potentialAction\":[{\"@type\":\"SearchAction\",\"target\":{\"@type\":\"EntryPoint\",\"urlTemplate\":\"https:\/\/bulliesteashop.com\/?s={search_term_string}\"},\"query-input\":{\"@type\":\"PropertyValueSpecification\",\"valueRequired\":true,\"valueName\":\"search_term_string\"}}],\"inLanguage\":\"fr-BE\"},{\"@type\":\"Organization\",\"@id\":\"https:\/\/bulliesteashop.com\/#organization\",\"name\":\"Bullies Tea Shop\",\"url\":\"https:\/\/bulliesteashop.com\/\",\"logo\":{\"@type\":\"ImageObject\",\"inLanguage\":\"fr-BE\",\"@id\":\"https:\/\/bulliesteashop.com\/#\/schema\/logo\/image\/\",\"url\":\"https:\/\/bulliesteashop.com\/wp-content\/uploads\/2023\/07\/bulliesteashop-2.png\",\"contentUrl\":\"https:\/\/bulliesteashop.com\/wp-content\/uploads\/2023\/07\/bulliesteashop-2.png\",\"width\":351,\"height\":337,\"caption\":\"Bullies Tea Shop\"},\"image\":{\"@id\":\"https:\/\/bulliesteashop.com\/#\/schema\/logo\/image\/\"},\"sameAs\":[\"https:\/\/www.facebook.com\/iengelswienkeltje2\/\"]}]}<\/script>\n<!-- \/ Yoast SEO plugin. -->","yoast_head_json":{"title":"Tiptree Blackberry Jelly - Bullies Tea Shop","description":"Experience the rich flavor of Tiptree Blackberry Jelly made with fresh berries. Perfect on toast or as a glaze for meats and cheeses.","robots":{"index":"index","follow":"follow","max-snippet":"max-snippet:-1","max-image-preview":"max-image-preview:large","max-video-preview":"max-video-preview:-1"},"canonical":"https:\/\/bulliesteashop.com\/fr\/produit\/blackberry-jelly\/","og_locale":"fr_FR","og_type":"article","og_title":"Tiptree Blackberry Jelly - Bullies Tea Shop","og_description":"Experience the rich flavor of Tiptree Blackberry Jelly made with fresh berries. Perfect on toast or as a glaze for meats and cheeses.","og_url":"https:\/\/bulliesteashop.com\/fr\/produit\/blackberry-jelly\/","og_site_name":"Bullies Tea Shop","article_publisher":"https:\/\/www.facebook.com\/iengelswienkeltje2\/","article_modified_time":"2025-10-30T11:44:49+00:00","og_image":[{"width":800,"height":800,"url":"https:\/\/bulliesteashop.com\/wp-content\/uploads\/2023\/07\/braambessen-gelei-340g.jpg","type":"image\/jpeg"}],"twitter_card":"summary_large_image","twitter_misc":{"Dur\u00e9e de lecture est.":"2 minutes"},"schema":{"@context":"https:\/\/schema.org","@graph":[{"@type":"WebPage","@id":"https:\/\/bulliesteashop.com\/product\/blackberry-jelly\/","url":"https:\/\/bulliesteashop.com\/product\/blackberry-jelly\/","name":"Tiptree Blackberry Jelly - Bullies Tea Shop","isPartOf":{"@id":"https:\/\/bulliesteashop.com\/#website"},"primaryImageOfPage":{"@id":"https:\/\/bulliesteashop.com\/product\/blackberry-jelly\/#primaryimage"},"image":{"@id":"https:\/\/bulliesteashop.com\/product\/blackberry-jelly\/#primaryimage"},"thumbnailUrl":"https:\/\/bulliesteashop.com\/wp-content\/uploads\/2023\/07\/braambessen-gelei-340g.jpg","datePublished":"2023-07-28T10:02:10+00:00","dateModified":"2025-10-30T11:44:49+00:00","description":"Experience the rich flavor of Tiptree Blackberry Jelly made with fresh berries. Perfect on toast or as a glaze for meats and cheeses.","breadcrumb":{"@id":"https:\/\/bulliesteashop.com\/product\/blackberry-jelly\/#breadcrumb"},"inLanguage":"fr-BE","potentialAction":[{"@type":"ReadAction","target":["https:\/\/bulliesteashop.com\/product\/blackberry-jelly\/"]}]},{"@type":"ImageObject","inLanguage":"fr-BE","@id":"https:\/\/bulliesteashop.com\/product\/blackberry-jelly\/#primaryimage","url":"https:\/\/bulliesteashop.com\/wp-content\/uploads\/2023\/07\/braambessen-gelei-340g.jpg","contentUrl":"https:\/\/bulliesteashop.com\/wp-content\/uploads\/2023\/07\/braambessen-gelei-340g.jpg","width":800,"height":800},{"@type":"BreadcrumbList","@id":"https:\/\/bulliesteashop.com\/product\/blackberry-jelly\/#breadcrumb","itemListElement":[{"@type":"ListItem","position":1,"name":"Home","item":"https:\/\/bulliesteashop.com\/"},{"@type":"ListItem","position":2,"name":"Shop","item":"https:\/\/bulliesteashop.com\/shop\/"},{"@type":"ListItem","position":3,"name":"Tiptree Blackberry Jelly"}]},{"@type":"WebSite","@id":"https:\/\/bulliesteashop.com\/#website","url":"https:\/\/bulliesteashop.com\/","name":"Bullies Tea Shop","description":"Online shop for your favourite British and English food and drink products","publisher":{"@id":"https:\/\/bulliesteashop.com\/#organization"},"potentialAction":[{"@type":"SearchAction","target":{"@type":"EntryPoint","urlTemplate":"https:\/\/bulliesteashop.com\/?s={search_term_string}"},"query-input":{"@type":"PropertyValueSpecification","valueRequired":true,"valueName":"search_term_string"}}],"inLanguage":"fr-BE"},{"@type":"Organization","@id":"https:\/\/bulliesteashop.com\/#organization","name":"Bullies Tea Shop","url":"https:\/\/bulliesteashop.com\/","logo":{"@type":"ImageObject","inLanguage":"fr-BE","@id":"https:\/\/bulliesteashop.com\/#\/schema\/logo\/image\/","url":"https:\/\/bulliesteashop.com\/wp-content\/uploads\/2023\/07\/bulliesteashop-2.png","contentUrl":"https:\/\/bulliesteashop.com\/wp-content\/uploads\/2023\/07\/bulliesteashop-2.png","width":351,"height":337,"caption":"Bullies Tea Shop"},"image":{"@id":"https:\/\/bulliesteashop.com\/#\/schema\/logo\/image\/"},"sameAs":["https:\/\/www.facebook.com\/iengelswienkeltje2\/"]}]}},"_links":{"self":[{"href":"https:\/\/bulliesteashop.com\/fr\/wp-json\/wp\/v2\/product\/16223"}],"collection":[{"href":"https:\/\/bulliesteashop.com\/fr\/wp-json\/wp\/v2\/product"}],"about":[{"href":"https:\/\/bulliesteashop.com\/fr\/wp-json\/wp\/v2\/types\/product"}],"replies":[{"embeddable":true,"href":"https:\/\/bulliesteashop.com\/fr\/wp-json\/wp\/v2\/comments?post=16223"}],"wp:featuredmedia":[{"embeddable":true,"href":"https:\/\/bulliesteashop.com\/fr\/wp-json\/wp\/v2\/media\/15726"}],"wp:attachment":[{"href":"https:\/\/bulliesteashop.com\/fr\/wp-json\/wp\/v2\/media?parent=16223"}],"wp:term":[{"taxonomy":"product_brand","embeddable":true,"href":"https:\/\/bulliesteashop.com\/fr\/wp-json\/wp\/v2\/product_brand?post=16223"},{"taxonomy":"product_cat","embeddable":true,"href":"https:\/\/bulliesteashop.com\/fr\/wp-json\/wp\/v2\/product_cat?post=16223"},{"taxonomy":"product_tag","embeddable":true,"href":"https:\/\/bulliesteashop.com\/fr\/wp-json\/wp\/v2\/product_tag?post=16223"}],"curies":[{"name":"wp","href":"https:\/\/api.w.org\/{rel}","templated":true}]}}