{"id":16217,"date":"2023-07-28T11:00:29","date_gmt":"2023-07-28T10:00:29","guid":{"rendered":"https:\/\/bulliesteashop.com\/product\/black-cherry-340g-2\/"},"modified":"2025-12-05T18:45:33","modified_gmt":"2025-12-05T18:45:33","slug":"black-cherry-340g","status":"publish","type":"product","link":"https:\/\/bulliesteashop.com\/fr\/produit\/black-cherry-340g\/","title":{"rendered":"Tiptree Black Cherry 340g"},"content":{"rendered":"<h1>About Tiptree Black Cherry<\/h1>\n<p>\"Tiptree Black Cherry Conserve est une confiture luxueuse faite avec les meilleures cerises noires dodues. Chaque pot r\u00e9v\u00e8le la saveur profonde et riche des cerises parfaitement m\u00fbries, choisies pour leur douceur exceptionnelle. Les cerises sont doucement cuites pour pr\u00e9server leur go\u00fbt et leur texture naturels, cr\u00e9ant une confiture \u00e0 la fois d\u00e9licieuse et visuellement attrayante. L'apparence sombre et brillante sugg\u00e8re une saveur intense de cerise, promettant une exp\u00e9rience d\u00e9licieuse \u00e0 chaque cuiller\u00e9e.<\/p>\n<p>\u00c9talez Tiptree Black Cherry Conserve sur des toasts, des scones ou des croissants pour une touche de gourmandise au petit-d\u00e9jeuner ou au go\u00fbter. Sa texture luxuriante et son go\u00fbt vibrant de cerise en font un nappage id\u00e9al pour les cr\u00eapes ou les gaufres. Utilisez-la comme garniture pour les g\u00e2teaux, les tartes et les p\u00e2tisseries pour ajouter une explosion de saveur fruit\u00e9e. L'engagement de Tiptree envers la qualit\u00e9 garantit que chaque pot est fabriqu\u00e9 avec soin, pr\u00e9servant le go\u00fbt authentique des cerises. Profitez du m\u00e9lange harmonieux de douceur et de l\u00e9g\u00e8re acidit\u00e9 qui fait de cette confiture un vrai d\u00e9lice pour les amateurs de cerises.<\/p>\n<h2>Valeurs Nutritionnelles<\/h2>\n<p>Pour 100g\u00a0: 1140kJ\/270kCal, Lipides 0g, dont satur\u00e9s 0g, Glucides 66g, dont sucres 66g, Prot\u00e9ines 0g, Sel 0g, Sodium 0g<\/p>\n<h2>Ingr\u00e9dients<\/h2>\n<p>Sucre, Cerises noires, G\u00e9lifiant : Pectine d'agrumes R\u00e9gulateur d'acidit\u00e9 : Acide citrique<\/p>","protected":false},"excerpt":{"rendered":"<p>Tiptree Black Cherry Conserve est une confiture luxueuse faite avec les meilleures cerises noires dodues, s\u00e9lectionn\u00e9es pour leur douceur exceptionnelle. Cette confiture riche et brillante capture la saveur profonde et authentique des cerises parfaitement m\u00fbries, offrant une exp\u00e9rience d\u00e9licieuse \u00e0 chaque cuiller\u00e9e. Parfait pour tartiner sur des toasts, des scones ou des croissants, elle ajoute une touche de gourmandise \u00e0 votre petit-d\u00e9jeuner ou \u00e0 votre th\u00e9 de l'apr\u00e8s-midi. Sa nature polyvalente la rend \u00e9galement id\u00e9ale pour garnir g\u00e2teaux, tartes et p\u00e2tisseries. L'engagement de Tiptree envers la qualit\u00e9 garantit que chaque pot offre le m\u00e9lange harmonieux de douceur et de subtile acidit\u00e9 que les amateurs de cerises adorent.<\/p>","protected":false},"featured_media":15717,"comment_status":"closed","ping_status":"closed","template":"","meta":[],"product_brand":[],"product_cat":[18],"product_tag":[21,83,22,23,81,82],"class_list":{"0":"post-16217","1":"product","2":"type-product","3":"status-publish","4":"has-post-thumbnail","6":"product_cat-jam","7":"product_tag-coeliacs","8":"product_tag-dairy-free","9":"product_tag-halal","10":"product_tag-kosher","11":"product_tag-vegan","12":"product_tag-vegetarian","13":"pa_ean-108","14":"pa_upc-109","16":"first","17":"instock","18":"purchasable","19":"product-type-simple"},"yoast_head":"<!-- This site is optimized with the Yoast SEO plugin v23.4 - https:\/\/yoast.com\/wordpress\/plugins\/seo\/ -->\n<title>Tiptree Black Cherry 340g - Bullies Tea Shop<\/title>\n<meta name=\"description\" content=\"Tiptree Black Cherry Conserve is a luxurious preserve made with the finest, plump black cherries promising a delightful experience with every spoonful.\" \/>\n<meta name=\"robots\" content=\"index, follow, max-snippet:-1, max-image-preview:large, max-video-preview:-1\" \/>\n<link rel=\"canonical\" href=\"https:\/\/bulliesteashop.com\/fr\/produit\/black-cherry-340g\/\" \/>\n<meta property=\"og:locale\" content=\"fr_FR\" \/>\n<meta property=\"og:type\" content=\"article\" \/>\n<meta property=\"og:title\" content=\"Tiptree Black Cherry 340g - Bullies Tea Shop\" \/>\n<meta property=\"og:description\" content=\"Tiptree Black Cherry Conserve is a luxurious preserve made with the finest, plump black cherries promising a delightful experience with every spoonful.\" \/>\n<meta property=\"og:url\" content=\"https:\/\/bulliesteashop.com\/fr\/produit\/black-cherry-340g\/\" \/>\n<meta property=\"og:site_name\" content=\"Bullies Tea Shop\" \/>\n<meta property=\"article:publisher\" content=\"https:\/\/www.facebook.com\/iengelswienkeltje2\/\" \/>\n<meta property=\"article:modified_time\" content=\"2025-12-05T18:45:33+00:00\" \/>\n<meta property=\"og:image\" content=\"https:\/\/bulliesteashop.com\/wp-content\/uploads\/2023\/07\/zwarte-kers-340g.jpg\" \/>\n\t<meta property=\"og:image:width\" content=\"800\" \/>\n\t<meta property=\"og:image:height\" content=\"800\" \/>\n\t<meta property=\"og:image:type\" content=\"image\/jpeg\" \/>\n<meta name=\"twitter:card\" content=\"summary_large_image\" \/>\n<meta name=\"twitter:label1\" content=\"Dur\u00e9e de lecture est.\" \/>\n\t<meta name=\"twitter:data1\" content=\"2 minutes\" \/>\n<script type=\"application\/ld+json\" class=\"yoast-schema-graph\">{\"@context\":\"https:\/\/schema.org\",\"@graph\":[{\"@type\":\"WebPage\",\"@id\":\"https:\/\/bulliesteashop.com\/product\/black-cherry-340g\/\",\"url\":\"https:\/\/bulliesteashop.com\/product\/black-cherry-340g\/\",\"name\":\"Tiptree Black Cherry 340g - Bullies Tea Shop\",\"isPartOf\":{\"@id\":\"https:\/\/bulliesteashop.com\/#website\"},\"primaryImageOfPage\":{\"@id\":\"https:\/\/bulliesteashop.com\/product\/black-cherry-340g\/#primaryimage\"},\"image\":{\"@id\":\"https:\/\/bulliesteashop.com\/product\/black-cherry-340g\/#primaryimage\"},\"thumbnailUrl\":\"https:\/\/bulliesteashop.com\/wp-content\/uploads\/2023\/07\/zwarte-kers-340g.jpg\",\"datePublished\":\"2023-07-28T10:00:29+00:00\",\"dateModified\":\"2025-12-05T18:45:33+00:00\",\"description\":\"Tiptree Black Cherry Conserve is a luxurious preserve made with the finest, plump black cherries promising a delightful experience with every spoonful.\",\"breadcrumb\":{\"@id\":\"https:\/\/bulliesteashop.com\/product\/black-cherry-340g\/#breadcrumb\"},\"inLanguage\":\"fr-BE\",\"potentialAction\":[{\"@type\":\"ReadAction\",\"target\":[\"https:\/\/bulliesteashop.com\/product\/black-cherry-340g\/\"]}]},{\"@type\":\"ImageObject\",\"inLanguage\":\"fr-BE\",\"@id\":\"https:\/\/bulliesteashop.com\/product\/black-cherry-340g\/#primaryimage\",\"url\":\"https:\/\/bulliesteashop.com\/wp-content\/uploads\/2023\/07\/zwarte-kers-340g.jpg\",\"contentUrl\":\"https:\/\/bulliesteashop.com\/wp-content\/uploads\/2023\/07\/zwarte-kers-340g.jpg\",\"width\":800,\"height\":800},{\"@type\":\"BreadcrumbList\",\"@id\":\"https:\/\/bulliesteashop.com\/product\/black-cherry-340g\/#breadcrumb\",\"itemListElement\":[{\"@type\":\"ListItem\",\"position\":1,\"name\":\"Home\",\"item\":\"https:\/\/bulliesteashop.com\/\"},{\"@type\":\"ListItem\",\"position\":2,\"name\":\"Shop\",\"item\":\"https:\/\/bulliesteashop.com\/shop\/\"},{\"@type\":\"ListItem\",\"position\":3,\"name\":\"Tiptree Black Cherry 340g\"}]},{\"@type\":\"WebSite\",\"@id\":\"https:\/\/bulliesteashop.com\/#website\",\"url\":\"https:\/\/bulliesteashop.com\/\",\"name\":\"Bullies Tea Shop\",\"description\":\"Online shop for your favourite British and English food and drink products\",\"publisher\":{\"@id\":\"https:\/\/bulliesteashop.com\/#organization\"},\"potentialAction\":[{\"@type\":\"SearchAction\",\"target\":{\"@type\":\"EntryPoint\",\"urlTemplate\":\"https:\/\/bulliesteashop.com\/?s={search_term_string}\"},\"query-input\":{\"@type\":\"PropertyValueSpecification\",\"valueRequired\":true,\"valueName\":\"search_term_string\"}}],\"inLanguage\":\"fr-BE\"},{\"@type\":\"Organization\",\"@id\":\"https:\/\/bulliesteashop.com\/#organization\",\"name\":\"Bullies Tea Shop\",\"url\":\"https:\/\/bulliesteashop.com\/\",\"logo\":{\"@type\":\"ImageObject\",\"inLanguage\":\"fr-BE\",\"@id\":\"https:\/\/bulliesteashop.com\/#\/schema\/logo\/image\/\",\"url\":\"https:\/\/bulliesteashop.com\/wp-content\/uploads\/2023\/07\/bulliesteashop-2.png\",\"contentUrl\":\"https:\/\/bulliesteashop.com\/wp-content\/uploads\/2023\/07\/bulliesteashop-2.png\",\"width\":351,\"height\":337,\"caption\":\"Bullies Tea Shop\"},\"image\":{\"@id\":\"https:\/\/bulliesteashop.com\/#\/schema\/logo\/image\/\"},\"sameAs\":[\"https:\/\/www.facebook.com\/iengelswienkeltje2\/\"]}]}<\/script>\n<!-- \/ Yoast SEO plugin. -->","yoast_head_json":{"title":"Tiptree Black Cherry 340g - Bullies Tea Shop","description":"Tiptree Black Cherry Conserve is a luxurious preserve made with the finest, plump black cherries promising a delightful experience with every spoonful.","robots":{"index":"index","follow":"follow","max-snippet":"max-snippet:-1","max-image-preview":"max-image-preview:large","max-video-preview":"max-video-preview:-1"},"canonical":"https:\/\/bulliesteashop.com\/fr\/produit\/black-cherry-340g\/","og_locale":"fr_FR","og_type":"article","og_title":"Tiptree Black Cherry 340g - Bullies Tea Shop","og_description":"Tiptree Black Cherry Conserve is a luxurious preserve made with the finest, plump black cherries promising a delightful experience with every spoonful.","og_url":"https:\/\/bulliesteashop.com\/fr\/produit\/black-cherry-340g\/","og_site_name":"Bullies Tea Shop","article_publisher":"https:\/\/www.facebook.com\/iengelswienkeltje2\/","article_modified_time":"2025-12-05T18:45:33+00:00","og_image":[{"width":800,"height":800,"url":"https:\/\/bulliesteashop.com\/wp-content\/uploads\/2023\/07\/zwarte-kers-340g.jpg","type":"image\/jpeg"}],"twitter_card":"summary_large_image","twitter_misc":{"Dur\u00e9e de lecture est.":"2 minutes"},"schema":{"@context":"https:\/\/schema.org","@graph":[{"@type":"WebPage","@id":"https:\/\/bulliesteashop.com\/product\/black-cherry-340g\/","url":"https:\/\/bulliesteashop.com\/product\/black-cherry-340g\/","name":"Tiptree Black Cherry 340g - Bullies Tea Shop","isPartOf":{"@id":"https:\/\/bulliesteashop.com\/#website"},"primaryImageOfPage":{"@id":"https:\/\/bulliesteashop.com\/product\/black-cherry-340g\/#primaryimage"},"image":{"@id":"https:\/\/bulliesteashop.com\/product\/black-cherry-340g\/#primaryimage"},"thumbnailUrl":"https:\/\/bulliesteashop.com\/wp-content\/uploads\/2023\/07\/zwarte-kers-340g.jpg","datePublished":"2023-07-28T10:00:29+00:00","dateModified":"2025-12-05T18:45:33+00:00","description":"Tiptree Black Cherry Conserve is a luxurious preserve made with the finest, plump black cherries promising a delightful experience with every spoonful.","breadcrumb":{"@id":"https:\/\/bulliesteashop.com\/product\/black-cherry-340g\/#breadcrumb"},"inLanguage":"fr-BE","potentialAction":[{"@type":"ReadAction","target":["https:\/\/bulliesteashop.com\/product\/black-cherry-340g\/"]}]},{"@type":"ImageObject","inLanguage":"fr-BE","@id":"https:\/\/bulliesteashop.com\/product\/black-cherry-340g\/#primaryimage","url":"https:\/\/bulliesteashop.com\/wp-content\/uploads\/2023\/07\/zwarte-kers-340g.jpg","contentUrl":"https:\/\/bulliesteashop.com\/wp-content\/uploads\/2023\/07\/zwarte-kers-340g.jpg","width":800,"height":800},{"@type":"BreadcrumbList","@id":"https:\/\/bulliesteashop.com\/product\/black-cherry-340g\/#breadcrumb","itemListElement":[{"@type":"ListItem","position":1,"name":"Home","item":"https:\/\/bulliesteashop.com\/"},{"@type":"ListItem","position":2,"name":"Shop","item":"https:\/\/bulliesteashop.com\/shop\/"},{"@type":"ListItem","position":3,"name":"Tiptree Black Cherry 340g"}]},{"@type":"WebSite","@id":"https:\/\/bulliesteashop.com\/#website","url":"https:\/\/bulliesteashop.com\/","name":"Bullies Tea Shop","description":"Online shop for your favourite British and English food and drink products","publisher":{"@id":"https:\/\/bulliesteashop.com\/#organization"},"potentialAction":[{"@type":"SearchAction","target":{"@type":"EntryPoint","urlTemplate":"https:\/\/bulliesteashop.com\/?s={search_term_string}"},"query-input":{"@type":"PropertyValueSpecification","valueRequired":true,"valueName":"search_term_string"}}],"inLanguage":"fr-BE"},{"@type":"Organization","@id":"https:\/\/bulliesteashop.com\/#organization","name":"Bullies Tea Shop","url":"https:\/\/bulliesteashop.com\/","logo":{"@type":"ImageObject","inLanguage":"fr-BE","@id":"https:\/\/bulliesteashop.com\/#\/schema\/logo\/image\/","url":"https:\/\/bulliesteashop.com\/wp-content\/uploads\/2023\/07\/bulliesteashop-2.png","contentUrl":"https:\/\/bulliesteashop.com\/wp-content\/uploads\/2023\/07\/bulliesteashop-2.png","width":351,"height":337,"caption":"Bullies Tea Shop"},"image":{"@id":"https:\/\/bulliesteashop.com\/#\/schema\/logo\/image\/"},"sameAs":["https:\/\/www.facebook.com\/iengelswienkeltje2\/"]}]}},"_links":{"self":[{"href":"https:\/\/bulliesteashop.com\/fr\/wp-json\/wp\/v2\/product\/16217"}],"collection":[{"href":"https:\/\/bulliesteashop.com\/fr\/wp-json\/wp\/v2\/product"}],"about":[{"href":"https:\/\/bulliesteashop.com\/fr\/wp-json\/wp\/v2\/types\/product"}],"replies":[{"embeddable":true,"href":"https:\/\/bulliesteashop.com\/fr\/wp-json\/wp\/v2\/comments?post=16217"}],"wp:featuredmedia":[{"embeddable":true,"href":"https:\/\/bulliesteashop.com\/fr\/wp-json\/wp\/v2\/media\/15717"}],"wp:attachment":[{"href":"https:\/\/bulliesteashop.com\/fr\/wp-json\/wp\/v2\/media?parent=16217"}],"wp:term":[{"taxonomy":"product_brand","embeddable":true,"href":"https:\/\/bulliesteashop.com\/fr\/wp-json\/wp\/v2\/product_brand?post=16217"},{"taxonomy":"product_cat","embeddable":true,"href":"https:\/\/bulliesteashop.com\/fr\/wp-json\/wp\/v2\/product_cat?post=16217"},{"taxonomy":"product_tag","embeddable":true,"href":"https:\/\/bulliesteashop.com\/fr\/wp-json\/wp\/v2\/product_tag?post=16217"}],"curies":[{"name":"wp","href":"https:\/\/api.w.org\/{rel}","templated":true}]}}