{"id":16213,"date":"2023-07-28T11:00:29","date_gmt":"2023-07-28T10:00:29","guid":{"rendered":"https:\/\/bulliesteashop.com\/product\/victoria-plum-2\/"},"modified":"2025-02-04T13:50:01","modified_gmt":"2025-02-04T13:50:01","slug":"victoria-plum","status":"publish","type":"product","link":"https:\/\/bulliesteashop.com\/fr\/produit\/victoria-plum\/","title":{"rendered":"Tiptree Victoria Plum"},"content":{"rendered":"<h1>About Tiptree Victoria Plum<\/h1>\n<p>Tiptree Victoria Plum Conserve est un v\u00e9ritable classique britannique, \u00e9labor\u00e9 avec des prunes Victoria cultiv\u00e9es \u00e0 la ferme Tiptree. Chaque prune est soigneusement tri\u00e9e \u00e0 la main et d\u00e9noyaut\u00e9e pour garantir la meilleure qualit\u00e9. Ces prunes sont ensuite cuites pour cr\u00e9er une confiture d'une couleur brun-rouge profond distinctive. Le r\u00e9sultat est une confiture \u00e0 la texture pleine qui capture l'essence des prunes m\u00fbres et juteuses. Avec sa saveur d\u00e9licieusement sucr\u00e9e, cette confiture apporte une touche de gourmandise \u00e0 chaque repas. L'engagement de Tiptree envers les m\u00e9thodes traditionnelles et les ingr\u00e9dients de qualit\u00e9 est \u00e9vident dans chaque pot.<\/p>\n<p>Parfait pour tartiner sur des toasts, des scones ou des crumpets, Tiptree Victoria Plum Conserve ajoute une saveur riche et fruit\u00e9e \u00e0 votre petit-d\u00e9jeuner ou \u00e0 votre th\u00e9 de l'apr\u00e8s-midi. Sa texture \u00e9paisse et onctueuse la rend \u00e9galement id\u00e9ale pour une utilisation comme garniture dans les g\u00e2teaux et les p\u00e2tisseries. La douceur naturelle des prunes Victoria brille \u00e0 travers, rendant chaque bouch\u00e9e une exp\u00e9rience d\u00e9licieuse. L'engagement de Tiptree envers l'artisanat garantit que cette confiture conserve le go\u00fbt authentique des prunes, sans colorants, ar\u00f4mes ni conservateurs artificiels. Savourez cette saveur luxueuse et \u00e9levez vos cr\u00e9ations culinaires avec cette confiture exquise.<\/p>\n<h2>Valeurs Nutritionnelles<\/h2>\n<p>Pour 100g : 1139 kJ\/269 kCal, Lipides 0g, dont satur\u00e9s 0g, Glucides 66g, dont sucres 66g, Prot\u00e9ines 0g, Sel 0,04g, Sodium 0,01g<\/p>\n<h2>Ingr\u00e9dients<\/h2>\n<p>Sucre, Prunes Victoria, G\u00e9lifiant : Pectine d'Agrumes, R\u00e9gulateur d'acidit\u00e9 : Citrate de Sodium<\/p>","protected":false},"excerpt":{"rendered":"<div class=\"flex flex-grow flex-col max-w-full\">\n<div class=\"min-h-[20px] text-message flex flex-col items-start whitespace-pre-wrap break-words [.text-message+&amp;]:mt-5 juice:w-full juice:items-end overflow-x-auto gap-2\" dir=\"auto\" data-message-author-role=\"assistant\" data-message-id=\"7bdaec51-b58e-460c-a4c1-88c67ddd58cf\">\n<div class=\"flex w-full flex-col gap-1 juice:empty:hidden juice:first:pt-[3px]\">\n<div class=\"markdown prose w-full break-words dark:prose-invert light\">\n<p>Tiptree Victoria Plum Conserve est un classique britannique \u00e9labor\u00e9 avec des prunes Victoria tri\u00e9es \u00e0 la main de la ferme Tiptree. Cette confiture d'un brun rouge profond offre une saveur riche et sucr\u00e9e ainsi qu'une texture pleine, parfaite \u00e0 \u00e9taler sur des toasts, des scones ou \u00e0 utiliser comme garniture dans des g\u00e2teaux et p\u00e2tisseries. Profitez du go\u00fbt authentique des prunes m\u00fbres et juteuses dans chaque pot, sans colorants, ar\u00f4mes ni conservateurs artificiels.<\/p>\n<\/div>\n<\/div>\n<\/div>\n<\/div>","protected":false},"featured_media":15711,"comment_status":"closed","ping_status":"closed","template":"","meta":[],"product_brand":[],"product_cat":[18],"product_tag":[21,83,23,81,82],"class_list":{"0":"post-16213","1":"product","2":"type-product","3":"status-publish","4":"has-post-thumbnail","6":"product_cat-jam","7":"product_tag-coeliacs","8":"product_tag-dairy-free","9":"product_tag-kosher","10":"product_tag-vegan","11":"product_tag-vegetarian","12":"pa_upc-105","14":"first","15":"instock","16":"purchasable","17":"product-type-simple"},"yoast_head":"<!-- This site is optimized with the Yoast SEO plugin v23.4 - https:\/\/yoast.com\/wordpress\/plugins\/seo\/ -->\n<title>Tiptree Victoria Plum - Bullies Tea Shop<\/title>\n<meta name=\"description\" content=\"Tiptree Victoria Plum Conserve is a British classic made with hand-sorted Victoria plums. This deep red-brown preserve offers a rich, sweet flavor.\" \/>\n<meta name=\"robots\" content=\"index, follow, max-snippet:-1, max-image-preview:large, max-video-preview:-1\" \/>\n<link rel=\"canonical\" href=\"https:\/\/bulliesteashop.com\/fr\/produit\/victoria-plum\/\" \/>\n<meta property=\"og:locale\" content=\"fr_FR\" \/>\n<meta property=\"og:type\" content=\"article\" \/>\n<meta property=\"og:title\" content=\"Tiptree Victoria Plum - Bullies Tea Shop\" \/>\n<meta property=\"og:description\" content=\"Tiptree Victoria Plum Conserve is a British classic made with hand-sorted Victoria plums. This deep red-brown preserve offers a rich, sweet flavor.\" \/>\n<meta property=\"og:url\" content=\"https:\/\/bulliesteashop.com\/fr\/produit\/victoria-plum\/\" \/>\n<meta property=\"og:site_name\" content=\"Bullies Tea Shop\" \/>\n<meta property=\"article:publisher\" content=\"https:\/\/www.facebook.com\/iengelswienkeltje2\/\" \/>\n<meta property=\"article:modified_time\" content=\"2025-02-04T13:50:01+00:00\" \/>\n<meta property=\"og:image\" content=\"https:\/\/bulliesteashop.com\/wp-content\/uploads\/2023\/07\/victoria-plum-340g.jpg\" \/>\n\t<meta property=\"og:image:width\" content=\"800\" \/>\n\t<meta property=\"og:image:height\" content=\"800\" \/>\n\t<meta property=\"og:image:type\" content=\"image\/jpeg\" \/>\n<meta name=\"twitter:card\" content=\"summary_large_image\" \/>\n<meta name=\"twitter:label1\" content=\"Dur\u00e9e de lecture est.\" \/>\n\t<meta name=\"twitter:data1\" content=\"2 minutes\" \/>\n<script type=\"application\/ld+json\" class=\"yoast-schema-graph\">{\"@context\":\"https:\/\/schema.org\",\"@graph\":[{\"@type\":\"WebPage\",\"@id\":\"https:\/\/bulliesteashop.com\/product\/victoria-plum\/\",\"url\":\"https:\/\/bulliesteashop.com\/product\/victoria-plum\/\",\"name\":\"Tiptree Victoria Plum - Bullies Tea Shop\",\"isPartOf\":{\"@id\":\"https:\/\/bulliesteashop.com\/#website\"},\"primaryImageOfPage\":{\"@id\":\"https:\/\/bulliesteashop.com\/product\/victoria-plum\/#primaryimage\"},\"image\":{\"@id\":\"https:\/\/bulliesteashop.com\/product\/victoria-plum\/#primaryimage\"},\"thumbnailUrl\":\"https:\/\/bulliesteashop.com\/wp-content\/uploads\/2023\/07\/victoria-plum-340g.jpg\",\"datePublished\":\"2023-07-28T10:00:29+00:00\",\"dateModified\":\"2025-02-04T13:50:01+00:00\",\"description\":\"Tiptree Victoria Plum Conserve is a British classic made with hand-sorted Victoria plums. This deep red-brown preserve offers a rich, sweet flavor.\",\"breadcrumb\":{\"@id\":\"https:\/\/bulliesteashop.com\/product\/victoria-plum\/#breadcrumb\"},\"inLanguage\":\"fr-BE\",\"potentialAction\":[{\"@type\":\"ReadAction\",\"target\":[\"https:\/\/bulliesteashop.com\/product\/victoria-plum\/\"]}]},{\"@type\":\"ImageObject\",\"inLanguage\":\"fr-BE\",\"@id\":\"https:\/\/bulliesteashop.com\/product\/victoria-plum\/#primaryimage\",\"url\":\"https:\/\/bulliesteashop.com\/wp-content\/uploads\/2023\/07\/victoria-plum-340g.jpg\",\"contentUrl\":\"https:\/\/bulliesteashop.com\/wp-content\/uploads\/2023\/07\/victoria-plum-340g.jpg\",\"width\":800,\"height\":800},{\"@type\":\"BreadcrumbList\",\"@id\":\"https:\/\/bulliesteashop.com\/product\/victoria-plum\/#breadcrumb\",\"itemListElement\":[{\"@type\":\"ListItem\",\"position\":1,\"name\":\"Home\",\"item\":\"https:\/\/bulliesteashop.com\/\"},{\"@type\":\"ListItem\",\"position\":2,\"name\":\"Shop\",\"item\":\"https:\/\/bulliesteashop.com\/shop\/\"},{\"@type\":\"ListItem\",\"position\":3,\"name\":\"Tiptree Victoria Plum\"}]},{\"@type\":\"WebSite\",\"@id\":\"https:\/\/bulliesteashop.com\/#website\",\"url\":\"https:\/\/bulliesteashop.com\/\",\"name\":\"Bullies Tea Shop\",\"description\":\"Online shop for your favourite British and English food and drink products\",\"publisher\":{\"@id\":\"https:\/\/bulliesteashop.com\/#organization\"},\"potentialAction\":[{\"@type\":\"SearchAction\",\"target\":{\"@type\":\"EntryPoint\",\"urlTemplate\":\"https:\/\/bulliesteashop.com\/?s={search_term_string}\"},\"query-input\":{\"@type\":\"PropertyValueSpecification\",\"valueRequired\":true,\"valueName\":\"search_term_string\"}}],\"inLanguage\":\"fr-BE\"},{\"@type\":\"Organization\",\"@id\":\"https:\/\/bulliesteashop.com\/#organization\",\"name\":\"Bullies Tea Shop\",\"url\":\"https:\/\/bulliesteashop.com\/\",\"logo\":{\"@type\":\"ImageObject\",\"inLanguage\":\"fr-BE\",\"@id\":\"https:\/\/bulliesteashop.com\/#\/schema\/logo\/image\/\",\"url\":\"https:\/\/bulliesteashop.com\/wp-content\/uploads\/2023\/07\/bulliesteashop-2.png\",\"contentUrl\":\"https:\/\/bulliesteashop.com\/wp-content\/uploads\/2023\/07\/bulliesteashop-2.png\",\"width\":351,\"height\":337,\"caption\":\"Bullies Tea Shop\"},\"image\":{\"@id\":\"https:\/\/bulliesteashop.com\/#\/schema\/logo\/image\/\"},\"sameAs\":[\"https:\/\/www.facebook.com\/iengelswienkeltje2\/\"]}]}<\/script>\n<!-- \/ Yoast SEO plugin. -->","yoast_head_json":{"title":"Tiptree Victoria Plum - Bullies Tea Shop","description":"Tiptree Victoria Plum Conserve is a British classic made with hand-sorted Victoria plums. This deep red-brown preserve offers a rich, sweet flavor.","robots":{"index":"index","follow":"follow","max-snippet":"max-snippet:-1","max-image-preview":"max-image-preview:large","max-video-preview":"max-video-preview:-1"},"canonical":"https:\/\/bulliesteashop.com\/fr\/produit\/victoria-plum\/","og_locale":"fr_FR","og_type":"article","og_title":"Tiptree Victoria Plum - Bullies Tea Shop","og_description":"Tiptree Victoria Plum Conserve is a British classic made with hand-sorted Victoria plums. This deep red-brown preserve offers a rich, sweet flavor.","og_url":"https:\/\/bulliesteashop.com\/fr\/produit\/victoria-plum\/","og_site_name":"Bullies Tea Shop","article_publisher":"https:\/\/www.facebook.com\/iengelswienkeltje2\/","article_modified_time":"2025-02-04T13:50:01+00:00","og_image":[{"width":800,"height":800,"url":"https:\/\/bulliesteashop.com\/wp-content\/uploads\/2023\/07\/victoria-plum-340g.jpg","type":"image\/jpeg"}],"twitter_card":"summary_large_image","twitter_misc":{"Dur\u00e9e de lecture est.":"2 minutes"},"schema":{"@context":"https:\/\/schema.org","@graph":[{"@type":"WebPage","@id":"https:\/\/bulliesteashop.com\/product\/victoria-plum\/","url":"https:\/\/bulliesteashop.com\/product\/victoria-plum\/","name":"Tiptree Victoria Plum - Bullies Tea Shop","isPartOf":{"@id":"https:\/\/bulliesteashop.com\/#website"},"primaryImageOfPage":{"@id":"https:\/\/bulliesteashop.com\/product\/victoria-plum\/#primaryimage"},"image":{"@id":"https:\/\/bulliesteashop.com\/product\/victoria-plum\/#primaryimage"},"thumbnailUrl":"https:\/\/bulliesteashop.com\/wp-content\/uploads\/2023\/07\/victoria-plum-340g.jpg","datePublished":"2023-07-28T10:00:29+00:00","dateModified":"2025-02-04T13:50:01+00:00","description":"Tiptree Victoria Plum Conserve is a British classic made with hand-sorted Victoria plums. This deep red-brown preserve offers a rich, sweet flavor.","breadcrumb":{"@id":"https:\/\/bulliesteashop.com\/product\/victoria-plum\/#breadcrumb"},"inLanguage":"fr-BE","potentialAction":[{"@type":"ReadAction","target":["https:\/\/bulliesteashop.com\/product\/victoria-plum\/"]}]},{"@type":"ImageObject","inLanguage":"fr-BE","@id":"https:\/\/bulliesteashop.com\/product\/victoria-plum\/#primaryimage","url":"https:\/\/bulliesteashop.com\/wp-content\/uploads\/2023\/07\/victoria-plum-340g.jpg","contentUrl":"https:\/\/bulliesteashop.com\/wp-content\/uploads\/2023\/07\/victoria-plum-340g.jpg","width":800,"height":800},{"@type":"BreadcrumbList","@id":"https:\/\/bulliesteashop.com\/product\/victoria-plum\/#breadcrumb","itemListElement":[{"@type":"ListItem","position":1,"name":"Home","item":"https:\/\/bulliesteashop.com\/"},{"@type":"ListItem","position":2,"name":"Shop","item":"https:\/\/bulliesteashop.com\/shop\/"},{"@type":"ListItem","position":3,"name":"Tiptree Victoria Plum"}]},{"@type":"WebSite","@id":"https:\/\/bulliesteashop.com\/#website","url":"https:\/\/bulliesteashop.com\/","name":"Bullies Tea Shop","description":"Online shop for your favourite British and English food and drink products","publisher":{"@id":"https:\/\/bulliesteashop.com\/#organization"},"potentialAction":[{"@type":"SearchAction","target":{"@type":"EntryPoint","urlTemplate":"https:\/\/bulliesteashop.com\/?s={search_term_string}"},"query-input":{"@type":"PropertyValueSpecification","valueRequired":true,"valueName":"search_term_string"}}],"inLanguage":"fr-BE"},{"@type":"Organization","@id":"https:\/\/bulliesteashop.com\/#organization","name":"Bullies Tea Shop","url":"https:\/\/bulliesteashop.com\/","logo":{"@type":"ImageObject","inLanguage":"fr-BE","@id":"https:\/\/bulliesteashop.com\/#\/schema\/logo\/image\/","url":"https:\/\/bulliesteashop.com\/wp-content\/uploads\/2023\/07\/bulliesteashop-2.png","contentUrl":"https:\/\/bulliesteashop.com\/wp-content\/uploads\/2023\/07\/bulliesteashop-2.png","width":351,"height":337,"caption":"Bullies Tea Shop"},"image":{"@id":"https:\/\/bulliesteashop.com\/#\/schema\/logo\/image\/"},"sameAs":["https:\/\/www.facebook.com\/iengelswienkeltje2\/"]}]}},"_links":{"self":[{"href":"https:\/\/bulliesteashop.com\/fr\/wp-json\/wp\/v2\/product\/16213"}],"collection":[{"href":"https:\/\/bulliesteashop.com\/fr\/wp-json\/wp\/v2\/product"}],"about":[{"href":"https:\/\/bulliesteashop.com\/fr\/wp-json\/wp\/v2\/types\/product"}],"replies":[{"embeddable":true,"href":"https:\/\/bulliesteashop.com\/fr\/wp-json\/wp\/v2\/comments?post=16213"}],"wp:featuredmedia":[{"embeddable":true,"href":"https:\/\/bulliesteashop.com\/fr\/wp-json\/wp\/v2\/media\/15711"}],"wp:attachment":[{"href":"https:\/\/bulliesteashop.com\/fr\/wp-json\/wp\/v2\/media?parent=16213"}],"wp:term":[{"taxonomy":"product_brand","embeddable":true,"href":"https:\/\/bulliesteashop.com\/fr\/wp-json\/wp\/v2\/product_brand?post=16213"},{"taxonomy":"product_cat","embeddable":true,"href":"https:\/\/bulliesteashop.com\/fr\/wp-json\/wp\/v2\/product_cat?post=16213"},{"taxonomy":"product_tag","embeddable":true,"href":"https:\/\/bulliesteashop.com\/fr\/wp-json\/wp\/v2\/product_tag?post=16213"}],"curies":[{"name":"wp","href":"https:\/\/api.w.org\/{rel}","templated":true}]}}