{"id":16211,"date":"2023-07-28T10:59:50","date_gmt":"2023-07-28T09:59:50","guid":{"rendered":"https:\/\/bulliesteashop.com\/product\/tiptree-raspberry-seedless-340g-2\/"},"modified":"2026-03-15T09:15:16","modified_gmt":"2026-03-15T09:15:16","slug":"tiptree-raspberry-seedless-340g","status":"publish","type":"product","link":"https:\/\/bulliesteashop.com\/fr\/produit\/tiptree-raspberry-seedless-340g\/","title":{"rendered":"Tiptree de Framboise sans p\u00e9pins 340g"},"content":{"rendered":"<h1>About Tiptree Raspberry Seedless<\/h1>\n<p>D\u00e9couvrez Tiptree Raspberry Seedless confiture \u2013 une exceptionnelle p\u00e2te \u00e0 tartiner qui \u00e9lev\u00e9 tout repas ou collation avec son go\u00fbt puissant et sa douceur acidul\u00e9e. Cette confiture sans graines est la parfaite addition \u00e0 votre pain du matin, un d\u00e9licieux compl\u00e9ment \u00e0 vos recettes pr\u00e9f\u00e9r\u00e9es, ou un bonbon d\u00e9licieux pour n'importe quel moment de la journ\u00e9e. Son texture unique ajoute une excitation \u00e0 l'ancienne confiture et aux conserves, en faisant une excellente option dans le monde des plaisirs culinaires.<\/p>\n<p>Pour ceux qui pr\u00e9f\u00e8rent leur nourriture sans graines, Tiptree Raspberry Seedless confiture est un absolu must-have. Cette d\u00e9licieuse p\u00e2te \u00e0 tartiner offre tout l'ar\u00f4me que vous aimez chez les framboises sans aucune petite peau de cerf \u00e0 se soucier. Que ce soit pour ajouter une note sucr\u00e9e \u00e0 votre routine matinale ou en qu\u00eate d'un ingr\u00e9dient polyvalent pour la cuisine, cette confiture v\u00e9rifie toutes les cases et plus encore. Appr\u00e9ciate ses notes acidul\u00e9es dans chaque couch\u00e9 \u2013 il est s\u00fbr de devenir un produit culinaire incontournable dans votre cuisine qui vous incitera \u00e0 remplir le potage \u00e0 nouveau et \u00e0 nouveau.<\/p>\n<p>Tiptree Raspberry Seedless confiture n'est pas qu'une p\u00e2te \u00e0 tartiner; c'est une exp\u00e9rience pour vos papilles gustatives. Son go\u00fbt puissant et sa douceur acidul\u00e9e rendent chaque bouch\u00e9e un plaisir, tandis que son texture unique ajoute une nouvelle dimension aux confitures traditionnelles et aux conserves. Que vous l'appr\u00e9ciiez seul ou en tant qu'ingr\u00e9dient de vos recettes pr\u00e9f\u00e9r\u00e9es, cette confiture sans graines est s\u00fbre d'impressionner. C'est parfait pour ceux qui pr\u00e9f\u00e8rent leur nourriture sans graines, le rendant absolument indispensable dans toute cuisine.<\/p>\n<h2>Valeurs Nutritionnelles<\/h2>\n<p>Pour 100g\u00a0: 1175kJ\/277kCal, Lipides 0g, dont satur\u00e9s 0g, Glucides 67g, dont sucres 66g, Prot\u00e9ines 0,7g, Sel 0,07g, Sodium 0,03g<\/p>\n<h2>Ingr\u00e9dients<\/h2>\n<p>Sucre, Framboises, G\u00e9lifiant : Pectine d'Agrumes, R\u00e9gulateur d'acidit\u00e9 : Citrate de Sodium<\/p>","protected":false},"excerpt":{"rendered":"<p>D\u00e9couvrez Tiptree Raspberry sans graines confiture, la parfaite garniture pour le petit d\u00e9jeuner. Avec sa saveur punchy et son go\u00fbt sucr\u00e9 tang\u00e9, cette confiture sans graines est id\u00e9ale pour ceux qui pr\u00e9f\u00e8rent leur nourriture sans graines. Son texture unique ajoute une touche agr\u00e9able \u00e0 vos recettes favorites, en faisant la meilleure option pour le four ou comme un d\u00e9licieux ajout \u00e0 votre routine matinale. Savourez le d\u00e9licieux go\u00fbt des m\u00fbres dans chaque cuill\u00e8re - Tiptree Raspberry sans graines confiture est s\u00fbr de devenir une r\u00e9f\u00e9rence dans votre cuisine!<\/p>","protected":false},"featured_media":15708,"comment_status":"closed","ping_status":"closed","template":"","meta":[],"product_brand":[],"product_cat":[18],"product_tag":[21,83,23,81,82],"class_list":{"0":"post-16211","1":"product","2":"type-product","3":"status-publish","4":"has-post-thumbnail","6":"product_cat-jam","7":"product_tag-coeliacs","8":"product_tag-dairy-free","9":"product_tag-kosher","10":"product_tag-vegan","11":"product_tag-vegetarian","12":"pa_upc-104","14":"first","15":"instock","16":"purchasable","17":"product-type-simple"},"yoast_head":"<!-- This site is optimized with the Yoast SEO plugin v23.4 - https:\/\/yoast.com\/wordpress\/plugins\/seo\/ -->\n<title>Tiptree Raspberry Seedless 340g - Bullies Tea Shop<\/title>\n<meta name=\"description\" content=\"Tiptree Raspberry Seedless jam has a unique texture and adds a delightful twist to your breakfast. A tasty addition to your morning routine.\" \/>\n<meta name=\"robots\" content=\"index, follow, max-snippet:-1, max-image-preview:large, max-video-preview:-1\" \/>\n<link rel=\"canonical\" href=\"https:\/\/bulliesteashop.com\/fr\/produit\/tiptree-raspberry-seedless-340g\/\" \/>\n<meta property=\"og:locale\" content=\"fr_FR\" \/>\n<meta property=\"og:type\" content=\"article\" \/>\n<meta property=\"og:title\" content=\"Tiptree Raspberry Seedless 340g - Bullies Tea Shop\" \/>\n<meta property=\"og:description\" content=\"Tiptree Raspberry Seedless jam has a unique texture and adds a delightful twist to your breakfast. A tasty addition to your morning routine.\" \/>\n<meta property=\"og:url\" content=\"https:\/\/bulliesteashop.com\/fr\/produit\/tiptree-raspberry-seedless-340g\/\" \/>\n<meta property=\"og:site_name\" content=\"Bullies Tea Shop\" \/>\n<meta property=\"article:publisher\" content=\"https:\/\/www.facebook.com\/iengelswienkeltje2\/\" \/>\n<meta property=\"article:modified_time\" content=\"2026-03-15T09:15:16+00:00\" \/>\n<meta property=\"og:image\" content=\"https:\/\/bulliesteashop.com\/wp-content\/uploads\/2023\/07\/framboos-zonder-pit-340g.jpg\" \/>\n\t<meta property=\"og:image:width\" content=\"800\" \/>\n\t<meta property=\"og:image:height\" content=\"800\" \/>\n\t<meta property=\"og:image:type\" content=\"image\/jpeg\" \/>\n<meta name=\"twitter:card\" content=\"summary_large_image\" \/>\n<meta name=\"twitter:label1\" content=\"Dur\u00e9e de lecture est.\" \/>\n\t<meta name=\"twitter:data1\" content=\"2 minutes\" \/>\n<script type=\"application\/ld+json\" class=\"yoast-schema-graph\">{\"@context\":\"https:\/\/schema.org\",\"@graph\":[{\"@type\":\"WebPage\",\"@id\":\"https:\/\/bulliesteashop.com\/product\/tiptree-raspberry-seedless-340g\/\",\"url\":\"https:\/\/bulliesteashop.com\/product\/tiptree-raspberry-seedless-340g\/\",\"name\":\"Tiptree Raspberry Seedless 340g - Bullies Tea Shop\",\"isPartOf\":{\"@id\":\"https:\/\/bulliesteashop.com\/#website\"},\"primaryImageOfPage\":{\"@id\":\"https:\/\/bulliesteashop.com\/product\/tiptree-raspberry-seedless-340g\/#primaryimage\"},\"image\":{\"@id\":\"https:\/\/bulliesteashop.com\/product\/tiptree-raspberry-seedless-340g\/#primaryimage\"},\"thumbnailUrl\":\"https:\/\/bulliesteashop.com\/wp-content\/uploads\/2023\/07\/framboos-zonder-pit-340g.jpg\",\"datePublished\":\"2023-07-28T09:59:50+00:00\",\"dateModified\":\"2026-03-15T09:15:16+00:00\",\"description\":\"Tiptree Raspberry Seedless jam has a unique texture and adds a delightful twist to your breakfast. A tasty addition to your morning routine.\",\"breadcrumb\":{\"@id\":\"https:\/\/bulliesteashop.com\/product\/tiptree-raspberry-seedless-340g\/#breadcrumb\"},\"inLanguage\":\"fr-BE\",\"potentialAction\":[{\"@type\":\"ReadAction\",\"target\":[\"https:\/\/bulliesteashop.com\/product\/tiptree-raspberry-seedless-340g\/\"]}]},{\"@type\":\"ImageObject\",\"inLanguage\":\"fr-BE\",\"@id\":\"https:\/\/bulliesteashop.com\/product\/tiptree-raspberry-seedless-340g\/#primaryimage\",\"url\":\"https:\/\/bulliesteashop.com\/wp-content\/uploads\/2023\/07\/framboos-zonder-pit-340g.jpg\",\"contentUrl\":\"https:\/\/bulliesteashop.com\/wp-content\/uploads\/2023\/07\/framboos-zonder-pit-340g.jpg\",\"width\":800,\"height\":800},{\"@type\":\"BreadcrumbList\",\"@id\":\"https:\/\/bulliesteashop.com\/product\/tiptree-raspberry-seedless-340g\/#breadcrumb\",\"itemListElement\":[{\"@type\":\"ListItem\",\"position\":1,\"name\":\"Home\",\"item\":\"https:\/\/bulliesteashop.com\/\"},{\"@type\":\"ListItem\",\"position\":2,\"name\":\"Shop\",\"item\":\"https:\/\/bulliesteashop.com\/shop\/\"},{\"@type\":\"ListItem\",\"position\":3,\"name\":\"Tiptree Raspberry Seedless 340g\"}]},{\"@type\":\"WebSite\",\"@id\":\"https:\/\/bulliesteashop.com\/#website\",\"url\":\"https:\/\/bulliesteashop.com\/\",\"name\":\"Bullies Tea Shop\",\"description\":\"Online shop for your favourite British and English food and drink products\",\"publisher\":{\"@id\":\"https:\/\/bulliesteashop.com\/#organization\"},\"potentialAction\":[{\"@type\":\"SearchAction\",\"target\":{\"@type\":\"EntryPoint\",\"urlTemplate\":\"https:\/\/bulliesteashop.com\/?s={search_term_string}\"},\"query-input\":{\"@type\":\"PropertyValueSpecification\",\"valueRequired\":true,\"valueName\":\"search_term_string\"}}],\"inLanguage\":\"fr-BE\"},{\"@type\":\"Organization\",\"@id\":\"https:\/\/bulliesteashop.com\/#organization\",\"name\":\"Bullies Tea Shop\",\"url\":\"https:\/\/bulliesteashop.com\/\",\"logo\":{\"@type\":\"ImageObject\",\"inLanguage\":\"fr-BE\",\"@id\":\"https:\/\/bulliesteashop.com\/#\/schema\/logo\/image\/\",\"url\":\"https:\/\/bulliesteashop.com\/wp-content\/uploads\/2023\/07\/bulliesteashop-2.png\",\"contentUrl\":\"https:\/\/bulliesteashop.com\/wp-content\/uploads\/2023\/07\/bulliesteashop-2.png\",\"width\":351,\"height\":337,\"caption\":\"Bullies Tea Shop\"},\"image\":{\"@id\":\"https:\/\/bulliesteashop.com\/#\/schema\/logo\/image\/\"},\"sameAs\":[\"https:\/\/www.facebook.com\/iengelswienkeltje2\/\"]}]}<\/script>\n<!-- \/ Yoast SEO plugin. -->","yoast_head_json":{"title":"Tiptree Raspberry Seedless 340g - Bullies Tea Shop","description":"Tiptree Raspberry Seedless jam has a unique texture and adds a delightful twist to your breakfast. A tasty addition to your morning routine.","robots":{"index":"index","follow":"follow","max-snippet":"max-snippet:-1","max-image-preview":"max-image-preview:large","max-video-preview":"max-video-preview:-1"},"canonical":"https:\/\/bulliesteashop.com\/fr\/produit\/tiptree-raspberry-seedless-340g\/","og_locale":"fr_FR","og_type":"article","og_title":"Tiptree Raspberry Seedless 340g - Bullies Tea Shop","og_description":"Tiptree Raspberry Seedless jam has a unique texture and adds a delightful twist to your breakfast. A tasty addition to your morning routine.","og_url":"https:\/\/bulliesteashop.com\/fr\/produit\/tiptree-raspberry-seedless-340g\/","og_site_name":"Bullies Tea Shop","article_publisher":"https:\/\/www.facebook.com\/iengelswienkeltje2\/","article_modified_time":"2026-03-15T09:15:16+00:00","og_image":[{"width":800,"height":800,"url":"https:\/\/bulliesteashop.com\/wp-content\/uploads\/2023\/07\/framboos-zonder-pit-340g.jpg","type":"image\/jpeg"}],"twitter_card":"summary_large_image","twitter_misc":{"Dur\u00e9e de lecture est.":"2 minutes"},"schema":{"@context":"https:\/\/schema.org","@graph":[{"@type":"WebPage","@id":"https:\/\/bulliesteashop.com\/product\/tiptree-raspberry-seedless-340g\/","url":"https:\/\/bulliesteashop.com\/product\/tiptree-raspberry-seedless-340g\/","name":"Tiptree Raspberry Seedless 340g - Bullies Tea Shop","isPartOf":{"@id":"https:\/\/bulliesteashop.com\/#website"},"primaryImageOfPage":{"@id":"https:\/\/bulliesteashop.com\/product\/tiptree-raspberry-seedless-340g\/#primaryimage"},"image":{"@id":"https:\/\/bulliesteashop.com\/product\/tiptree-raspberry-seedless-340g\/#primaryimage"},"thumbnailUrl":"https:\/\/bulliesteashop.com\/wp-content\/uploads\/2023\/07\/framboos-zonder-pit-340g.jpg","datePublished":"2023-07-28T09:59:50+00:00","dateModified":"2026-03-15T09:15:16+00:00","description":"Tiptree Raspberry Seedless jam has a unique texture and adds a delightful twist to your breakfast. A tasty addition to your morning routine.","breadcrumb":{"@id":"https:\/\/bulliesteashop.com\/product\/tiptree-raspberry-seedless-340g\/#breadcrumb"},"inLanguage":"fr-BE","potentialAction":[{"@type":"ReadAction","target":["https:\/\/bulliesteashop.com\/product\/tiptree-raspberry-seedless-340g\/"]}]},{"@type":"ImageObject","inLanguage":"fr-BE","@id":"https:\/\/bulliesteashop.com\/product\/tiptree-raspberry-seedless-340g\/#primaryimage","url":"https:\/\/bulliesteashop.com\/wp-content\/uploads\/2023\/07\/framboos-zonder-pit-340g.jpg","contentUrl":"https:\/\/bulliesteashop.com\/wp-content\/uploads\/2023\/07\/framboos-zonder-pit-340g.jpg","width":800,"height":800},{"@type":"BreadcrumbList","@id":"https:\/\/bulliesteashop.com\/product\/tiptree-raspberry-seedless-340g\/#breadcrumb","itemListElement":[{"@type":"ListItem","position":1,"name":"Home","item":"https:\/\/bulliesteashop.com\/"},{"@type":"ListItem","position":2,"name":"Shop","item":"https:\/\/bulliesteashop.com\/shop\/"},{"@type":"ListItem","position":3,"name":"Tiptree Raspberry Seedless 340g"}]},{"@type":"WebSite","@id":"https:\/\/bulliesteashop.com\/#website","url":"https:\/\/bulliesteashop.com\/","name":"Bullies Tea Shop","description":"Online shop for your favourite British and English food and drink products","publisher":{"@id":"https:\/\/bulliesteashop.com\/#organization"},"potentialAction":[{"@type":"SearchAction","target":{"@type":"EntryPoint","urlTemplate":"https:\/\/bulliesteashop.com\/?s={search_term_string}"},"query-input":{"@type":"PropertyValueSpecification","valueRequired":true,"valueName":"search_term_string"}}],"inLanguage":"fr-BE"},{"@type":"Organization","@id":"https:\/\/bulliesteashop.com\/#organization","name":"Bullies Tea Shop","url":"https:\/\/bulliesteashop.com\/","logo":{"@type":"ImageObject","inLanguage":"fr-BE","@id":"https:\/\/bulliesteashop.com\/#\/schema\/logo\/image\/","url":"https:\/\/bulliesteashop.com\/wp-content\/uploads\/2023\/07\/bulliesteashop-2.png","contentUrl":"https:\/\/bulliesteashop.com\/wp-content\/uploads\/2023\/07\/bulliesteashop-2.png","width":351,"height":337,"caption":"Bullies Tea Shop"},"image":{"@id":"https:\/\/bulliesteashop.com\/#\/schema\/logo\/image\/"},"sameAs":["https:\/\/www.facebook.com\/iengelswienkeltje2\/"]}]}},"_links":{"self":[{"href":"https:\/\/bulliesteashop.com\/fr\/wp-json\/wp\/v2\/product\/16211"}],"collection":[{"href":"https:\/\/bulliesteashop.com\/fr\/wp-json\/wp\/v2\/product"}],"about":[{"href":"https:\/\/bulliesteashop.com\/fr\/wp-json\/wp\/v2\/types\/product"}],"replies":[{"embeddable":true,"href":"https:\/\/bulliesteashop.com\/fr\/wp-json\/wp\/v2\/comments?post=16211"}],"wp:featuredmedia":[{"embeddable":true,"href":"https:\/\/bulliesteashop.com\/fr\/wp-json\/wp\/v2\/media\/15708"}],"wp:attachment":[{"href":"https:\/\/bulliesteashop.com\/fr\/wp-json\/wp\/v2\/media?parent=16211"}],"wp:term":[{"taxonomy":"product_brand","embeddable":true,"href":"https:\/\/bulliesteashop.com\/fr\/wp-json\/wp\/v2\/product_brand?post=16211"},{"taxonomy":"product_cat","embeddable":true,"href":"https:\/\/bulliesteashop.com\/fr\/wp-json\/wp\/v2\/product_cat?post=16211"},{"taxonomy":"product_tag","embeddable":true,"href":"https:\/\/bulliesteashop.com\/fr\/wp-json\/wp\/v2\/product_tag?post=16211"}],"curies":[{"name":"wp","href":"https:\/\/api.w.org\/{rel}","templated":true}]}}