{"id":16209,"date":"2023-07-28T10:59:50","date_gmt":"2023-07-28T09:59:50","guid":{"rendered":"https:\/\/bulliesteashop.com\/product\/tiptree-lemon-curd-312g-2\/"},"modified":"2026-03-24T22:32:15","modified_gmt":"2026-03-24T22:32:15","slug":"tiptree-lemon-curd-312g-2","status":"publish","type":"product","link":"https:\/\/bulliesteashop.com\/fr\/produit\/tiptree-lemon-curd-312g-2\/","title":{"rendered":"Tiptree Lemon Curd 312g"},"content":{"rendered":"<h1>About Tiptree Lemon Curd<\/h1>\n<p>Le curd au citron Tiptree attend avec son d\u00e9lice acide. Fait \u00e0 partir d'\u0153ufs, de beurre et de citrons siciliens, il est riche en histoire et tradition. Ce conserve unique combine les zestes de citron \u00e9pic\u00e9es avec une texture lisse, parfait pour \u00eatre \u00e9tal\u00e9 sur du pain ou utilis\u00e9 comme topping. Avec son profil gustatif profond, vous serez sous le charme apr\u00e8s juste un go\u00fbt \u2013 la seule odeur est suffisante pour vous transporter dans les collines ensoleill\u00e9es de Sicile.<\/p>\n<p>D\u00e9gustez Tiptree Lemon Curd sur du pain, du yogourt ou comme topping pour des scones. \u00c9levez votre petit d\u00e9jeuner ou ajoute une touche \u00e9l\u00e9gante \u00e0 votre th\u00e9 de midi. Sa versatileit\u00e9 le rend parfait pour cuire des g\u00e2teaux, des biscuits et plus encore. Vous pouvez \u00e9galement l'utiliser en tant qu'ingr\u00e9dient dans des recettes telles que les citronnades ou les cheesecakes. Ou vous voulez impressionner vos invit\u00e9s \u00e0 une table de d\u00eener ou simplement faire quelque chose de d\u00e9licieux pour vous-m\u00eame, Tiptree Lemon Curd est la choix parfait. Sa saveur riche restera longtemps sur votre langue apr\u00e8s que le pot sera vide.<\/p>\n<h2>Valeurs Nutritionnelles<\/h2>\n<p>Pour 100g\u00a0: 1625kJ\/387kCal, Lipides 15g, dont satur\u00e9s 8,5g, Glucides 60g, dont sucres 60g, Prot\u00e9ines 2,2g, Sel 0,31g, Sodium 0,13g<\/p>\n<h2>Ingr\u00e9dients<\/h2>\n<p>Sucre, Beurre sal\u00e9 (LAIT), Jus de Citron (11%), Jaune d'OEUF Fermier, OEUF Entier Fermier, R\u00e9gulateur d'acidit\u00e9 : Acide Citrique, G\u00e9lifiant : Pectine d'Agrumes, Huile de Citron.<\/p>","protected":false},"excerpt":{"rendered":"<p>Le curd au citron Tiptree attend avec son d\u00e9lice acide, fait \u00e0 partir d'\u0153ufs, de beurre et de citrons siciliens riches en histoire et tradition. Ce conserve unique combine les zestes de citron \u00e9pic\u00e9es avec une texture lisse, parfait pour \u00eatre \u00e9tal\u00e9 sur du pain ou utilis\u00e9 comme topping. Avec son profil gustatif profond, vous serez sous le charme apr\u00e8s juste un go\u00fbt \u2013 la seule odeur est suffisante pour vous transporter dans les collines ensoleill\u00e9es de Sicile. D\u00e9gustez Tiptree Lemon Curd sur du pain, du yogourt ou comme topping pour des scones, ce qui \u00e9l\u00e8ve votre petit d\u00e9jeuner ou ajoute une touche d'\u00e9l\u00e9gance \u00e0 l'heure du th\u00e9. Sa versatilit\u00e9 le rend parfait pour cuire des g\u00e2teaux, p\u00e2tisseries et plus encore, tandis que son go\u00fbt riche persiste sur votre palate longtemps apr\u00e8s la fin de la bouteille.<\/p>","protected":false},"featured_media":15676,"comment_status":"closed","ping_status":"closed","template":"","meta":[],"product_brand":[],"product_cat":[18],"product_tag":[21,22,23,82],"class_list":{"0":"post-16209","1":"product","2":"type-product","3":"status-publish","4":"has-post-thumbnail","6":"product_cat-jam","7":"product_tag-coeliacs","8":"product_tag-halal","9":"product_tag-kosher","10":"product_tag-vegetarian","11":"pa_allergy-contains-milk-egg","12":"pa_ean-103","14":"first","15":"instock","16":"purchasable","17":"product-type-simple"},"yoast_head":"<!-- This site is optimized with the Yoast SEO plugin v23.4 - https:\/\/yoast.com\/wordpress\/plugins\/seo\/ -->\n<title>Tiptree Lemon Curd 312g - Bullies Tea Shop<\/title>\n<meta name=\"description\" content=\"Tiptree Lemon Curd&#039;s tangy delight awaits, made from eggs and Sicilian lemons. This unique preserve combines bold lemon zest with smooth texture.\" \/>\n<meta name=\"robots\" content=\"index, follow, max-snippet:-1, max-image-preview:large, max-video-preview:-1\" \/>\n<link rel=\"canonical\" href=\"https:\/\/bulliesteashop.com\/fr\/produit\/tiptree-lemon-curd-312g-2\/\" \/>\n<meta property=\"og:locale\" content=\"fr_FR\" \/>\n<meta property=\"og:type\" content=\"article\" \/>\n<meta property=\"og:title\" content=\"Tiptree Lemon Curd 312g - Bullies Tea Shop\" \/>\n<meta property=\"og:description\" content=\"Tiptree Lemon Curd&#039;s tangy delight awaits, made from eggs and Sicilian lemons. This unique preserve combines bold lemon zest with smooth texture.\" \/>\n<meta property=\"og:url\" content=\"https:\/\/bulliesteashop.com\/fr\/produit\/tiptree-lemon-curd-312g-2\/\" \/>\n<meta property=\"og:site_name\" content=\"Bullies Tea Shop\" \/>\n<meta property=\"article:publisher\" content=\"https:\/\/www.facebook.com\/iengelswienkeltje2\/\" \/>\n<meta property=\"article:modified_time\" content=\"2026-03-24T22:32:15+00:00\" \/>\n<meta property=\"og:image\" content=\"https:\/\/bulliesteashop.com\/wp-content\/uploads\/2023\/07\/lemon-curd-312g.jpg\" \/>\n\t<meta property=\"og:image:width\" content=\"800\" \/>\n\t<meta property=\"og:image:height\" content=\"800\" \/>\n\t<meta property=\"og:image:type\" content=\"image\/jpeg\" \/>\n<meta name=\"twitter:card\" content=\"summary_large_image\" \/>\n<meta name=\"twitter:label1\" content=\"Dur\u00e9e de lecture est.\" \/>\n\t<meta name=\"twitter:data1\" content=\"2 minutes\" \/>\n<script type=\"application\/ld+json\" class=\"yoast-schema-graph\">{\"@context\":\"https:\/\/schema.org\",\"@graph\":[{\"@type\":\"WebPage\",\"@id\":\"https:\/\/bulliesteashop.com\/product\/tiptree-lemon-curd-312g-2\/\",\"url\":\"https:\/\/bulliesteashop.com\/product\/tiptree-lemon-curd-312g-2\/\",\"name\":\"Tiptree Lemon Curd 312g - Bullies Tea Shop\",\"isPartOf\":{\"@id\":\"https:\/\/bulliesteashop.com\/#website\"},\"primaryImageOfPage\":{\"@id\":\"https:\/\/bulliesteashop.com\/product\/tiptree-lemon-curd-312g-2\/#primaryimage\"},\"image\":{\"@id\":\"https:\/\/bulliesteashop.com\/product\/tiptree-lemon-curd-312g-2\/#primaryimage\"},\"thumbnailUrl\":\"https:\/\/bulliesteashop.com\/wp-content\/uploads\/2023\/07\/lemon-curd-312g.jpg\",\"datePublished\":\"2023-07-28T09:59:50+00:00\",\"dateModified\":\"2026-03-24T22:32:15+00:00\",\"description\":\"Tiptree Lemon Curd's tangy delight awaits, made from eggs and Sicilian lemons. This unique preserve combines bold lemon zest with smooth texture.\",\"breadcrumb\":{\"@id\":\"https:\/\/bulliesteashop.com\/product\/tiptree-lemon-curd-312g-2\/#breadcrumb\"},\"inLanguage\":\"fr-BE\",\"potentialAction\":[{\"@type\":\"ReadAction\",\"target\":[\"https:\/\/bulliesteashop.com\/product\/tiptree-lemon-curd-312g-2\/\"]}]},{\"@type\":\"ImageObject\",\"inLanguage\":\"fr-BE\",\"@id\":\"https:\/\/bulliesteashop.com\/product\/tiptree-lemon-curd-312g-2\/#primaryimage\",\"url\":\"https:\/\/bulliesteashop.com\/wp-content\/uploads\/2023\/07\/lemon-curd-312g.jpg\",\"contentUrl\":\"https:\/\/bulliesteashop.com\/wp-content\/uploads\/2023\/07\/lemon-curd-312g.jpg\",\"width\":800,\"height\":800},{\"@type\":\"BreadcrumbList\",\"@id\":\"https:\/\/bulliesteashop.com\/product\/tiptree-lemon-curd-312g-2\/#breadcrumb\",\"itemListElement\":[{\"@type\":\"ListItem\",\"position\":1,\"name\":\"Home\",\"item\":\"https:\/\/bulliesteashop.com\/\"},{\"@type\":\"ListItem\",\"position\":2,\"name\":\"Shop\",\"item\":\"https:\/\/bulliesteashop.com\/shop\/\"},{\"@type\":\"ListItem\",\"position\":3,\"name\":\"Tiptree Lemon Curd 312g\"}]},{\"@type\":\"WebSite\",\"@id\":\"https:\/\/bulliesteashop.com\/#website\",\"url\":\"https:\/\/bulliesteashop.com\/\",\"name\":\"Bullies Tea Shop\",\"description\":\"Online shop for your favourite British and English food and drink products\",\"publisher\":{\"@id\":\"https:\/\/bulliesteashop.com\/#organization\"},\"potentialAction\":[{\"@type\":\"SearchAction\",\"target\":{\"@type\":\"EntryPoint\",\"urlTemplate\":\"https:\/\/bulliesteashop.com\/?s={search_term_string}\"},\"query-input\":{\"@type\":\"PropertyValueSpecification\",\"valueRequired\":true,\"valueName\":\"search_term_string\"}}],\"inLanguage\":\"fr-BE\"},{\"@type\":\"Organization\",\"@id\":\"https:\/\/bulliesteashop.com\/#organization\",\"name\":\"Bullies Tea Shop\",\"url\":\"https:\/\/bulliesteashop.com\/\",\"logo\":{\"@type\":\"ImageObject\",\"inLanguage\":\"fr-BE\",\"@id\":\"https:\/\/bulliesteashop.com\/#\/schema\/logo\/image\/\",\"url\":\"https:\/\/bulliesteashop.com\/wp-content\/uploads\/2023\/07\/bulliesteashop-2.png\",\"contentUrl\":\"https:\/\/bulliesteashop.com\/wp-content\/uploads\/2023\/07\/bulliesteashop-2.png\",\"width\":351,\"height\":337,\"caption\":\"Bullies Tea Shop\"},\"image\":{\"@id\":\"https:\/\/bulliesteashop.com\/#\/schema\/logo\/image\/\"},\"sameAs\":[\"https:\/\/www.facebook.com\/iengelswienkeltje2\/\"]}]}<\/script>\n<!-- \/ Yoast SEO plugin. -->","yoast_head_json":{"title":"Tiptree Lemon Curd 312g - Bullies Tea Shop","description":"Tiptree Lemon Curd's tangy delight awaits, made from eggs and Sicilian lemons. This unique preserve combines bold lemon zest with smooth texture.","robots":{"index":"index","follow":"follow","max-snippet":"max-snippet:-1","max-image-preview":"max-image-preview:large","max-video-preview":"max-video-preview:-1"},"canonical":"https:\/\/bulliesteashop.com\/fr\/produit\/tiptree-lemon-curd-312g-2\/","og_locale":"fr_FR","og_type":"article","og_title":"Tiptree Lemon Curd 312g - Bullies Tea Shop","og_description":"Tiptree Lemon Curd's tangy delight awaits, made from eggs and Sicilian lemons. This unique preserve combines bold lemon zest with smooth texture.","og_url":"https:\/\/bulliesteashop.com\/fr\/produit\/tiptree-lemon-curd-312g-2\/","og_site_name":"Bullies Tea Shop","article_publisher":"https:\/\/www.facebook.com\/iengelswienkeltje2\/","article_modified_time":"2026-03-24T22:32:15+00:00","og_image":[{"width":800,"height":800,"url":"https:\/\/bulliesteashop.com\/wp-content\/uploads\/2023\/07\/lemon-curd-312g.jpg","type":"image\/jpeg"}],"twitter_card":"summary_large_image","twitter_misc":{"Dur\u00e9e de lecture est.":"2 minutes"},"schema":{"@context":"https:\/\/schema.org","@graph":[{"@type":"WebPage","@id":"https:\/\/bulliesteashop.com\/product\/tiptree-lemon-curd-312g-2\/","url":"https:\/\/bulliesteashop.com\/product\/tiptree-lemon-curd-312g-2\/","name":"Tiptree Lemon Curd 312g - Bullies Tea Shop","isPartOf":{"@id":"https:\/\/bulliesteashop.com\/#website"},"primaryImageOfPage":{"@id":"https:\/\/bulliesteashop.com\/product\/tiptree-lemon-curd-312g-2\/#primaryimage"},"image":{"@id":"https:\/\/bulliesteashop.com\/product\/tiptree-lemon-curd-312g-2\/#primaryimage"},"thumbnailUrl":"https:\/\/bulliesteashop.com\/wp-content\/uploads\/2023\/07\/lemon-curd-312g.jpg","datePublished":"2023-07-28T09:59:50+00:00","dateModified":"2026-03-24T22:32:15+00:00","description":"Tiptree Lemon Curd's tangy delight awaits, made from eggs and Sicilian lemons. This unique preserve combines bold lemon zest with smooth texture.","breadcrumb":{"@id":"https:\/\/bulliesteashop.com\/product\/tiptree-lemon-curd-312g-2\/#breadcrumb"},"inLanguage":"fr-BE","potentialAction":[{"@type":"ReadAction","target":["https:\/\/bulliesteashop.com\/product\/tiptree-lemon-curd-312g-2\/"]}]},{"@type":"ImageObject","inLanguage":"fr-BE","@id":"https:\/\/bulliesteashop.com\/product\/tiptree-lemon-curd-312g-2\/#primaryimage","url":"https:\/\/bulliesteashop.com\/wp-content\/uploads\/2023\/07\/lemon-curd-312g.jpg","contentUrl":"https:\/\/bulliesteashop.com\/wp-content\/uploads\/2023\/07\/lemon-curd-312g.jpg","width":800,"height":800},{"@type":"BreadcrumbList","@id":"https:\/\/bulliesteashop.com\/product\/tiptree-lemon-curd-312g-2\/#breadcrumb","itemListElement":[{"@type":"ListItem","position":1,"name":"Home","item":"https:\/\/bulliesteashop.com\/"},{"@type":"ListItem","position":2,"name":"Shop","item":"https:\/\/bulliesteashop.com\/shop\/"},{"@type":"ListItem","position":3,"name":"Tiptree Lemon Curd 312g"}]},{"@type":"WebSite","@id":"https:\/\/bulliesteashop.com\/#website","url":"https:\/\/bulliesteashop.com\/","name":"Bullies Tea Shop","description":"Online shop for your favourite British and English food and drink products","publisher":{"@id":"https:\/\/bulliesteashop.com\/#organization"},"potentialAction":[{"@type":"SearchAction","target":{"@type":"EntryPoint","urlTemplate":"https:\/\/bulliesteashop.com\/?s={search_term_string}"},"query-input":{"@type":"PropertyValueSpecification","valueRequired":true,"valueName":"search_term_string"}}],"inLanguage":"fr-BE"},{"@type":"Organization","@id":"https:\/\/bulliesteashop.com\/#organization","name":"Bullies Tea Shop","url":"https:\/\/bulliesteashop.com\/","logo":{"@type":"ImageObject","inLanguage":"fr-BE","@id":"https:\/\/bulliesteashop.com\/#\/schema\/logo\/image\/","url":"https:\/\/bulliesteashop.com\/wp-content\/uploads\/2023\/07\/bulliesteashop-2.png","contentUrl":"https:\/\/bulliesteashop.com\/wp-content\/uploads\/2023\/07\/bulliesteashop-2.png","width":351,"height":337,"caption":"Bullies Tea Shop"},"image":{"@id":"https:\/\/bulliesteashop.com\/#\/schema\/logo\/image\/"},"sameAs":["https:\/\/www.facebook.com\/iengelswienkeltje2\/"]}]}},"_links":{"self":[{"href":"https:\/\/bulliesteashop.com\/fr\/wp-json\/wp\/v2\/product\/16209"}],"collection":[{"href":"https:\/\/bulliesteashop.com\/fr\/wp-json\/wp\/v2\/product"}],"about":[{"href":"https:\/\/bulliesteashop.com\/fr\/wp-json\/wp\/v2\/types\/product"}],"replies":[{"embeddable":true,"href":"https:\/\/bulliesteashop.com\/fr\/wp-json\/wp\/v2\/comments?post=16209"}],"wp:featuredmedia":[{"embeddable":true,"href":"https:\/\/bulliesteashop.com\/fr\/wp-json\/wp\/v2\/media\/15676"}],"wp:attachment":[{"href":"https:\/\/bulliesteashop.com\/fr\/wp-json\/wp\/v2\/media?parent=16209"}],"wp:term":[{"taxonomy":"product_brand","embeddable":true,"href":"https:\/\/bulliesteashop.com\/fr\/wp-json\/wp\/v2\/product_brand?post=16209"},{"taxonomy":"product_cat","embeddable":true,"href":"https:\/\/bulliesteashop.com\/fr\/wp-json\/wp\/v2\/product_cat?post=16209"},{"taxonomy":"product_tag","embeddable":true,"href":"https:\/\/bulliesteashop.com\/fr\/wp-json\/wp\/v2\/product_tag?post=16209"}],"curies":[{"name":"wp","href":"https:\/\/api.w.org\/{rel}","templated":true}]}}