{"id":16207,"date":"2023-07-28T10:59:50","date_gmt":"2023-07-28T09:59:50","guid":{"rendered":"https:\/\/bulliesteashop.com\/product\/tawny-orange-thick-2\/"},"modified":"2026-01-29T10:43:08","modified_gmt":"2026-01-29T10:43:08","slug":"tawny-orange-thick","status":"publish","type":"product","link":"https:\/\/bulliesteashop.com\/fr\/produit\/tawny-orange-thick\/","title":{"rendered":"Tiptree Tawny Orange Thick"},"content":{"rendered":"<h1>About Tiptree Tawny Orange Thick<\/h1>\n<p>Tiptree Tawny Orange Thick est une marmelade richement parfum\u00e9e faite \u00e0 partir des meilleures oranges de S\u00e9ville. Ce classique britannique est une marmelade \u00e0 coupe \u00e9paisse avec un go\u00fbt profond et cors\u00e9. Chaque ann\u00e9e, nous nous rendons \u00e0 S\u00e9ville pour s\u00e9lectionner \u00e0 la main les meilleures oranges. Le processus commence par faire mijoter doucement les oranges enti\u00e8res jusqu'\u00e0 ce que la peau soit tendre. Chaque orange est ensuite inspect\u00e9e et pr\u00e9par\u00e9e \u00e0 la main. La pulpe d'orange est soigneusement pr\u00e9lev\u00e9e, les p\u00e9pins sont tamis\u00e9s et la peau \u00e9paisse est finement coup\u00e9e. Cette pr\u00e9paration minutieuse garantit la plus haute qualit\u00e9 pour notre marmelade.<\/p>\n<p>Les oranges sont cuites avec du sucre en petites quantit\u00e9s dans des casseroles traditionnelles en cuivre. Cette m\u00e9thode pr\u00e9serve le go\u00fbt authentique du fruit. Apr\u00e8s la premi\u00e8re cuisson, la marmelade est laiss\u00e9e \u00e0 refroidir pendant la nuit pour permettre aux saveurs de se d\u00e9velopper. Le jour suivant, elle est cuite \u00e0 nouveau pour caram\u00e9liser le sucre, ce qui donne \u00e0 la marmelade sa couleur riche et fonc\u00e9e et son go\u00fbt robuste. Sans colorants, ar\u00f4mes ni conservateurs artificiels, Tiptree Tawny Orange Thick capture l'essence de la fabrication traditionnelle de marmelade britannique. Parfaite \u00e0 \u00e9taler sur des toasts ou pour ajouter une touche de luxe \u00e0 votre petit-d\u00e9jeuner, cette marmelade t\u00e9moigne de l'engagement de Tiptree envers la qualit\u00e9 et l'artisanat.<\/p>\n<h2>Valeurs Nutritionnelles<\/h2>\n<p>Pour 100g : 1208 kJ\/284 kCal, Lipides 0g, dont satur\u00e9s 0g, Glucides 69g, dont sucres 65g, Prot\u00e9ines 0,6g, Sel 0g, Sodium 0g<\/p>\n<h2>Ingr\u00e9dients<\/h2>\n<p>Sucre, Oranges de S\u00e9ville<\/p>","protected":false},"excerpt":{"rendered":"<div class=\"flex-shrink-0 flex flex-col relative items-end\">\n<div>\n<div class=\"pt-0.5 juice:pt-0\">\n<div class=\"gizmo-bot-avatar flex h-6 w-6 items-center justify-center overflow-hidden rounded-full juice:h-8 juice:w-8\">\n<div class=\"relative p-1 rounded-sm flex items-center justify-center bg-token-main-surface-primary text-token-text-primary h-8 w-8\">Tiptree Tawny Orange Thick est une marmelade richement parfum\u00e9e faite \u00e0 partir des meilleures oranges de S\u00e9ville, cr\u00e9ant un classique britannique au go\u00fbt profond et cors\u00e9. Chaque ann\u00e9e, nous s\u00e9lectionnons \u00e0 la main les meilleures oranges de S\u00e9ville, que nous faisons mijoter doucement pour attendrir la peau. Les oranges sont ensuite m\u00e9ticuleusement pr\u00e9par\u00e9es \u00e0 la main, avec la pulpe \u00e9vid\u00e9e, les p\u00e9pins tamis\u00e9s et la peau \u00e9paisse finement coup\u00e9e. Cuite avec du sucre en petites quantit\u00e9s dans des casseroles traditionnelles en cuivre, la marmelade est refroidie pendant la nuit pour d\u00e9velopper ses saveurs avant d'\u00eatre recuite pour caram\u00e9liser le sucre, r\u00e9sultant en une couleur riche et fonc\u00e9e et un go\u00fbt robuste. Sans colorants, ar\u00f4mes ou conservateurs artificiels, Tiptree Tawny Orange Thick capture l'essence de la fabrication traditionnelle de marmelade britannique, offrant un ajout luxueux aux toasts ou \u00e0 tout petit-d\u00e9jeuner.<\/div>\n<\/div>\n<\/div>\n<\/div>\n<\/div>","protected":false},"featured_media":15703,"comment_status":"closed","ping_status":"closed","template":"","meta":[],"product_brand":[],"product_cat":[18],"product_tag":[21,83,22,23,81,82],"class_list":{"0":"post-16207","1":"product","2":"type-product","3":"status-publish","4":"has-post-thumbnail","6":"product_cat-jam","7":"product_tag-coeliacs","8":"product_tag-dairy-free","9":"product_tag-halal","10":"product_tag-kosher","11":"product_tag-vegan","12":"product_tag-vegetarian","13":"pa_ean-101","14":"pa_upc-102","16":"first","17":"outofstock","18":"purchasable","19":"product-type-simple"},"yoast_head":"<!-- This site is optimized with the Yoast SEO plugin v23.4 - https:\/\/yoast.com\/wordpress\/plugins\/seo\/ -->\n<title>Tiptree Tawny Orange Thick - Bullies Tea Shop<\/title>\n<meta name=\"description\" content=\"Tiptree Tawny Orange Thick is a richly flavored marmalade made from the finest Seville oranges, creating a British classic with a deep, full-bodied taste.\" \/>\n<meta name=\"robots\" content=\"index, follow, max-snippet:-1, max-image-preview:large, max-video-preview:-1\" \/>\n<link rel=\"canonical\" href=\"https:\/\/bulliesteashop.com\/fr\/produit\/tawny-orange-thick\/\" \/>\n<meta property=\"og:locale\" content=\"fr_FR\" \/>\n<meta property=\"og:type\" content=\"article\" \/>\n<meta property=\"og:title\" content=\"Tiptree Tawny Orange Thick - Bullies Tea Shop\" \/>\n<meta property=\"og:description\" content=\"Tiptree Tawny Orange Thick is a richly flavored marmalade made from the finest Seville oranges, creating a British classic with a deep, full-bodied taste.\" \/>\n<meta property=\"og:url\" content=\"https:\/\/bulliesteashop.com\/fr\/produit\/tawny-orange-thick\/\" \/>\n<meta property=\"og:site_name\" content=\"Bullies Tea Shop\" \/>\n<meta property=\"article:publisher\" content=\"https:\/\/www.facebook.com\/iengelswienkeltje2\/\" \/>\n<meta property=\"article:modified_time\" content=\"2026-01-29T10:43:08+00:00\" \/>\n<meta property=\"og:image\" content=\"https:\/\/bulliesteashop.com\/wp-content\/uploads\/2023\/07\/tawny-marmelade-dik-gesneden-340g.jpg\" \/>\n\t<meta property=\"og:image:width\" content=\"800\" \/>\n\t<meta property=\"og:image:height\" content=\"800\" \/>\n\t<meta property=\"og:image:type\" content=\"image\/jpeg\" \/>\n<meta name=\"twitter:card\" content=\"summary_large_image\" \/>\n<meta name=\"twitter:label1\" content=\"Dur\u00e9e de lecture est.\" \/>\n\t<meta name=\"twitter:data1\" content=\"2 minutes\" \/>\n<script type=\"application\/ld+json\" class=\"yoast-schema-graph\">{\"@context\":\"https:\/\/schema.org\",\"@graph\":[{\"@type\":\"WebPage\",\"@id\":\"https:\/\/bulliesteashop.com\/product\/tawny-orange-thick\/\",\"url\":\"https:\/\/bulliesteashop.com\/product\/tawny-orange-thick\/\",\"name\":\"Tiptree Tawny Orange Thick - Bullies Tea Shop\",\"isPartOf\":{\"@id\":\"https:\/\/bulliesteashop.com\/#website\"},\"primaryImageOfPage\":{\"@id\":\"https:\/\/bulliesteashop.com\/product\/tawny-orange-thick\/#primaryimage\"},\"image\":{\"@id\":\"https:\/\/bulliesteashop.com\/product\/tawny-orange-thick\/#primaryimage\"},\"thumbnailUrl\":\"https:\/\/bulliesteashop.com\/wp-content\/uploads\/2023\/07\/tawny-marmelade-dik-gesneden-340g.jpg\",\"datePublished\":\"2023-07-28T09:59:50+00:00\",\"dateModified\":\"2026-01-29T10:43:08+00:00\",\"description\":\"Tiptree Tawny Orange Thick is a richly flavored marmalade made from the finest Seville oranges, creating a British classic with a deep, full-bodied taste.\",\"breadcrumb\":{\"@id\":\"https:\/\/bulliesteashop.com\/product\/tawny-orange-thick\/#breadcrumb\"},\"inLanguage\":\"fr-BE\",\"potentialAction\":[{\"@type\":\"ReadAction\",\"target\":[\"https:\/\/bulliesteashop.com\/product\/tawny-orange-thick\/\"]}]},{\"@type\":\"ImageObject\",\"inLanguage\":\"fr-BE\",\"@id\":\"https:\/\/bulliesteashop.com\/product\/tawny-orange-thick\/#primaryimage\",\"url\":\"https:\/\/bulliesteashop.com\/wp-content\/uploads\/2023\/07\/tawny-marmelade-dik-gesneden-340g.jpg\",\"contentUrl\":\"https:\/\/bulliesteashop.com\/wp-content\/uploads\/2023\/07\/tawny-marmelade-dik-gesneden-340g.jpg\",\"width\":800,\"height\":800},{\"@type\":\"BreadcrumbList\",\"@id\":\"https:\/\/bulliesteashop.com\/product\/tawny-orange-thick\/#breadcrumb\",\"itemListElement\":[{\"@type\":\"ListItem\",\"position\":1,\"name\":\"Home\",\"item\":\"https:\/\/bulliesteashop.com\/\"},{\"@type\":\"ListItem\",\"position\":2,\"name\":\"Shop\",\"item\":\"https:\/\/bulliesteashop.com\/shop\/\"},{\"@type\":\"ListItem\",\"position\":3,\"name\":\"Tiptree Tawny Orange Thick\"}]},{\"@type\":\"WebSite\",\"@id\":\"https:\/\/bulliesteashop.com\/#website\",\"url\":\"https:\/\/bulliesteashop.com\/\",\"name\":\"Bullies Tea Shop\",\"description\":\"Online shop for your favourite British and English food and drink products\",\"publisher\":{\"@id\":\"https:\/\/bulliesteashop.com\/#organization\"},\"potentialAction\":[{\"@type\":\"SearchAction\",\"target\":{\"@type\":\"EntryPoint\",\"urlTemplate\":\"https:\/\/bulliesteashop.com\/?s={search_term_string}\"},\"query-input\":{\"@type\":\"PropertyValueSpecification\",\"valueRequired\":true,\"valueName\":\"search_term_string\"}}],\"inLanguage\":\"fr-BE\"},{\"@type\":\"Organization\",\"@id\":\"https:\/\/bulliesteashop.com\/#organization\",\"name\":\"Bullies Tea Shop\",\"url\":\"https:\/\/bulliesteashop.com\/\",\"logo\":{\"@type\":\"ImageObject\",\"inLanguage\":\"fr-BE\",\"@id\":\"https:\/\/bulliesteashop.com\/#\/schema\/logo\/image\/\",\"url\":\"https:\/\/bulliesteashop.com\/wp-content\/uploads\/2023\/07\/bulliesteashop-2.png\",\"contentUrl\":\"https:\/\/bulliesteashop.com\/wp-content\/uploads\/2023\/07\/bulliesteashop-2.png\",\"width\":351,\"height\":337,\"caption\":\"Bullies Tea Shop\"},\"image\":{\"@id\":\"https:\/\/bulliesteashop.com\/#\/schema\/logo\/image\/\"},\"sameAs\":[\"https:\/\/www.facebook.com\/iengelswienkeltje2\/\"]}]}<\/script>\n<!-- \/ Yoast SEO plugin. -->","yoast_head_json":{"title":"Tiptree Tawny Orange Thick - Bullies Tea Shop","description":"Tiptree Tawny Orange Thick is a richly flavored marmalade made from the finest Seville oranges, creating a British classic with a deep, full-bodied taste.","robots":{"index":"index","follow":"follow","max-snippet":"max-snippet:-1","max-image-preview":"max-image-preview:large","max-video-preview":"max-video-preview:-1"},"canonical":"https:\/\/bulliesteashop.com\/fr\/produit\/tawny-orange-thick\/","og_locale":"fr_FR","og_type":"article","og_title":"Tiptree Tawny Orange Thick - Bullies Tea Shop","og_description":"Tiptree Tawny Orange Thick is a richly flavored marmalade made from the finest Seville oranges, creating a British classic with a deep, full-bodied taste.","og_url":"https:\/\/bulliesteashop.com\/fr\/produit\/tawny-orange-thick\/","og_site_name":"Bullies Tea Shop","article_publisher":"https:\/\/www.facebook.com\/iengelswienkeltje2\/","article_modified_time":"2026-01-29T10:43:08+00:00","og_image":[{"width":800,"height":800,"url":"https:\/\/bulliesteashop.com\/wp-content\/uploads\/2023\/07\/tawny-marmelade-dik-gesneden-340g.jpg","type":"image\/jpeg"}],"twitter_card":"summary_large_image","twitter_misc":{"Dur\u00e9e de lecture est.":"2 minutes"},"schema":{"@context":"https:\/\/schema.org","@graph":[{"@type":"WebPage","@id":"https:\/\/bulliesteashop.com\/product\/tawny-orange-thick\/","url":"https:\/\/bulliesteashop.com\/product\/tawny-orange-thick\/","name":"Tiptree Tawny Orange Thick - Bullies Tea Shop","isPartOf":{"@id":"https:\/\/bulliesteashop.com\/#website"},"primaryImageOfPage":{"@id":"https:\/\/bulliesteashop.com\/product\/tawny-orange-thick\/#primaryimage"},"image":{"@id":"https:\/\/bulliesteashop.com\/product\/tawny-orange-thick\/#primaryimage"},"thumbnailUrl":"https:\/\/bulliesteashop.com\/wp-content\/uploads\/2023\/07\/tawny-marmelade-dik-gesneden-340g.jpg","datePublished":"2023-07-28T09:59:50+00:00","dateModified":"2026-01-29T10:43:08+00:00","description":"Tiptree Tawny Orange Thick is a richly flavored marmalade made from the finest Seville oranges, creating a British classic with a deep, full-bodied taste.","breadcrumb":{"@id":"https:\/\/bulliesteashop.com\/product\/tawny-orange-thick\/#breadcrumb"},"inLanguage":"fr-BE","potentialAction":[{"@type":"ReadAction","target":["https:\/\/bulliesteashop.com\/product\/tawny-orange-thick\/"]}]},{"@type":"ImageObject","inLanguage":"fr-BE","@id":"https:\/\/bulliesteashop.com\/product\/tawny-orange-thick\/#primaryimage","url":"https:\/\/bulliesteashop.com\/wp-content\/uploads\/2023\/07\/tawny-marmelade-dik-gesneden-340g.jpg","contentUrl":"https:\/\/bulliesteashop.com\/wp-content\/uploads\/2023\/07\/tawny-marmelade-dik-gesneden-340g.jpg","width":800,"height":800},{"@type":"BreadcrumbList","@id":"https:\/\/bulliesteashop.com\/product\/tawny-orange-thick\/#breadcrumb","itemListElement":[{"@type":"ListItem","position":1,"name":"Home","item":"https:\/\/bulliesteashop.com\/"},{"@type":"ListItem","position":2,"name":"Shop","item":"https:\/\/bulliesteashop.com\/shop\/"},{"@type":"ListItem","position":3,"name":"Tiptree Tawny Orange Thick"}]},{"@type":"WebSite","@id":"https:\/\/bulliesteashop.com\/#website","url":"https:\/\/bulliesteashop.com\/","name":"Bullies Tea Shop","description":"Online shop for your favourite British and English food and drink products","publisher":{"@id":"https:\/\/bulliesteashop.com\/#organization"},"potentialAction":[{"@type":"SearchAction","target":{"@type":"EntryPoint","urlTemplate":"https:\/\/bulliesteashop.com\/?s={search_term_string}"},"query-input":{"@type":"PropertyValueSpecification","valueRequired":true,"valueName":"search_term_string"}}],"inLanguage":"fr-BE"},{"@type":"Organization","@id":"https:\/\/bulliesteashop.com\/#organization","name":"Bullies Tea Shop","url":"https:\/\/bulliesteashop.com\/","logo":{"@type":"ImageObject","inLanguage":"fr-BE","@id":"https:\/\/bulliesteashop.com\/#\/schema\/logo\/image\/","url":"https:\/\/bulliesteashop.com\/wp-content\/uploads\/2023\/07\/bulliesteashop-2.png","contentUrl":"https:\/\/bulliesteashop.com\/wp-content\/uploads\/2023\/07\/bulliesteashop-2.png","width":351,"height":337,"caption":"Bullies Tea Shop"},"image":{"@id":"https:\/\/bulliesteashop.com\/#\/schema\/logo\/image\/"},"sameAs":["https:\/\/www.facebook.com\/iengelswienkeltje2\/"]}]}},"_links":{"self":[{"href":"https:\/\/bulliesteashop.com\/fr\/wp-json\/wp\/v2\/product\/16207"}],"collection":[{"href":"https:\/\/bulliesteashop.com\/fr\/wp-json\/wp\/v2\/product"}],"about":[{"href":"https:\/\/bulliesteashop.com\/fr\/wp-json\/wp\/v2\/types\/product"}],"replies":[{"embeddable":true,"href":"https:\/\/bulliesteashop.com\/fr\/wp-json\/wp\/v2\/comments?post=16207"}],"wp:featuredmedia":[{"embeddable":true,"href":"https:\/\/bulliesteashop.com\/fr\/wp-json\/wp\/v2\/media\/15703"}],"wp:attachment":[{"href":"https:\/\/bulliesteashop.com\/fr\/wp-json\/wp\/v2\/media?parent=16207"}],"wp:term":[{"taxonomy":"product_brand","embeddable":true,"href":"https:\/\/bulliesteashop.com\/fr\/wp-json\/wp\/v2\/product_brand?post=16207"},{"taxonomy":"product_cat","embeddable":true,"href":"https:\/\/bulliesteashop.com\/fr\/wp-json\/wp\/v2\/product_cat?post=16207"},{"taxonomy":"product_tag","embeddable":true,"href":"https:\/\/bulliesteashop.com\/fr\/wp-json\/wp\/v2\/product_tag?post=16207"}],"curies":[{"name":"wp","href":"https:\/\/api.w.org\/{rel}","templated":true}]}}