{"id":16203,"date":"2023-07-28T10:59:50","date_gmt":"2023-07-28T09:59:50","guid":{"rendered":"https:\/\/bulliesteashop.com\/product\/strawberry-340g-2\/"},"modified":"2025-01-10T09:12:04","modified_gmt":"2025-01-10T09:12:04","slug":"strawberry-340g","status":"publish","type":"product","link":"https:\/\/bulliesteashop.com\/fr\/produit\/strawberry-340g\/","title":{"rendered":"Tiptree Strawberry 340g"},"content":{"rendered":"<h1>About Tiptree Strawberry<\/h1>\n<p>La Confiture de Fraises Tiptree est un classique intemporel, perfectionn\u00e9 au fil des g\u00e9n\u00e9rations. Fabriqu\u00e9e en petites quantit\u00e9s selon des m\u00e9thodes traditionnelles, cette d\u00e9licieuse confiture est cuite dans des casseroles \u00e0 fond de cuivre pour garantir une qualit\u00e9 et une saveur optimales. Le r\u00e9sultat est une confiture bien \u00e9quilibr\u00e9e qui capture l'essence des fraises m\u00fbres et juteuses. Avec son go\u00fbt riche et authentique, \u00e0 la fois sucr\u00e9 et l\u00e9g\u00e8rement acidul\u00e9, chaque pot refl\u00e8te l'engagement de Tiptree \u00e0 pr\u00e9server la v\u00e9ritable saveur des fraises, en faisant un incontournable appr\u00e9ci\u00e9 dans de nombreux foyers.<\/p>\n<p>Parfaite pour \u00eatre tartin\u00e9e sur des toasts, des scones ou ajout\u00e9e \u00e0 des desserts, la Confiture de Fraises Tiptree apporte une touche de raffinement gastronomique \u00e0 vos repas. Sa texture onctueuse et sa saveur de fraise vibrante enrichissent le petit-d\u00e9jeuner ou le go\u00fbter, transformant les moments quotidiens en occasions sp\u00e9ciales. Savourez-la en garniture pour des cr\u00eapes, en remplissage pour des p\u00e2tisseries, ou simplement \u00e0 la cuill\u00e8re. Cette confiture promet une exp\u00e9rience gustative d\u00e9licieuse et m\u00e9morable. Adoptez la tradition et la qualit\u00e9 de Tiptree avec chaque bouch\u00e9e de cette confiture de fraises classique.<\/p>\n<h2>Valeurs Nutritionnelles<\/h2>\n<p>Per 100g: 1145kJ\/270kCal, Fat 0g, of which saturates 0g, Carbohydrate 66g, of which sugars 66g, Protein 0g, Salt 0g, Sodium 0g<\/p>\n<h2>Ingr\u00e9dients<\/h2>\n<p>Sugar, Strawberries, Gelling Agent: Citrus Pectin, Acidity Regulator: Citric Acid<\/p>","protected":false},"excerpt":{"rendered":"<p>La Confiture de Fraises Tiptree est un classique intemporel, \u00e9labor\u00e9e \u00e0 partir d'une recette pr\u00e9cieuse selon des m\u00e9thodes traditionnelles en petites quantit\u00e9s. Cuite dans des casseroles \u00e0 fond de cuivre, cette confiture bien \u00e9quilibr\u00e9e capture la saveur riche et authentique des fraises m\u00fbres. Parfaite pour \u00eatre tartin\u00e9e sur des toasts, des scones ou ajout\u00e9e \u00e0 des desserts, la Confiture de Fraises Tiptree offre une touche de gourmandise \u00e0 chaque repas avec sa texture onctueuse et son go\u00fbt vibrant.<\/p>","protected":false},"featured_media":15697,"comment_status":"closed","ping_status":"closed","template":"","meta":[],"product_brand":[],"product_cat":[18],"product_tag":[21,83,22,23,81,82],"class_list":{"0":"post-16203","1":"product","2":"type-product","3":"status-publish","4":"has-post-thumbnail","6":"product_cat-jam","7":"product_tag-coeliacs","8":"product_tag-dairy-free","9":"product_tag-halal","10":"product_tag-kosher","11":"product_tag-vegan","12":"product_tag-vegetarian","13":"pa_upc-99","15":"first","16":"instock","17":"purchasable","18":"product-type-simple"},"yoast_head":"<!-- This site is optimized with the Yoast SEO plugin v23.4 - https:\/\/yoast.com\/wordpress\/plugins\/seo\/ -->\n<title>Tiptree Strawberry 340g - Bullies Tea Shop<\/title>\n<meta name=\"description\" content=\"TIptree Strawberry Conserve is a timeless classic crafted with traditional methods. Perfect for spreading on toast, scones, or adding to desserts.\" \/>\n<meta name=\"robots\" content=\"index, follow, max-snippet:-1, max-image-preview:large, max-video-preview:-1\" \/>\n<link rel=\"canonical\" href=\"https:\/\/bulliesteashop.com\/fr\/produit\/strawberry-340g\/\" \/>\n<meta property=\"og:locale\" content=\"fr_FR\" \/>\n<meta property=\"og:type\" content=\"article\" \/>\n<meta property=\"og:title\" content=\"Tiptree Strawberry 340g - Bullies Tea Shop\" \/>\n<meta property=\"og:description\" content=\"TIptree Strawberry Conserve is a timeless classic crafted with traditional methods. Perfect for spreading on toast, scones, or adding to desserts.\" \/>\n<meta property=\"og:url\" content=\"https:\/\/bulliesteashop.com\/fr\/produit\/strawberry-340g\/\" \/>\n<meta property=\"og:site_name\" content=\"Bullies Tea Shop\" \/>\n<meta property=\"article:publisher\" content=\"https:\/\/www.facebook.com\/iengelswienkeltje2\/\" \/>\n<meta property=\"article:modified_time\" content=\"2025-01-10T09:12:04+00:00\" \/>\n<meta property=\"og:image\" content=\"https:\/\/bulliesteashop.com\/wp-content\/uploads\/2023\/07\/aardbei-340g.jpg\" \/>\n\t<meta property=\"og:image:width\" content=\"800\" \/>\n\t<meta property=\"og:image:height\" content=\"800\" \/>\n\t<meta property=\"og:image:type\" content=\"image\/jpeg\" \/>\n<meta name=\"twitter:card\" content=\"summary_large_image\" \/>\n<meta name=\"twitter:label1\" content=\"Dur\u00e9e de lecture est.\" \/>\n\t<meta name=\"twitter:data1\" content=\"2 minutes\" \/>\n<script type=\"application\/ld+json\" class=\"yoast-schema-graph\">{\"@context\":\"https:\/\/schema.org\",\"@graph\":[{\"@type\":\"WebPage\",\"@id\":\"https:\/\/bulliesteashop.com\/product\/strawberry-340g\/\",\"url\":\"https:\/\/bulliesteashop.com\/product\/strawberry-340g\/\",\"name\":\"Tiptree Strawberry 340g - Bullies Tea Shop\",\"isPartOf\":{\"@id\":\"https:\/\/bulliesteashop.com\/#website\"},\"primaryImageOfPage\":{\"@id\":\"https:\/\/bulliesteashop.com\/product\/strawberry-340g\/#primaryimage\"},\"image\":{\"@id\":\"https:\/\/bulliesteashop.com\/product\/strawberry-340g\/#primaryimage\"},\"thumbnailUrl\":\"https:\/\/bulliesteashop.com\/wp-content\/uploads\/2023\/07\/aardbei-340g.jpg\",\"datePublished\":\"2023-07-28T09:59:50+00:00\",\"dateModified\":\"2025-01-10T09:12:04+00:00\",\"description\":\"TIptree Strawberry Conserve is a timeless classic crafted with traditional methods. Perfect for spreading on toast, scones, or adding to desserts.\",\"breadcrumb\":{\"@id\":\"https:\/\/bulliesteashop.com\/product\/strawberry-340g\/#breadcrumb\"},\"inLanguage\":\"fr-BE\",\"potentialAction\":[{\"@type\":\"ReadAction\",\"target\":[\"https:\/\/bulliesteashop.com\/product\/strawberry-340g\/\"]}]},{\"@type\":\"ImageObject\",\"inLanguage\":\"fr-BE\",\"@id\":\"https:\/\/bulliesteashop.com\/product\/strawberry-340g\/#primaryimage\",\"url\":\"https:\/\/bulliesteashop.com\/wp-content\/uploads\/2023\/07\/aardbei-340g.jpg\",\"contentUrl\":\"https:\/\/bulliesteashop.com\/wp-content\/uploads\/2023\/07\/aardbei-340g.jpg\",\"width\":800,\"height\":800},{\"@type\":\"BreadcrumbList\",\"@id\":\"https:\/\/bulliesteashop.com\/product\/strawberry-340g\/#breadcrumb\",\"itemListElement\":[{\"@type\":\"ListItem\",\"position\":1,\"name\":\"Home\",\"item\":\"https:\/\/bulliesteashop.com\/\"},{\"@type\":\"ListItem\",\"position\":2,\"name\":\"Shop\",\"item\":\"https:\/\/bulliesteashop.com\/shop\/\"},{\"@type\":\"ListItem\",\"position\":3,\"name\":\"Tiptree Strawberry 340g\"}]},{\"@type\":\"WebSite\",\"@id\":\"https:\/\/bulliesteashop.com\/#website\",\"url\":\"https:\/\/bulliesteashop.com\/\",\"name\":\"Bullies Tea Shop\",\"description\":\"Online shop for your favourite British and English food and drink products\",\"publisher\":{\"@id\":\"https:\/\/bulliesteashop.com\/#organization\"},\"potentialAction\":[{\"@type\":\"SearchAction\",\"target\":{\"@type\":\"EntryPoint\",\"urlTemplate\":\"https:\/\/bulliesteashop.com\/?s={search_term_string}\"},\"query-input\":{\"@type\":\"PropertyValueSpecification\",\"valueRequired\":true,\"valueName\":\"search_term_string\"}}],\"inLanguage\":\"fr-BE\"},{\"@type\":\"Organization\",\"@id\":\"https:\/\/bulliesteashop.com\/#organization\",\"name\":\"Bullies Tea Shop\",\"url\":\"https:\/\/bulliesteashop.com\/\",\"logo\":{\"@type\":\"ImageObject\",\"inLanguage\":\"fr-BE\",\"@id\":\"https:\/\/bulliesteashop.com\/#\/schema\/logo\/image\/\",\"url\":\"https:\/\/bulliesteashop.com\/wp-content\/uploads\/2023\/07\/bulliesteashop-2.png\",\"contentUrl\":\"https:\/\/bulliesteashop.com\/wp-content\/uploads\/2023\/07\/bulliesteashop-2.png\",\"width\":351,\"height\":337,\"caption\":\"Bullies Tea Shop\"},\"image\":{\"@id\":\"https:\/\/bulliesteashop.com\/#\/schema\/logo\/image\/\"},\"sameAs\":[\"https:\/\/www.facebook.com\/iengelswienkeltje2\/\"]}]}<\/script>\n<!-- \/ Yoast SEO plugin. -->","yoast_head_json":{"title":"Tiptree Strawberry 340g - Bullies Tea Shop","description":"TIptree Strawberry Conserve is a timeless classic crafted with traditional methods. Perfect for spreading on toast, scones, or adding to desserts.","robots":{"index":"index","follow":"follow","max-snippet":"max-snippet:-1","max-image-preview":"max-image-preview:large","max-video-preview":"max-video-preview:-1"},"canonical":"https:\/\/bulliesteashop.com\/fr\/produit\/strawberry-340g\/","og_locale":"fr_FR","og_type":"article","og_title":"Tiptree Strawberry 340g - Bullies Tea Shop","og_description":"TIptree Strawberry Conserve is a timeless classic crafted with traditional methods. Perfect for spreading on toast, scones, or adding to desserts.","og_url":"https:\/\/bulliesteashop.com\/fr\/produit\/strawberry-340g\/","og_site_name":"Bullies Tea Shop","article_publisher":"https:\/\/www.facebook.com\/iengelswienkeltje2\/","article_modified_time":"2025-01-10T09:12:04+00:00","og_image":[{"width":800,"height":800,"url":"https:\/\/bulliesteashop.com\/wp-content\/uploads\/2023\/07\/aardbei-340g.jpg","type":"image\/jpeg"}],"twitter_card":"summary_large_image","twitter_misc":{"Dur\u00e9e de lecture est.":"2 minutes"},"schema":{"@context":"https:\/\/schema.org","@graph":[{"@type":"WebPage","@id":"https:\/\/bulliesteashop.com\/product\/strawberry-340g\/","url":"https:\/\/bulliesteashop.com\/product\/strawberry-340g\/","name":"Tiptree Strawberry 340g - Bullies Tea Shop","isPartOf":{"@id":"https:\/\/bulliesteashop.com\/#website"},"primaryImageOfPage":{"@id":"https:\/\/bulliesteashop.com\/product\/strawberry-340g\/#primaryimage"},"image":{"@id":"https:\/\/bulliesteashop.com\/product\/strawberry-340g\/#primaryimage"},"thumbnailUrl":"https:\/\/bulliesteashop.com\/wp-content\/uploads\/2023\/07\/aardbei-340g.jpg","datePublished":"2023-07-28T09:59:50+00:00","dateModified":"2025-01-10T09:12:04+00:00","description":"TIptree Strawberry Conserve is a timeless classic crafted with traditional methods. Perfect for spreading on toast, scones, or adding to desserts.","breadcrumb":{"@id":"https:\/\/bulliesteashop.com\/product\/strawberry-340g\/#breadcrumb"},"inLanguage":"fr-BE","potentialAction":[{"@type":"ReadAction","target":["https:\/\/bulliesteashop.com\/product\/strawberry-340g\/"]}]},{"@type":"ImageObject","inLanguage":"fr-BE","@id":"https:\/\/bulliesteashop.com\/product\/strawberry-340g\/#primaryimage","url":"https:\/\/bulliesteashop.com\/wp-content\/uploads\/2023\/07\/aardbei-340g.jpg","contentUrl":"https:\/\/bulliesteashop.com\/wp-content\/uploads\/2023\/07\/aardbei-340g.jpg","width":800,"height":800},{"@type":"BreadcrumbList","@id":"https:\/\/bulliesteashop.com\/product\/strawberry-340g\/#breadcrumb","itemListElement":[{"@type":"ListItem","position":1,"name":"Home","item":"https:\/\/bulliesteashop.com\/"},{"@type":"ListItem","position":2,"name":"Shop","item":"https:\/\/bulliesteashop.com\/shop\/"},{"@type":"ListItem","position":3,"name":"Tiptree Strawberry 340g"}]},{"@type":"WebSite","@id":"https:\/\/bulliesteashop.com\/#website","url":"https:\/\/bulliesteashop.com\/","name":"Bullies Tea Shop","description":"Online shop for your favourite British and English food and drink products","publisher":{"@id":"https:\/\/bulliesteashop.com\/#organization"},"potentialAction":[{"@type":"SearchAction","target":{"@type":"EntryPoint","urlTemplate":"https:\/\/bulliesteashop.com\/?s={search_term_string}"},"query-input":{"@type":"PropertyValueSpecification","valueRequired":true,"valueName":"search_term_string"}}],"inLanguage":"fr-BE"},{"@type":"Organization","@id":"https:\/\/bulliesteashop.com\/#organization","name":"Bullies Tea Shop","url":"https:\/\/bulliesteashop.com\/","logo":{"@type":"ImageObject","inLanguage":"fr-BE","@id":"https:\/\/bulliesteashop.com\/#\/schema\/logo\/image\/","url":"https:\/\/bulliesteashop.com\/wp-content\/uploads\/2023\/07\/bulliesteashop-2.png","contentUrl":"https:\/\/bulliesteashop.com\/wp-content\/uploads\/2023\/07\/bulliesteashop-2.png","width":351,"height":337,"caption":"Bullies Tea Shop"},"image":{"@id":"https:\/\/bulliesteashop.com\/#\/schema\/logo\/image\/"},"sameAs":["https:\/\/www.facebook.com\/iengelswienkeltje2\/"]}]}},"_links":{"self":[{"href":"https:\/\/bulliesteashop.com\/fr\/wp-json\/wp\/v2\/product\/16203"}],"collection":[{"href":"https:\/\/bulliesteashop.com\/fr\/wp-json\/wp\/v2\/product"}],"about":[{"href":"https:\/\/bulliesteashop.com\/fr\/wp-json\/wp\/v2\/types\/product"}],"replies":[{"embeddable":true,"href":"https:\/\/bulliesteashop.com\/fr\/wp-json\/wp\/v2\/comments?post=16203"}],"wp:featuredmedia":[{"embeddable":true,"href":"https:\/\/bulliesteashop.com\/fr\/wp-json\/wp\/v2\/media\/15697"}],"wp:attachment":[{"href":"https:\/\/bulliesteashop.com\/fr\/wp-json\/wp\/v2\/media?parent=16203"}],"wp:term":[{"taxonomy":"product_brand","embeddable":true,"href":"https:\/\/bulliesteashop.com\/fr\/wp-json\/wp\/v2\/product_brand?post=16203"},{"taxonomy":"product_cat","embeddable":true,"href":"https:\/\/bulliesteashop.com\/fr\/wp-json\/wp\/v2\/product_cat?post=16203"},{"taxonomy":"product_tag","embeddable":true,"href":"https:\/\/bulliesteashop.com\/fr\/wp-json\/wp\/v2\/product_tag?post=16203"}],"curies":[{"name":"wp","href":"https:\/\/api.w.org\/{rel}","templated":true}]}}