{"id":16199,"date":"2023-07-28T10:58:36","date_gmt":"2023-07-28T09:58:36","guid":{"rendered":"https:\/\/bulliesteashop.com\/product\/raspberry-340g-sweet-tip-2\/"},"modified":"2025-01-22T12:22:06","modified_gmt":"2025-01-22T12:22:06","slug":"raspberry-340g-sweet-tip-2","status":"publish","type":"product","link":"https:\/\/bulliesteashop.com\/fr\/produit\/raspberry-340g-sweet-tip-2\/","title":{"rendered":"Tiptree Sweet Tip Raspberry 340g"},"content":{"rendered":"<h1>About Tiptree Sweet Tip Raspberry<\/h1>\n<div class=\"group\/conversation-turn relative flex w-full min-w-0 flex-col agent-turn\">\n<div class=\"flex-col gap-1 md:gap-3\">\n<div class=\"flex flex-grow flex-col max-w-full\">\n<div class=\"min-h-[20px] text-message flex flex-col items-start whitespace-pre-wrap break-words [.text-message+&amp;]:mt-5 juice:w-full juice:items-end overflow-x-auto gap-2\" dir=\"auto\" data-message-author-role=\"assistant\" data-message-id=\"4b070678-f4e9-41e2-8939-d3364dd5af48\">\n<div class=\"flex w-full flex-col gap-1 juice:empty:hidden juice:first:pt-[3px]\">\n<div class=\"markdown prose w-full break-words dark:prose-invert light\">\n<p>Le Tiptree Sweet Tip Raspberry est un ajout d\u00e9licieux \u00e0 tout garde-manger, offrant une saveur riche et vibrante que les amateurs de framboises adoreront. Fabriqu\u00e9 avec des framboises de premi\u00e8re qualit\u00e9, cette confiture est soigneusement \u00e9labor\u00e9e en petites quantit\u00e9s pour garantir la plus haute qualit\u00e9 et le go\u00fbt le plus authentique. Chaque pot capture l'essence des framboises parfaitement m\u00fbries, cuites doucement avec du sucre pour cr\u00e9er une conserve fruit\u00e9e et d\u00e9licieuse avec une texture agr\u00e9able qui inclut les p\u00e9pins naturels. Ce processus conserve le caract\u00e8re v\u00e9ritable du fruit, offrant une saveur douce mais acidul\u00e9e qui est \u00e0 la fois rafra\u00eechissante et satisfaisante.<\/p>\n<p>Parfait pour rehausser votre petit-d\u00e9jeuner ou ajouter une touche de luxe \u00e0 vos desserts, le Tiptree Sweet Tip Raspberry est polyvalent et d\u00e9licieux. \u00c9talez-le g\u00e9n\u00e9reusement sur du pain grill\u00e9 chaud, des scones ou des cr\u00eapes pour une explosion de saveur de framboise, ou utilisez-le comme garniture pour des p\u00e2tisseries et des g\u00e2teaux pour impressionner vos invit\u00e9s. Sa consistance riche et sa saveur profonde de baies en font \u00e9galement un excellent accompagnement pour les plateaux de fromages ou un ajout d\u00e9cadent aux yaourts et aux glaces. Avec le Tiptree Raspberry Sweet Tip, chaque cuiller\u00e9e est un t\u00e9moignage de l'engagement de Tiptree envers la qualit\u00e9 et la tradition, en faisant un incontournable pour ceux qui appr\u00e9cient les meilleures confitures.<\/p>\n<\/div>\n<\/div>\n<\/div>\n<\/div>\n<\/div>\n<\/div>\n<h3>Valeurs Nutritionnelles<\/h3>\n<p>Per 100g: 1140kJ\/268kCal, Fat 0g, of which saturates 0g, Carbohydrate 66g, of which sugars 66g, Protein 0.7g, Salt 0.02g, Sodium 0.01g<\/p>\n<h2>Ingr\u00e9dients<\/h2>\n<p>Sugar, Raspberries, Gelling Agent: Citrus Pectin; Acidity Regulator: Sodium Citrate<\/p>","protected":false},"excerpt":{"rendered":"<p>Le Tiptree Sweet Tip Raspberry est une confiture riche et vibrante faite \u00e0 partir de framboises de qualit\u00e9 sup\u00e9rieure, doucement cuites avec du sucre en petites quantit\u00e9s pour pr\u00e9server leur saveur et texture authentiques. Cette d\u00e9licieuse confiture capture l'essence des framboises m\u00fbries au soleil, compl\u00e8tes avec leurs p\u00e9pins naturels, offrant un \u00e9quilibre parfait entre douceur et acidit\u00e9. Id\u00e9al pour tartiner sur du pain grill\u00e9, des scones ou incorporer dans des desserts, le Tiptree Raspberry Sweet Tip apporte une touche de luxe et de tradition \u00e0 votre table.<\/p>","protected":false},"featured_media":15691,"comment_status":"closed","ping_status":"closed","template":"","meta":[],"product_brand":[],"product_cat":[18],"product_tag":[21,83,23,81,82],"class_list":{"0":"post-16199","1":"product","2":"type-product","3":"status-publish","4":"has-post-thumbnail","6":"product_cat-jam","7":"product_tag-coeliacs","8":"product_tag-dairy-free","9":"product_tag-kosher","10":"product_tag-vegan","11":"product_tag-vegetarian","12":"pa_upc-96","14":"first","15":"instock","16":"purchasable","17":"product-type-simple"},"yoast_head":"<!-- This site is optimized with the Yoast SEO plugin v23.4 - https:\/\/yoast.com\/wordpress\/plugins\/seo\/ -->\n<title>Tiptree Sweet Tip Raspberry 340g - Bullies Tea Shop<\/title>\n<meta name=\"description\" content=\"Tiptree Raspberry Sweet Tip is a rich and vibrant jam made from premium raspberries. This delightful jam captures the essence of sun-ripened raspberries\" \/>\n<meta name=\"robots\" content=\"index, follow, max-snippet:-1, max-image-preview:large, max-video-preview:-1\" \/>\n<link rel=\"canonical\" href=\"https:\/\/bulliesteashop.com\/fr\/produit\/raspberry-340g-sweet-tip-2\/\" \/>\n<meta property=\"og:locale\" content=\"fr_FR\" \/>\n<meta property=\"og:type\" content=\"article\" \/>\n<meta property=\"og:title\" content=\"Tiptree Sweet Tip Raspberry 340g - Bullies Tea Shop\" \/>\n<meta property=\"og:description\" content=\"Tiptree Raspberry Sweet Tip is a rich and vibrant jam made from premium raspberries. This delightful jam captures the essence of sun-ripened raspberries\" \/>\n<meta property=\"og:url\" content=\"https:\/\/bulliesteashop.com\/fr\/produit\/raspberry-340g-sweet-tip-2\/\" \/>\n<meta property=\"og:site_name\" content=\"Bullies Tea Shop\" \/>\n<meta property=\"article:publisher\" content=\"https:\/\/www.facebook.com\/iengelswienkeltje2\/\" \/>\n<meta property=\"article:modified_time\" content=\"2025-01-22T12:22:06+00:00\" \/>\n<meta property=\"og:image\" content=\"https:\/\/bulliesteashop.com\/wp-content\/uploads\/2023\/07\/sweet-tip-framboos-340g.jpg\" \/>\n\t<meta property=\"og:image:width\" content=\"800\" \/>\n\t<meta property=\"og:image:height\" content=\"800\" \/>\n\t<meta property=\"og:image:type\" content=\"image\/jpeg\" \/>\n<meta name=\"twitter:card\" content=\"summary_large_image\" \/>\n<meta name=\"twitter:label1\" content=\"Dur\u00e9e de lecture est.\" \/>\n\t<meta name=\"twitter:data1\" content=\"2 minutes\" \/>\n<script type=\"application\/ld+json\" class=\"yoast-schema-graph\">{\"@context\":\"https:\/\/schema.org\",\"@graph\":[{\"@type\":\"WebPage\",\"@id\":\"https:\/\/bulliesteashop.com\/product\/raspberry-340g-sweet-tip-2\/\",\"url\":\"https:\/\/bulliesteashop.com\/product\/raspberry-340g-sweet-tip-2\/\",\"name\":\"Tiptree Sweet Tip Raspberry 340g - Bullies Tea Shop\",\"isPartOf\":{\"@id\":\"https:\/\/bulliesteashop.com\/#website\"},\"primaryImageOfPage\":{\"@id\":\"https:\/\/bulliesteashop.com\/product\/raspberry-340g-sweet-tip-2\/#primaryimage\"},\"image\":{\"@id\":\"https:\/\/bulliesteashop.com\/product\/raspberry-340g-sweet-tip-2\/#primaryimage\"},\"thumbnailUrl\":\"https:\/\/bulliesteashop.com\/wp-content\/uploads\/2023\/07\/sweet-tip-framboos-340g.jpg\",\"datePublished\":\"2023-07-28T09:58:36+00:00\",\"dateModified\":\"2025-01-22T12:22:06+00:00\",\"description\":\"Tiptree Raspberry Sweet Tip is a rich and vibrant jam made from premium raspberries. This delightful jam captures the essence of sun-ripened raspberries\",\"breadcrumb\":{\"@id\":\"https:\/\/bulliesteashop.com\/product\/raspberry-340g-sweet-tip-2\/#breadcrumb\"},\"inLanguage\":\"fr-BE\",\"potentialAction\":[{\"@type\":\"ReadAction\",\"target\":[\"https:\/\/bulliesteashop.com\/product\/raspberry-340g-sweet-tip-2\/\"]}]},{\"@type\":\"ImageObject\",\"inLanguage\":\"fr-BE\",\"@id\":\"https:\/\/bulliesteashop.com\/product\/raspberry-340g-sweet-tip-2\/#primaryimage\",\"url\":\"https:\/\/bulliesteashop.com\/wp-content\/uploads\/2023\/07\/sweet-tip-framboos-340g.jpg\",\"contentUrl\":\"https:\/\/bulliesteashop.com\/wp-content\/uploads\/2023\/07\/sweet-tip-framboos-340g.jpg\",\"width\":800,\"height\":800},{\"@type\":\"BreadcrumbList\",\"@id\":\"https:\/\/bulliesteashop.com\/product\/raspberry-340g-sweet-tip-2\/#breadcrumb\",\"itemListElement\":[{\"@type\":\"ListItem\",\"position\":1,\"name\":\"Home\",\"item\":\"https:\/\/bulliesteashop.com\/\"},{\"@type\":\"ListItem\",\"position\":2,\"name\":\"Shop\",\"item\":\"https:\/\/bulliesteashop.com\/shop\/\"},{\"@type\":\"ListItem\",\"position\":3,\"name\":\"Tiptree Sweet Tip Raspberry 340g\"}]},{\"@type\":\"WebSite\",\"@id\":\"https:\/\/bulliesteashop.com\/#website\",\"url\":\"https:\/\/bulliesteashop.com\/\",\"name\":\"Bullies Tea Shop\",\"description\":\"Online shop for your favourite British and English food and drink products\",\"publisher\":{\"@id\":\"https:\/\/bulliesteashop.com\/#organization\"},\"potentialAction\":[{\"@type\":\"SearchAction\",\"target\":{\"@type\":\"EntryPoint\",\"urlTemplate\":\"https:\/\/bulliesteashop.com\/?s={search_term_string}\"},\"query-input\":{\"@type\":\"PropertyValueSpecification\",\"valueRequired\":true,\"valueName\":\"search_term_string\"}}],\"inLanguage\":\"fr-BE\"},{\"@type\":\"Organization\",\"@id\":\"https:\/\/bulliesteashop.com\/#organization\",\"name\":\"Bullies Tea Shop\",\"url\":\"https:\/\/bulliesteashop.com\/\",\"logo\":{\"@type\":\"ImageObject\",\"inLanguage\":\"fr-BE\",\"@id\":\"https:\/\/bulliesteashop.com\/#\/schema\/logo\/image\/\",\"url\":\"https:\/\/bulliesteashop.com\/wp-content\/uploads\/2023\/07\/bulliesteashop-2.png\",\"contentUrl\":\"https:\/\/bulliesteashop.com\/wp-content\/uploads\/2023\/07\/bulliesteashop-2.png\",\"width\":351,\"height\":337,\"caption\":\"Bullies Tea Shop\"},\"image\":{\"@id\":\"https:\/\/bulliesteashop.com\/#\/schema\/logo\/image\/\"},\"sameAs\":[\"https:\/\/www.facebook.com\/iengelswienkeltje2\/\"]}]}<\/script>\n<!-- \/ Yoast SEO plugin. -->","yoast_head_json":{"title":"Tiptree Sweet Tip Raspberry 340g - Bullies Tea Shop","description":"Tiptree Raspberry Sweet Tip is a rich and vibrant jam made from premium raspberries. This delightful jam captures the essence of sun-ripened raspberries","robots":{"index":"index","follow":"follow","max-snippet":"max-snippet:-1","max-image-preview":"max-image-preview:large","max-video-preview":"max-video-preview:-1"},"canonical":"https:\/\/bulliesteashop.com\/fr\/produit\/raspberry-340g-sweet-tip-2\/","og_locale":"fr_FR","og_type":"article","og_title":"Tiptree Sweet Tip Raspberry 340g - Bullies Tea Shop","og_description":"Tiptree Raspberry Sweet Tip is a rich and vibrant jam made from premium raspberries. This delightful jam captures the essence of sun-ripened raspberries","og_url":"https:\/\/bulliesteashop.com\/fr\/produit\/raspberry-340g-sweet-tip-2\/","og_site_name":"Bullies Tea Shop","article_publisher":"https:\/\/www.facebook.com\/iengelswienkeltje2\/","article_modified_time":"2025-01-22T12:22:06+00:00","og_image":[{"width":800,"height":800,"url":"https:\/\/bulliesteashop.com\/wp-content\/uploads\/2023\/07\/sweet-tip-framboos-340g.jpg","type":"image\/jpeg"}],"twitter_card":"summary_large_image","twitter_misc":{"Dur\u00e9e de lecture est.":"2 minutes"},"schema":{"@context":"https:\/\/schema.org","@graph":[{"@type":"WebPage","@id":"https:\/\/bulliesteashop.com\/product\/raspberry-340g-sweet-tip-2\/","url":"https:\/\/bulliesteashop.com\/product\/raspberry-340g-sweet-tip-2\/","name":"Tiptree Sweet Tip Raspberry 340g - Bullies Tea Shop","isPartOf":{"@id":"https:\/\/bulliesteashop.com\/#website"},"primaryImageOfPage":{"@id":"https:\/\/bulliesteashop.com\/product\/raspberry-340g-sweet-tip-2\/#primaryimage"},"image":{"@id":"https:\/\/bulliesteashop.com\/product\/raspberry-340g-sweet-tip-2\/#primaryimage"},"thumbnailUrl":"https:\/\/bulliesteashop.com\/wp-content\/uploads\/2023\/07\/sweet-tip-framboos-340g.jpg","datePublished":"2023-07-28T09:58:36+00:00","dateModified":"2025-01-22T12:22:06+00:00","description":"Tiptree Raspberry Sweet Tip is a rich and vibrant jam made from premium raspberries. This delightful jam captures the essence of sun-ripened raspberries","breadcrumb":{"@id":"https:\/\/bulliesteashop.com\/product\/raspberry-340g-sweet-tip-2\/#breadcrumb"},"inLanguage":"fr-BE","potentialAction":[{"@type":"ReadAction","target":["https:\/\/bulliesteashop.com\/product\/raspberry-340g-sweet-tip-2\/"]}]},{"@type":"ImageObject","inLanguage":"fr-BE","@id":"https:\/\/bulliesteashop.com\/product\/raspberry-340g-sweet-tip-2\/#primaryimage","url":"https:\/\/bulliesteashop.com\/wp-content\/uploads\/2023\/07\/sweet-tip-framboos-340g.jpg","contentUrl":"https:\/\/bulliesteashop.com\/wp-content\/uploads\/2023\/07\/sweet-tip-framboos-340g.jpg","width":800,"height":800},{"@type":"BreadcrumbList","@id":"https:\/\/bulliesteashop.com\/product\/raspberry-340g-sweet-tip-2\/#breadcrumb","itemListElement":[{"@type":"ListItem","position":1,"name":"Home","item":"https:\/\/bulliesteashop.com\/"},{"@type":"ListItem","position":2,"name":"Shop","item":"https:\/\/bulliesteashop.com\/shop\/"},{"@type":"ListItem","position":3,"name":"Tiptree Sweet Tip Raspberry 340g"}]},{"@type":"WebSite","@id":"https:\/\/bulliesteashop.com\/#website","url":"https:\/\/bulliesteashop.com\/","name":"Bullies Tea Shop","description":"Online shop for your favourite British and English food and drink products","publisher":{"@id":"https:\/\/bulliesteashop.com\/#organization"},"potentialAction":[{"@type":"SearchAction","target":{"@type":"EntryPoint","urlTemplate":"https:\/\/bulliesteashop.com\/?s={search_term_string}"},"query-input":{"@type":"PropertyValueSpecification","valueRequired":true,"valueName":"search_term_string"}}],"inLanguage":"fr-BE"},{"@type":"Organization","@id":"https:\/\/bulliesteashop.com\/#organization","name":"Bullies Tea Shop","url":"https:\/\/bulliesteashop.com\/","logo":{"@type":"ImageObject","inLanguage":"fr-BE","@id":"https:\/\/bulliesteashop.com\/#\/schema\/logo\/image\/","url":"https:\/\/bulliesteashop.com\/wp-content\/uploads\/2023\/07\/bulliesteashop-2.png","contentUrl":"https:\/\/bulliesteashop.com\/wp-content\/uploads\/2023\/07\/bulliesteashop-2.png","width":351,"height":337,"caption":"Bullies Tea Shop"},"image":{"@id":"https:\/\/bulliesteashop.com\/#\/schema\/logo\/image\/"},"sameAs":["https:\/\/www.facebook.com\/iengelswienkeltje2\/"]}]}},"_links":{"self":[{"href":"https:\/\/bulliesteashop.com\/fr\/wp-json\/wp\/v2\/product\/16199"}],"collection":[{"href":"https:\/\/bulliesteashop.com\/fr\/wp-json\/wp\/v2\/product"}],"about":[{"href":"https:\/\/bulliesteashop.com\/fr\/wp-json\/wp\/v2\/types\/product"}],"replies":[{"embeddable":true,"href":"https:\/\/bulliesteashop.com\/fr\/wp-json\/wp\/v2\/comments?post=16199"}],"wp:featuredmedia":[{"embeddable":true,"href":"https:\/\/bulliesteashop.com\/fr\/wp-json\/wp\/v2\/media\/15691"}],"wp:attachment":[{"href":"https:\/\/bulliesteashop.com\/fr\/wp-json\/wp\/v2\/media?parent=16199"}],"wp:term":[{"taxonomy":"product_brand","embeddable":true,"href":"https:\/\/bulliesteashop.com\/fr\/wp-json\/wp\/v2\/product_brand?post=16199"},{"taxonomy":"product_cat","embeddable":true,"href":"https:\/\/bulliesteashop.com\/fr\/wp-json\/wp\/v2\/product_cat?post=16199"},{"taxonomy":"product_tag","embeddable":true,"href":"https:\/\/bulliesteashop.com\/fr\/wp-json\/wp\/v2\/product_tag?post=16199"}],"curies":[{"name":"wp","href":"https:\/\/api.w.org\/{rel}","templated":true}]}}