{"id":16191,"date":"2023-07-28T10:57:46","date_gmt":"2023-07-28T09:57:46","guid":{"rendered":"https:\/\/bulliesteashop.com\/product\/no-peel-marmalade-2\/"},"modified":"2025-02-05T06:48:37","modified_gmt":"2025-02-05T06:48:37","slug":"no-peel-marmalade-2","status":"publish","type":"product","link":"https:\/\/bulliesteashop.com\/fr\/produit\/no-peel-marmalade-2\/","title":{"rendered":"Tiptree No Peel Marmalade"},"content":{"rendered":"<h1>About Tiptree No Peel Marmalade<\/h1>\n<p>La marmelade Tiptree No Peel est une variante d\u00e9licieuse de la traditionnelle tartinade britannique, parfaite pour ceux qui aiment la saveur douce et citronn\u00e9e de la marmelade sans la texture suppl\u00e9mentaire des zestes. Cette marmelade est soigneusement \u00e9labor\u00e9e pour offrir une exp\u00e9rience lisse et savoureuse, \u00e9quilibrant la douceur naturelle des oranges avec juste une touche d'acidit\u00e9. C'est une tartinade r\u00e9confortante et polyvalente qui peut sublimer vos toasts du matin ou ajouter une explosion de saveurs \u00e0 vos p\u00e2tisseries et desserts.<\/p>\n<p>Depuis plus d'un si\u00e8cle, Tiptree est synonyme de confitures de qualit\u00e9, et leur No Peel Marmalade perp\u00e9tue cette fi\u00e8re tradition. Fabriqu\u00e9e avec les meilleurs ingr\u00e9dients, cette marmelade capture l'essence des petits-d\u00e9jeuners britanniques traditionnels tout en s'adaptant aux go\u00fbts modernes. Que vous la pr\u00e9f\u00e9riez sur une tranche de pain chaud beurr\u00e9 ou comme gla\u00e7age pour des plats sal\u00e9s, elle offre une mani\u00e8re raffin\u00e9e et agr\u00e9able de savourer le go\u00fbt intemporel des oranges, sans la peau.<\/p>\n<p>&nbsp;<\/p>\n<h2>Valeurs Nutritionnelles<\/h2>\n<p>Pour 100g : 1131 kJ\/266 kCal, Lipides 0g, dont satur\u00e9s 0g, Glucides 67g, dont sucres 66g, Prot\u00e9ines 0g, Sel 0g, Sodium 0g<\/p>\n<h2>Ingr\u00e9dients<\/h2>\n<p>Sucre, Oranges de S\u00e9ville, G\u00e9lifiant : Pectine d'Agrumes<\/p>\n<p>&nbsp;<\/p>","protected":false},"excerpt":{"rendered":"<p>A traditional British marmalade. Sweet, and not too tangy, for those who do not wish to have peel.<\/p>","protected":false},"featured_media":15679,"comment_status":"closed","ping_status":"closed","template":"","meta":[],"product_brand":[],"product_cat":[18],"product_tag":[21,83,23,81,82],"class_list":{"0":"post-16191","1":"product","2":"type-product","3":"status-publish","4":"has-post-thumbnail","6":"product_cat-jam","7":"product_tag-coeliacs","8":"product_tag-dairy-free","9":"product_tag-kosher","10":"product_tag-vegan","11":"product_tag-vegetarian","12":"pa_ean-88","13":"pa_upc-89","15":"first","16":"instock","17":"purchasable","18":"product-type-simple"},"yoast_head":"<!-- This site is optimized with the Yoast SEO plugin v23.4 - https:\/\/yoast.com\/wordpress\/plugins\/seo\/ -->\n<title>Tiptree No Peel Marmalade - Bullies Tea Shop<\/title>\n<meta name=\"description\" content=\"This classic British Tiptree No Peel Marmalade offers the delightful flavor of oranges without the peel, perfect for a refined breakfast treat.\" \/>\n<meta name=\"robots\" content=\"index, follow, max-snippet:-1, max-image-preview:large, max-video-preview:-1\" \/>\n<link rel=\"canonical\" href=\"https:\/\/bulliesteashop.com\/fr\/produit\/no-peel-marmalade-2\/\" \/>\n<meta property=\"og:locale\" content=\"fr_FR\" \/>\n<meta property=\"og:type\" content=\"article\" \/>\n<meta property=\"og:title\" content=\"Tiptree No Peel Marmalade - Bullies Tea Shop\" \/>\n<meta property=\"og:description\" content=\"This classic British Tiptree No Peel Marmalade offers the delightful flavor of oranges without the peel, perfect for a refined breakfast treat.\" \/>\n<meta property=\"og:url\" content=\"https:\/\/bulliesteashop.com\/fr\/produit\/no-peel-marmalade-2\/\" \/>\n<meta property=\"og:site_name\" content=\"Bullies Tea Shop\" \/>\n<meta property=\"article:publisher\" content=\"https:\/\/www.facebook.com\/iengelswienkeltje2\/\" \/>\n<meta property=\"article:modified_time\" content=\"2025-02-05T06:48:37+00:00\" \/>\n<meta property=\"og:image\" content=\"https:\/\/bulliesteashop.com\/wp-content\/uploads\/2023\/07\/no-peel-orange.webp\" \/>\n\t<meta property=\"og:image:width\" content=\"2500\" \/>\n\t<meta property=\"og:image:height\" content=\"2500\" \/>\n\t<meta property=\"og:image:type\" content=\"image\/webp\" \/>\n<meta name=\"twitter:card\" content=\"summary_large_image\" \/>\n<meta name=\"twitter:label1\" content=\"Dur\u00e9e de lecture est.\" \/>\n\t<meta name=\"twitter:data1\" content=\"2 minutes\" \/>\n<script type=\"application\/ld+json\" class=\"yoast-schema-graph\">{\"@context\":\"https:\/\/schema.org\",\"@graph\":[{\"@type\":\"WebPage\",\"@id\":\"https:\/\/bulliesteashop.com\/product\/no-peel-marmalade-2\/\",\"url\":\"https:\/\/bulliesteashop.com\/product\/no-peel-marmalade-2\/\",\"name\":\"Tiptree No Peel Marmalade - Bullies Tea Shop\",\"isPartOf\":{\"@id\":\"https:\/\/bulliesteashop.com\/#website\"},\"primaryImageOfPage\":{\"@id\":\"https:\/\/bulliesteashop.com\/product\/no-peel-marmalade-2\/#primaryimage\"},\"image\":{\"@id\":\"https:\/\/bulliesteashop.com\/product\/no-peel-marmalade-2\/#primaryimage\"},\"thumbnailUrl\":\"https:\/\/bulliesteashop.com\/wp-content\/uploads\/2023\/07\/no-peel-orange.webp\",\"datePublished\":\"2023-07-28T09:57:46+00:00\",\"dateModified\":\"2025-02-05T06:48:37+00:00\",\"description\":\"This classic British Tiptree No Peel Marmalade offers the delightful flavor of oranges without the peel, perfect for a refined breakfast treat.\",\"breadcrumb\":{\"@id\":\"https:\/\/bulliesteashop.com\/product\/no-peel-marmalade-2\/#breadcrumb\"},\"inLanguage\":\"fr-BE\",\"potentialAction\":[{\"@type\":\"ReadAction\",\"target\":[\"https:\/\/bulliesteashop.com\/product\/no-peel-marmalade-2\/\"]}]},{\"@type\":\"ImageObject\",\"inLanguage\":\"fr-BE\",\"@id\":\"https:\/\/bulliesteashop.com\/product\/no-peel-marmalade-2\/#primaryimage\",\"url\":\"https:\/\/bulliesteashop.com\/wp-content\/uploads\/2023\/07\/no-peel-orange.webp\",\"contentUrl\":\"https:\/\/bulliesteashop.com\/wp-content\/uploads\/2023\/07\/no-peel-orange.webp\",\"width\":2500,\"height\":2500,\"caption\":\"Single jar of Tiptree No Peel ORange Marmalade.\"},{\"@type\":\"BreadcrumbList\",\"@id\":\"https:\/\/bulliesteashop.com\/product\/no-peel-marmalade-2\/#breadcrumb\",\"itemListElement\":[{\"@type\":\"ListItem\",\"position\":1,\"name\":\"Home\",\"item\":\"https:\/\/bulliesteashop.com\/\"},{\"@type\":\"ListItem\",\"position\":2,\"name\":\"Shop\",\"item\":\"https:\/\/bulliesteashop.com\/shop\/\"},{\"@type\":\"ListItem\",\"position\":3,\"name\":\"Tiptree No Peel Marmalade\"}]},{\"@type\":\"WebSite\",\"@id\":\"https:\/\/bulliesteashop.com\/#website\",\"url\":\"https:\/\/bulliesteashop.com\/\",\"name\":\"Bullies Tea Shop\",\"description\":\"Online shop for your favourite British and English food and drink products\",\"publisher\":{\"@id\":\"https:\/\/bulliesteashop.com\/#organization\"},\"potentialAction\":[{\"@type\":\"SearchAction\",\"target\":{\"@type\":\"EntryPoint\",\"urlTemplate\":\"https:\/\/bulliesteashop.com\/?s={search_term_string}\"},\"query-input\":{\"@type\":\"PropertyValueSpecification\",\"valueRequired\":true,\"valueName\":\"search_term_string\"}}],\"inLanguage\":\"fr-BE\"},{\"@type\":\"Organization\",\"@id\":\"https:\/\/bulliesteashop.com\/#organization\",\"name\":\"Bullies Tea Shop\",\"url\":\"https:\/\/bulliesteashop.com\/\",\"logo\":{\"@type\":\"ImageObject\",\"inLanguage\":\"fr-BE\",\"@id\":\"https:\/\/bulliesteashop.com\/#\/schema\/logo\/image\/\",\"url\":\"https:\/\/bulliesteashop.com\/wp-content\/uploads\/2023\/07\/bulliesteashop-2.png\",\"contentUrl\":\"https:\/\/bulliesteashop.com\/wp-content\/uploads\/2023\/07\/bulliesteashop-2.png\",\"width\":351,\"height\":337,\"caption\":\"Bullies Tea Shop\"},\"image\":{\"@id\":\"https:\/\/bulliesteashop.com\/#\/schema\/logo\/image\/\"},\"sameAs\":[\"https:\/\/www.facebook.com\/iengelswienkeltje2\/\"]}]}<\/script>\n<!-- \/ Yoast SEO plugin. -->","yoast_head_json":{"title":"Tiptree No Peel Marmalade - Bullies Tea Shop","description":"This classic British Tiptree No Peel Marmalade offers the delightful flavor of oranges without the peel, perfect for a refined breakfast treat.","robots":{"index":"index","follow":"follow","max-snippet":"max-snippet:-1","max-image-preview":"max-image-preview:large","max-video-preview":"max-video-preview:-1"},"canonical":"https:\/\/bulliesteashop.com\/fr\/produit\/no-peel-marmalade-2\/","og_locale":"fr_FR","og_type":"article","og_title":"Tiptree No Peel Marmalade - Bullies Tea Shop","og_description":"This classic British Tiptree No Peel Marmalade offers the delightful flavor of oranges without the peel, perfect for a refined breakfast treat.","og_url":"https:\/\/bulliesteashop.com\/fr\/produit\/no-peel-marmalade-2\/","og_site_name":"Bullies Tea Shop","article_publisher":"https:\/\/www.facebook.com\/iengelswienkeltje2\/","article_modified_time":"2025-02-05T06:48:37+00:00","og_image":[{"width":2500,"height":2500,"url":"https:\/\/bulliesteashop.com\/wp-content\/uploads\/2023\/07\/no-peel-orange.webp","type":"image\/webp"}],"twitter_card":"summary_large_image","twitter_misc":{"Dur\u00e9e de lecture est.":"2 minutes"},"schema":{"@context":"https:\/\/schema.org","@graph":[{"@type":"WebPage","@id":"https:\/\/bulliesteashop.com\/product\/no-peel-marmalade-2\/","url":"https:\/\/bulliesteashop.com\/product\/no-peel-marmalade-2\/","name":"Tiptree No Peel Marmalade - Bullies Tea Shop","isPartOf":{"@id":"https:\/\/bulliesteashop.com\/#website"},"primaryImageOfPage":{"@id":"https:\/\/bulliesteashop.com\/product\/no-peel-marmalade-2\/#primaryimage"},"image":{"@id":"https:\/\/bulliesteashop.com\/product\/no-peel-marmalade-2\/#primaryimage"},"thumbnailUrl":"https:\/\/bulliesteashop.com\/wp-content\/uploads\/2023\/07\/no-peel-orange.webp","datePublished":"2023-07-28T09:57:46+00:00","dateModified":"2025-02-05T06:48:37+00:00","description":"This classic British Tiptree No Peel Marmalade offers the delightful flavor of oranges without the peel, perfect for a refined breakfast treat.","breadcrumb":{"@id":"https:\/\/bulliesteashop.com\/product\/no-peel-marmalade-2\/#breadcrumb"},"inLanguage":"fr-BE","potentialAction":[{"@type":"ReadAction","target":["https:\/\/bulliesteashop.com\/product\/no-peel-marmalade-2\/"]}]},{"@type":"ImageObject","inLanguage":"fr-BE","@id":"https:\/\/bulliesteashop.com\/product\/no-peel-marmalade-2\/#primaryimage","url":"https:\/\/bulliesteashop.com\/wp-content\/uploads\/2023\/07\/no-peel-orange.webp","contentUrl":"https:\/\/bulliesteashop.com\/wp-content\/uploads\/2023\/07\/no-peel-orange.webp","width":2500,"height":2500,"caption":"Single jar of Tiptree No Peel ORange Marmalade."},{"@type":"BreadcrumbList","@id":"https:\/\/bulliesteashop.com\/product\/no-peel-marmalade-2\/#breadcrumb","itemListElement":[{"@type":"ListItem","position":1,"name":"Home","item":"https:\/\/bulliesteashop.com\/"},{"@type":"ListItem","position":2,"name":"Shop","item":"https:\/\/bulliesteashop.com\/shop\/"},{"@type":"ListItem","position":3,"name":"Tiptree No Peel Marmalade"}]},{"@type":"WebSite","@id":"https:\/\/bulliesteashop.com\/#website","url":"https:\/\/bulliesteashop.com\/","name":"Bullies Tea Shop","description":"Online shop for your favourite British and English food and drink products","publisher":{"@id":"https:\/\/bulliesteashop.com\/#organization"},"potentialAction":[{"@type":"SearchAction","target":{"@type":"EntryPoint","urlTemplate":"https:\/\/bulliesteashop.com\/?s={search_term_string}"},"query-input":{"@type":"PropertyValueSpecification","valueRequired":true,"valueName":"search_term_string"}}],"inLanguage":"fr-BE"},{"@type":"Organization","@id":"https:\/\/bulliesteashop.com\/#organization","name":"Bullies Tea Shop","url":"https:\/\/bulliesteashop.com\/","logo":{"@type":"ImageObject","inLanguage":"fr-BE","@id":"https:\/\/bulliesteashop.com\/#\/schema\/logo\/image\/","url":"https:\/\/bulliesteashop.com\/wp-content\/uploads\/2023\/07\/bulliesteashop-2.png","contentUrl":"https:\/\/bulliesteashop.com\/wp-content\/uploads\/2023\/07\/bulliesteashop-2.png","width":351,"height":337,"caption":"Bullies Tea Shop"},"image":{"@id":"https:\/\/bulliesteashop.com\/#\/schema\/logo\/image\/"},"sameAs":["https:\/\/www.facebook.com\/iengelswienkeltje2\/"]}]}},"_links":{"self":[{"href":"https:\/\/bulliesteashop.com\/fr\/wp-json\/wp\/v2\/product\/16191"}],"collection":[{"href":"https:\/\/bulliesteashop.com\/fr\/wp-json\/wp\/v2\/product"}],"about":[{"href":"https:\/\/bulliesteashop.com\/fr\/wp-json\/wp\/v2\/types\/product"}],"replies":[{"embeddable":true,"href":"https:\/\/bulliesteashop.com\/fr\/wp-json\/wp\/v2\/comments?post=16191"}],"wp:featuredmedia":[{"embeddable":true,"href":"https:\/\/bulliesteashop.com\/fr\/wp-json\/wp\/v2\/media\/15679"}],"wp:attachment":[{"href":"https:\/\/bulliesteashop.com\/fr\/wp-json\/wp\/v2\/media?parent=16191"}],"wp:term":[{"taxonomy":"product_brand","embeddable":true,"href":"https:\/\/bulliesteashop.com\/fr\/wp-json\/wp\/v2\/product_brand?post=16191"},{"taxonomy":"product_cat","embeddable":true,"href":"https:\/\/bulliesteashop.com\/fr\/wp-json\/wp\/v2\/product_cat?post=16191"},{"taxonomy":"product_tag","embeddable":true,"href":"https:\/\/bulliesteashop.com\/fr\/wp-json\/wp\/v2\/product_tag?post=16191"}],"curies":[{"name":"wp","href":"https:\/\/api.w.org\/{rel}","templated":true}]}}