{"id":16187,"date":"2023-07-28T10:57:46","date_gmt":"2023-07-28T09:57:46","guid":{"rendered":"https:\/\/bulliesteashop.com\/product\/ginger-2\/"},"modified":"2026-01-22T09:38:27","modified_gmt":"2026-01-22T09:38:27","slug":"ginger-2","status":"publish","type":"product","link":"https:\/\/bulliesteashop.com\/fr\/produit\/ginger-2\/","title":{"rendered":"Tiptree Ginger"},"content":{"rendered":"<h1>About Tiptree Ginger<\/h1>\n<p>D\u00e9couvrez le piquant vif de la Confiture de Gingembre Tiptree, une conserve vraiment exceptionnelle qui apporte une explosion de saveurs \u00e0 votre palais. Confectionn\u00e9e avec du gingembre de premi\u00e8re qualit\u00e9, cette confiture unique offre un go\u00fbt intense et r\u00e9chauffant, \u00e0 la fois vivifiant et d\u00e9licieux. Son profil de saveur riche et audacieux en fait un choix remarquable pour ceux qui appr\u00e9cient le go\u00fbt robuste du gingembre. Que vous cherchiez \u00e0 ajouter une touche \u00e9pic\u00e9e \u00e0 votre toast du matin ou \u00e0 trouver un ingr\u00e9dient dynamique pour vos cr\u00e9ations culinaires, la Confiture de Gingembre Tiptree est votre compagnon id\u00e9al.<\/p>\n<p>\u00c9levez votre cuisine avec la polyvalence remarquable de cette confiture exceptionnelle. Son coup de fouet \u00e9pic\u00e9 compl\u00e8te \u00e0 la fois les plats sucr\u00e9s et sal\u00e9s, en faisant un ajout essentiel \u00e0 toute cuisine. Incorporez-la dans des sauces pour une profondeur de saveur suppl\u00e9mentaire, utilisez-la en p\u00e2tisserie pour une touche de chaleur, ou savourez-la simplement en tartinade. Avec la Confiture de Gingembre Tiptree, chaque bouch\u00e9e est une aventure d\u00e9licieuse, promettant de transformer des repas ordinaires en exp\u00e9riences extraordinaires. Embrassez cette saveur vibrante et d\u00e9couvrez pourquoi cette confiture de gingembre de premi\u00e8re qualit\u00e9 est un favori parmi les gourmets.<\/p>\n<h3>Valeurs Nutritionnelles<\/h3>\n<p>Pour 100g\u00a0: 1138kJ\/270kCal, Vet 0g, waarvan verzadigd 0g, Koolhydraten 66g, waarvan suikers 65g, Eiwitten 0g, Zout 0,02g, Natrium 0,01g<\/p>\n<h2>Ingr\u00e9dients<\/h2>\n<p>Sucre, gingembre, g\u00e9lifiant : pectine d'agrumes ; R\u00e9gulateur d'acidit\u00e9 : Acide citrique<\/p>","protected":false},"excerpt":{"rendered":"<p>Une confiture inhabituelle avec une saveur vive. Du gingembre de premi\u00e8re qualit\u00e9 est utilis\u00e9 car il offre un go\u00fbt piquant. Une confiture exceptionnelle qui est parfaite pour la cuisine.<\/p>\n<p>&nbsp;<\/p>","protected":false},"featured_media":15673,"comment_status":"closed","ping_status":"closed","template":"","meta":[],"product_brand":[],"product_cat":[18],"product_tag":[21,83,23,81,82],"class_list":{"0":"post-16187","1":"product","2":"type-product","3":"status-publish","4":"has-post-thumbnail","6":"product_cat-jam","7":"product_tag-coeliacs","8":"product_tag-dairy-free","9":"product_tag-kosher","10":"product_tag-vegan","11":"product_tag-vegetarian","12":"pa_ean-84","13":"pa_upc-85","15":"first","16":"instock","17":"purchasable","18":"product-type-simple"},"yoast_head":"<!-- This site is optimized with the Yoast SEO plugin v23.4 - https:\/\/yoast.com\/wordpress\/plugins\/seo\/ -->\n<title>Tiptree Ginger - Bullies Tea Shop<\/title>\n<meta name=\"description\" content=\"Crafted with premium ginger, Tiptree Ginger&#039;s bold flavor profile makes it a standout choice for those who appreciate the robust taste of ginger.\" \/>\n<meta name=\"robots\" content=\"index, follow, max-snippet:-1, max-image-preview:large, max-video-preview:-1\" \/>\n<link rel=\"canonical\" href=\"https:\/\/bulliesteashop.com\/fr\/produit\/ginger-2\/\" \/>\n<meta property=\"og:locale\" content=\"fr_FR\" \/>\n<meta property=\"og:type\" content=\"article\" \/>\n<meta property=\"og:title\" content=\"Tiptree Ginger - Bullies Tea Shop\" \/>\n<meta property=\"og:description\" content=\"Crafted with premium ginger, Tiptree Ginger&#039;s bold flavor profile makes it a standout choice for those who appreciate the robust taste of ginger.\" \/>\n<meta property=\"og:url\" content=\"https:\/\/bulliesteashop.com\/fr\/produit\/ginger-2\/\" \/>\n<meta property=\"og:site_name\" content=\"Bullies Tea Shop\" \/>\n<meta property=\"article:publisher\" content=\"https:\/\/www.facebook.com\/iengelswienkeltje2\/\" \/>\n<meta property=\"article:modified_time\" content=\"2026-01-22T09:38:27+00:00\" \/>\n<meta property=\"og:image\" content=\"https:\/\/bulliesteashop.com\/wp-content\/uploads\/2023\/07\/gember-340g.jpg\" \/>\n\t<meta property=\"og:image:width\" content=\"800\" \/>\n\t<meta property=\"og:image:height\" content=\"800\" \/>\n\t<meta property=\"og:image:type\" content=\"image\/jpeg\" \/>\n<meta name=\"twitter:card\" content=\"summary_large_image\" \/>\n<meta name=\"twitter:label1\" content=\"Dur\u00e9e de lecture est.\" \/>\n\t<meta name=\"twitter:data1\" content=\"2 minutes\" \/>\n<script type=\"application\/ld+json\" class=\"yoast-schema-graph\">{\"@context\":\"https:\/\/schema.org\",\"@graph\":[{\"@type\":\"WebPage\",\"@id\":\"https:\/\/bulliesteashop.com\/product\/ginger-2\/\",\"url\":\"https:\/\/bulliesteashop.com\/product\/ginger-2\/\",\"name\":\"Tiptree Ginger - Bullies Tea Shop\",\"isPartOf\":{\"@id\":\"https:\/\/bulliesteashop.com\/#website\"},\"primaryImageOfPage\":{\"@id\":\"https:\/\/bulliesteashop.com\/product\/ginger-2\/#primaryimage\"},\"image\":{\"@id\":\"https:\/\/bulliesteashop.com\/product\/ginger-2\/#primaryimage\"},\"thumbnailUrl\":\"https:\/\/bulliesteashop.com\/wp-content\/uploads\/2023\/07\/gember-340g.jpg\",\"datePublished\":\"2023-07-28T09:57:46+00:00\",\"dateModified\":\"2026-01-22T09:38:27+00:00\",\"description\":\"Crafted with premium ginger, Tiptree Ginger's bold flavor profile makes it a standout choice for those who appreciate the robust taste of ginger.\",\"breadcrumb\":{\"@id\":\"https:\/\/bulliesteashop.com\/product\/ginger-2\/#breadcrumb\"},\"inLanguage\":\"fr-BE\",\"potentialAction\":[{\"@type\":\"ReadAction\",\"target\":[\"https:\/\/bulliesteashop.com\/product\/ginger-2\/\"]}]},{\"@type\":\"ImageObject\",\"inLanguage\":\"fr-BE\",\"@id\":\"https:\/\/bulliesteashop.com\/product\/ginger-2\/#primaryimage\",\"url\":\"https:\/\/bulliesteashop.com\/wp-content\/uploads\/2023\/07\/gember-340g.jpg\",\"contentUrl\":\"https:\/\/bulliesteashop.com\/wp-content\/uploads\/2023\/07\/gember-340g.jpg\",\"width\":800,\"height\":800,\"caption\":\"Single tiptree Ginger glass jar\"},{\"@type\":\"BreadcrumbList\",\"@id\":\"https:\/\/bulliesteashop.com\/product\/ginger-2\/#breadcrumb\",\"itemListElement\":[{\"@type\":\"ListItem\",\"position\":1,\"name\":\"Home\",\"item\":\"https:\/\/bulliesteashop.com\/\"},{\"@type\":\"ListItem\",\"position\":2,\"name\":\"Shop\",\"item\":\"https:\/\/bulliesteashop.com\/shop\/\"},{\"@type\":\"ListItem\",\"position\":3,\"name\":\"Tiptree Ginger\"}]},{\"@type\":\"WebSite\",\"@id\":\"https:\/\/bulliesteashop.com\/#website\",\"url\":\"https:\/\/bulliesteashop.com\/\",\"name\":\"Bullies Tea Shop\",\"description\":\"Online shop for your favourite British and English food and drink products\",\"publisher\":{\"@id\":\"https:\/\/bulliesteashop.com\/#organization\"},\"potentialAction\":[{\"@type\":\"SearchAction\",\"target\":{\"@type\":\"EntryPoint\",\"urlTemplate\":\"https:\/\/bulliesteashop.com\/?s={search_term_string}\"},\"query-input\":{\"@type\":\"PropertyValueSpecification\",\"valueRequired\":true,\"valueName\":\"search_term_string\"}}],\"inLanguage\":\"fr-BE\"},{\"@type\":\"Organization\",\"@id\":\"https:\/\/bulliesteashop.com\/#organization\",\"name\":\"Bullies Tea Shop\",\"url\":\"https:\/\/bulliesteashop.com\/\",\"logo\":{\"@type\":\"ImageObject\",\"inLanguage\":\"fr-BE\",\"@id\":\"https:\/\/bulliesteashop.com\/#\/schema\/logo\/image\/\",\"url\":\"https:\/\/bulliesteashop.com\/wp-content\/uploads\/2023\/07\/bulliesteashop-2.png\",\"contentUrl\":\"https:\/\/bulliesteashop.com\/wp-content\/uploads\/2023\/07\/bulliesteashop-2.png\",\"width\":351,\"height\":337,\"caption\":\"Bullies Tea Shop\"},\"image\":{\"@id\":\"https:\/\/bulliesteashop.com\/#\/schema\/logo\/image\/\"},\"sameAs\":[\"https:\/\/www.facebook.com\/iengelswienkeltje2\/\"]}]}<\/script>\n<!-- \/ Yoast SEO plugin. -->","yoast_head_json":{"title":"Tiptree Ginger - Bullies Tea Shop","description":"Crafted with premium ginger, Tiptree Ginger's bold flavor profile makes it a standout choice for those who appreciate the robust taste of ginger.","robots":{"index":"index","follow":"follow","max-snippet":"max-snippet:-1","max-image-preview":"max-image-preview:large","max-video-preview":"max-video-preview:-1"},"canonical":"https:\/\/bulliesteashop.com\/fr\/produit\/ginger-2\/","og_locale":"fr_FR","og_type":"article","og_title":"Tiptree Ginger - Bullies Tea Shop","og_description":"Crafted with premium ginger, Tiptree Ginger's bold flavor profile makes it a standout choice for those who appreciate the robust taste of ginger.","og_url":"https:\/\/bulliesteashop.com\/fr\/produit\/ginger-2\/","og_site_name":"Bullies Tea Shop","article_publisher":"https:\/\/www.facebook.com\/iengelswienkeltje2\/","article_modified_time":"2026-01-22T09:38:27+00:00","og_image":[{"width":800,"height":800,"url":"https:\/\/bulliesteashop.com\/wp-content\/uploads\/2023\/07\/gember-340g.jpg","type":"image\/jpeg"}],"twitter_card":"summary_large_image","twitter_misc":{"Dur\u00e9e de lecture est.":"2 minutes"},"schema":{"@context":"https:\/\/schema.org","@graph":[{"@type":"WebPage","@id":"https:\/\/bulliesteashop.com\/product\/ginger-2\/","url":"https:\/\/bulliesteashop.com\/product\/ginger-2\/","name":"Tiptree Ginger - Bullies Tea Shop","isPartOf":{"@id":"https:\/\/bulliesteashop.com\/#website"},"primaryImageOfPage":{"@id":"https:\/\/bulliesteashop.com\/product\/ginger-2\/#primaryimage"},"image":{"@id":"https:\/\/bulliesteashop.com\/product\/ginger-2\/#primaryimage"},"thumbnailUrl":"https:\/\/bulliesteashop.com\/wp-content\/uploads\/2023\/07\/gember-340g.jpg","datePublished":"2023-07-28T09:57:46+00:00","dateModified":"2026-01-22T09:38:27+00:00","description":"Crafted with premium ginger, Tiptree Ginger's bold flavor profile makes it a standout choice for those who appreciate the robust taste of ginger.","breadcrumb":{"@id":"https:\/\/bulliesteashop.com\/product\/ginger-2\/#breadcrumb"},"inLanguage":"fr-BE","potentialAction":[{"@type":"ReadAction","target":["https:\/\/bulliesteashop.com\/product\/ginger-2\/"]}]},{"@type":"ImageObject","inLanguage":"fr-BE","@id":"https:\/\/bulliesteashop.com\/product\/ginger-2\/#primaryimage","url":"https:\/\/bulliesteashop.com\/wp-content\/uploads\/2023\/07\/gember-340g.jpg","contentUrl":"https:\/\/bulliesteashop.com\/wp-content\/uploads\/2023\/07\/gember-340g.jpg","width":800,"height":800,"caption":"Single tiptree Ginger glass jar"},{"@type":"BreadcrumbList","@id":"https:\/\/bulliesteashop.com\/product\/ginger-2\/#breadcrumb","itemListElement":[{"@type":"ListItem","position":1,"name":"Home","item":"https:\/\/bulliesteashop.com\/"},{"@type":"ListItem","position":2,"name":"Shop","item":"https:\/\/bulliesteashop.com\/shop\/"},{"@type":"ListItem","position":3,"name":"Tiptree Ginger"}]},{"@type":"WebSite","@id":"https:\/\/bulliesteashop.com\/#website","url":"https:\/\/bulliesteashop.com\/","name":"Bullies Tea Shop","description":"Online shop for your favourite British and English food and drink products","publisher":{"@id":"https:\/\/bulliesteashop.com\/#organization"},"potentialAction":[{"@type":"SearchAction","target":{"@type":"EntryPoint","urlTemplate":"https:\/\/bulliesteashop.com\/?s={search_term_string}"},"query-input":{"@type":"PropertyValueSpecification","valueRequired":true,"valueName":"search_term_string"}}],"inLanguage":"fr-BE"},{"@type":"Organization","@id":"https:\/\/bulliesteashop.com\/#organization","name":"Bullies Tea Shop","url":"https:\/\/bulliesteashop.com\/","logo":{"@type":"ImageObject","inLanguage":"fr-BE","@id":"https:\/\/bulliesteashop.com\/#\/schema\/logo\/image\/","url":"https:\/\/bulliesteashop.com\/wp-content\/uploads\/2023\/07\/bulliesteashop-2.png","contentUrl":"https:\/\/bulliesteashop.com\/wp-content\/uploads\/2023\/07\/bulliesteashop-2.png","width":351,"height":337,"caption":"Bullies Tea Shop"},"image":{"@id":"https:\/\/bulliesteashop.com\/#\/schema\/logo\/image\/"},"sameAs":["https:\/\/www.facebook.com\/iengelswienkeltje2\/"]}]}},"_links":{"self":[{"href":"https:\/\/bulliesteashop.com\/fr\/wp-json\/wp\/v2\/product\/16187"}],"collection":[{"href":"https:\/\/bulliesteashop.com\/fr\/wp-json\/wp\/v2\/product"}],"about":[{"href":"https:\/\/bulliesteashop.com\/fr\/wp-json\/wp\/v2\/types\/product"}],"replies":[{"embeddable":true,"href":"https:\/\/bulliesteashop.com\/fr\/wp-json\/wp\/v2\/comments?post=16187"}],"wp:featuredmedia":[{"embeddable":true,"href":"https:\/\/bulliesteashop.com\/fr\/wp-json\/wp\/v2\/media\/15673"}],"wp:attachment":[{"href":"https:\/\/bulliesteashop.com\/fr\/wp-json\/wp\/v2\/media?parent=16187"}],"wp:term":[{"taxonomy":"product_brand","embeddable":true,"href":"https:\/\/bulliesteashop.com\/fr\/wp-json\/wp\/v2\/product_brand?post=16187"},{"taxonomy":"product_cat","embeddable":true,"href":"https:\/\/bulliesteashop.com\/fr\/wp-json\/wp\/v2\/product_cat?post=16187"},{"taxonomy":"product_tag","embeddable":true,"href":"https:\/\/bulliesteashop.com\/fr\/wp-json\/wp\/v2\/product_tag?post=16187"}],"curies":[{"name":"wp","href":"https:\/\/api.w.org\/{rel}","templated":true}]}}