{"id":16183,"date":"2023-07-28T10:57:46","date_gmt":"2023-07-28T09:57:46","guid":{"rendered":"https:\/\/bulliesteashop.com\/product\/apricot-340g-2\/"},"modified":"2025-10-26T13:12:28","modified_gmt":"2025-10-26T13:12:28","slug":"apricot-340g-2","status":"publish","type":"product","link":"https:\/\/bulliesteashop.com\/fr\/produit\/apricot-340g-2\/","title":{"rendered":"Tiptree Apricot 340g"},"content":{"rendered":"<h1>About Tiptree Apricot<\/h1>\n<p>D\u00e9couvrez la saveur d\u00e9licieuse de la Conserve d'Abricots Tiptree, une confiture exceptionnelle \u00e9labor\u00e9e \u00e0 partir d'abricots m\u00fbris au soleil et cueillis \u00e0 la main. Chaque pot capture l'essence des fruits parfaitement m\u00fbrs, offrant une saveur riche et sucr\u00e9e qui transforme un petit-d\u00e9jeuner ordinaire en une exp\u00e9rience gastronomique. Tartinez-la g\u00e9n\u00e9reusement sur du pain grill\u00e9 et savourez la texture onctueuse et le go\u00fbt vibrant de cette conserve de haute qualit\u00e9. La douceur naturelle des abricots ressort \u00e0 chaque bouch\u00e9e, cr\u00e9ant une harmonie de saveurs d\u00e9licieuse, \u00e0 la fois satisfaisante et rafra\u00eechissante.<\/p>\n<p>Au-del\u00e0 du petit-d\u00e9jeuner, la Conserve d'Abricots Tiptree est un ajout polyvalent \u00e0 votre r\u00e9pertoire culinaire. Sa consistance lisse et sa saveur intense en font un gla\u00e7age id\u00e9al pour les cheesecakes, ajoutant une touche d'\u00e9l\u00e9gance et une explosion de fruit\u00e9 \u00e0 vos desserts. Que vous perfectionniez vos comp\u00e9tences en p\u00e2tisserie, que vous am\u00e9lioriez votre routine matinale, ou que vous vous adonniez simplement \u00e0 une cuiller\u00e9e directement du pot, cette conserve d'abricots promet de fournir une exp\u00e9rience gustative luxueuse et m\u00e9morable. D\u00e9couvrez la qualit\u00e9 sup\u00e9rieure et le go\u00fbt d\u00e9licieux qui ont fait de Tiptree un nom aim\u00e9 parmi les amateurs de confitures du monde entier.<\/p>\n<h2>Valeurs Nutritionnelles<\/h2>\n<p>Pour 100g : 1155kJ\/272kcal, Lipides 0g, dont satur\u00e9s 0g, Glucides 66g, dont sucres 66g, Prot\u00e9ines 0,6g, Sel 0g<\/p>\n<h2>Ingr\u00e9dients<\/h2>\n<p>Abricots, Sucre, R\u00e9gulateur d'acidit\u00e9 : Acide Citrique<\/p>","protected":false},"excerpt":{"rendered":"<p>Cette conservation est effectu\u00e9e \u00e0 partir de choix abricots m\u00fbries au soleil et est d\u00e9licieux sur des toasts ou comme un gla\u00e7age pour g\u00e2teau au fromage.<\/p>","protected":false},"featured_media":15667,"comment_status":"closed","ping_status":"closed","template":"","meta":[],"product_brand":[],"product_cat":[18],"product_tag":[21,22,23,20,19],"class_list":{"0":"post-16183","1":"product","2":"type-product","3":"status-publish","4":"has-post-thumbnail","6":"product_cat-jam","7":"product_tag-coeliacs","8":"product_tag-halal","9":"product_tag-kosher","10":"product_tag-vegans","11":"product_tag-vegetarians","12":"pa_ean-79","13":"pa_upc-80","15":"first","16":"instock","17":"purchasable","18":"product-type-simple"},"yoast_head":"<!-- This site is optimized with the Yoast SEO plugin v23.4 - https:\/\/yoast.com\/wordpress\/plugins\/seo\/ -->\n<title>Tiptree Apricot 340g - Bullies Tea Shop<\/title>\n<meta name=\"description\" content=\"Tiptree Apricot is a truly exceptional preserve crafted from handpicked, sun-ripened apricots. A rich flavour to transform ordinary breakfast.\" \/>\n<meta name=\"robots\" content=\"index, follow, max-snippet:-1, max-image-preview:large, max-video-preview:-1\" \/>\n<link rel=\"canonical\" href=\"https:\/\/bulliesteashop.com\/fr\/produit\/apricot-340g-2\/\" \/>\n<meta property=\"og:locale\" content=\"fr_FR\" \/>\n<meta property=\"og:type\" content=\"article\" \/>\n<meta property=\"og:title\" content=\"Tiptree Apricot 340g - Bullies Tea Shop\" \/>\n<meta property=\"og:description\" content=\"Tiptree Apricot is a truly exceptional preserve crafted from handpicked, sun-ripened apricots. A rich flavour to transform ordinary breakfast.\" \/>\n<meta property=\"og:url\" content=\"https:\/\/bulliesteashop.com\/fr\/produit\/apricot-340g-2\/\" \/>\n<meta property=\"og:site_name\" content=\"Bullies Tea Shop\" \/>\n<meta property=\"article:publisher\" content=\"https:\/\/www.facebook.com\/iengelswienkeltje2\/\" \/>\n<meta property=\"article:modified_time\" content=\"2025-10-26T13:12:28+00:00\" \/>\n<meta property=\"og:image\" content=\"https:\/\/bulliesteashop.com\/wp-content\/uploads\/2023\/07\/abrikoos-340g-1.jpg\" \/>\n\t<meta property=\"og:image:width\" content=\"800\" \/>\n\t<meta property=\"og:image:height\" content=\"800\" \/>\n\t<meta property=\"og:image:type\" content=\"image\/jpeg\" \/>\n<meta name=\"twitter:card\" content=\"summary_large_image\" \/>\n<meta name=\"twitter:label1\" content=\"Dur\u00e9e de lecture est.\" \/>\n\t<meta name=\"twitter:data1\" content=\"2 minutes\" \/>\n<script type=\"application\/ld+json\" class=\"yoast-schema-graph\">{\"@context\":\"https:\/\/schema.org\",\"@graph\":[{\"@type\":\"WebPage\",\"@id\":\"https:\/\/bulliesteashop.com\/product\/apricot-340g-2\/\",\"url\":\"https:\/\/bulliesteashop.com\/product\/apricot-340g-2\/\",\"name\":\"Tiptree Apricot 340g - Bullies Tea Shop\",\"isPartOf\":{\"@id\":\"https:\/\/bulliesteashop.com\/#website\"},\"primaryImageOfPage\":{\"@id\":\"https:\/\/bulliesteashop.com\/product\/apricot-340g-2\/#primaryimage\"},\"image\":{\"@id\":\"https:\/\/bulliesteashop.com\/product\/apricot-340g-2\/#primaryimage\"},\"thumbnailUrl\":\"https:\/\/bulliesteashop.com\/wp-content\/uploads\/2023\/07\/abrikoos-340g-1.jpg\",\"datePublished\":\"2023-07-28T09:57:46+00:00\",\"dateModified\":\"2025-10-26T13:12:28+00:00\",\"description\":\"Tiptree Apricot is a truly exceptional preserve crafted from handpicked, sun-ripened apricots. A rich flavour to transform ordinary breakfast.\",\"breadcrumb\":{\"@id\":\"https:\/\/bulliesteashop.com\/product\/apricot-340g-2\/#breadcrumb\"},\"inLanguage\":\"fr-BE\",\"potentialAction\":[{\"@type\":\"ReadAction\",\"target\":[\"https:\/\/bulliesteashop.com\/product\/apricot-340g-2\/\"]}]},{\"@type\":\"ImageObject\",\"inLanguage\":\"fr-BE\",\"@id\":\"https:\/\/bulliesteashop.com\/product\/apricot-340g-2\/#primaryimage\",\"url\":\"https:\/\/bulliesteashop.com\/wp-content\/uploads\/2023\/07\/abrikoos-340g-1.jpg\",\"contentUrl\":\"https:\/\/bulliesteashop.com\/wp-content\/uploads\/2023\/07\/abrikoos-340g-1.jpg\",\"width\":800,\"height\":800,\"caption\":\"One jar of tiptree Apricot Conserve\"},{\"@type\":\"BreadcrumbList\",\"@id\":\"https:\/\/bulliesteashop.com\/product\/apricot-340g-2\/#breadcrumb\",\"itemListElement\":[{\"@type\":\"ListItem\",\"position\":1,\"name\":\"Home\",\"item\":\"https:\/\/bulliesteashop.com\/\"},{\"@type\":\"ListItem\",\"position\":2,\"name\":\"Shop\",\"item\":\"https:\/\/bulliesteashop.com\/shop\/\"},{\"@type\":\"ListItem\",\"position\":3,\"name\":\"Tiptree Apricot 340g\"}]},{\"@type\":\"WebSite\",\"@id\":\"https:\/\/bulliesteashop.com\/#website\",\"url\":\"https:\/\/bulliesteashop.com\/\",\"name\":\"Bullies Tea Shop\",\"description\":\"Online shop for your favourite British and English food and drink products\",\"publisher\":{\"@id\":\"https:\/\/bulliesteashop.com\/#organization\"},\"potentialAction\":[{\"@type\":\"SearchAction\",\"target\":{\"@type\":\"EntryPoint\",\"urlTemplate\":\"https:\/\/bulliesteashop.com\/?s={search_term_string}\"},\"query-input\":{\"@type\":\"PropertyValueSpecification\",\"valueRequired\":true,\"valueName\":\"search_term_string\"}}],\"inLanguage\":\"fr-BE\"},{\"@type\":\"Organization\",\"@id\":\"https:\/\/bulliesteashop.com\/#organization\",\"name\":\"Bullies Tea Shop\",\"url\":\"https:\/\/bulliesteashop.com\/\",\"logo\":{\"@type\":\"ImageObject\",\"inLanguage\":\"fr-BE\",\"@id\":\"https:\/\/bulliesteashop.com\/#\/schema\/logo\/image\/\",\"url\":\"https:\/\/bulliesteashop.com\/wp-content\/uploads\/2023\/07\/bulliesteashop-2.png\",\"contentUrl\":\"https:\/\/bulliesteashop.com\/wp-content\/uploads\/2023\/07\/bulliesteashop-2.png\",\"width\":351,\"height\":337,\"caption\":\"Bullies Tea Shop\"},\"image\":{\"@id\":\"https:\/\/bulliesteashop.com\/#\/schema\/logo\/image\/\"},\"sameAs\":[\"https:\/\/www.facebook.com\/iengelswienkeltje2\/\"]}]}<\/script>\n<!-- \/ Yoast SEO plugin. -->","yoast_head_json":{"title":"Tiptree Apricot 340g - Bullies Tea Shop","description":"Tiptree Apricot is a truly exceptional preserve crafted from handpicked, sun-ripened apricots. A rich flavour to transform ordinary breakfast.","robots":{"index":"index","follow":"follow","max-snippet":"max-snippet:-1","max-image-preview":"max-image-preview:large","max-video-preview":"max-video-preview:-1"},"canonical":"https:\/\/bulliesteashop.com\/fr\/produit\/apricot-340g-2\/","og_locale":"fr_FR","og_type":"article","og_title":"Tiptree Apricot 340g - Bullies Tea Shop","og_description":"Tiptree Apricot is a truly exceptional preserve crafted from handpicked, sun-ripened apricots. A rich flavour to transform ordinary breakfast.","og_url":"https:\/\/bulliesteashop.com\/fr\/produit\/apricot-340g-2\/","og_site_name":"Bullies Tea Shop","article_publisher":"https:\/\/www.facebook.com\/iengelswienkeltje2\/","article_modified_time":"2025-10-26T13:12:28+00:00","og_image":[{"width":800,"height":800,"url":"https:\/\/bulliesteashop.com\/wp-content\/uploads\/2023\/07\/abrikoos-340g-1.jpg","type":"image\/jpeg"}],"twitter_card":"summary_large_image","twitter_misc":{"Dur\u00e9e de lecture est.":"2 minutes"},"schema":{"@context":"https:\/\/schema.org","@graph":[{"@type":"WebPage","@id":"https:\/\/bulliesteashop.com\/product\/apricot-340g-2\/","url":"https:\/\/bulliesteashop.com\/product\/apricot-340g-2\/","name":"Tiptree Apricot 340g - Bullies Tea Shop","isPartOf":{"@id":"https:\/\/bulliesteashop.com\/#website"},"primaryImageOfPage":{"@id":"https:\/\/bulliesteashop.com\/product\/apricot-340g-2\/#primaryimage"},"image":{"@id":"https:\/\/bulliesteashop.com\/product\/apricot-340g-2\/#primaryimage"},"thumbnailUrl":"https:\/\/bulliesteashop.com\/wp-content\/uploads\/2023\/07\/abrikoos-340g-1.jpg","datePublished":"2023-07-28T09:57:46+00:00","dateModified":"2025-10-26T13:12:28+00:00","description":"Tiptree Apricot is a truly exceptional preserve crafted from handpicked, sun-ripened apricots. A rich flavour to transform ordinary breakfast.","breadcrumb":{"@id":"https:\/\/bulliesteashop.com\/product\/apricot-340g-2\/#breadcrumb"},"inLanguage":"fr-BE","potentialAction":[{"@type":"ReadAction","target":["https:\/\/bulliesteashop.com\/product\/apricot-340g-2\/"]}]},{"@type":"ImageObject","inLanguage":"fr-BE","@id":"https:\/\/bulliesteashop.com\/product\/apricot-340g-2\/#primaryimage","url":"https:\/\/bulliesteashop.com\/wp-content\/uploads\/2023\/07\/abrikoos-340g-1.jpg","contentUrl":"https:\/\/bulliesteashop.com\/wp-content\/uploads\/2023\/07\/abrikoos-340g-1.jpg","width":800,"height":800,"caption":"One jar of tiptree Apricot Conserve"},{"@type":"BreadcrumbList","@id":"https:\/\/bulliesteashop.com\/product\/apricot-340g-2\/#breadcrumb","itemListElement":[{"@type":"ListItem","position":1,"name":"Home","item":"https:\/\/bulliesteashop.com\/"},{"@type":"ListItem","position":2,"name":"Shop","item":"https:\/\/bulliesteashop.com\/shop\/"},{"@type":"ListItem","position":3,"name":"Tiptree Apricot 340g"}]},{"@type":"WebSite","@id":"https:\/\/bulliesteashop.com\/#website","url":"https:\/\/bulliesteashop.com\/","name":"Bullies Tea Shop","description":"Online shop for your favourite British and English food and drink products","publisher":{"@id":"https:\/\/bulliesteashop.com\/#organization"},"potentialAction":[{"@type":"SearchAction","target":{"@type":"EntryPoint","urlTemplate":"https:\/\/bulliesteashop.com\/?s={search_term_string}"},"query-input":{"@type":"PropertyValueSpecification","valueRequired":true,"valueName":"search_term_string"}}],"inLanguage":"fr-BE"},{"@type":"Organization","@id":"https:\/\/bulliesteashop.com\/#organization","name":"Bullies Tea Shop","url":"https:\/\/bulliesteashop.com\/","logo":{"@type":"ImageObject","inLanguage":"fr-BE","@id":"https:\/\/bulliesteashop.com\/#\/schema\/logo\/image\/","url":"https:\/\/bulliesteashop.com\/wp-content\/uploads\/2023\/07\/bulliesteashop-2.png","contentUrl":"https:\/\/bulliesteashop.com\/wp-content\/uploads\/2023\/07\/bulliesteashop-2.png","width":351,"height":337,"caption":"Bullies Tea Shop"},"image":{"@id":"https:\/\/bulliesteashop.com\/#\/schema\/logo\/image\/"},"sameAs":["https:\/\/www.facebook.com\/iengelswienkeltje2\/"]}]}},"_links":{"self":[{"href":"https:\/\/bulliesteashop.com\/fr\/wp-json\/wp\/v2\/product\/16183"}],"collection":[{"href":"https:\/\/bulliesteashop.com\/fr\/wp-json\/wp\/v2\/product"}],"about":[{"href":"https:\/\/bulliesteashop.com\/fr\/wp-json\/wp\/v2\/types\/product"}],"replies":[{"embeddable":true,"href":"https:\/\/bulliesteashop.com\/fr\/wp-json\/wp\/v2\/comments?post=16183"}],"wp:featuredmedia":[{"embeddable":true,"href":"https:\/\/bulliesteashop.com\/fr\/wp-json\/wp\/v2\/media\/15667"}],"wp:attachment":[{"href":"https:\/\/bulliesteashop.com\/fr\/wp-json\/wp\/v2\/media?parent=16183"}],"wp:term":[{"taxonomy":"product_brand","embeddable":true,"href":"https:\/\/bulliesteashop.com\/fr\/wp-json\/wp\/v2\/product_brand?post=16183"},{"taxonomy":"product_cat","embeddable":true,"href":"https:\/\/bulliesteashop.com\/fr\/wp-json\/wp\/v2\/product_cat?post=16183"},{"taxonomy":"product_tag","embeddable":true,"href":"https:\/\/bulliesteashop.com\/fr\/wp-json\/wp\/v2\/product_tag?post=16183"}],"curies":[{"name":"wp","href":"https:\/\/api.w.org\/{rel}","templated":true}]}}