{"id":3,"date":"2023-07-05T22:08:03","date_gmt":"2023-07-05T21:08:03","guid":{"rendered":"http:\/\/bulliesteashop.com\/?page_id=3"},"modified":"2023-08-01T09:56:39","modified_gmt":"2023-08-01T08:56:39","slug":"privacy-policy","status":"publish","type":"page","link":"https:\/\/bulliesteashop.com\/fr\/privacy-policy\/","title":{"rendered":"Politique De Confidentialit\u00e9"},"content":{"rendered":"<h2 class=\"wp-block-heading\">Qui nous sommes<\/h2><p><strong class=\"privacy-policy-tutorial\"> <\/strong>Our website address is: http:\/\/bulliesteashop.com.<\/p><h2 class=\"wp-block-heading\">Commentaires<\/h2><p><strong class=\"privacy-policy-tutorial\"> <\/strong>Lorsque les visiteurs de laisser des commentaires sur le site nous recueillons les donn\u00e9es indiqu\u00e9es dans le formulaire de commentaires, et aussi l&#039;adresse IP du visiteur et le navigateur cha\u00eene de l&#039;agent utilisateur pour aider \u00e0 la d\u00e9tection des spams.<\/p><p>An anonymized string created from your email address (also called a hash) may be provided to the Gravatar service to see if you are using it. The Gravatar service Privacy Policy is available here: https:\/\/automattic.com\/privacy\/. After approval of your comment, your profile picture is visible to the public in the context of your comment.<\/p><h2 class=\"wp-block-heading\">Les m\u00e9dias<\/h2><p>Si vous t\u00e9l\u00e9chargez des images sur le site, vous devriez \u00e9viter de t\u00e9l\u00e9charger des images incorpor\u00e9es des donn\u00e9es de localisation (EXIF GPS) inclus. Les visiteurs du site peuvent t\u00e9l\u00e9charger et d&#039;extraire des donn\u00e9es de localisation \u00e0 partir d&#039;images sur le site.<\/p><h2 class=\"wp-block-heading\">Les Cookies<\/h2><p>Si vous laissez un commentaire sur notre site, vous pouvez opter pour l&#039;enregistrement de votre nom, adresse email, adresse et site web dans les cookies. Ce sont pour la commodit\u00e9 de sorte que vous n&#039;avez pas \u00e0 remplir vos coordonn\u00e9es \u00e0 nouveau lorsque vous laisser un autre commentaire. Ces cookies ont une dur\u00e9e d&#039;une ann\u00e9e.<\/p><p>Si vous visitez notre page de connexion, nous allons d\u00e9finir un cookie temporaire afin de d\u00e9terminer si votre navigateur accepte les cookies. Ce cookie ne contient pas de donn\u00e9es \u00e0 caract\u00e8re personnel et sont supprim\u00e9s lorsque vous fermez votre navigateur.<\/p><p>Lorsque vous vous connectez, nous allons \u00e9galement mettre en place plusieurs &#034;cookies&#034; pour enregistrer vos informations de connexion et votre \u00e9cran de choix d&#039;affichage. Les cookies de connexion d&#039;une dur\u00e9e de deux jours, et les options de l&#039;\u00e9cran des cookies pour une ann\u00e9e. Si vous s\u00e9lectionnez l&#039;option \u201cse Souvenir de Moi\u201d, votre connexion va persister pendant deux semaines. Si vous vous d\u00e9connectez de votre compte, l&#039;ouverture de session les cookies seront supprim\u00e9s.<\/p><p>Si vous modifier ou de publier un article, un nouveau cookie sera enregistr\u00e9 dans votre navigateur. Ce cookie ne comprend pas de donn\u00e9es \u00e0 caract\u00e8re personnel et indique simplement l&#039;ID de la poste de l&#039;article que vous venez de modifier. Il expire apr\u00e8s 1 jour.<\/p><h2 class=\"wp-block-heading\">Incorpor\u00e9 contenu provenant d&#039;autres sites<\/h2><p><strong class=\"privacy-policy-tutorial\"> <\/strong>Les Articles sur ce site peut comporter des contenus (vid\u00e9os, images, articles, etc.). Int\u00e9gr\u00e9 du contenu provenant d&#039;autres sites web se comporte exactement de la m\u00eame mani\u00e8re que si le visiteur a visit\u00e9 le site.<\/p><p>Ces sites peuvent collecter des donn\u00e9es vous concernant, \u00e0 l&#039;utilisation des cookies, incorporer tiers suppl\u00e9mentaire de suivi et de surveiller votre interaction avec le contenu int\u00e9gr\u00e9, y compris le suivi de votre interaction avec le contenu incorpor\u00e9 si vous avez un compte et que vous \u00eates connect\u00e9 \u00e0 ce site web.<\/p><h2 class=\"wp-block-heading\">Qui nous permet de partager vos donn\u00e9es avec<\/h2><p>Si vous demander une r\u00e9initialisation du mot de passe, votre adresse IP sera inclus dans l&#039;e-mail de r\u00e9initialisation.<\/p><h2 class=\"wp-block-heading\">Combien de temps nous conservons vos donn\u00e9es<\/h2><p><strong class=\"privacy-policy-tutorial\"> <\/strong>Si vous laissez un commentaire, le commentaire et de ses m\u00e9tadonn\u00e9es sont conserv\u00e9es ind\u00e9finiment. Il en est ainsi, on peut reconna\u00eetre et approuver tout suivi automatiquement les commentaires au lieu de les tenir dans une file d&#039;attente de mod\u00e9ration.<\/p><p>Pour les utilisateurs \u00e0 s&#039;inscrire sur notre site web (le cas \u00e9ch\u00e9ant), nous stockons les informations personnelles qu&#039;ils fournissent dans leur profil utilisateur. Tous les utilisateurs peuvent voir, modifier ou supprimer leurs donn\u00e9es personnelles \u00e0 tout moment (sauf qu&#039;ils ne peuvent pas changer leur nom d&#039;utilisateur). Les administrateurs de site web peut \u00e9galement voir des informations et les modifier.<\/p><h2 class=\"wp-block-heading\">Quels sont les droits que vous avez sur vos donn\u00e9es<\/h2><p>Si vous avez un compte sur ce site, ou ont laiss\u00e9 des commentaires, vous pouvez demander \u00e0 recevoir un fichier export\u00e9 les donn\u00e9es personnelles que nous d\u00e9tenons \u00e0 votre sujet, y compris toutes les donn\u00e9es que vous nous avez fournies. Vous pouvez \u00e9galement nous demander d&#039;effacer toutes les donn\u00e9es personnelles que nous d\u00e9tenons sur vous. Ce n&#039;inclut pas les donn\u00e9es nous sont tenus de conserver \u00e0 des fins administratives, juridiques, ou \u00e0 des fins de s\u00e9curit\u00e9.<\/p><h2 class=\"wp-block-heading\">O\u00f9 vos donn\u00e9es sont envoy\u00e9es<\/h2><p>Les commentaires des visiteurs peut \u00eatre contr\u00f4l\u00e9 par un syst\u00e8me automatis\u00e9 de d\u00e9tection de spam service.<\/p>","protected":false},"excerpt":{"rendered":"<p>Who we are Our website address is: http:\/\/bulliesteashop.com. Comments When visitors leave comments on the site we collect the data<\/p>","protected":false},"author":1,"featured_media":0,"parent":0,"menu_order":0,"comment_status":"closed","ping_status":"open","template":"","meta":{"footnotes":""},"class_list":["post-3","page","type-page","status-publish","hentry"],"yoast_head":"<!-- This site is optimized with the Yoast SEO plugin v23.4 - https:\/\/yoast.com\/wordpress\/plugins\/seo\/ -->\n<title>Privacy Policy - Bullies Tea Shop<\/title>\n<meta name=\"robots\" content=\"index, follow, max-snippet:-1, max-image-preview:large, max-video-preview:-1\" \/>\n<link rel=\"canonical\" href=\"https:\/\/bulliesteashop.com\/fr\/privacy-policy\/\" \/>\n<meta property=\"og:locale\" content=\"fr_FR\" \/>\n<meta property=\"og:type\" content=\"article\" \/>\n<meta property=\"og:title\" content=\"Privacy Policy - Bullies Tea Shop\" \/>\n<meta property=\"og:description\" content=\"Who we are Our website address is: http:\/\/bulliesteashop.com. Comments When visitors leave comments on the site we collect the data\" \/>\n<meta property=\"og:url\" content=\"https:\/\/bulliesteashop.com\/fr\/privacy-policy\/\" \/>\n<meta property=\"og:site_name\" content=\"Bullies Tea Shop\" \/>\n<meta property=\"article:publisher\" content=\"https:\/\/www.facebook.com\/iengelswienkeltje2\/\" \/>\n<meta property=\"article:modified_time\" content=\"2023-08-01T08:56:39+00:00\" \/>\n<meta name=\"twitter:card\" content=\"summary_large_image\" \/>\n<meta name=\"twitter:label1\" content=\"Dur\u00e9e de lecture est.\" \/>\n\t<meta name=\"twitter:data1\" content=\"3 minutes\" \/>\n<script type=\"application\/ld+json\" class=\"yoast-schema-graph\">{\"@context\":\"https:\/\/schema.org\",\"@graph\":[{\"@type\":\"WebPage\",\"@id\":\"https:\/\/bulliesteashop.com\/privacy-policy\/\",\"url\":\"https:\/\/bulliesteashop.com\/privacy-policy\/\",\"name\":\"Privacy Policy - Bullies Tea Shop\",\"isPartOf\":{\"@id\":\"https:\/\/bulliesteashop.com\/#website\"},\"datePublished\":\"2023-07-05T21:08:03+00:00\",\"dateModified\":\"2023-08-01T08:56:39+00:00\",\"breadcrumb\":{\"@id\":\"https:\/\/bulliesteashop.com\/privacy-policy\/#breadcrumb\"},\"inLanguage\":\"fr-BE\",\"potentialAction\":[{\"@type\":\"ReadAction\",\"target\":[\"https:\/\/bulliesteashop.com\/privacy-policy\/\"]}]},{\"@type\":\"BreadcrumbList\",\"@id\":\"https:\/\/bulliesteashop.com\/privacy-policy\/#breadcrumb\",\"itemListElement\":[{\"@type\":\"ListItem\",\"position\":1,\"name\":\"Home\",\"item\":\"https:\/\/bulliesteashop.com\/\"},{\"@type\":\"ListItem\",\"position\":2,\"name\":\"Privacy Policy\"}]},{\"@type\":\"WebSite\",\"@id\":\"https:\/\/bulliesteashop.com\/#website\",\"url\":\"https:\/\/bulliesteashop.com\/\",\"name\":\"Bullies Tea Shop\",\"description\":\"Online shop for your favourite British and English food and drink products\",\"publisher\":{\"@id\":\"https:\/\/bulliesteashop.com\/#organization\"},\"potentialAction\":[{\"@type\":\"SearchAction\",\"target\":{\"@type\":\"EntryPoint\",\"urlTemplate\":\"https:\/\/bulliesteashop.com\/?s={search_term_string}\"},\"query-input\":{\"@type\":\"PropertyValueSpecification\",\"valueRequired\":true,\"valueName\":\"search_term_string\"}}],\"inLanguage\":\"fr-BE\"},{\"@type\":\"Organization\",\"@id\":\"https:\/\/bulliesteashop.com\/#organization\",\"name\":\"Bullies Tea Shop\",\"url\":\"https:\/\/bulliesteashop.com\/\",\"logo\":{\"@type\":\"ImageObject\",\"inLanguage\":\"fr-BE\",\"@id\":\"https:\/\/bulliesteashop.com\/#\/schema\/logo\/image\/\",\"url\":\"https:\/\/bulliesteashop.com\/wp-content\/uploads\/2023\/07\/bulliesteashop-2.png\",\"contentUrl\":\"https:\/\/bulliesteashop.com\/wp-content\/uploads\/2023\/07\/bulliesteashop-2.png\",\"width\":351,\"height\":337,\"caption\":\"Bullies Tea Shop\"},\"image\":{\"@id\":\"https:\/\/bulliesteashop.com\/#\/schema\/logo\/image\/\"},\"sameAs\":[\"https:\/\/www.facebook.com\/iengelswienkeltje2\/\"]}]}<\/script>\n<!-- \/ Yoast SEO plugin. -->","yoast_head_json":{"title":"Privacy Policy - Bullies Tea Shop","robots":{"index":"index","follow":"follow","max-snippet":"max-snippet:-1","max-image-preview":"max-image-preview:large","max-video-preview":"max-video-preview:-1"},"canonical":"https:\/\/bulliesteashop.com\/fr\/privacy-policy\/","og_locale":"fr_FR","og_type":"article","og_title":"Privacy Policy - Bullies Tea Shop","og_description":"Who we are Our website address is: http:\/\/bulliesteashop.com. Comments When visitors leave comments on the site we collect the data","og_url":"https:\/\/bulliesteashop.com\/fr\/privacy-policy\/","og_site_name":"Bullies Tea Shop","article_publisher":"https:\/\/www.facebook.com\/iengelswienkeltje2\/","article_modified_time":"2023-08-01T08:56:39+00:00","twitter_card":"summary_large_image","twitter_misc":{"Dur\u00e9e de lecture est.":"3 minutes"},"schema":{"@context":"https:\/\/schema.org","@graph":[{"@type":"WebPage","@id":"https:\/\/bulliesteashop.com\/privacy-policy\/","url":"https:\/\/bulliesteashop.com\/privacy-policy\/","name":"Privacy Policy - Bullies Tea Shop","isPartOf":{"@id":"https:\/\/bulliesteashop.com\/#website"},"datePublished":"2023-07-05T21:08:03+00:00","dateModified":"2023-08-01T08:56:39+00:00","breadcrumb":{"@id":"https:\/\/bulliesteashop.com\/privacy-policy\/#breadcrumb"},"inLanguage":"fr-BE","potentialAction":[{"@type":"ReadAction","target":["https:\/\/bulliesteashop.com\/privacy-policy\/"]}]},{"@type":"BreadcrumbList","@id":"https:\/\/bulliesteashop.com\/privacy-policy\/#breadcrumb","itemListElement":[{"@type":"ListItem","position":1,"name":"Home","item":"https:\/\/bulliesteashop.com\/"},{"@type":"ListItem","position":2,"name":"Privacy Policy"}]},{"@type":"WebSite","@id":"https:\/\/bulliesteashop.com\/#website","url":"https:\/\/bulliesteashop.com\/","name":"Bullies Tea Shop","description":"Online shop for your favourite British and English food and drink products","publisher":{"@id":"https:\/\/bulliesteashop.com\/#organization"},"potentialAction":[{"@type":"SearchAction","target":{"@type":"EntryPoint","urlTemplate":"https:\/\/bulliesteashop.com\/?s={search_term_string}"},"query-input":{"@type":"PropertyValueSpecification","valueRequired":true,"valueName":"search_term_string"}}],"inLanguage":"fr-BE"},{"@type":"Organization","@id":"https:\/\/bulliesteashop.com\/#organization","name":"Bullies Tea Shop","url":"https:\/\/bulliesteashop.com\/","logo":{"@type":"ImageObject","inLanguage":"fr-BE","@id":"https:\/\/bulliesteashop.com\/#\/schema\/logo\/image\/","url":"https:\/\/bulliesteashop.com\/wp-content\/uploads\/2023\/07\/bulliesteashop-2.png","contentUrl":"https:\/\/bulliesteashop.com\/wp-content\/uploads\/2023\/07\/bulliesteashop-2.png","width":351,"height":337,"caption":"Bullies Tea Shop"},"image":{"@id":"https:\/\/bulliesteashop.com\/#\/schema\/logo\/image\/"},"sameAs":["https:\/\/www.facebook.com\/iengelswienkeltje2\/"]}]}},"_links":{"self":[{"href":"https:\/\/bulliesteashop.com\/fr\/wp-json\/wp\/v2\/pages\/3"}],"collection":[{"href":"https:\/\/bulliesteashop.com\/fr\/wp-json\/wp\/v2\/pages"}],"about":[{"href":"https:\/\/bulliesteashop.com\/fr\/wp-json\/wp\/v2\/types\/page"}],"author":[{"embeddable":true,"href":"https:\/\/bulliesteashop.com\/fr\/wp-json\/wp\/v2\/users\/1"}],"replies":[{"embeddable":true,"href":"https:\/\/bulliesteashop.com\/fr\/wp-json\/wp\/v2\/comments?post=3"}],"version-history":[{"count":1,"href":"https:\/\/bulliesteashop.com\/fr\/wp-json\/wp\/v2\/pages\/3\/revisions"}],"predecessor-version":[{"id":16025,"href":"https:\/\/bulliesteashop.com\/fr\/wp-json\/wp\/v2\/pages\/3\/revisions\/16025"}],"wp:attachment":[{"href":"https:\/\/bulliesteashop.com\/fr\/wp-json\/wp\/v2\/media?parent=3"}],"curies":[{"name":"wp","href":"https:\/\/api.w.org\/{rel}","templated":true}]}}