{"id":16143,"date":"2023-07-25T05:32:52","date_gmt":"2023-07-25T04:32:52","guid":{"rendered":"https:\/\/bulliesteashop.com\/?page_id=16143"},"modified":"2023-07-25T05:34:06","modified_gmt":"2023-07-25T04:34:06","slug":"cookie-law","status":"publish","type":"page","link":"https:\/\/bulliesteashop.com\/fr\/cookie-law\/","title":{"rendered":"Cookie law"},"content":{"rendered":"<h2 class=\"wp-block-heading\">Politique En Mati\u00e8re De Cookies<\/h2><p>Au Despotes Boutique de Th\u00e9, nous respectons votre vie priv\u00e9e et s&#039;efforcent de vous fournir la meilleure exp\u00e9rience de magasinage. Pour am\u00e9liorer votre voyage en ligne et assurer le bon fonctionnement de notre site web, nous utilisons des cookies.<\/p><p>Que sont les Cookies?<br>Les Cookies sont de petits fichiers texte qui sont plac\u00e9s sur votre appareil lorsque vous visitez notre site web. Ils nous aident \u00e0 nous souvenir de vos pr\u00e9f\u00e9rences, le suivi de vos activit\u00e9s sur notre site, et d&#039;am\u00e9liorer votre exp\u00e9rience de navigation.<\/p><p>Les Types de Cookies que Nous Utilisons:<\/p><p>Les Cookies essentiels: Ces cookies sont n\u00e9cessaires au bon fonctionnement de notre site web. Ils vous permettent de naviguer sur notre site et acc\u00e9der aux fonctionnalit\u00e9s essentielles, telles que l&#039;ajout d&#039;articles \u00e0 votre panier et de compl\u00e9ter les achats.<\/p><p>Cookies analytiques: Ces cookies nous aident \u00e0 comprendre comment les visiteurs interagissent avec notre site. Ils fournissent des informations pr\u00e9cieuses sur les pages qui sont visit\u00e9es le plus souvent, ce qui nous permet d&#039;am\u00e9liorer et d&#039;optimiser notre contenu.<\/p><p>Cookies fonctionnels: Ces cookies permettent \u00e0 notre site web de se souvenir de vos choix et pr\u00e9f\u00e9rences, telles que les param\u00e8tres de langue et monnaie s\u00e9lections. Ils vous aident \u00e0 personnaliser votre exp\u00e9rience sur notre site.<\/p><p>La Gestion Des Cookies:<br>Vous avez la possibilit\u00e9 d&#039;accepter ou de refuser les cookies. La plupart des navigateurs web acceptent automatiquement les cookies, mais vous pouvez modifier les param\u00e8tres de votre navigateur pour refuser les cookies si vous pr\u00e9f\u00e9rez. Cependant, veuillez noter que la d\u00e9sactivation des cookies peut limiter certaines fonctionnalit\u00e9s sur notre site web.<\/p><p>Les Cookies Tiers:<br>En plus de nos propres cookies, nous pouvons \u00e9galement utiliser les cookies tiers de partenaires de confiance. Ces cookies nous aident \u00e0 analyser le trafic du site, de comprendre vos int\u00e9r\u00eats, et vous servir avec des publicit\u00e9s pertinentes.<\/p><p>Votre Consentement:<br>En continuant \u00e0 utiliser notre site, vous acceptez l&#039;utilisation de cookies comme d\u00e9crit dans cette Politique de Cookie. Si vous avez des questions ou des pr\u00e9occupations concernant notre utilisation des cookies, sentez-vous svp libre pour nous contacter.<\/p><p>Veuillez consulter notre Politique de Confidentialit\u00e9 pour plus d&#039;informations sur la fa\u00e7on dont nous traitons vos donn\u00e9es et de prot\u00e9ger votre vie priv\u00e9e.<\/p><p>Merci \u00e0 vous pour le choix des Tyrans Boutique de Th\u00e9. Nous vous remercions de votre confiance et nous sommes d\u00e9termin\u00e9s \u00e0 assurer un agr\u00e9able et s\u00e9curis\u00e9 de l&#039;exp\u00e9rience de magasinage de vous.<\/p>","protected":false},"excerpt":{"rendered":"<p>Cookie Policy At Bullies Tea Shop, we value your privacy and strive to provide you with the best possible shopping<\/p>","protected":false},"author":1,"featured_media":0,"parent":0,"menu_order":0,"comment_status":"closed","ping_status":"closed","template":"","meta":{"footnotes":""},"class_list":["post-16143","page","type-page","status-publish","hentry"],"yoast_head":"<!-- This site is optimized with the Yoast SEO plugin v23.4 - https:\/\/yoast.com\/wordpress\/plugins\/seo\/ -->\n<title>Cookie law - Bullies Tea Shop<\/title>\n<meta name=\"robots\" content=\"index, follow, max-snippet:-1, max-image-preview:large, max-video-preview:-1\" \/>\n<link rel=\"canonical\" href=\"https:\/\/bulliesteashop.com\/fr\/cookie-law\/\" \/>\n<meta property=\"og:locale\" content=\"fr_FR\" \/>\n<meta property=\"og:type\" content=\"article\" \/>\n<meta property=\"og:title\" content=\"Cookie law - Bullies Tea Shop\" \/>\n<meta property=\"og:description\" content=\"Cookie Policy At Bullies Tea Shop, we value your privacy and strive to provide you with the best possible shopping\" \/>\n<meta property=\"og:url\" content=\"https:\/\/bulliesteashop.com\/fr\/cookie-law\/\" \/>\n<meta property=\"og:site_name\" content=\"Bullies Tea Shop\" \/>\n<meta property=\"article:publisher\" content=\"https:\/\/www.facebook.com\/iengelswienkeltje2\/\" \/>\n<meta property=\"article:modified_time\" content=\"2023-07-25T04:34:06+00:00\" \/>\n<meta name=\"twitter:card\" content=\"summary_large_image\" \/>\n<meta name=\"twitter:label1\" content=\"Dur\u00e9e de lecture est.\" \/>\n\t<meta name=\"twitter:data1\" content=\"2 minutes\" \/>\n<script type=\"application\/ld+json\" class=\"yoast-schema-graph\">{\"@context\":\"https:\/\/schema.org\",\"@graph\":[{\"@type\":\"WebPage\",\"@id\":\"https:\/\/bulliesteashop.com\/cookie-law\/\",\"url\":\"https:\/\/bulliesteashop.com\/cookie-law\/\",\"name\":\"Cookie law - Bullies Tea Shop\",\"isPartOf\":{\"@id\":\"https:\/\/bulliesteashop.com\/#website\"},\"datePublished\":\"2023-07-25T04:32:52+00:00\",\"dateModified\":\"2023-07-25T04:34:06+00:00\",\"breadcrumb\":{\"@id\":\"https:\/\/bulliesteashop.com\/cookie-law\/#breadcrumb\"},\"inLanguage\":\"fr-BE\",\"potentialAction\":[{\"@type\":\"ReadAction\",\"target\":[\"https:\/\/bulliesteashop.com\/cookie-law\/\"]}]},{\"@type\":\"BreadcrumbList\",\"@id\":\"https:\/\/bulliesteashop.com\/cookie-law\/#breadcrumb\",\"itemListElement\":[{\"@type\":\"ListItem\",\"position\":1,\"name\":\"Home\",\"item\":\"https:\/\/bulliesteashop.com\/\"},{\"@type\":\"ListItem\",\"position\":2,\"name\":\"Cookie law\"}]},{\"@type\":\"WebSite\",\"@id\":\"https:\/\/bulliesteashop.com\/#website\",\"url\":\"https:\/\/bulliesteashop.com\/\",\"name\":\"Bullies Tea Shop\",\"description\":\"Online shop for your favourite British and English food and drink products\",\"publisher\":{\"@id\":\"https:\/\/bulliesteashop.com\/#organization\"},\"potentialAction\":[{\"@type\":\"SearchAction\",\"target\":{\"@type\":\"EntryPoint\",\"urlTemplate\":\"https:\/\/bulliesteashop.com\/?s={search_term_string}\"},\"query-input\":{\"@type\":\"PropertyValueSpecification\",\"valueRequired\":true,\"valueName\":\"search_term_string\"}}],\"inLanguage\":\"fr-BE\"},{\"@type\":\"Organization\",\"@id\":\"https:\/\/bulliesteashop.com\/#organization\",\"name\":\"Bullies Tea Shop\",\"url\":\"https:\/\/bulliesteashop.com\/\",\"logo\":{\"@type\":\"ImageObject\",\"inLanguage\":\"fr-BE\",\"@id\":\"https:\/\/bulliesteashop.com\/#\/schema\/logo\/image\/\",\"url\":\"https:\/\/bulliesteashop.com\/wp-content\/uploads\/2023\/07\/bulliesteashop-2.png\",\"contentUrl\":\"https:\/\/bulliesteashop.com\/wp-content\/uploads\/2023\/07\/bulliesteashop-2.png\",\"width\":351,\"height\":337,\"caption\":\"Bullies Tea Shop\"},\"image\":{\"@id\":\"https:\/\/bulliesteashop.com\/#\/schema\/logo\/image\/\"},\"sameAs\":[\"https:\/\/www.facebook.com\/iengelswienkeltje2\/\"]}]}<\/script>\n<!-- \/ Yoast SEO plugin. -->","yoast_head_json":{"title":"Cookie law - Bullies Tea Shop","robots":{"index":"index","follow":"follow","max-snippet":"max-snippet:-1","max-image-preview":"max-image-preview:large","max-video-preview":"max-video-preview:-1"},"canonical":"https:\/\/bulliesteashop.com\/fr\/cookie-law\/","og_locale":"fr_FR","og_type":"article","og_title":"Cookie law - Bullies Tea Shop","og_description":"Cookie Policy At Bullies Tea Shop, we value your privacy and strive to provide you with the best possible shopping","og_url":"https:\/\/bulliesteashop.com\/fr\/cookie-law\/","og_site_name":"Bullies Tea Shop","article_publisher":"https:\/\/www.facebook.com\/iengelswienkeltje2\/","article_modified_time":"2023-07-25T04:34:06+00:00","twitter_card":"summary_large_image","twitter_misc":{"Dur\u00e9e de lecture est.":"2 minutes"},"schema":{"@context":"https:\/\/schema.org","@graph":[{"@type":"WebPage","@id":"https:\/\/bulliesteashop.com\/cookie-law\/","url":"https:\/\/bulliesteashop.com\/cookie-law\/","name":"Cookie law - Bullies Tea Shop","isPartOf":{"@id":"https:\/\/bulliesteashop.com\/#website"},"datePublished":"2023-07-25T04:32:52+00:00","dateModified":"2023-07-25T04:34:06+00:00","breadcrumb":{"@id":"https:\/\/bulliesteashop.com\/cookie-law\/#breadcrumb"},"inLanguage":"fr-BE","potentialAction":[{"@type":"ReadAction","target":["https:\/\/bulliesteashop.com\/cookie-law\/"]}]},{"@type":"BreadcrumbList","@id":"https:\/\/bulliesteashop.com\/cookie-law\/#breadcrumb","itemListElement":[{"@type":"ListItem","position":1,"name":"Home","item":"https:\/\/bulliesteashop.com\/"},{"@type":"ListItem","position":2,"name":"Cookie law"}]},{"@type":"WebSite","@id":"https:\/\/bulliesteashop.com\/#website","url":"https:\/\/bulliesteashop.com\/","name":"Bullies Tea Shop","description":"Online shop for your favourite British and English food and drink products","publisher":{"@id":"https:\/\/bulliesteashop.com\/#organization"},"potentialAction":[{"@type":"SearchAction","target":{"@type":"EntryPoint","urlTemplate":"https:\/\/bulliesteashop.com\/?s={search_term_string}"},"query-input":{"@type":"PropertyValueSpecification","valueRequired":true,"valueName":"search_term_string"}}],"inLanguage":"fr-BE"},{"@type":"Organization","@id":"https:\/\/bulliesteashop.com\/#organization","name":"Bullies Tea Shop","url":"https:\/\/bulliesteashop.com\/","logo":{"@type":"ImageObject","inLanguage":"fr-BE","@id":"https:\/\/bulliesteashop.com\/#\/schema\/logo\/image\/","url":"https:\/\/bulliesteashop.com\/wp-content\/uploads\/2023\/07\/bulliesteashop-2.png","contentUrl":"https:\/\/bulliesteashop.com\/wp-content\/uploads\/2023\/07\/bulliesteashop-2.png","width":351,"height":337,"caption":"Bullies Tea Shop"},"image":{"@id":"https:\/\/bulliesteashop.com\/#\/schema\/logo\/image\/"},"sameAs":["https:\/\/www.facebook.com\/iengelswienkeltje2\/"]}]}},"_links":{"self":[{"href":"https:\/\/bulliesteashop.com\/fr\/wp-json\/wp\/v2\/pages\/16143"}],"collection":[{"href":"https:\/\/bulliesteashop.com\/fr\/wp-json\/wp\/v2\/pages"}],"about":[{"href":"https:\/\/bulliesteashop.com\/fr\/wp-json\/wp\/v2\/types\/page"}],"author":[{"embeddable":true,"href":"https:\/\/bulliesteashop.com\/fr\/wp-json\/wp\/v2\/users\/1"}],"replies":[{"embeddable":true,"href":"https:\/\/bulliesteashop.com\/fr\/wp-json\/wp\/v2\/comments?post=16143"}],"version-history":[{"count":2,"href":"https:\/\/bulliesteashop.com\/fr\/wp-json\/wp\/v2\/pages\/16143\/revisions"}],"predecessor-version":[{"id":16145,"href":"https:\/\/bulliesteashop.com\/fr\/wp-json\/wp\/v2\/pages\/16143\/revisions\/16145"}],"wp:attachment":[{"href":"https:\/\/bulliesteashop.com\/fr\/wp-json\/wp\/v2\/media?parent=16143"}],"curies":[{"name":"wp","href":"https:\/\/api.w.org\/{rel}","templated":true}]}}