{"id":17638,"date":"2024-01-04T15:03:33","date_gmt":"2024-01-04T15:03:33","guid":{"rendered":"https:\/\/bulliesteashop.com\/?post_type=product&#038;p=17638"},"modified":"2024-05-03T13:24:31","modified_gmt":"2024-05-03T12:24:31","slug":"mcvities-hobnobs-sticky-toffee-pudding-flavour-262g-best-before-29-06-2024","status":"publish","type":"product","link":"https:\/\/bulliesteashop.com\/de\/produkt\/mcvities-hobnobs-sticky-toffee-pudding-flavour-262g-best-before-29-06-2024\/","title":{"rendered":"McVitie&#8217;s Hobnobs Sticky Toffee Pudding Flavour 262g &#8211; Best Before 29\/06\/2024"},"content":{"rendered":"<p class=\"mt-4 mb-3\">Haferkekse mit Geschmack von Klebrigem Toffee Pudding, \u00fcberzogen mit Milchschokolade. Gebacken mit 100% Vollkorn-Hafer. Keine k\u00fcnstlichen Farb- oder Aromastoffe. Kein geh\u00e4rtetes pflanzliches \u00d6l. Geeignet f\u00fcr Vegetarier. Die in diesem Produkt enthaltenen Palm\u00f6lprodukte sind zertifiziert und stammen aus RSPO-separierten Quellen und wurden unter strengen Umwelt- und Sozialkriterien hergestellt. www.rspo.org. McVitie's.<\/p>\n<p class=\"mt-4 mb-3\">Ern\u00e4hrungsinformationen<\/p>\n<p class=\"text-muted\">Geeignet f\u00fcr Vegetarier<\/p>","protected":false},"excerpt":{"rendered":"<p class=\" translation-block\">Gerolltes\u00a0<span class=\"nutrition-allergen-ingredient\">HAFER<\/span>(30 %),\u00a0<span class=\"nutrition-allergen-ingredient\">MILCH<\/span>\u00a0Schokolade (25 %) [Zucker, Kakao\u00a0<span class=\"nutrition-allergen-ingredient\">Butter<\/span>, Kakaomasse, getrocknete Magermilch\u00a0<span class=\"nutrition-allergen-ingredient\">MILCH<\/span>, getrocknete MOLKE (<span class=\"nutrition- allergen-ingredient\">MILCH<\/span>),\u00a0<span class=\"nutrition-allergen-ingredient\">Butter<\/span>\u00a0\u00d6l (<span class=\"nutrition-allergen-ingredient\">MILCH<\/span>), Pflanzliche Fette (Palm, Shea), Emulgatoren (<span class=\"nutrition-allergen-ingredient\">SOJA<\/span>\u00a0Lecithin, E476), nat\u00fcrliches Aroma], Vollkorn\u00a0<span class=\"nutrition-allergen-ingredient\">WEIZEN <\/span>\u00a0Mehl (16 %), Zucker, Pflanzen\u00f6l (Palm), Glukose-Fruktose-Sirup, Backtriebmittel (Natriumbikarbonat, Ammoniumbikarbonat), Salz, nat\u00fcrliches Aroma<\/p>","protected":false},"featured_media":17620,"comment_status":"closed","ping_status":"closed","template":"","meta":[],"product_brand":[],"product_cat":[166,355],"product_tag":[356,357,358,82],"class_list":{"0":"post-17638","1":"product","2":"type-product","3":"status-publish","4":"has-post-thumbnail","6":"product_cat-biscuits","7":"product_cat-chocolate-biscuits","8":"product_tag-biscuits","9":"product_tag-chocolate-biscuits","10":"product_tag-mcvities","11":"product_tag-vegetarian","13":"first","14":"outofstock","15":"purchasable","16":"product-type-simple"},"yoast_head":"<!-- This site is optimized with the Yoast SEO plugin v23.4 - https:\/\/yoast.com\/wordpress\/plugins\/seo\/ -->\n<title>McVitie&#039;s Hobnobs Sticky Toffee Pudding Flavour 262g - Best Before 29\/06\/2024 - Bullies Tea Shop<\/title>\n<meta name=\"robots\" content=\"index, follow, max-snippet:-1, max-image-preview:large, max-video-preview:-1\" \/>\n<link rel=\"canonical\" href=\"https:\/\/bulliesteashop.com\/de\/produkt\/mcvities-hobnobs-sticky-toffee-pudding-flavour-262g-best-before-29-06-2024\/\" \/>\n<meta property=\"og:locale\" content=\"de_DE\" \/>\n<meta property=\"og:type\" content=\"article\" \/>\n<meta property=\"og:title\" content=\"McVitie&#039;s Hobnobs Sticky Toffee Pudding Flavour 262g - Best Before 29\/06\/2024 - Bullies Tea Shop\" \/>\n<meta property=\"og:description\" content=\"Rolled\u00a0OATS (30%),\u00a0MILK\u00a0Chocolate (25%) [Sugar, Cocoa\u00a0Butter, Cocoa Mass, Dried Skimmed\u00a0MILK, Dried WHEY (MILK),\u00a0Butter\u00a0Oil (MILK), Vegetable Fats (Palm, Shea), Emulsifiers (SOYA\u00a0Lecithin, E476), Natural Flavouring], Wholemeal\u00a0WHEAT\u00a0Flour (16%), Sugar, Vegetable Oil (Palm), Glucose-Fructose Syrup, Raising Agents (Sodium Bicarbonate, Ammonium Bicarbonate), Salt, Natural Flavouring\" \/>\n<meta property=\"og:url\" content=\"https:\/\/bulliesteashop.com\/de\/produkt\/mcvities-hobnobs-sticky-toffee-pudding-flavour-262g-best-before-29-06-2024\/\" \/>\n<meta property=\"og:site_name\" content=\"Bullies Tea Shop\" \/>\n<meta property=\"article:publisher\" content=\"https:\/\/www.facebook.com\/iengelswienkeltje2\/\" \/>\n<meta property=\"article:modified_time\" content=\"2024-05-03T12:24:31+00:00\" \/>\n<meta property=\"og:image\" content=\"https:\/\/bulliesteashop.com\/wp-content\/uploads\/2024\/01\/McVitiesHobnobsStickyToffeePudding262g.jpeg\" \/>\n\t<meta property=\"og:image:width\" content=\"1080\" \/>\n\t<meta property=\"og:image:height\" content=\"1080\" \/>\n\t<meta property=\"og:image:type\" content=\"image\/jpeg\" \/>\n<meta name=\"twitter:card\" content=\"summary_large_image\" \/>\n<meta name=\"twitter:label1\" content=\"Gesch\u00e4tzte Lesezeit\" \/>\n\t<meta name=\"twitter:data1\" content=\"1\u00a0Minute\" \/>\n<script type=\"application\/ld+json\" class=\"yoast-schema-graph\">{\"@context\":\"https:\/\/schema.org\",\"@graph\":[{\"@type\":\"WebPage\",\"@id\":\"https:\/\/bulliesteashop.com\/product\/mcvities-hobnobs-sticky-toffee-pudding-flavour-262g-best-before-29-06-2024\/\",\"url\":\"https:\/\/bulliesteashop.com\/product\/mcvities-hobnobs-sticky-toffee-pudding-flavour-262g-best-before-29-06-2024\/\",\"name\":\"McVitie's Hobnobs Sticky Toffee Pudding Flavour 262g - Best Before 29\/06\/2024 - Bullies Tea Shop\",\"isPartOf\":{\"@id\":\"https:\/\/bulliesteashop.com\/#website\"},\"primaryImageOfPage\":{\"@id\":\"https:\/\/bulliesteashop.com\/product\/mcvities-hobnobs-sticky-toffee-pudding-flavour-262g-best-before-29-06-2024\/#primaryimage\"},\"image\":{\"@id\":\"https:\/\/bulliesteashop.com\/product\/mcvities-hobnobs-sticky-toffee-pudding-flavour-262g-best-before-29-06-2024\/#primaryimage\"},\"thumbnailUrl\":\"https:\/\/bulliesteashop.com\/wp-content\/uploads\/2024\/01\/McVitiesHobnobsStickyToffeePudding262g.jpeg\",\"datePublished\":\"2024-01-04T15:03:33+00:00\",\"dateModified\":\"2024-05-03T12:24:31+00:00\",\"breadcrumb\":{\"@id\":\"https:\/\/bulliesteashop.com\/product\/mcvities-hobnobs-sticky-toffee-pudding-flavour-262g-best-before-29-06-2024\/#breadcrumb\"},\"inLanguage\":\"de\",\"potentialAction\":[{\"@type\":\"ReadAction\",\"target\":[\"https:\/\/bulliesteashop.com\/product\/mcvities-hobnobs-sticky-toffee-pudding-flavour-262g-best-before-29-06-2024\/\"]}]},{\"@type\":\"ImageObject\",\"inLanguage\":\"de\",\"@id\":\"https:\/\/bulliesteashop.com\/product\/mcvities-hobnobs-sticky-toffee-pudding-flavour-262g-best-before-29-06-2024\/#primaryimage\",\"url\":\"https:\/\/bulliesteashop.com\/wp-content\/uploads\/2024\/01\/McVitiesHobnobsStickyToffeePudding262g.jpeg\",\"contentUrl\":\"https:\/\/bulliesteashop.com\/wp-content\/uploads\/2024\/01\/McVitiesHobnobsStickyToffeePudding262g.jpeg\",\"width\":1080,\"height\":1080},{\"@type\":\"BreadcrumbList\",\"@id\":\"https:\/\/bulliesteashop.com\/product\/mcvities-hobnobs-sticky-toffee-pudding-flavour-262g-best-before-29-06-2024\/#breadcrumb\",\"itemListElement\":[{\"@type\":\"ListItem\",\"position\":1,\"name\":\"Home\",\"item\":\"https:\/\/bulliesteashop.com\/\"},{\"@type\":\"ListItem\",\"position\":2,\"name\":\"Shop\",\"item\":\"https:\/\/bulliesteashop.com\/shop\/\"},{\"@type\":\"ListItem\",\"position\":3,\"name\":\"McVitie&#8217;s Hobnobs Sticky Toffee Pudding Flavour 262g &#8211; Best Before 29\/06\/2024\"}]},{\"@type\":\"WebSite\",\"@id\":\"https:\/\/bulliesteashop.com\/#website\",\"url\":\"https:\/\/bulliesteashop.com\/\",\"name\":\"Bullies Tea Shop\",\"description\":\"Online shop for your favourite British and English food and drink products\",\"publisher\":{\"@id\":\"https:\/\/bulliesteashop.com\/#organization\"},\"potentialAction\":[{\"@type\":\"SearchAction\",\"target\":{\"@type\":\"EntryPoint\",\"urlTemplate\":\"https:\/\/bulliesteashop.com\/?s={search_term_string}\"},\"query-input\":{\"@type\":\"PropertyValueSpecification\",\"valueRequired\":true,\"valueName\":\"search_term_string\"}}],\"inLanguage\":\"de\"},{\"@type\":\"Organization\",\"@id\":\"https:\/\/bulliesteashop.com\/#organization\",\"name\":\"Bullies Tea Shop\",\"url\":\"https:\/\/bulliesteashop.com\/\",\"logo\":{\"@type\":\"ImageObject\",\"inLanguage\":\"de\",\"@id\":\"https:\/\/bulliesteashop.com\/#\/schema\/logo\/image\/\",\"url\":\"https:\/\/bulliesteashop.com\/wp-content\/uploads\/2023\/07\/bulliesteashop-2.png\",\"contentUrl\":\"https:\/\/bulliesteashop.com\/wp-content\/uploads\/2023\/07\/bulliesteashop-2.png\",\"width\":351,\"height\":337,\"caption\":\"Bullies Tea Shop\"},\"image\":{\"@id\":\"https:\/\/bulliesteashop.com\/#\/schema\/logo\/image\/\"},\"sameAs\":[\"https:\/\/www.facebook.com\/iengelswienkeltje2\/\"]}]}<\/script>\n<!-- \/ Yoast SEO plugin. -->","yoast_head_json":{"title":"McVitie's Hobnobs Sticky Toffee Pudding Flavour 262g - Best Before 29\/06\/2024 - Bullies Tea Shop","robots":{"index":"index","follow":"follow","max-snippet":"max-snippet:-1","max-image-preview":"max-image-preview:large","max-video-preview":"max-video-preview:-1"},"canonical":"https:\/\/bulliesteashop.com\/de\/produkt\/mcvities-hobnobs-sticky-toffee-pudding-flavour-262g-best-before-29-06-2024\/","og_locale":"de_DE","og_type":"article","og_title":"McVitie's Hobnobs Sticky Toffee Pudding Flavour 262g - Best Before 29\/06\/2024 - Bullies Tea Shop","og_description":"Rolled\u00a0OATS (30%),\u00a0MILK\u00a0Chocolate (25%) [Sugar, Cocoa\u00a0Butter, Cocoa Mass, Dried Skimmed\u00a0MILK, Dried WHEY (MILK),\u00a0Butter\u00a0Oil (MILK), Vegetable Fats (Palm, Shea), Emulsifiers (SOYA\u00a0Lecithin, E476), Natural Flavouring], Wholemeal\u00a0WHEAT\u00a0Flour (16%), Sugar, Vegetable Oil (Palm), Glucose-Fructose Syrup, Raising Agents (Sodium Bicarbonate, Ammonium Bicarbonate), Salt, Natural Flavouring","og_url":"https:\/\/bulliesteashop.com\/de\/produkt\/mcvities-hobnobs-sticky-toffee-pudding-flavour-262g-best-before-29-06-2024\/","og_site_name":"Bullies Tea Shop","article_publisher":"https:\/\/www.facebook.com\/iengelswienkeltje2\/","article_modified_time":"2024-05-03T12:24:31+00:00","og_image":[{"width":1080,"height":1080,"url":"https:\/\/bulliesteashop.com\/wp-content\/uploads\/2024\/01\/McVitiesHobnobsStickyToffeePudding262g.jpeg","type":"image\/jpeg"}],"twitter_card":"summary_large_image","twitter_misc":{"Gesch\u00e4tzte Lesezeit":"1\u00a0Minute"},"schema":{"@context":"https:\/\/schema.org","@graph":[{"@type":"WebPage","@id":"https:\/\/bulliesteashop.com\/product\/mcvities-hobnobs-sticky-toffee-pudding-flavour-262g-best-before-29-06-2024\/","url":"https:\/\/bulliesteashop.com\/product\/mcvities-hobnobs-sticky-toffee-pudding-flavour-262g-best-before-29-06-2024\/","name":"McVitie's Hobnobs Sticky Toffee Pudding Flavour 262g - Best Before 29\/06\/2024 - Bullies Tea Shop","isPartOf":{"@id":"https:\/\/bulliesteashop.com\/#website"},"primaryImageOfPage":{"@id":"https:\/\/bulliesteashop.com\/product\/mcvities-hobnobs-sticky-toffee-pudding-flavour-262g-best-before-29-06-2024\/#primaryimage"},"image":{"@id":"https:\/\/bulliesteashop.com\/product\/mcvities-hobnobs-sticky-toffee-pudding-flavour-262g-best-before-29-06-2024\/#primaryimage"},"thumbnailUrl":"https:\/\/bulliesteashop.com\/wp-content\/uploads\/2024\/01\/McVitiesHobnobsStickyToffeePudding262g.jpeg","datePublished":"2024-01-04T15:03:33+00:00","dateModified":"2024-05-03T12:24:31+00:00","breadcrumb":{"@id":"https:\/\/bulliesteashop.com\/product\/mcvities-hobnobs-sticky-toffee-pudding-flavour-262g-best-before-29-06-2024\/#breadcrumb"},"inLanguage":"de","potentialAction":[{"@type":"ReadAction","target":["https:\/\/bulliesteashop.com\/product\/mcvities-hobnobs-sticky-toffee-pudding-flavour-262g-best-before-29-06-2024\/"]}]},{"@type":"ImageObject","inLanguage":"de","@id":"https:\/\/bulliesteashop.com\/product\/mcvities-hobnobs-sticky-toffee-pudding-flavour-262g-best-before-29-06-2024\/#primaryimage","url":"https:\/\/bulliesteashop.com\/wp-content\/uploads\/2024\/01\/McVitiesHobnobsStickyToffeePudding262g.jpeg","contentUrl":"https:\/\/bulliesteashop.com\/wp-content\/uploads\/2024\/01\/McVitiesHobnobsStickyToffeePudding262g.jpeg","width":1080,"height":1080},{"@type":"BreadcrumbList","@id":"https:\/\/bulliesteashop.com\/product\/mcvities-hobnobs-sticky-toffee-pudding-flavour-262g-best-before-29-06-2024\/#breadcrumb","itemListElement":[{"@type":"ListItem","position":1,"name":"Home","item":"https:\/\/bulliesteashop.com\/"},{"@type":"ListItem","position":2,"name":"Shop","item":"https:\/\/bulliesteashop.com\/shop\/"},{"@type":"ListItem","position":3,"name":"McVitie&#8217;s Hobnobs Sticky Toffee Pudding Flavour 262g &#8211; Best Before 29\/06\/2024"}]},{"@type":"WebSite","@id":"https:\/\/bulliesteashop.com\/#website","url":"https:\/\/bulliesteashop.com\/","name":"Bullies Tea Shop","description":"Online shop for your favourite British and English food and drink products","publisher":{"@id":"https:\/\/bulliesteashop.com\/#organization"},"potentialAction":[{"@type":"SearchAction","target":{"@type":"EntryPoint","urlTemplate":"https:\/\/bulliesteashop.com\/?s={search_term_string}"},"query-input":{"@type":"PropertyValueSpecification","valueRequired":true,"valueName":"search_term_string"}}],"inLanguage":"de"},{"@type":"Organization","@id":"https:\/\/bulliesteashop.com\/#organization","name":"Bullies Tea Shop","url":"https:\/\/bulliesteashop.com\/","logo":{"@type":"ImageObject","inLanguage":"de","@id":"https:\/\/bulliesteashop.com\/#\/schema\/logo\/image\/","url":"https:\/\/bulliesteashop.com\/wp-content\/uploads\/2023\/07\/bulliesteashop-2.png","contentUrl":"https:\/\/bulliesteashop.com\/wp-content\/uploads\/2023\/07\/bulliesteashop-2.png","width":351,"height":337,"caption":"Bullies Tea Shop"},"image":{"@id":"https:\/\/bulliesteashop.com\/#\/schema\/logo\/image\/"},"sameAs":["https:\/\/www.facebook.com\/iengelswienkeltje2\/"]}]}},"_links":{"self":[{"href":"https:\/\/bulliesteashop.com\/de\/wp-json\/wp\/v2\/product\/17638"}],"collection":[{"href":"https:\/\/bulliesteashop.com\/de\/wp-json\/wp\/v2\/product"}],"about":[{"href":"https:\/\/bulliesteashop.com\/de\/wp-json\/wp\/v2\/types\/product"}],"replies":[{"embeddable":true,"href":"https:\/\/bulliesteashop.com\/de\/wp-json\/wp\/v2\/comments?post=17638"}],"wp:featuredmedia":[{"embeddable":true,"href":"https:\/\/bulliesteashop.com\/de\/wp-json\/wp\/v2\/media\/17620"}],"wp:attachment":[{"href":"https:\/\/bulliesteashop.com\/de\/wp-json\/wp\/v2\/media?parent=17638"}],"wp:term":[{"taxonomy":"product_brand","embeddable":true,"href":"https:\/\/bulliesteashop.com\/de\/wp-json\/wp\/v2\/product_brand?post=17638"},{"taxonomy":"product_cat","embeddable":true,"href":"https:\/\/bulliesteashop.com\/de\/wp-json\/wp\/v2\/product_cat?post=17638"},{"taxonomy":"product_tag","embeddable":true,"href":"https:\/\/bulliesteashop.com\/de\/wp-json\/wp\/v2\/product_tag?post=17638"}],"curies":[{"name":"wp","href":"https:\/\/api.w.org\/{rel}","templated":true}]}}