{"id":17637,"date":"2024-01-04T14:37:55","date_gmt":"2024-01-04T14:37:55","guid":{"rendered":"https:\/\/bulliesteashop.com\/?post_type=product&#038;p=17637"},"modified":"2024-05-03T13:24:31","modified_gmt":"2024-05-03T12:24:31","slug":"mcvities-hobnobs-biscuits-the-oaty-one-dark-chocolate-262g-best-before-22-06-2024","status":"publish","type":"product","link":"https:\/\/bulliesteashop.com\/de\/produkt\/mcvities-hobnobs-biscuits-the-oaty-one-dark-chocolate-262g-best-before-22-06-2024\/","title":{"rendered":"McVitie&#8217;s Hobnob&#8217;s Biscuits The Oaty One Dark Chocolate 262g &#8211; Best Before 22\/06\/2024"},"content":{"rendered":"<div class=\"gn-content bop-info__field\">\n<div class=\"bop-info__content\">Haferkekse mit dunkler Schokolade.<\/div>\n<\/div>\n<div class=\"gn-content bop-info__field\">\n<div class=\"bop-info__content\">Baked with 100% Wholegrain Oats, No Hydrogenated Vegetable Oil, No Artificial Colours or Flavours, Suitable for Vegetarians<\/div>\n<\/div>\n<div class=\"gn-content bop-info__field\">\n<h6>Country of Origin<\/h6>\n<div class=\"bop-info__content\">UK<\/div>\n<\/div>\n<p class=\"gn-content\"><span class=\"bop-lifestyleBadge\"><img decoding=\"async\" class=\"bop-badge bop-badge-vegetarian\" src=\"https:\/\/www.ocado.com\/static\/vegetarian-b4dac.svg\" alt=\"Suitable for vegetarians\" \/>Suitable for vegetarians<\/span><\/p>\n<table>\n<tbody>\n<tr>\n<th>Typical Values<\/th>\n<th>Per 100g<\/th>\n<th>Per Biscuit (18.8g)<\/th>\n<\/tr>\n<tr>\n<td>Energy (kJ)<\/td>\n<td>2066<\/td>\n<td>388<\/td>\n<\/tr>\n<tr>\n<td>(kcal)<\/td>\n<td>494<\/td>\n<td>93<\/td>\n<\/tr>\n<tr>\n<td>Fett<\/td>\n<td>23.8g<\/td>\n<td>4.5g<\/td>\n<\/tr>\n<tr>\n<td>davon ges\u00e4ttigt<\/td>\n<td>11.9g<\/td>\n<td>2.2g<\/td>\n<\/tr>\n<tr>\n<td>Kohlenhydrat<\/td>\n<td>60.2g<\/td>\n<td>11.3g<\/td>\n<\/tr>\n<tr>\n<td>davon Zucker<\/td>\n<td>30.7g<\/td>\n<td>5.8g<\/td>\n<\/tr>\n<tr>\n<td>Faser<\/td>\n<td>6.3g<\/td>\n<td>1.2g<\/td>\n<\/tr>\n<tr>\n<td>Eiwei\u00df<\/td>\n<td>6.5g<\/td>\n<td>1.2g<\/td>\n<\/tr>\n<tr>\n<td>Salz<\/td>\n<td>0.66g<\/td>\n<td>0.12g<\/td>\n<\/tr>\n<tr>\n<td>Typical number of biscuits per pack: 14<\/td>\n<td><\/td>\n<\/tr>\n<\/tbody>\n<\/table>","protected":false},"excerpt":{"rendered":"<div class=\"gn-content bop-info__field\">\n<h6>Zutaten<\/h6>\n<div class=\"bop-info__content translation-block\">Haferflocken<\/b> (30 %), dunkle Schokolade (25 %) [Zucker, Kakaomasse, pflanzliche Fette (Palm, Shea), Butter\u00f6l (<b>Milch<\/b>), Kakaobutter, Emulgatoren (<b>Soja<\/b>\u00a0Lecithin, E476), nat\u00fcrliches Aroma], Vollkorn-<b>Weizen<\/b>\u00a0Mehl (16 %), Zucker, Pflanzen\u00f6l (Palm), Glukose-Fruktose-Sirup, Backtriebmittel ( Natriumbicarbonat, Ammoniumbicarbonat), Salz<\/div>\n<\/div>\n<div class=\"gn-content bop-info__field\">\n<h6>Informationen zu Allergenen<\/h6>\n<div class=\"bop-info__content\">Enth\u00e4lt Milch, enth\u00e4lt Hafer, enth\u00e4lt Soja, enth\u00e4lt Weizen<\/div>\n<\/div>\n<div class=\"gn-content bop-info__field\">\n<h6>Ern\u00e4hrungsinformationen<\/h6>\n<div class=\"bop-info__content\">Geeignet f\u00fcr Vegetarier<\/div>\n<\/div>","protected":false},"featured_media":17618,"comment_status":"closed","ping_status":"closed","template":"","meta":[],"product_brand":[],"product_cat":[166,355],"product_tag":[356,357,358,82],"class_list":{"0":"post-17637","1":"product","2":"type-product","3":"status-publish","4":"has-post-thumbnail","6":"product_cat-biscuits","7":"product_cat-chocolate-biscuits","8":"product_tag-biscuits","9":"product_tag-chocolate-biscuits","10":"product_tag-mcvities","11":"product_tag-vegetarian","13":"first","14":"outofstock","15":"purchasable","16":"product-type-simple"},"yoast_head":"<!-- This site is optimized with the Yoast SEO plugin v23.4 - https:\/\/yoast.com\/wordpress\/plugins\/seo\/ -->\n<title>McVitie&#039;s Hobnob&#039;s Biscuits The Oaty One Dark Chocolate 262g - Best Before 22\/06\/2024 - Bullies Tea Shop<\/title>\n<meta name=\"robots\" content=\"index, follow, max-snippet:-1, max-image-preview:large, max-video-preview:-1\" \/>\n<link rel=\"canonical\" href=\"https:\/\/bulliesteashop.com\/de\/produkt\/mcvities-hobnobs-biscuits-the-oaty-one-dark-chocolate-262g-best-before-22-06-2024\/\" \/>\n<meta property=\"og:locale\" content=\"de_DE\" \/>\n<meta property=\"og:type\" content=\"article\" \/>\n<meta property=\"og:title\" content=\"McVitie&#039;s Hobnob&#039;s Biscuits The Oaty One Dark Chocolate 262g - Best Before 22\/06\/2024 - Bullies Tea Shop\" \/>\n<meta property=\"og:description\" content=\"Ingredients Rolled\u00a0Oats\u00a0(30%), Dark Chocolate (25%) [Sugar, Cocoa Mass, Vegetable Fats (Palm, Shea), Butter Oil (Milk), Cocoa Butter, Emulsifiers (Soya\u00a0Lecithin, E476), Natural Flavouring], Wholemeal\u00a0Wheat\u00a0Flour (16%), Sugar, Vegetable Oil (Palm), Glucose-Fructose Syrup, Raising Agents (Sodium Bicarbonate, Ammonium Bicarbonate), Salt   Allergen Information Contains Milk, Contains Oats, Contains Soya, Contains Wheat   Dietary Information Suitable for Vegetarians\" \/>\n<meta property=\"og:url\" content=\"https:\/\/bulliesteashop.com\/de\/produkt\/mcvities-hobnobs-biscuits-the-oaty-one-dark-chocolate-262g-best-before-22-06-2024\/\" \/>\n<meta property=\"og:site_name\" content=\"Bullies Tea Shop\" \/>\n<meta property=\"article:publisher\" content=\"https:\/\/www.facebook.com\/iengelswienkeltje2\/\" \/>\n<meta property=\"article:modified_time\" content=\"2024-05-03T12:24:31+00:00\" \/>\n<meta property=\"og:image\" content=\"https:\/\/bulliesteashop.com\/wp-content\/uploads\/2024\/01\/McVitiesHobnobsDarkChocolate262g.jpeg\" \/>\n\t<meta property=\"og:image:width\" content=\"1080\" \/>\n\t<meta property=\"og:image:height\" content=\"1080\" \/>\n\t<meta property=\"og:image:type\" content=\"image\/jpeg\" \/>\n<meta name=\"twitter:card\" content=\"summary_large_image\" \/>\n<meta name=\"twitter:label1\" content=\"Gesch\u00e4tzte Lesezeit\" \/>\n\t<meta name=\"twitter:data1\" content=\"1\u00a0Minute\" \/>\n<script type=\"application\/ld+json\" class=\"yoast-schema-graph\">{\"@context\":\"https:\/\/schema.org\",\"@graph\":[{\"@type\":\"WebPage\",\"@id\":\"https:\/\/bulliesteashop.com\/product\/mcvities-hobnobs-biscuits-the-oaty-one-dark-chocolate-262g-best-before-22-06-2024\/\",\"url\":\"https:\/\/bulliesteashop.com\/product\/mcvities-hobnobs-biscuits-the-oaty-one-dark-chocolate-262g-best-before-22-06-2024\/\",\"name\":\"McVitie's Hobnob's Biscuits The Oaty One Dark Chocolate 262g - Best Before 22\/06\/2024 - Bullies Tea Shop\",\"isPartOf\":{\"@id\":\"https:\/\/bulliesteashop.com\/#website\"},\"primaryImageOfPage\":{\"@id\":\"https:\/\/bulliesteashop.com\/product\/mcvities-hobnobs-biscuits-the-oaty-one-dark-chocolate-262g-best-before-22-06-2024\/#primaryimage\"},\"image\":{\"@id\":\"https:\/\/bulliesteashop.com\/product\/mcvities-hobnobs-biscuits-the-oaty-one-dark-chocolate-262g-best-before-22-06-2024\/#primaryimage\"},\"thumbnailUrl\":\"https:\/\/bulliesteashop.com\/wp-content\/uploads\/2024\/01\/McVitiesHobnobsDarkChocolate262g.jpeg\",\"datePublished\":\"2024-01-04T14:37:55+00:00\",\"dateModified\":\"2024-05-03T12:24:31+00:00\",\"breadcrumb\":{\"@id\":\"https:\/\/bulliesteashop.com\/product\/mcvities-hobnobs-biscuits-the-oaty-one-dark-chocolate-262g-best-before-22-06-2024\/#breadcrumb\"},\"inLanguage\":\"de\",\"potentialAction\":[{\"@type\":\"ReadAction\",\"target\":[\"https:\/\/bulliesteashop.com\/product\/mcvities-hobnobs-biscuits-the-oaty-one-dark-chocolate-262g-best-before-22-06-2024\/\"]}]},{\"@type\":\"ImageObject\",\"inLanguage\":\"de\",\"@id\":\"https:\/\/bulliesteashop.com\/product\/mcvities-hobnobs-biscuits-the-oaty-one-dark-chocolate-262g-best-before-22-06-2024\/#primaryimage\",\"url\":\"https:\/\/bulliesteashop.com\/wp-content\/uploads\/2024\/01\/McVitiesHobnobsDarkChocolate262g.jpeg\",\"contentUrl\":\"https:\/\/bulliesteashop.com\/wp-content\/uploads\/2024\/01\/McVitiesHobnobsDarkChocolate262g.jpeg\",\"width\":1080,\"height\":1080},{\"@type\":\"BreadcrumbList\",\"@id\":\"https:\/\/bulliesteashop.com\/product\/mcvities-hobnobs-biscuits-the-oaty-one-dark-chocolate-262g-best-before-22-06-2024\/#breadcrumb\",\"itemListElement\":[{\"@type\":\"ListItem\",\"position\":1,\"name\":\"Home\",\"item\":\"https:\/\/bulliesteashop.com\/\"},{\"@type\":\"ListItem\",\"position\":2,\"name\":\"Shop\",\"item\":\"https:\/\/bulliesteashop.com\/shop\/\"},{\"@type\":\"ListItem\",\"position\":3,\"name\":\"McVitie&#8217;s Hobnob&#8217;s Biscuits The Oaty One Dark Chocolate 262g &#8211; Best Before 22\/06\/2024\"}]},{\"@type\":\"WebSite\",\"@id\":\"https:\/\/bulliesteashop.com\/#website\",\"url\":\"https:\/\/bulliesteashop.com\/\",\"name\":\"Bullies Tea Shop\",\"description\":\"Online shop for your favourite British and English food and drink products\",\"publisher\":{\"@id\":\"https:\/\/bulliesteashop.com\/#organization\"},\"potentialAction\":[{\"@type\":\"SearchAction\",\"target\":{\"@type\":\"EntryPoint\",\"urlTemplate\":\"https:\/\/bulliesteashop.com\/?s={search_term_string}\"},\"query-input\":{\"@type\":\"PropertyValueSpecification\",\"valueRequired\":true,\"valueName\":\"search_term_string\"}}],\"inLanguage\":\"de\"},{\"@type\":\"Organization\",\"@id\":\"https:\/\/bulliesteashop.com\/#organization\",\"name\":\"Bullies Tea Shop\",\"url\":\"https:\/\/bulliesteashop.com\/\",\"logo\":{\"@type\":\"ImageObject\",\"inLanguage\":\"de\",\"@id\":\"https:\/\/bulliesteashop.com\/#\/schema\/logo\/image\/\",\"url\":\"https:\/\/bulliesteashop.com\/wp-content\/uploads\/2023\/07\/bulliesteashop-2.png\",\"contentUrl\":\"https:\/\/bulliesteashop.com\/wp-content\/uploads\/2023\/07\/bulliesteashop-2.png\",\"width\":351,\"height\":337,\"caption\":\"Bullies Tea Shop\"},\"image\":{\"@id\":\"https:\/\/bulliesteashop.com\/#\/schema\/logo\/image\/\"},\"sameAs\":[\"https:\/\/www.facebook.com\/iengelswienkeltje2\/\"]}]}<\/script>\n<!-- \/ Yoast SEO plugin. -->","yoast_head_json":{"title":"McVitie's Hobnob's Biscuits The Oaty One Dark Chocolate 262g - Best Before 22\/06\/2024 - Bullies Tea Shop","robots":{"index":"index","follow":"follow","max-snippet":"max-snippet:-1","max-image-preview":"max-image-preview:large","max-video-preview":"max-video-preview:-1"},"canonical":"https:\/\/bulliesteashop.com\/de\/produkt\/mcvities-hobnobs-biscuits-the-oaty-one-dark-chocolate-262g-best-before-22-06-2024\/","og_locale":"de_DE","og_type":"article","og_title":"McVitie's Hobnob's Biscuits The Oaty One Dark Chocolate 262g - Best Before 22\/06\/2024 - Bullies Tea Shop","og_description":"Ingredients Rolled\u00a0Oats\u00a0(30%), Dark Chocolate (25%) [Sugar, Cocoa Mass, Vegetable Fats (Palm, Shea), Butter Oil (Milk), Cocoa Butter, Emulsifiers (Soya\u00a0Lecithin, E476), Natural Flavouring], Wholemeal\u00a0Wheat\u00a0Flour (16%), Sugar, Vegetable Oil (Palm), Glucose-Fructose Syrup, Raising Agents (Sodium Bicarbonate, Ammonium Bicarbonate), Salt   Allergen Information Contains Milk, Contains Oats, Contains Soya, Contains Wheat   Dietary Information Suitable for Vegetarians","og_url":"https:\/\/bulliesteashop.com\/de\/produkt\/mcvities-hobnobs-biscuits-the-oaty-one-dark-chocolate-262g-best-before-22-06-2024\/","og_site_name":"Bullies Tea Shop","article_publisher":"https:\/\/www.facebook.com\/iengelswienkeltje2\/","article_modified_time":"2024-05-03T12:24:31+00:00","og_image":[{"width":1080,"height":1080,"url":"https:\/\/bulliesteashop.com\/wp-content\/uploads\/2024\/01\/McVitiesHobnobsDarkChocolate262g.jpeg","type":"image\/jpeg"}],"twitter_card":"summary_large_image","twitter_misc":{"Gesch\u00e4tzte Lesezeit":"1\u00a0Minute"},"schema":{"@context":"https:\/\/schema.org","@graph":[{"@type":"WebPage","@id":"https:\/\/bulliesteashop.com\/product\/mcvities-hobnobs-biscuits-the-oaty-one-dark-chocolate-262g-best-before-22-06-2024\/","url":"https:\/\/bulliesteashop.com\/product\/mcvities-hobnobs-biscuits-the-oaty-one-dark-chocolate-262g-best-before-22-06-2024\/","name":"McVitie's Hobnob's Biscuits The Oaty One Dark Chocolate 262g - Best Before 22\/06\/2024 - Bullies Tea Shop","isPartOf":{"@id":"https:\/\/bulliesteashop.com\/#website"},"primaryImageOfPage":{"@id":"https:\/\/bulliesteashop.com\/product\/mcvities-hobnobs-biscuits-the-oaty-one-dark-chocolate-262g-best-before-22-06-2024\/#primaryimage"},"image":{"@id":"https:\/\/bulliesteashop.com\/product\/mcvities-hobnobs-biscuits-the-oaty-one-dark-chocolate-262g-best-before-22-06-2024\/#primaryimage"},"thumbnailUrl":"https:\/\/bulliesteashop.com\/wp-content\/uploads\/2024\/01\/McVitiesHobnobsDarkChocolate262g.jpeg","datePublished":"2024-01-04T14:37:55+00:00","dateModified":"2024-05-03T12:24:31+00:00","breadcrumb":{"@id":"https:\/\/bulliesteashop.com\/product\/mcvities-hobnobs-biscuits-the-oaty-one-dark-chocolate-262g-best-before-22-06-2024\/#breadcrumb"},"inLanguage":"de","potentialAction":[{"@type":"ReadAction","target":["https:\/\/bulliesteashop.com\/product\/mcvities-hobnobs-biscuits-the-oaty-one-dark-chocolate-262g-best-before-22-06-2024\/"]}]},{"@type":"ImageObject","inLanguage":"de","@id":"https:\/\/bulliesteashop.com\/product\/mcvities-hobnobs-biscuits-the-oaty-one-dark-chocolate-262g-best-before-22-06-2024\/#primaryimage","url":"https:\/\/bulliesteashop.com\/wp-content\/uploads\/2024\/01\/McVitiesHobnobsDarkChocolate262g.jpeg","contentUrl":"https:\/\/bulliesteashop.com\/wp-content\/uploads\/2024\/01\/McVitiesHobnobsDarkChocolate262g.jpeg","width":1080,"height":1080},{"@type":"BreadcrumbList","@id":"https:\/\/bulliesteashop.com\/product\/mcvities-hobnobs-biscuits-the-oaty-one-dark-chocolate-262g-best-before-22-06-2024\/#breadcrumb","itemListElement":[{"@type":"ListItem","position":1,"name":"Home","item":"https:\/\/bulliesteashop.com\/"},{"@type":"ListItem","position":2,"name":"Shop","item":"https:\/\/bulliesteashop.com\/shop\/"},{"@type":"ListItem","position":3,"name":"McVitie&#8217;s Hobnob&#8217;s Biscuits The Oaty One Dark Chocolate 262g &#8211; Best Before 22\/06\/2024"}]},{"@type":"WebSite","@id":"https:\/\/bulliesteashop.com\/#website","url":"https:\/\/bulliesteashop.com\/","name":"Bullies Tea Shop","description":"Online shop for your favourite British and English food and drink products","publisher":{"@id":"https:\/\/bulliesteashop.com\/#organization"},"potentialAction":[{"@type":"SearchAction","target":{"@type":"EntryPoint","urlTemplate":"https:\/\/bulliesteashop.com\/?s={search_term_string}"},"query-input":{"@type":"PropertyValueSpecification","valueRequired":true,"valueName":"search_term_string"}}],"inLanguage":"de"},{"@type":"Organization","@id":"https:\/\/bulliesteashop.com\/#organization","name":"Bullies Tea Shop","url":"https:\/\/bulliesteashop.com\/","logo":{"@type":"ImageObject","inLanguage":"de","@id":"https:\/\/bulliesteashop.com\/#\/schema\/logo\/image\/","url":"https:\/\/bulliesteashop.com\/wp-content\/uploads\/2023\/07\/bulliesteashop-2.png","contentUrl":"https:\/\/bulliesteashop.com\/wp-content\/uploads\/2023\/07\/bulliesteashop-2.png","width":351,"height":337,"caption":"Bullies Tea Shop"},"image":{"@id":"https:\/\/bulliesteashop.com\/#\/schema\/logo\/image\/"},"sameAs":["https:\/\/www.facebook.com\/iengelswienkeltje2\/"]}]}},"_links":{"self":[{"href":"https:\/\/bulliesteashop.com\/de\/wp-json\/wp\/v2\/product\/17637"}],"collection":[{"href":"https:\/\/bulliesteashop.com\/de\/wp-json\/wp\/v2\/product"}],"about":[{"href":"https:\/\/bulliesteashop.com\/de\/wp-json\/wp\/v2\/types\/product"}],"replies":[{"embeddable":true,"href":"https:\/\/bulliesteashop.com\/de\/wp-json\/wp\/v2\/comments?post=17637"}],"wp:featuredmedia":[{"embeddable":true,"href":"https:\/\/bulliesteashop.com\/de\/wp-json\/wp\/v2\/media\/17618"}],"wp:attachment":[{"href":"https:\/\/bulliesteashop.com\/de\/wp-json\/wp\/v2\/media?parent=17637"}],"wp:term":[{"taxonomy":"product_brand","embeddable":true,"href":"https:\/\/bulliesteashop.com\/de\/wp-json\/wp\/v2\/product_brand?post=17637"},{"taxonomy":"product_cat","embeddable":true,"href":"https:\/\/bulliesteashop.com\/de\/wp-json\/wp\/v2\/product_cat?post=17637"},{"taxonomy":"product_tag","embeddable":true,"href":"https:\/\/bulliesteashop.com\/de\/wp-json\/wp\/v2\/product_tag?post=17637"}],"curies":[{"name":"wp","href":"https:\/\/api.w.org\/{rel}","templated":true}]}}