{"id":17540,"date":"2023-11-30T15:04:16","date_gmt":"2023-11-30T15:04:16","guid":{"rendered":"https:\/\/bulliesteashop.com\/?post_type=product&#038;p=17540"},"modified":"2025-11-07T06:21:15","modified_gmt":"2025-11-07T06:21:15","slug":"heinz-beans-with-pork-sausage-3x200g","status":"publish","type":"product","link":"https:\/\/bulliesteashop.com\/de\/produkt\/heinz-beans-with-pork-sausage-3x200g\/","title":{"rendered":"Heinz Beans with Pork Sausage 3x200g"},"content":{"rendered":"<p>Genie\u00dfen Sie die tr\u00f6stliche und geschmackvolle Erfahrung von Heinz Bohnen mit Schweinsw\u00fcrstchen, einem klassischen Gericht, das die reiche G\u00fcte von gebackenen Bohnen mit dem herzhaften Geschmack von hochwertigen W\u00fcrstchen kombiniert. Hergestellt mit hochwertigen Zutaten, ist diese verzehrfertige Mahlzeit eine praktische und k\u00f6stliche Option f\u00fcr ein schnelles Mittagessen oder herzhaftes Abendessen.<\/p>\n<h3>N\u00e4hrwerte<\/h3>\n<p>Pro 100 g: 420 kJ\/100 kcal, Fett 3,3 g, davon ges\u00e4ttigte Fetts\u00e4uren 1,2 g, Kohlenhydrate 12,2 g, davon Zucker 4,1 g, Ballaststoffe 3,0 g, Protein 5,3 g, Salz 0,7 g<\/p>","protected":false},"excerpt":{"rendered":"<p><strong>Zutaten<\/strong>:<\/p>\n<p>Bohnen (40 %), Tomaten (30 %), Schweinswurst (15 %, Schweinefleisch (55 %), Wasser; Reismehl, Erbsenst\u00e4rke, Schweinefett, Pflanzenfasern, Salz, Gew\u00fcrze, Emulgator \u2013 Triphosphate), Wasser, Zucker , Branntweinessig, modifiziertes Maismehl, Salz, Gew\u00fcrzextrakte, Kr\u00e4uterextrakt.<\/p>","protected":false},"featured_media":17542,"comment_status":"closed","ping_status":"closed","template":"","meta":[],"product_brand":[],"product_cat":[374],"product_tag":[],"class_list":{"0":"post-17540","1":"product","2":"type-product","3":"status-publish","4":"has-post-thumbnail","6":"product_cat-tins-cans-soup-pasta","8":"first","9":"outofstock","10":"purchasable","11":"product-type-simple"},"yoast_head":"<!-- This site is optimized with the Yoast SEO plugin v23.4 - https:\/\/yoast.com\/wordpress\/plugins\/seo\/ -->\n<title>Heinz Beans with Pork Sausage 3x200g - Bullies Tea Shop<\/title>\n<meta name=\"robots\" content=\"index, follow, max-snippet:-1, max-image-preview:large, max-video-preview:-1\" \/>\n<link rel=\"canonical\" href=\"https:\/\/bulliesteashop.com\/de\/produkt\/heinz-beans-with-pork-sausage-3x200g\/\" \/>\n<meta property=\"og:locale\" content=\"de_DE\" \/>\n<meta property=\"og:type\" content=\"article\" \/>\n<meta property=\"og:title\" content=\"Heinz Beans with Pork Sausage 3x200g - Bullies Tea Shop\" \/>\n<meta property=\"og:description\" content=\"Ingredients:  Beans (40%), Tomatoes (30%), Pork Sausage (15%, Pork(55%), Water; Rice Flour, Pea Starch, Pork Fat, Vegetable Fibre, Salt, Spices, Emulsifier - Triphosphates), Water, Sugar, Spirit Vinegar, Modified Cornflour, Salt, Spice Extracts, Herb Extract.\" \/>\n<meta property=\"og:url\" content=\"https:\/\/bulliesteashop.com\/de\/produkt\/heinz-beans-with-pork-sausage-3x200g\/\" \/>\n<meta property=\"og:site_name\" content=\"Bullies Tea Shop\" \/>\n<meta property=\"article:publisher\" content=\"https:\/\/www.facebook.com\/iengelswienkeltje2\/\" \/>\n<meta property=\"article:modified_time\" content=\"2025-11-07T06:21:15+00:00\" \/>\n<meta property=\"og:image\" content=\"https:\/\/bulliesteashop.com\/wp-content\/uploads\/2023\/11\/heinz_beans_pork_sausages_3x200g_1.jpg\" \/>\n\t<meta property=\"og:image:width\" content=\"800\" \/>\n\t<meta property=\"og:image:height\" content=\"800\" \/>\n\t<meta property=\"og:image:type\" content=\"image\/jpeg\" \/>\n<meta name=\"twitter:card\" content=\"summary_large_image\" \/>\n<meta name=\"twitter:label1\" content=\"Gesch\u00e4tzte Lesezeit\" \/>\n\t<meta name=\"twitter:data1\" content=\"1\u00a0Minute\" \/>\n<script type=\"application\/ld+json\" class=\"yoast-schema-graph\">{\"@context\":\"https:\/\/schema.org\",\"@graph\":[{\"@type\":\"WebPage\",\"@id\":\"https:\/\/bulliesteashop.com\/product\/heinz-beans-with-pork-sausage-3x200g\/\",\"url\":\"https:\/\/bulliesteashop.com\/product\/heinz-beans-with-pork-sausage-3x200g\/\",\"name\":\"Heinz Beans with Pork Sausage 3x200g - Bullies Tea Shop\",\"isPartOf\":{\"@id\":\"https:\/\/bulliesteashop.com\/#website\"},\"primaryImageOfPage\":{\"@id\":\"https:\/\/bulliesteashop.com\/product\/heinz-beans-with-pork-sausage-3x200g\/#primaryimage\"},\"image\":{\"@id\":\"https:\/\/bulliesteashop.com\/product\/heinz-beans-with-pork-sausage-3x200g\/#primaryimage\"},\"thumbnailUrl\":\"https:\/\/bulliesteashop.com\/wp-content\/uploads\/2023\/11\/heinz_beans_pork_sausages_3x200g_1.jpg\",\"datePublished\":\"2023-11-30T15:04:16+00:00\",\"dateModified\":\"2025-11-07T06:21:15+00:00\",\"breadcrumb\":{\"@id\":\"https:\/\/bulliesteashop.com\/product\/heinz-beans-with-pork-sausage-3x200g\/#breadcrumb\"},\"inLanguage\":\"de\",\"potentialAction\":[{\"@type\":\"ReadAction\",\"target\":[\"https:\/\/bulliesteashop.com\/product\/heinz-beans-with-pork-sausage-3x200g\/\"]}]},{\"@type\":\"ImageObject\",\"inLanguage\":\"de\",\"@id\":\"https:\/\/bulliesteashop.com\/product\/heinz-beans-with-pork-sausage-3x200g\/#primaryimage\",\"url\":\"https:\/\/bulliesteashop.com\/wp-content\/uploads\/2023\/11\/heinz_beans_pork_sausages_3x200g_1.jpg\",\"contentUrl\":\"https:\/\/bulliesteashop.com\/wp-content\/uploads\/2023\/11\/heinz_beans_pork_sausages_3x200g_1.jpg\",\"width\":800,\"height\":800},{\"@type\":\"BreadcrumbList\",\"@id\":\"https:\/\/bulliesteashop.com\/product\/heinz-beans-with-pork-sausage-3x200g\/#breadcrumb\",\"itemListElement\":[{\"@type\":\"ListItem\",\"position\":1,\"name\":\"Home\",\"item\":\"https:\/\/bulliesteashop.com\/\"},{\"@type\":\"ListItem\",\"position\":2,\"name\":\"Shop\",\"item\":\"https:\/\/bulliesteashop.com\/shop\/\"},{\"@type\":\"ListItem\",\"position\":3,\"name\":\"Heinz Beans with Pork Sausage 3x200g\"}]},{\"@type\":\"WebSite\",\"@id\":\"https:\/\/bulliesteashop.com\/#website\",\"url\":\"https:\/\/bulliesteashop.com\/\",\"name\":\"Bullies Tea Shop\",\"description\":\"Online shop for your favourite British and English food and drink products\",\"publisher\":{\"@id\":\"https:\/\/bulliesteashop.com\/#organization\"},\"potentialAction\":[{\"@type\":\"SearchAction\",\"target\":{\"@type\":\"EntryPoint\",\"urlTemplate\":\"https:\/\/bulliesteashop.com\/?s={search_term_string}\"},\"query-input\":{\"@type\":\"PropertyValueSpecification\",\"valueRequired\":true,\"valueName\":\"search_term_string\"}}],\"inLanguage\":\"de\"},{\"@type\":\"Organization\",\"@id\":\"https:\/\/bulliesteashop.com\/#organization\",\"name\":\"Bullies Tea Shop\",\"url\":\"https:\/\/bulliesteashop.com\/\",\"logo\":{\"@type\":\"ImageObject\",\"inLanguage\":\"de\",\"@id\":\"https:\/\/bulliesteashop.com\/#\/schema\/logo\/image\/\",\"url\":\"https:\/\/bulliesteashop.com\/wp-content\/uploads\/2023\/07\/bulliesteashop-2.png\",\"contentUrl\":\"https:\/\/bulliesteashop.com\/wp-content\/uploads\/2023\/07\/bulliesteashop-2.png\",\"width\":351,\"height\":337,\"caption\":\"Bullies Tea Shop\"},\"image\":{\"@id\":\"https:\/\/bulliesteashop.com\/#\/schema\/logo\/image\/\"},\"sameAs\":[\"https:\/\/www.facebook.com\/iengelswienkeltje2\/\"]}]}<\/script>\n<!-- \/ Yoast SEO plugin. -->","yoast_head_json":{"title":"Heinz Beans with Pork Sausage 3x200g - Bullies Tea Shop","robots":{"index":"index","follow":"follow","max-snippet":"max-snippet:-1","max-image-preview":"max-image-preview:large","max-video-preview":"max-video-preview:-1"},"canonical":"https:\/\/bulliesteashop.com\/de\/produkt\/heinz-beans-with-pork-sausage-3x200g\/","og_locale":"de_DE","og_type":"article","og_title":"Heinz Beans with Pork Sausage 3x200g - Bullies Tea Shop","og_description":"Ingredients:  Beans (40%), Tomatoes (30%), Pork Sausage (15%, Pork(55%), Water; Rice Flour, Pea Starch, Pork Fat, Vegetable Fibre, Salt, Spices, Emulsifier - Triphosphates), Water, Sugar, Spirit Vinegar, Modified Cornflour, Salt, Spice Extracts, Herb Extract.","og_url":"https:\/\/bulliesteashop.com\/de\/produkt\/heinz-beans-with-pork-sausage-3x200g\/","og_site_name":"Bullies Tea Shop","article_publisher":"https:\/\/www.facebook.com\/iengelswienkeltje2\/","article_modified_time":"2025-11-07T06:21:15+00:00","og_image":[{"width":800,"height":800,"url":"https:\/\/bulliesteashop.com\/wp-content\/uploads\/2023\/11\/heinz_beans_pork_sausages_3x200g_1.jpg","type":"image\/jpeg"}],"twitter_card":"summary_large_image","twitter_misc":{"Gesch\u00e4tzte Lesezeit":"1\u00a0Minute"},"schema":{"@context":"https:\/\/schema.org","@graph":[{"@type":"WebPage","@id":"https:\/\/bulliesteashop.com\/product\/heinz-beans-with-pork-sausage-3x200g\/","url":"https:\/\/bulliesteashop.com\/product\/heinz-beans-with-pork-sausage-3x200g\/","name":"Heinz Beans with Pork Sausage 3x200g - Bullies Tea Shop","isPartOf":{"@id":"https:\/\/bulliesteashop.com\/#website"},"primaryImageOfPage":{"@id":"https:\/\/bulliesteashop.com\/product\/heinz-beans-with-pork-sausage-3x200g\/#primaryimage"},"image":{"@id":"https:\/\/bulliesteashop.com\/product\/heinz-beans-with-pork-sausage-3x200g\/#primaryimage"},"thumbnailUrl":"https:\/\/bulliesteashop.com\/wp-content\/uploads\/2023\/11\/heinz_beans_pork_sausages_3x200g_1.jpg","datePublished":"2023-11-30T15:04:16+00:00","dateModified":"2025-11-07T06:21:15+00:00","breadcrumb":{"@id":"https:\/\/bulliesteashop.com\/product\/heinz-beans-with-pork-sausage-3x200g\/#breadcrumb"},"inLanguage":"de","potentialAction":[{"@type":"ReadAction","target":["https:\/\/bulliesteashop.com\/product\/heinz-beans-with-pork-sausage-3x200g\/"]}]},{"@type":"ImageObject","inLanguage":"de","@id":"https:\/\/bulliesteashop.com\/product\/heinz-beans-with-pork-sausage-3x200g\/#primaryimage","url":"https:\/\/bulliesteashop.com\/wp-content\/uploads\/2023\/11\/heinz_beans_pork_sausages_3x200g_1.jpg","contentUrl":"https:\/\/bulliesteashop.com\/wp-content\/uploads\/2023\/11\/heinz_beans_pork_sausages_3x200g_1.jpg","width":800,"height":800},{"@type":"BreadcrumbList","@id":"https:\/\/bulliesteashop.com\/product\/heinz-beans-with-pork-sausage-3x200g\/#breadcrumb","itemListElement":[{"@type":"ListItem","position":1,"name":"Home","item":"https:\/\/bulliesteashop.com\/"},{"@type":"ListItem","position":2,"name":"Shop","item":"https:\/\/bulliesteashop.com\/shop\/"},{"@type":"ListItem","position":3,"name":"Heinz Beans with Pork Sausage 3x200g"}]},{"@type":"WebSite","@id":"https:\/\/bulliesteashop.com\/#website","url":"https:\/\/bulliesteashop.com\/","name":"Bullies Tea Shop","description":"Online shop for your favourite British and English food and drink products","publisher":{"@id":"https:\/\/bulliesteashop.com\/#organization"},"potentialAction":[{"@type":"SearchAction","target":{"@type":"EntryPoint","urlTemplate":"https:\/\/bulliesteashop.com\/?s={search_term_string}"},"query-input":{"@type":"PropertyValueSpecification","valueRequired":true,"valueName":"search_term_string"}}],"inLanguage":"de"},{"@type":"Organization","@id":"https:\/\/bulliesteashop.com\/#organization","name":"Bullies Tea Shop","url":"https:\/\/bulliesteashop.com\/","logo":{"@type":"ImageObject","inLanguage":"de","@id":"https:\/\/bulliesteashop.com\/#\/schema\/logo\/image\/","url":"https:\/\/bulliesteashop.com\/wp-content\/uploads\/2023\/07\/bulliesteashop-2.png","contentUrl":"https:\/\/bulliesteashop.com\/wp-content\/uploads\/2023\/07\/bulliesteashop-2.png","width":351,"height":337,"caption":"Bullies Tea Shop"},"image":{"@id":"https:\/\/bulliesteashop.com\/#\/schema\/logo\/image\/"},"sameAs":["https:\/\/www.facebook.com\/iengelswienkeltje2\/"]}]}},"_links":{"self":[{"href":"https:\/\/bulliesteashop.com\/de\/wp-json\/wp\/v2\/product\/17540"}],"collection":[{"href":"https:\/\/bulliesteashop.com\/de\/wp-json\/wp\/v2\/product"}],"about":[{"href":"https:\/\/bulliesteashop.com\/de\/wp-json\/wp\/v2\/types\/product"}],"replies":[{"embeddable":true,"href":"https:\/\/bulliesteashop.com\/de\/wp-json\/wp\/v2\/comments?post=17540"}],"wp:featuredmedia":[{"embeddable":true,"href":"https:\/\/bulliesteashop.com\/de\/wp-json\/wp\/v2\/media\/17542"}],"wp:attachment":[{"href":"https:\/\/bulliesteashop.com\/de\/wp-json\/wp\/v2\/media?parent=17540"}],"wp:term":[{"taxonomy":"product_brand","embeddable":true,"href":"https:\/\/bulliesteashop.com\/de\/wp-json\/wp\/v2\/product_brand?post=17540"},{"taxonomy":"product_cat","embeddable":true,"href":"https:\/\/bulliesteashop.com\/de\/wp-json\/wp\/v2\/product_cat?post=17540"},{"taxonomy":"product_tag","embeddable":true,"href":"https:\/\/bulliesteashop.com\/de\/wp-json\/wp\/v2\/product_tag?post=17540"}],"curies":[{"name":"wp","href":"https:\/\/api.w.org\/{rel}","templated":true}]}}