{"id":17488,"date":"2023-11-27T10:25:55","date_gmt":"2023-11-27T10:25:55","guid":{"rendered":"https:\/\/bulliesteashop.com\/?post_type=product&#038;p=17488"},"modified":"2025-12-24T06:09:45","modified_gmt":"2025-12-24T06:09:45","slug":"mr-kipling-6-deep-filled-mince-pies","status":"publish","type":"product","link":"https:\/\/bulliesteashop.com\/de\/produkt\/mr-kipling-6-deep-filled-mince-pies\/","title":{"rendered":"Mr Kipling 6 Deep Filled Mince Pies"},"content":{"rendered":"<p>Butterangereicherte Teigf\u00f6rmchen mit Hackfleischf\u00fcllung, gebacken und mit einer Prise Zucker bestreut. Ein absoluter Weihnachtsklassiker.<\/p>\n<h3>N\u00e4hrwerte<\/h3>\n<p>Pro 100 g: 1627 kJ\/387 kcal, Fett 13,6 g, davon ges\u00e4ttigte Fetts\u00e4uren 5,4 g, Kohlenhydrate 61,6 g, davon Zucker 30,9 g, Protein 3,5 g, Salz 0,30 g<\/p>","protected":false},"excerpt":{"rendered":"<p><strong>Zutaten<\/strong>:<\/p>\n<p>Hackfleischf\u00fcllung (Zucker, Bramley-Apfelp\u00fcree, Sultaninen, Rosinen, Glukosesirup, Aprikosenf\u00fcllung (Glukose-Fruktose-Sirup, Aprikosenp\u00fcree, Zucker, Geliermittel (Pektin), S\u00e4ure (Zitronens\u00e4ure), Konservierungsmittel (Kaliumsorbat), S\u00e4ureregulator ( Zitronens\u00e4ure), Konservierungsmittel (SCHWEFELDIOXID)), Pflanzen\u00f6le (Palm, Raps), schwarzer Melassesirup, Maisst\u00e4rke, gemahlene Gew\u00fcrzmischung (Cassia, Koriander, K\u00fcmmel, Nelken, Ingwer, Muskatnuss), ger\u00f6steter GERSTENmalzextrakt, S\u00e4ure (Essigs\u00e4ure). S\u00e4ure), Aroma, Konservierungsstoffe (Kaliumsorbat, Natriummetabisulfit (SULFITE), SCHWEFELDIOXID)), WEIZENmehl (mit Zusatz von Kalzium, Eisen, Niacin, Thiamin), Pflanzen\u00f6le (Palm, Raps), Glukosesirup, ungesalzene Butter (MILCH), Zucker, Salz, Backtriebmittel (Dinatriumdiphosphat, Natriumbicarbonat).<\/p>","protected":false},"featured_media":17489,"comment_status":"closed","ping_status":"closed","template":"","meta":[],"product_brand":[],"product_cat":[304],"product_tag":[],"class_list":{"0":"post-17488","1":"product","2":"type-product","3":"status-publish","4":"has-post-thumbnail","6":"product_cat-christmas","7":"pa_allergy-contains-barley","8":"pa_allergy-contains-milk","9":"pa_allergy-contains-sulphur-dioxide","10":"pa_allergy-contains-wheat","12":"first","13":"outofstock","14":"purchasable","15":"product-type-simple"},"yoast_head":"<!-- This site is optimized with the Yoast SEO plugin v23.4 - https:\/\/yoast.com\/wordpress\/plugins\/seo\/ -->\n<title>Mr Kipling 6 Deep Filled Mince Pies - Bullies Tea Shop<\/title>\n<meta name=\"robots\" content=\"index, follow, max-snippet:-1, max-image-preview:large, max-video-preview:-1\" \/>\n<link rel=\"canonical\" href=\"https:\/\/bulliesteashop.com\/de\/produkt\/mr-kipling-6-deep-filled-mince-pies\/\" \/>\n<meta property=\"og:locale\" content=\"de_DE\" \/>\n<meta property=\"og:type\" content=\"article\" \/>\n<meta property=\"og:title\" content=\"Mr Kipling 6 Deep Filled Mince Pies - Bullies Tea Shop\" \/>\n<meta property=\"og:description\" content=\"Ingredients:  Mincemeat Filling (Sugar, Bramley Apple Pur\u00e9e, Sultanas, Raisins, Glucose Syrup, Apricot Filling (Glucose-Fructose Syrup, Apricot Pur\u00e9e, Sugar, Gelling Agent (Pectin), Acid (Citric Acid), Preservative (Potassium Sorbate), Acidity Regulator (Citric Acid), Preservative (SULPHUR DIOXIDE)), Vegetable Oils (Palm, Rapeseed), Black Treacle, Maize Starch, Ground Mixed Spice (Cassia, Coriander, Caraway, Cloves, Ginger, Nutmeg), Roasted BARLEY Malt Extract, Acid (Acetic Acid), Flavouring, Preservatives (Potassium Sorbate, Sodium Metabisulphite (SULPHITES), SULPHOR DIOXIDE)), WHEAT Flour (with added Calcium, Iron, Niacin, Thiamin), Vegetable Oils (Palm, Rapeseed), Glucose Syrup, Unsalted Butter (MILK), Sugar, Salt, Raising Agents (Disodium Diphospahte, Sodium Bicarbonate).\" \/>\n<meta property=\"og:url\" content=\"https:\/\/bulliesteashop.com\/de\/produkt\/mr-kipling-6-deep-filled-mince-pies\/\" \/>\n<meta property=\"og:site_name\" content=\"Bullies Tea Shop\" \/>\n<meta property=\"article:publisher\" content=\"https:\/\/www.facebook.com\/iengelswienkeltje2\/\" \/>\n<meta property=\"article:modified_time\" content=\"2025-12-24T06:09:45+00:00\" \/>\n<meta property=\"og:image\" content=\"https:\/\/bulliesteashop.com\/wp-content\/uploads\/2023\/11\/Kipling-Deep-Filled_Mince_pies_1.jpg\" \/>\n\t<meta property=\"og:image:width\" content=\"1077\" \/>\n\t<meta property=\"og:image:height\" content=\"764\" \/>\n\t<meta property=\"og:image:type\" content=\"image\/jpeg\" \/>\n<meta name=\"twitter:card\" content=\"summary_large_image\" \/>\n<meta name=\"twitter:label1\" content=\"Gesch\u00e4tzte Lesezeit\" \/>\n\t<meta name=\"twitter:data1\" content=\"1\u00a0Minute\" \/>\n<script type=\"application\/ld+json\" class=\"yoast-schema-graph\">{\"@context\":\"https:\/\/schema.org\",\"@graph\":[{\"@type\":\"WebPage\",\"@id\":\"https:\/\/bulliesteashop.com\/product\/mr-kipling-6-deep-filled-mince-pies\/\",\"url\":\"https:\/\/bulliesteashop.com\/product\/mr-kipling-6-deep-filled-mince-pies\/\",\"name\":\"Mr Kipling 6 Deep Filled Mince Pies - Bullies Tea Shop\",\"isPartOf\":{\"@id\":\"https:\/\/bulliesteashop.com\/#website\"},\"primaryImageOfPage\":{\"@id\":\"https:\/\/bulliesteashop.com\/product\/mr-kipling-6-deep-filled-mince-pies\/#primaryimage\"},\"image\":{\"@id\":\"https:\/\/bulliesteashop.com\/product\/mr-kipling-6-deep-filled-mince-pies\/#primaryimage\"},\"thumbnailUrl\":\"https:\/\/bulliesteashop.com\/wp-content\/uploads\/2023\/11\/Kipling-Deep-Filled_Mince_pies_1.jpg\",\"datePublished\":\"2023-11-27T10:25:55+00:00\",\"dateModified\":\"2025-12-24T06:09:45+00:00\",\"breadcrumb\":{\"@id\":\"https:\/\/bulliesteashop.com\/product\/mr-kipling-6-deep-filled-mince-pies\/#breadcrumb\"},\"inLanguage\":\"de\",\"potentialAction\":[{\"@type\":\"ReadAction\",\"target\":[\"https:\/\/bulliesteashop.com\/product\/mr-kipling-6-deep-filled-mince-pies\/\"]}]},{\"@type\":\"ImageObject\",\"inLanguage\":\"de\",\"@id\":\"https:\/\/bulliesteashop.com\/product\/mr-kipling-6-deep-filled-mince-pies\/#primaryimage\",\"url\":\"https:\/\/bulliesteashop.com\/wp-content\/uploads\/2023\/11\/Kipling-Deep-Filled_Mince_pies_1.jpg\",\"contentUrl\":\"https:\/\/bulliesteashop.com\/wp-content\/uploads\/2023\/11\/Kipling-Deep-Filled_Mince_pies_1.jpg\",\"width\":1077,\"height\":764},{\"@type\":\"BreadcrumbList\",\"@id\":\"https:\/\/bulliesteashop.com\/product\/mr-kipling-6-deep-filled-mince-pies\/#breadcrumb\",\"itemListElement\":[{\"@type\":\"ListItem\",\"position\":1,\"name\":\"Home\",\"item\":\"https:\/\/bulliesteashop.com\/\"},{\"@type\":\"ListItem\",\"position\":2,\"name\":\"Shop\",\"item\":\"https:\/\/bulliesteashop.com\/shop\/\"},{\"@type\":\"ListItem\",\"position\":3,\"name\":\"Mr Kipling 6 Deep Filled Mince Pies\"}]},{\"@type\":\"WebSite\",\"@id\":\"https:\/\/bulliesteashop.com\/#website\",\"url\":\"https:\/\/bulliesteashop.com\/\",\"name\":\"Bullies Tea Shop\",\"description\":\"Online shop for your favourite British and English food and drink products\",\"publisher\":{\"@id\":\"https:\/\/bulliesteashop.com\/#organization\"},\"potentialAction\":[{\"@type\":\"SearchAction\",\"target\":{\"@type\":\"EntryPoint\",\"urlTemplate\":\"https:\/\/bulliesteashop.com\/?s={search_term_string}\"},\"query-input\":{\"@type\":\"PropertyValueSpecification\",\"valueRequired\":true,\"valueName\":\"search_term_string\"}}],\"inLanguage\":\"de\"},{\"@type\":\"Organization\",\"@id\":\"https:\/\/bulliesteashop.com\/#organization\",\"name\":\"Bullies Tea Shop\",\"url\":\"https:\/\/bulliesteashop.com\/\",\"logo\":{\"@type\":\"ImageObject\",\"inLanguage\":\"de\",\"@id\":\"https:\/\/bulliesteashop.com\/#\/schema\/logo\/image\/\",\"url\":\"https:\/\/bulliesteashop.com\/wp-content\/uploads\/2023\/07\/bulliesteashop-2.png\",\"contentUrl\":\"https:\/\/bulliesteashop.com\/wp-content\/uploads\/2023\/07\/bulliesteashop-2.png\",\"width\":351,\"height\":337,\"caption\":\"Bullies Tea Shop\"},\"image\":{\"@id\":\"https:\/\/bulliesteashop.com\/#\/schema\/logo\/image\/\"},\"sameAs\":[\"https:\/\/www.facebook.com\/iengelswienkeltje2\/\"]}]}<\/script>\n<!-- \/ Yoast SEO plugin. -->","yoast_head_json":{"title":"Mr Kipling 6 Deep Filled Mince Pies - Bullies Tea Shop","robots":{"index":"index","follow":"follow","max-snippet":"max-snippet:-1","max-image-preview":"max-image-preview:large","max-video-preview":"max-video-preview:-1"},"canonical":"https:\/\/bulliesteashop.com\/de\/produkt\/mr-kipling-6-deep-filled-mince-pies\/","og_locale":"de_DE","og_type":"article","og_title":"Mr Kipling 6 Deep Filled Mince Pies - Bullies Tea Shop","og_description":"Ingredients:  Mincemeat Filling (Sugar, Bramley Apple Pur\u00e9e, Sultanas, Raisins, Glucose Syrup, Apricot Filling (Glucose-Fructose Syrup, Apricot Pur\u00e9e, Sugar, Gelling Agent (Pectin), Acid (Citric Acid), Preservative (Potassium Sorbate), Acidity Regulator (Citric Acid), Preservative (SULPHUR DIOXIDE)), Vegetable Oils (Palm, Rapeseed), Black Treacle, Maize Starch, Ground Mixed Spice (Cassia, Coriander, Caraway, Cloves, Ginger, Nutmeg), Roasted BARLEY Malt Extract, Acid (Acetic Acid), Flavouring, Preservatives (Potassium Sorbate, Sodium Metabisulphite (SULPHITES), SULPHOR DIOXIDE)), WHEAT Flour (with added Calcium, Iron, Niacin, Thiamin), Vegetable Oils (Palm, Rapeseed), Glucose Syrup, Unsalted Butter (MILK), Sugar, Salt, Raising Agents (Disodium Diphospahte, Sodium Bicarbonate).","og_url":"https:\/\/bulliesteashop.com\/de\/produkt\/mr-kipling-6-deep-filled-mince-pies\/","og_site_name":"Bullies Tea Shop","article_publisher":"https:\/\/www.facebook.com\/iengelswienkeltje2\/","article_modified_time":"2025-12-24T06:09:45+00:00","og_image":[{"width":1077,"height":764,"url":"https:\/\/bulliesteashop.com\/wp-content\/uploads\/2023\/11\/Kipling-Deep-Filled_Mince_pies_1.jpg","type":"image\/jpeg"}],"twitter_card":"summary_large_image","twitter_misc":{"Gesch\u00e4tzte Lesezeit":"1\u00a0Minute"},"schema":{"@context":"https:\/\/schema.org","@graph":[{"@type":"WebPage","@id":"https:\/\/bulliesteashop.com\/product\/mr-kipling-6-deep-filled-mince-pies\/","url":"https:\/\/bulliesteashop.com\/product\/mr-kipling-6-deep-filled-mince-pies\/","name":"Mr Kipling 6 Deep Filled Mince Pies - Bullies Tea Shop","isPartOf":{"@id":"https:\/\/bulliesteashop.com\/#website"},"primaryImageOfPage":{"@id":"https:\/\/bulliesteashop.com\/product\/mr-kipling-6-deep-filled-mince-pies\/#primaryimage"},"image":{"@id":"https:\/\/bulliesteashop.com\/product\/mr-kipling-6-deep-filled-mince-pies\/#primaryimage"},"thumbnailUrl":"https:\/\/bulliesteashop.com\/wp-content\/uploads\/2023\/11\/Kipling-Deep-Filled_Mince_pies_1.jpg","datePublished":"2023-11-27T10:25:55+00:00","dateModified":"2025-12-24T06:09:45+00:00","breadcrumb":{"@id":"https:\/\/bulliesteashop.com\/product\/mr-kipling-6-deep-filled-mince-pies\/#breadcrumb"},"inLanguage":"de","potentialAction":[{"@type":"ReadAction","target":["https:\/\/bulliesteashop.com\/product\/mr-kipling-6-deep-filled-mince-pies\/"]}]},{"@type":"ImageObject","inLanguage":"de","@id":"https:\/\/bulliesteashop.com\/product\/mr-kipling-6-deep-filled-mince-pies\/#primaryimage","url":"https:\/\/bulliesteashop.com\/wp-content\/uploads\/2023\/11\/Kipling-Deep-Filled_Mince_pies_1.jpg","contentUrl":"https:\/\/bulliesteashop.com\/wp-content\/uploads\/2023\/11\/Kipling-Deep-Filled_Mince_pies_1.jpg","width":1077,"height":764},{"@type":"BreadcrumbList","@id":"https:\/\/bulliesteashop.com\/product\/mr-kipling-6-deep-filled-mince-pies\/#breadcrumb","itemListElement":[{"@type":"ListItem","position":1,"name":"Home","item":"https:\/\/bulliesteashop.com\/"},{"@type":"ListItem","position":2,"name":"Shop","item":"https:\/\/bulliesteashop.com\/shop\/"},{"@type":"ListItem","position":3,"name":"Mr Kipling 6 Deep Filled Mince Pies"}]},{"@type":"WebSite","@id":"https:\/\/bulliesteashop.com\/#website","url":"https:\/\/bulliesteashop.com\/","name":"Bullies Tea Shop","description":"Online shop for your favourite British and English food and drink products","publisher":{"@id":"https:\/\/bulliesteashop.com\/#organization"},"potentialAction":[{"@type":"SearchAction","target":{"@type":"EntryPoint","urlTemplate":"https:\/\/bulliesteashop.com\/?s={search_term_string}"},"query-input":{"@type":"PropertyValueSpecification","valueRequired":true,"valueName":"search_term_string"}}],"inLanguage":"de"},{"@type":"Organization","@id":"https:\/\/bulliesteashop.com\/#organization","name":"Bullies Tea Shop","url":"https:\/\/bulliesteashop.com\/","logo":{"@type":"ImageObject","inLanguage":"de","@id":"https:\/\/bulliesteashop.com\/#\/schema\/logo\/image\/","url":"https:\/\/bulliesteashop.com\/wp-content\/uploads\/2023\/07\/bulliesteashop-2.png","contentUrl":"https:\/\/bulliesteashop.com\/wp-content\/uploads\/2023\/07\/bulliesteashop-2.png","width":351,"height":337,"caption":"Bullies Tea Shop"},"image":{"@id":"https:\/\/bulliesteashop.com\/#\/schema\/logo\/image\/"},"sameAs":["https:\/\/www.facebook.com\/iengelswienkeltje2\/"]}]}},"_links":{"self":[{"href":"https:\/\/bulliesteashop.com\/de\/wp-json\/wp\/v2\/product\/17488"}],"collection":[{"href":"https:\/\/bulliesteashop.com\/de\/wp-json\/wp\/v2\/product"}],"about":[{"href":"https:\/\/bulliesteashop.com\/de\/wp-json\/wp\/v2\/types\/product"}],"replies":[{"embeddable":true,"href":"https:\/\/bulliesteashop.com\/de\/wp-json\/wp\/v2\/comments?post=17488"}],"wp:featuredmedia":[{"embeddable":true,"href":"https:\/\/bulliesteashop.com\/de\/wp-json\/wp\/v2\/media\/17489"}],"wp:attachment":[{"href":"https:\/\/bulliesteashop.com\/de\/wp-json\/wp\/v2\/media?parent=17488"}],"wp:term":[{"taxonomy":"product_brand","embeddable":true,"href":"https:\/\/bulliesteashop.com\/de\/wp-json\/wp\/v2\/product_brand?post=17488"},{"taxonomy":"product_cat","embeddable":true,"href":"https:\/\/bulliesteashop.com\/de\/wp-json\/wp\/v2\/product_cat?post=17488"},{"taxonomy":"product_tag","embeddable":true,"href":"https:\/\/bulliesteashop.com\/de\/wp-json\/wp\/v2\/product_tag?post=17488"}],"curies":[{"name":"wp","href":"https:\/\/api.w.org\/{rel}","templated":true}]}}