{"id":17323,"date":"2023-10-27T14:49:02","date_gmt":"2023-10-27T13:49:02","guid":{"rendered":"https:\/\/bulliesteashop.com\/?post_type=product&#038;p=17323"},"modified":"2024-05-03T13:24:27","modified_gmt":"2024-05-03T12:24:27","slug":"nestle-after-eight-gin-tonic-mint-thins-200g","status":"publish","type":"product","link":"https:\/\/bulliesteashop.com\/de\/produkt\/nestle-after-eight-gin-tonic-mint-thins-200g\/","title":{"rendered":"Nestl\u00e9 After Eight Gin &#038; Tonic Mint Thins 200g"},"content":{"rendered":"<p>Hauchd\u00fcnne St\u00fccke von Fondant mit Minz- und Gin-Tonic-Geschmack, umh\u00fcllt von dunkler Schokolade, jeweils in ihrer eigenen knusprigen H\u00fclle.<\/p>\n<h3>N\u00e4hrwerte<\/h3>\n<p>Pro 100 g: 1796 kJ\/427 kcal, Fett 12,9 g, davon ges\u00e4ttigte Fetts\u00e4uren 7,6 g, Kohlenhydrate 73,1 g, davon Zucker 67,4 g, Ballaststoffe 2,8 g, Protein 2,1 g, Salz 0,03 g<\/p>","protected":false},"excerpt":{"rendered":"<p><strong>Zutaten<\/strong>:<\/p>\n<p>Zucker, Kakaomasse, Glukosesirup, Kakaobutterfett (aus MILCH), MagerMILCHpulver, Laktose und Proteine aus Molke (aus MILCH), nat\u00fcrliches Wacholderaroma, nat\u00fcrliches Aroma, Stabilisator (Invertase), Emulgator (Lecithine), Salz, Pfefferminze \u00d6l, S\u00e4ure (Zitronens\u00e4ure)<\/p>","protected":false},"featured_media":17365,"comment_status":"closed","ping_status":"closed","template":"","meta":[],"product_brand":[],"product_cat":[322,304],"product_tag":[],"class_list":{"0":"post-17323","1":"product","2":"type-product","3":"status-publish","4":"has-post-thumbnail","6":"product_cat-chocolate","7":"product_cat-christmas","8":"pa_allergy-contains-milk","10":"first","11":"outofstock","12":"purchasable","13":"product-type-simple"},"yoast_head":"<!-- This site is optimized with the Yoast SEO plugin v23.4 - https:\/\/yoast.com\/wordpress\/plugins\/seo\/ -->\n<title>Nestl\u00e9 After Eight Gin &amp; Tonic Mint Thins 200g - Bullies Tea Shop<\/title>\n<meta name=\"robots\" content=\"index, follow, max-snippet:-1, max-image-preview:large, max-video-preview:-1\" \/>\n<link rel=\"canonical\" href=\"https:\/\/bulliesteashop.com\/de\/produkt\/nestle-after-eight-gin-tonic-mint-thins-200g\/\" \/>\n<meta property=\"og:locale\" content=\"de_DE\" \/>\n<meta property=\"og:type\" content=\"article\" \/>\n<meta property=\"og:title\" content=\"Nestl\u00e9 After Eight Gin &amp; Tonic Mint Thins 200g - Bullies Tea Shop\" \/>\n<meta property=\"og:description\" content=\"Ingredients:  Sugar, Cocoa Mass, Glucose Syrup, Cocoa Butter Butterfat (from MILK), Skimmed MILK Powder, Lactose and Proteins from Whey (from MILK), Natural Juniper Flavouring, Natural Flavouring, Stabiliser (Invertase), Emulsifier (Lecithins), Salt, Peppermint Oil, Acid (Citric Acid)\" \/>\n<meta property=\"og:url\" content=\"https:\/\/bulliesteashop.com\/de\/produkt\/nestle-after-eight-gin-tonic-mint-thins-200g\/\" \/>\n<meta property=\"og:site_name\" content=\"Bullies Tea Shop\" \/>\n<meta property=\"article:publisher\" content=\"https:\/\/www.facebook.com\/iengelswienkeltje2\/\" \/>\n<meta property=\"article:modified_time\" content=\"2024-05-03T12:24:27+00:00\" \/>\n<meta property=\"og:image\" content=\"https:\/\/bulliesteashop.com\/wp-content\/uploads\/2023\/10\/WhatsApp-Image-2023-11-04-at-15.23.48.jpeg\" \/>\n\t<meta property=\"og:image:width\" content=\"600\" \/>\n\t<meta property=\"og:image:height\" content=\"600\" \/>\n\t<meta property=\"og:image:type\" content=\"image\/jpeg\" \/>\n<meta name=\"twitter:card\" content=\"summary_large_image\" \/>\n<script type=\"application\/ld+json\" class=\"yoast-schema-graph\">{\"@context\":\"https:\/\/schema.org\",\"@graph\":[{\"@type\":\"WebPage\",\"@id\":\"https:\/\/bulliesteashop.com\/de\/produkt\/nestle-after-eight-gin-tonic-mint-thins-200g\/\",\"url\":\"https:\/\/bulliesteashop.com\/de\/produkt\/nestle-after-eight-gin-tonic-mint-thins-200g\/\",\"name\":\"Nestl\u00e9 After Eight Gin & Tonic Mint Thins 200g - Bullies Tea Shop\",\"isPartOf\":{\"@id\":\"https:\/\/bulliesteashop.com\/#website\"},\"primaryImageOfPage\":{\"@id\":\"https:\/\/bulliesteashop.com\/de\/produkt\/nestle-after-eight-gin-tonic-mint-thins-200g\/#primaryimage\"},\"image\":{\"@id\":\"https:\/\/bulliesteashop.com\/de\/produkt\/nestle-after-eight-gin-tonic-mint-thins-200g\/#primaryimage\"},\"thumbnailUrl\":\"https:\/\/bulliesteashop.com\/wp-content\/uploads\/2023\/10\/WhatsApp-Image-2023-11-04-at-15.23.48.jpeg\",\"datePublished\":\"2023-10-27T13:49:02+00:00\",\"dateModified\":\"2024-05-03T12:24:27+00:00\",\"breadcrumb\":{\"@id\":\"https:\/\/bulliesteashop.com\/de\/produkt\/nestle-after-eight-gin-tonic-mint-thins-200g\/#breadcrumb\"},\"inLanguage\":\"de\",\"potentialAction\":[{\"@type\":\"ReadAction\",\"target\":[\"https:\/\/bulliesteashop.com\/de\/produkt\/nestle-after-eight-gin-tonic-mint-thins-200g\/\"]}]},{\"@type\":\"ImageObject\",\"inLanguage\":\"de\",\"@id\":\"https:\/\/bulliesteashop.com\/de\/produkt\/nestle-after-eight-gin-tonic-mint-thins-200g\/#primaryimage\",\"url\":\"https:\/\/bulliesteashop.com\/wp-content\/uploads\/2023\/10\/WhatsApp-Image-2023-11-04-at-15.23.48.jpeg\",\"contentUrl\":\"https:\/\/bulliesteashop.com\/wp-content\/uploads\/2023\/10\/WhatsApp-Image-2023-11-04-at-15.23.48.jpeg\",\"width\":600,\"height\":600},{\"@type\":\"BreadcrumbList\",\"@id\":\"https:\/\/bulliesteashop.com\/de\/produkt\/nestle-after-eight-gin-tonic-mint-thins-200g\/#breadcrumb\",\"itemListElement\":[{\"@type\":\"ListItem\",\"position\":1,\"name\":\"Home\",\"item\":\"https:\/\/bulliesteashop.com\/\"},{\"@type\":\"ListItem\",\"position\":2,\"name\":\"Shop\",\"item\":\"https:\/\/bulliesteashop.com\/shop\/\"},{\"@type\":\"ListItem\",\"position\":3,\"name\":\"Nestl\u00e9 After Eight Gin &#038; Tonic Mint Thins 200g\"}]},{\"@type\":\"WebSite\",\"@id\":\"https:\/\/bulliesteashop.com\/#website\",\"url\":\"https:\/\/bulliesteashop.com\/\",\"name\":\"Bullies Tea Shop\",\"description\":\"Online shop for your favourite British and English food and drink products\",\"publisher\":{\"@id\":\"https:\/\/bulliesteashop.com\/#organization\"},\"potentialAction\":[{\"@type\":\"SearchAction\",\"target\":{\"@type\":\"EntryPoint\",\"urlTemplate\":\"https:\/\/bulliesteashop.com\/?s={search_term_string}\"},\"query-input\":{\"@type\":\"PropertyValueSpecification\",\"valueRequired\":true,\"valueName\":\"search_term_string\"}}],\"inLanguage\":\"de\"},{\"@type\":\"Organization\",\"@id\":\"https:\/\/bulliesteashop.com\/#organization\",\"name\":\"Bullies Tea Shop\",\"url\":\"https:\/\/bulliesteashop.com\/\",\"logo\":{\"@type\":\"ImageObject\",\"inLanguage\":\"de\",\"@id\":\"https:\/\/bulliesteashop.com\/#\/schema\/logo\/image\/\",\"url\":\"https:\/\/bulliesteashop.com\/wp-content\/uploads\/2023\/07\/bulliesteashop-2.png\",\"contentUrl\":\"https:\/\/bulliesteashop.com\/wp-content\/uploads\/2023\/07\/bulliesteashop-2.png\",\"width\":351,\"height\":337,\"caption\":\"Bullies Tea Shop\"},\"image\":{\"@id\":\"https:\/\/bulliesteashop.com\/#\/schema\/logo\/image\/\"},\"sameAs\":[\"https:\/\/www.facebook.com\/iengelswienkeltje2\/\"]}]}<\/script>\n<!-- \/ Yoast SEO plugin. -->","yoast_head_json":{"title":"Nestl\u00e9 After Eight Gin & Tonic Mint Thins 200g - Bullies Tea Shop","robots":{"index":"index","follow":"follow","max-snippet":"max-snippet:-1","max-image-preview":"max-image-preview:large","max-video-preview":"max-video-preview:-1"},"canonical":"https:\/\/bulliesteashop.com\/de\/produkt\/nestle-after-eight-gin-tonic-mint-thins-200g\/","og_locale":"de_DE","og_type":"article","og_title":"Nestl\u00e9 After Eight Gin & Tonic Mint Thins 200g - Bullies Tea Shop","og_description":"Ingredients:  Sugar, Cocoa Mass, Glucose Syrup, Cocoa Butter Butterfat (from MILK), Skimmed MILK Powder, Lactose and Proteins from Whey (from MILK), Natural Juniper Flavouring, Natural Flavouring, Stabiliser (Invertase), Emulsifier (Lecithins), Salt, Peppermint Oil, Acid (Citric Acid)","og_url":"https:\/\/bulliesteashop.com\/de\/produkt\/nestle-after-eight-gin-tonic-mint-thins-200g\/","og_site_name":"Bullies Tea Shop","article_publisher":"https:\/\/www.facebook.com\/iengelswienkeltje2\/","article_modified_time":"2024-05-03T12:24:27+00:00","og_image":[{"width":600,"height":600,"url":"https:\/\/bulliesteashop.com\/wp-content\/uploads\/2023\/10\/WhatsApp-Image-2023-11-04-at-15.23.48.jpeg","type":"image\/jpeg"}],"twitter_card":"summary_large_image","schema":{"@context":"https:\/\/schema.org","@graph":[{"@type":"WebPage","@id":"https:\/\/bulliesteashop.com\/de\/produkt\/nestle-after-eight-gin-tonic-mint-thins-200g\/","url":"https:\/\/bulliesteashop.com\/de\/produkt\/nestle-after-eight-gin-tonic-mint-thins-200g\/","name":"Nestl\u00e9 After Eight Gin & Tonic Mint Thins 200g - Bullies Tea Shop","isPartOf":{"@id":"https:\/\/bulliesteashop.com\/#website"},"primaryImageOfPage":{"@id":"https:\/\/bulliesteashop.com\/de\/produkt\/nestle-after-eight-gin-tonic-mint-thins-200g\/#primaryimage"},"image":{"@id":"https:\/\/bulliesteashop.com\/de\/produkt\/nestle-after-eight-gin-tonic-mint-thins-200g\/#primaryimage"},"thumbnailUrl":"https:\/\/bulliesteashop.com\/wp-content\/uploads\/2023\/10\/WhatsApp-Image-2023-11-04-at-15.23.48.jpeg","datePublished":"2023-10-27T13:49:02+00:00","dateModified":"2024-05-03T12:24:27+00:00","breadcrumb":{"@id":"https:\/\/bulliesteashop.com\/de\/produkt\/nestle-after-eight-gin-tonic-mint-thins-200g\/#breadcrumb"},"inLanguage":"de","potentialAction":[{"@type":"ReadAction","target":["https:\/\/bulliesteashop.com\/de\/produkt\/nestle-after-eight-gin-tonic-mint-thins-200g\/"]}]},{"@type":"ImageObject","inLanguage":"de","@id":"https:\/\/bulliesteashop.com\/de\/produkt\/nestle-after-eight-gin-tonic-mint-thins-200g\/#primaryimage","url":"https:\/\/bulliesteashop.com\/wp-content\/uploads\/2023\/10\/WhatsApp-Image-2023-11-04-at-15.23.48.jpeg","contentUrl":"https:\/\/bulliesteashop.com\/wp-content\/uploads\/2023\/10\/WhatsApp-Image-2023-11-04-at-15.23.48.jpeg","width":600,"height":600},{"@type":"BreadcrumbList","@id":"https:\/\/bulliesteashop.com\/de\/produkt\/nestle-after-eight-gin-tonic-mint-thins-200g\/#breadcrumb","itemListElement":[{"@type":"ListItem","position":1,"name":"Home","item":"https:\/\/bulliesteashop.com\/"},{"@type":"ListItem","position":2,"name":"Shop","item":"https:\/\/bulliesteashop.com\/shop\/"},{"@type":"ListItem","position":3,"name":"Nestl\u00e9 After Eight Gin &#038; Tonic Mint Thins 200g"}]},{"@type":"WebSite","@id":"https:\/\/bulliesteashop.com\/#website","url":"https:\/\/bulliesteashop.com\/","name":"Bullies Tea Shop","description":"Online shop for your favourite British and English food and drink products","publisher":{"@id":"https:\/\/bulliesteashop.com\/#organization"},"potentialAction":[{"@type":"SearchAction","target":{"@type":"EntryPoint","urlTemplate":"https:\/\/bulliesteashop.com\/?s={search_term_string}"},"query-input":{"@type":"PropertyValueSpecification","valueRequired":true,"valueName":"search_term_string"}}],"inLanguage":"de"},{"@type":"Organization","@id":"https:\/\/bulliesteashop.com\/#organization","name":"Bullies Tea Shop","url":"https:\/\/bulliesteashop.com\/","logo":{"@type":"ImageObject","inLanguage":"de","@id":"https:\/\/bulliesteashop.com\/#\/schema\/logo\/image\/","url":"https:\/\/bulliesteashop.com\/wp-content\/uploads\/2023\/07\/bulliesteashop-2.png","contentUrl":"https:\/\/bulliesteashop.com\/wp-content\/uploads\/2023\/07\/bulliesteashop-2.png","width":351,"height":337,"caption":"Bullies Tea Shop"},"image":{"@id":"https:\/\/bulliesteashop.com\/#\/schema\/logo\/image\/"},"sameAs":["https:\/\/www.facebook.com\/iengelswienkeltje2\/"]}]}},"_links":{"self":[{"href":"https:\/\/bulliesteashop.com\/de\/wp-json\/wp\/v2\/product\/17323"}],"collection":[{"href":"https:\/\/bulliesteashop.com\/de\/wp-json\/wp\/v2\/product"}],"about":[{"href":"https:\/\/bulliesteashop.com\/de\/wp-json\/wp\/v2\/types\/product"}],"replies":[{"embeddable":true,"href":"https:\/\/bulliesteashop.com\/de\/wp-json\/wp\/v2\/comments?post=17323"}],"wp:featuredmedia":[{"embeddable":true,"href":"https:\/\/bulliesteashop.com\/de\/wp-json\/wp\/v2\/media\/17365"}],"wp:attachment":[{"href":"https:\/\/bulliesteashop.com\/de\/wp-json\/wp\/v2\/media?parent=17323"}],"wp:term":[{"taxonomy":"product_brand","embeddable":true,"href":"https:\/\/bulliesteashop.com\/de\/wp-json\/wp\/v2\/product_brand?post=17323"},{"taxonomy":"product_cat","embeddable":true,"href":"https:\/\/bulliesteashop.com\/de\/wp-json\/wp\/v2\/product_cat?post=17323"},{"taxonomy":"product_tag","embeddable":true,"href":"https:\/\/bulliesteashop.com\/de\/wp-json\/wp\/v2\/product_tag?post=17323"}],"curies":[{"name":"wp","href":"https:\/\/api.w.org\/{rel}","templated":true}]}}