{"id":17317,"date":"2023-10-27T14:32:24","date_gmt":"2023-10-27T13:32:24","guid":{"rendered":"https:\/\/bulliesteashop.com\/?post_type=product&#038;p=17317"},"modified":"2026-01-25T12:28:10","modified_gmt":"2026-01-25T12:28:10","slug":"nestle-quality-street-tub-600g","status":"publish","type":"product","link":"https:\/\/bulliesteashop.com\/de\/produkt\/nestle-quality-street-tub-600g\/","title":{"rendered":"Nestl\u00e9 Quality Street Tub 550g"},"content":{"rendered":"<div class=\"alcoholBlock\">Wenn Sie eine Dose der ber\u00fchmten einzeln verpackten Pralinen von Quality Street mit nach Hause bringen, wird niemand abwarten k\u00f6nnen, sie zu durchst\u00f6bern und ihre Lieblingssorte zu finden. Ob Sie diese ikonischen Weihnachtss\u00fc\u00dfigkeiten an einem besonderen Tag genie\u00dfen oder einfach nur Zeit als Familie verbringen, schaffen Sie Momente, die Sie mit Quality Street f\u00fcr immer sch\u00e4tzen k\u00f6nnen.<\/div>\n<ul>\n<li class=\"alcoholBlock\">Perfekt zum Teilen zu Weihnachten und anderen Feierlichkeiten!<\/li>\n<li class=\"alcoholBlock\">Enth\u00e4lt das ber\u00fchmte Gr\u00fcne Dreieck und Der Violette, sowie den neuen Chocolate Caramel Brownie!<\/li>\n<li class=\"alcoholBlock\">Ohne k\u00fcnstliche Farbstoffe, Aromen oder Konservierungsstoffe.<\/li>\n<li class=\"alcoholBlock\">Quality Street ist f\u00fcr Vegetarier geeignet.<\/li>\n<\/ul>\n<h3>N\u00e4hrwerte<\/h3>\n<p>Pro 100 g: 1976 kJ\/471 kcal, Fett 20,7 g, davon ges\u00e4ttigte Fetts\u00e4uren 12 g, Kohlenhydrate 67,3 g, davon Zucker 58 g, Ballaststoffe 1,2 g, Protein 3,3 g, Salz 0,22 g<\/p>","protected":false},"excerpt":{"rendered":"<p><strong>Zutaten<\/strong>:<\/p>\n<p>Zucker, Glukosesirup, ges\u00fc\u00dfte kondensierte Magermilch (Magermilchpulver, Zucker), pflanzliche Fette (Palm, Shea, Raps, Sonnenblume, Kokosnuss), Kakaomasse, Kakaobutter, getrocknete Vollmilch, Glukose-Fruktose-Sirup, Kokosnuss, Butterfett( MILCH), Molkenpulver (MILCH), Emulgatoren (Lecithine, E741), MagerMILCHpulver, fettarmes Kakaopulver, Salz, Aromen, S\u00e4uerungsmittel (Milchs\u00e4ure)<\/p>","protected":false},"featured_media":17318,"comment_status":"closed","ping_status":"closed","template":"","meta":[],"product_brand":[],"product_cat":[322,304,327],"product_tag":[325,306,474,473,476],"class_list":{"0":"post-17317","1":"product","2":"type-product","3":"status-publish","4":"has-post-thumbnail","6":"product_cat-chocolate","7":"product_cat-christmas","8":"product_cat-sweets","9":"product_tag-chocolate","10":"product_tag-christmas","11":"product_tag-mackintosh","12":"product_tag-quality-street","13":"product_tag-tins","14":"pa_allergy-contains-hazelnuts","15":"pa_allergy-contains-milk","16":"pa_allergy-may-contain-nuts","17":"pa_allergy-may-contain-peanuts","19":"first","20":"instock","21":"purchasable","22":"product-type-simple"},"yoast_head":"<!-- This site is optimized with the Yoast SEO plugin v23.4 - https:\/\/yoast.com\/wordpress\/plugins\/seo\/ -->\n<title>Nestl\u00e9 Quality Street Tub 550g - Bullies Tea Shop<\/title>\n<meta name=\"description\" content=\"Nestl\u00e9 Quality Street Christmas Tub 600 gram filled with your classic favourite chocolate and caramel bonbons. A great gift for Christmas.\" \/>\n<meta name=\"robots\" content=\"index, follow, max-snippet:-1, max-image-preview:large, max-video-preview:-1\" \/>\n<link rel=\"canonical\" href=\"https:\/\/bulliesteashop.com\/de\/produkt\/nestle-quality-street-tub-600g\/\" \/>\n<meta property=\"og:locale\" content=\"de_DE\" \/>\n<meta property=\"og:type\" content=\"article\" \/>\n<meta property=\"og:title\" content=\"Nestl\u00e9 Quality Street Tub 550g - Bullies Tea Shop\" \/>\n<meta property=\"og:description\" content=\"Nestl\u00e9 Quality Street Christmas Tub 600 gram filled with your classic favourite chocolate and caramel bonbons. A great gift for Christmas.\" \/>\n<meta property=\"og:url\" content=\"https:\/\/bulliesteashop.com\/de\/produkt\/nestle-quality-street-tub-600g\/\" \/>\n<meta property=\"og:site_name\" content=\"Bullies Tea Shop\" \/>\n<meta property=\"article:publisher\" content=\"https:\/\/www.facebook.com\/iengelswienkeltje2\/\" \/>\n<meta property=\"article:modified_time\" content=\"2026-01-25T12:28:10+00:00\" \/>\n<meta property=\"og:image\" content=\"https:\/\/bulliesteashop.com\/wp-content\/uploads\/2023\/10\/nestle-nestle-quality-street-tub-600g.webp\" \/>\n\t<meta property=\"og:image:width\" content=\"1042\" \/>\n\t<meta property=\"og:image:height\" content=\"878\" \/>\n\t<meta property=\"og:image:type\" content=\"image\/webp\" \/>\n<meta name=\"twitter:card\" content=\"summary_large_image\" \/>\n<meta name=\"twitter:label1\" content=\"Gesch\u00e4tzte Lesezeit\" \/>\n\t<meta name=\"twitter:data1\" content=\"1\u00a0Minute\" \/>\n<script type=\"application\/ld+json\" class=\"yoast-schema-graph\">{\"@context\":\"https:\/\/schema.org\",\"@graph\":[{\"@type\":\"WebPage\",\"@id\":\"https:\/\/bulliesteashop.com\/product\/nestle-quality-street-tub-600g\/\",\"url\":\"https:\/\/bulliesteashop.com\/product\/nestle-quality-street-tub-600g\/\",\"name\":\"Nestl\u00e9 Quality Street Tub 550g - Bullies Tea Shop\",\"isPartOf\":{\"@id\":\"https:\/\/bulliesteashop.com\/#website\"},\"primaryImageOfPage\":{\"@id\":\"https:\/\/bulliesteashop.com\/product\/nestle-quality-street-tub-600g\/#primaryimage\"},\"image\":{\"@id\":\"https:\/\/bulliesteashop.com\/product\/nestle-quality-street-tub-600g\/#primaryimage\"},\"thumbnailUrl\":\"https:\/\/bulliesteashop.com\/wp-content\/uploads\/2023\/10\/nestle-nestle-quality-street-tub-600g.webp\",\"datePublished\":\"2023-10-27T13:32:24+00:00\",\"dateModified\":\"2026-01-25T12:28:10+00:00\",\"description\":\"Nestl\u00e9 Quality Street Christmas Tub 600 gram filled with your classic favourite chocolate and caramel bonbons. A great gift for Christmas.\",\"breadcrumb\":{\"@id\":\"https:\/\/bulliesteashop.com\/product\/nestle-quality-street-tub-600g\/#breadcrumb\"},\"inLanguage\":\"de\",\"potentialAction\":[{\"@type\":\"ReadAction\",\"target\":[\"https:\/\/bulliesteashop.com\/product\/nestle-quality-street-tub-600g\/\"]}]},{\"@type\":\"ImageObject\",\"inLanguage\":\"de\",\"@id\":\"https:\/\/bulliesteashop.com\/product\/nestle-quality-street-tub-600g\/#primaryimage\",\"url\":\"https:\/\/bulliesteashop.com\/wp-content\/uploads\/2023\/10\/nestle-nestle-quality-street-tub-600g.webp\",\"contentUrl\":\"https:\/\/bulliesteashop.com\/wp-content\/uploads\/2023\/10\/nestle-nestle-quality-street-tub-600g.webp\",\"width\":1042,\"height\":878},{\"@type\":\"BreadcrumbList\",\"@id\":\"https:\/\/bulliesteashop.com\/product\/nestle-quality-street-tub-600g\/#breadcrumb\",\"itemListElement\":[{\"@type\":\"ListItem\",\"position\":1,\"name\":\"Home\",\"item\":\"https:\/\/bulliesteashop.com\/\"},{\"@type\":\"ListItem\",\"position\":2,\"name\":\"Shop\",\"item\":\"https:\/\/bulliesteashop.com\/shop\/\"},{\"@type\":\"ListItem\",\"position\":3,\"name\":\"Nestl\u00e9 Quality Street Tub 550g\"}]},{\"@type\":\"WebSite\",\"@id\":\"https:\/\/bulliesteashop.com\/#website\",\"url\":\"https:\/\/bulliesteashop.com\/\",\"name\":\"Bullies Tea Shop\",\"description\":\"Online shop for your favourite British and English food and drink products\",\"publisher\":{\"@id\":\"https:\/\/bulliesteashop.com\/#organization\"},\"potentialAction\":[{\"@type\":\"SearchAction\",\"target\":{\"@type\":\"EntryPoint\",\"urlTemplate\":\"https:\/\/bulliesteashop.com\/?s={search_term_string}\"},\"query-input\":{\"@type\":\"PropertyValueSpecification\",\"valueRequired\":true,\"valueName\":\"search_term_string\"}}],\"inLanguage\":\"de\"},{\"@type\":\"Organization\",\"@id\":\"https:\/\/bulliesteashop.com\/#organization\",\"name\":\"Bullies Tea Shop\",\"url\":\"https:\/\/bulliesteashop.com\/\",\"logo\":{\"@type\":\"ImageObject\",\"inLanguage\":\"de\",\"@id\":\"https:\/\/bulliesteashop.com\/#\/schema\/logo\/image\/\",\"url\":\"https:\/\/bulliesteashop.com\/wp-content\/uploads\/2023\/07\/bulliesteashop-2.png\",\"contentUrl\":\"https:\/\/bulliesteashop.com\/wp-content\/uploads\/2023\/07\/bulliesteashop-2.png\",\"width\":351,\"height\":337,\"caption\":\"Bullies Tea Shop\"},\"image\":{\"@id\":\"https:\/\/bulliesteashop.com\/#\/schema\/logo\/image\/\"},\"sameAs\":[\"https:\/\/www.facebook.com\/iengelswienkeltje2\/\"]}]}<\/script>\n<!-- \/ Yoast SEO plugin. -->","yoast_head_json":{"title":"Nestl\u00e9 Quality Street Tub 550g - Bullies Tea Shop","description":"Nestl\u00e9 Quality Street Christmas Tub 600 gram filled with your classic favourite chocolate and caramel bonbons. A great gift for Christmas.","robots":{"index":"index","follow":"follow","max-snippet":"max-snippet:-1","max-image-preview":"max-image-preview:large","max-video-preview":"max-video-preview:-1"},"canonical":"https:\/\/bulliesteashop.com\/de\/produkt\/nestle-quality-street-tub-600g\/","og_locale":"de_DE","og_type":"article","og_title":"Nestl\u00e9 Quality Street Tub 550g - Bullies Tea Shop","og_description":"Nestl\u00e9 Quality Street Christmas Tub 600 gram filled with your classic favourite chocolate and caramel bonbons. A great gift for Christmas.","og_url":"https:\/\/bulliesteashop.com\/de\/produkt\/nestle-quality-street-tub-600g\/","og_site_name":"Bullies Tea Shop","article_publisher":"https:\/\/www.facebook.com\/iengelswienkeltje2\/","article_modified_time":"2026-01-25T12:28:10+00:00","og_image":[{"width":1042,"height":878,"url":"https:\/\/bulliesteashop.com\/wp-content\/uploads\/2023\/10\/nestle-nestle-quality-street-tub-600g.webp","type":"image\/webp"}],"twitter_card":"summary_large_image","twitter_misc":{"Gesch\u00e4tzte Lesezeit":"1\u00a0Minute"},"schema":{"@context":"https:\/\/schema.org","@graph":[{"@type":"WebPage","@id":"https:\/\/bulliesteashop.com\/product\/nestle-quality-street-tub-600g\/","url":"https:\/\/bulliesteashop.com\/product\/nestle-quality-street-tub-600g\/","name":"Nestl\u00e9 Quality Street Tub 550g - Bullies Tea Shop","isPartOf":{"@id":"https:\/\/bulliesteashop.com\/#website"},"primaryImageOfPage":{"@id":"https:\/\/bulliesteashop.com\/product\/nestle-quality-street-tub-600g\/#primaryimage"},"image":{"@id":"https:\/\/bulliesteashop.com\/product\/nestle-quality-street-tub-600g\/#primaryimage"},"thumbnailUrl":"https:\/\/bulliesteashop.com\/wp-content\/uploads\/2023\/10\/nestle-nestle-quality-street-tub-600g.webp","datePublished":"2023-10-27T13:32:24+00:00","dateModified":"2026-01-25T12:28:10+00:00","description":"Nestl\u00e9 Quality Street Christmas Tub 600 gram filled with your classic favourite chocolate and caramel bonbons. A great gift for Christmas.","breadcrumb":{"@id":"https:\/\/bulliesteashop.com\/product\/nestle-quality-street-tub-600g\/#breadcrumb"},"inLanguage":"de","potentialAction":[{"@type":"ReadAction","target":["https:\/\/bulliesteashop.com\/product\/nestle-quality-street-tub-600g\/"]}]},{"@type":"ImageObject","inLanguage":"de","@id":"https:\/\/bulliesteashop.com\/product\/nestle-quality-street-tub-600g\/#primaryimage","url":"https:\/\/bulliesteashop.com\/wp-content\/uploads\/2023\/10\/nestle-nestle-quality-street-tub-600g.webp","contentUrl":"https:\/\/bulliesteashop.com\/wp-content\/uploads\/2023\/10\/nestle-nestle-quality-street-tub-600g.webp","width":1042,"height":878},{"@type":"BreadcrumbList","@id":"https:\/\/bulliesteashop.com\/product\/nestle-quality-street-tub-600g\/#breadcrumb","itemListElement":[{"@type":"ListItem","position":1,"name":"Home","item":"https:\/\/bulliesteashop.com\/"},{"@type":"ListItem","position":2,"name":"Shop","item":"https:\/\/bulliesteashop.com\/shop\/"},{"@type":"ListItem","position":3,"name":"Nestl\u00e9 Quality Street Tub 550g"}]},{"@type":"WebSite","@id":"https:\/\/bulliesteashop.com\/#website","url":"https:\/\/bulliesteashop.com\/","name":"Bullies Tea Shop","description":"Online shop for your favourite British and English food and drink products","publisher":{"@id":"https:\/\/bulliesteashop.com\/#organization"},"potentialAction":[{"@type":"SearchAction","target":{"@type":"EntryPoint","urlTemplate":"https:\/\/bulliesteashop.com\/?s={search_term_string}"},"query-input":{"@type":"PropertyValueSpecification","valueRequired":true,"valueName":"search_term_string"}}],"inLanguage":"de"},{"@type":"Organization","@id":"https:\/\/bulliesteashop.com\/#organization","name":"Bullies Tea Shop","url":"https:\/\/bulliesteashop.com\/","logo":{"@type":"ImageObject","inLanguage":"de","@id":"https:\/\/bulliesteashop.com\/#\/schema\/logo\/image\/","url":"https:\/\/bulliesteashop.com\/wp-content\/uploads\/2023\/07\/bulliesteashop-2.png","contentUrl":"https:\/\/bulliesteashop.com\/wp-content\/uploads\/2023\/07\/bulliesteashop-2.png","width":351,"height":337,"caption":"Bullies Tea Shop"},"image":{"@id":"https:\/\/bulliesteashop.com\/#\/schema\/logo\/image\/"},"sameAs":["https:\/\/www.facebook.com\/iengelswienkeltje2\/"]}]}},"_links":{"self":[{"href":"https:\/\/bulliesteashop.com\/de\/wp-json\/wp\/v2\/product\/17317"}],"collection":[{"href":"https:\/\/bulliesteashop.com\/de\/wp-json\/wp\/v2\/product"}],"about":[{"href":"https:\/\/bulliesteashop.com\/de\/wp-json\/wp\/v2\/types\/product"}],"replies":[{"embeddable":true,"href":"https:\/\/bulliesteashop.com\/de\/wp-json\/wp\/v2\/comments?post=17317"}],"wp:featuredmedia":[{"embeddable":true,"href":"https:\/\/bulliesteashop.com\/de\/wp-json\/wp\/v2\/media\/17318"}],"wp:attachment":[{"href":"https:\/\/bulliesteashop.com\/de\/wp-json\/wp\/v2\/media?parent=17317"}],"wp:term":[{"taxonomy":"product_brand","embeddable":true,"href":"https:\/\/bulliesteashop.com\/de\/wp-json\/wp\/v2\/product_brand?post=17317"},{"taxonomy":"product_cat","embeddable":true,"href":"https:\/\/bulliesteashop.com\/de\/wp-json\/wp\/v2\/product_cat?post=17317"},{"taxonomy":"product_tag","embeddable":true,"href":"https:\/\/bulliesteashop.com\/de\/wp-json\/wp\/v2\/product_tag?post=17317"}],"curies":[{"name":"wp","href":"https:\/\/api.w.org\/{rel}","templated":true}]}}