{"id":16245,"date":"2023-07-28T11:02:54","date_gmt":"2023-07-28T10:02:54","guid":{"rendered":"https:\/\/bulliesteashop.com\/product\/green-fig-2\/"},"modified":"2025-10-30T09:47:54","modified_gmt":"2025-10-30T09:47:54","slug":"green-fig","status":"publish","type":"product","link":"https:\/\/bulliesteashop.com\/de\/produkt\/green-fig\/","title":{"rendered":"Tiptree Green Fig"},"content":{"rendered":"<h1>About Tiptree Green Fig<\/h1>\n<p>Entdecken Sie Tiptree Green Fig, die perfekte Erg\u00e4nzung zu Ihrer Snack-Routine. Hergestellt aus saftigen gr\u00fcnen Feigen, die in ihrem reifsten Zustand handgepfl\u00fcckt und voller nat\u00fcrlicher S\u00fc\u00dfe sind, ist dieser k\u00f6stliche Aufstrich ein Genuss f\u00fcr alle Altersgruppen. Genie\u00dfen Sie ihn auf Crackern, Brot oder als Dip f\u00fcr frisches Obst und Gem\u00fcse. Diese Konserve ist die perfekte Wahl f\u00fcr alle, die auf ihre Gesundheit achten. Sie ist auch glutenfrei und vegan, was sie f\u00fcr jeden geeignet macht. Verbreiten Sie Freude mit einem L\u00f6ffel Tiptree Green Fig noch heute!<\/p>\n<p>Erleben Sie die Vielseitigkeit von Tiptree Green Fig in Ihrer t\u00e4glichen K\u00fcche und beim Backen. Dieser k\u00f6stliche Aufstrich ist nicht nur auf Snacks beschr\u00e4nkt! Verwenden Sie ihn als Alternative zu Marmelade oder Konfit\u00fcre auf dem Fr\u00fchst\u00fcckstoast, f\u00fcgen Sie eine s\u00fc\u00dfe Note zu herzhaften Gerichten wie Schweinekoteletts oder ger\u00f6stetem Gem\u00fcse hinzu, oder nutzen Sie ihn als Glasur f\u00fcr gegrilltes Fleisch und K\u00e4se. Seine subtile S\u00fc\u00dfe verbessert die Aromen Ihrer Lieblingsrezepte, ohne sie zu \u00fcberdecken. Au\u00dferdem ist diese Marmelade reich an N\u00e4hrstoffen, die Ihrer Gesundheit zugutekommen, und macht jeden Bissen zu einem Genuss ohne schlechtes Gewissen. Warum sich mit irgendeinem Aufstrich zufriedengeben, wenn Sie sich an der s\u00fc\u00dfen und w\u00fcrzigen K\u00f6stlichkeit erfreuen k\u00f6nnen?<\/p>\n<h2>N\u00e4hrwerte<\/h2>\n<p>Pro 100g: 1153 kJ\/274 kCal, Fett 0g, davon ges\u00e4ttigte Fetts\u00e4uren 0g, Kohlenhydrate 66g, davon Zucker 66g, Eiwei\u00df 0,6g, Salz 0g, Natrium 0,01g<\/p>\n<h2>Zutaten<\/h2>\n<p>Zucker, Feigen, S\u00e4ureregulator: Zitronens\u00e4ure<\/p>","protected":false},"excerpt":{"rendered":"<p>Verw\u00f6hnen Sie Ihre Geschmacksknospen mit Tiptree Green Fig, einem k\u00f6stlichen Aufstrich, der genauso lecker wie gesund ist. Hergestellt aus saftigen gr\u00fcnen Feigen, die in ihrem reifsten Zustand gepfl\u00fcckt werden, ist diese s\u00fc\u00dfe und w\u00fcrzige Leckerei voll nat\u00fcrlicher G\u00fcte. Ohne Zuckerzusatz oder k\u00fcnstliche Konservierungsstoffe k\u00f6nnen Sie Tiptree Green Fig ohne schlechtes Gewissen genie\u00dfen. Es ist auch glutenfrei und vegan, was es zu einer perfekten Wahl f\u00fcr die ganze Familie macht. Ob Sie es auf Toast streichen, als Dip f\u00fcr frisches Obst und Gem\u00fcse verwenden oder in Ihre Koch- und Backrezepte einarbeiten, Tiptree Green Fig wird sicher zu einem festen Bestandteil Ihrer Speisekammer. Warum probieren Sie diesen k\u00f6stlichen Aufstrich nicht noch heute aus? Ihre Geschmacksknospen werden es Ihnen danken!<\/p>","protected":false},"featured_media":15759,"comment_status":"closed","ping_status":"closed","template":"","meta":[],"product_brand":[],"product_cat":[18],"product_tag":[21,83,23,81,82],"class_list":{"0":"post-16245","1":"product","2":"type-product","3":"status-publish","4":"has-post-thumbnail","6":"product_cat-jam","7":"product_tag-coeliacs","8":"product_tag-dairy-free","9":"product_tag-kosher","10":"product_tag-vegan","11":"product_tag-vegetarian","12":"pa_ean-127","13":"pa_upc-128","15":"first","16":"instock","17":"purchasable","18":"product-type-simple"},"yoast_head":"<!-- This site is optimized with the Yoast SEO plugin v23.4 - https:\/\/yoast.com\/wordpress\/plugins\/seo\/ -->\n<title>Tiptree Green Fig - Bullies Tea Shop<\/title>\n<meta name=\"description\" content=\"Experience the sweet and tangy goodness of Tiptree Green Fig. Handpicked at their ripest, these figs are packed with natural flavor.\" \/>\n<meta name=\"robots\" content=\"index, follow, max-snippet:-1, max-image-preview:large, max-video-preview:-1\" \/>\n<link rel=\"canonical\" href=\"https:\/\/bulliesteashop.com\/de\/produkt\/green-fig\/\" \/>\n<meta property=\"og:locale\" content=\"de_DE\" \/>\n<meta property=\"og:type\" content=\"article\" \/>\n<meta property=\"og:title\" content=\"Tiptree Green Fig - Bullies Tea Shop\" \/>\n<meta property=\"og:description\" content=\"Experience the sweet and tangy goodness of Tiptree Green Fig. Handpicked at their ripest, these figs are packed with natural flavor.\" \/>\n<meta property=\"og:url\" content=\"https:\/\/bulliesteashop.com\/de\/produkt\/green-fig\/\" \/>\n<meta property=\"og:site_name\" content=\"Bullies Tea Shop\" \/>\n<meta property=\"article:publisher\" content=\"https:\/\/www.facebook.com\/iengelswienkeltje2\/\" \/>\n<meta property=\"article:modified_time\" content=\"2025-10-30T09:47:54+00:00\" \/>\n<meta property=\"og:image\" content=\"https:\/\/bulliesteashop.com\/wp-content\/uploads\/2023\/07\/groene-vijg-340g.jpg\" \/>\n\t<meta property=\"og:image:width\" content=\"800\" \/>\n\t<meta property=\"og:image:height\" content=\"800\" \/>\n\t<meta property=\"og:image:type\" content=\"image\/jpeg\" \/>\n<meta name=\"twitter:card\" content=\"summary_large_image\" \/>\n<meta name=\"twitter:label1\" content=\"Gesch\u00e4tzte Lesezeit\" \/>\n\t<meta name=\"twitter:data1\" content=\"2\u00a0Minuten\" \/>\n<script type=\"application\/ld+json\" class=\"yoast-schema-graph\">{\"@context\":\"https:\/\/schema.org\",\"@graph\":[{\"@type\":\"WebPage\",\"@id\":\"https:\/\/bulliesteashop.com\/product\/green-fig\/\",\"url\":\"https:\/\/bulliesteashop.com\/product\/green-fig\/\",\"name\":\"Tiptree Green Fig - Bullies Tea Shop\",\"isPartOf\":{\"@id\":\"https:\/\/bulliesteashop.com\/#website\"},\"primaryImageOfPage\":{\"@id\":\"https:\/\/bulliesteashop.com\/product\/green-fig\/#primaryimage\"},\"image\":{\"@id\":\"https:\/\/bulliesteashop.com\/product\/green-fig\/#primaryimage\"},\"thumbnailUrl\":\"https:\/\/bulliesteashop.com\/wp-content\/uploads\/2023\/07\/groene-vijg-340g.jpg\",\"datePublished\":\"2023-07-28T10:02:54+00:00\",\"dateModified\":\"2025-10-30T09:47:54+00:00\",\"description\":\"Experience the sweet and tangy goodness of Tiptree Green Fig. Handpicked at their ripest, these figs are packed with natural flavor.\",\"breadcrumb\":{\"@id\":\"https:\/\/bulliesteashop.com\/product\/green-fig\/#breadcrumb\"},\"inLanguage\":\"de\",\"potentialAction\":[{\"@type\":\"ReadAction\",\"target\":[\"https:\/\/bulliesteashop.com\/product\/green-fig\/\"]}]},{\"@type\":\"ImageObject\",\"inLanguage\":\"de\",\"@id\":\"https:\/\/bulliesteashop.com\/product\/green-fig\/#primaryimage\",\"url\":\"https:\/\/bulliesteashop.com\/wp-content\/uploads\/2023\/07\/groene-vijg-340g.jpg\",\"contentUrl\":\"https:\/\/bulliesteashop.com\/wp-content\/uploads\/2023\/07\/groene-vijg-340g.jpg\",\"width\":800,\"height\":800,\"caption\":\"Jar of Tiptree Green Fig\"},{\"@type\":\"BreadcrumbList\",\"@id\":\"https:\/\/bulliesteashop.com\/product\/green-fig\/#breadcrumb\",\"itemListElement\":[{\"@type\":\"ListItem\",\"position\":1,\"name\":\"Home\",\"item\":\"https:\/\/bulliesteashop.com\/\"},{\"@type\":\"ListItem\",\"position\":2,\"name\":\"Shop\",\"item\":\"https:\/\/bulliesteashop.com\/shop\/\"},{\"@type\":\"ListItem\",\"position\":3,\"name\":\"Tiptree Green Fig\"}]},{\"@type\":\"WebSite\",\"@id\":\"https:\/\/bulliesteashop.com\/#website\",\"url\":\"https:\/\/bulliesteashop.com\/\",\"name\":\"Bullies Tea Shop\",\"description\":\"Online shop for your favourite British and English food and drink products\",\"publisher\":{\"@id\":\"https:\/\/bulliesteashop.com\/#organization\"},\"potentialAction\":[{\"@type\":\"SearchAction\",\"target\":{\"@type\":\"EntryPoint\",\"urlTemplate\":\"https:\/\/bulliesteashop.com\/?s={search_term_string}\"},\"query-input\":{\"@type\":\"PropertyValueSpecification\",\"valueRequired\":true,\"valueName\":\"search_term_string\"}}],\"inLanguage\":\"de\"},{\"@type\":\"Organization\",\"@id\":\"https:\/\/bulliesteashop.com\/#organization\",\"name\":\"Bullies Tea Shop\",\"url\":\"https:\/\/bulliesteashop.com\/\",\"logo\":{\"@type\":\"ImageObject\",\"inLanguage\":\"de\",\"@id\":\"https:\/\/bulliesteashop.com\/#\/schema\/logo\/image\/\",\"url\":\"https:\/\/bulliesteashop.com\/wp-content\/uploads\/2023\/07\/bulliesteashop-2.png\",\"contentUrl\":\"https:\/\/bulliesteashop.com\/wp-content\/uploads\/2023\/07\/bulliesteashop-2.png\",\"width\":351,\"height\":337,\"caption\":\"Bullies Tea Shop\"},\"image\":{\"@id\":\"https:\/\/bulliesteashop.com\/#\/schema\/logo\/image\/\"},\"sameAs\":[\"https:\/\/www.facebook.com\/iengelswienkeltje2\/\"]}]}<\/script>\n<!-- \/ Yoast SEO plugin. -->","yoast_head_json":{"title":"Tiptree Green Fig - Bullies Tea Shop","description":"Experience the sweet and tangy goodness of Tiptree Green Fig. Handpicked at their ripest, these figs are packed with natural flavor.","robots":{"index":"index","follow":"follow","max-snippet":"max-snippet:-1","max-image-preview":"max-image-preview:large","max-video-preview":"max-video-preview:-1"},"canonical":"https:\/\/bulliesteashop.com\/de\/produkt\/green-fig\/","og_locale":"de_DE","og_type":"article","og_title":"Tiptree Green Fig - Bullies Tea Shop","og_description":"Experience the sweet and tangy goodness of Tiptree Green Fig. Handpicked at their ripest, these figs are packed with natural flavor.","og_url":"https:\/\/bulliesteashop.com\/de\/produkt\/green-fig\/","og_site_name":"Bullies Tea Shop","article_publisher":"https:\/\/www.facebook.com\/iengelswienkeltje2\/","article_modified_time":"2025-10-30T09:47:54+00:00","og_image":[{"width":800,"height":800,"url":"https:\/\/bulliesteashop.com\/wp-content\/uploads\/2023\/07\/groene-vijg-340g.jpg","type":"image\/jpeg"}],"twitter_card":"summary_large_image","twitter_misc":{"Gesch\u00e4tzte Lesezeit":"2\u00a0Minuten"},"schema":{"@context":"https:\/\/schema.org","@graph":[{"@type":"WebPage","@id":"https:\/\/bulliesteashop.com\/product\/green-fig\/","url":"https:\/\/bulliesteashop.com\/product\/green-fig\/","name":"Tiptree Green Fig - Bullies Tea Shop","isPartOf":{"@id":"https:\/\/bulliesteashop.com\/#website"},"primaryImageOfPage":{"@id":"https:\/\/bulliesteashop.com\/product\/green-fig\/#primaryimage"},"image":{"@id":"https:\/\/bulliesteashop.com\/product\/green-fig\/#primaryimage"},"thumbnailUrl":"https:\/\/bulliesteashop.com\/wp-content\/uploads\/2023\/07\/groene-vijg-340g.jpg","datePublished":"2023-07-28T10:02:54+00:00","dateModified":"2025-10-30T09:47:54+00:00","description":"Experience the sweet and tangy goodness of Tiptree Green Fig. Handpicked at their ripest, these figs are packed with natural flavor.","breadcrumb":{"@id":"https:\/\/bulliesteashop.com\/product\/green-fig\/#breadcrumb"},"inLanguage":"de","potentialAction":[{"@type":"ReadAction","target":["https:\/\/bulliesteashop.com\/product\/green-fig\/"]}]},{"@type":"ImageObject","inLanguage":"de","@id":"https:\/\/bulliesteashop.com\/product\/green-fig\/#primaryimage","url":"https:\/\/bulliesteashop.com\/wp-content\/uploads\/2023\/07\/groene-vijg-340g.jpg","contentUrl":"https:\/\/bulliesteashop.com\/wp-content\/uploads\/2023\/07\/groene-vijg-340g.jpg","width":800,"height":800,"caption":"Jar of Tiptree Green Fig"},{"@type":"BreadcrumbList","@id":"https:\/\/bulliesteashop.com\/product\/green-fig\/#breadcrumb","itemListElement":[{"@type":"ListItem","position":1,"name":"Home","item":"https:\/\/bulliesteashop.com\/"},{"@type":"ListItem","position":2,"name":"Shop","item":"https:\/\/bulliesteashop.com\/shop\/"},{"@type":"ListItem","position":3,"name":"Tiptree Green Fig"}]},{"@type":"WebSite","@id":"https:\/\/bulliesteashop.com\/#website","url":"https:\/\/bulliesteashop.com\/","name":"Bullies Tea Shop","description":"Online shop for your favourite British and English food and drink products","publisher":{"@id":"https:\/\/bulliesteashop.com\/#organization"},"potentialAction":[{"@type":"SearchAction","target":{"@type":"EntryPoint","urlTemplate":"https:\/\/bulliesteashop.com\/?s={search_term_string}"},"query-input":{"@type":"PropertyValueSpecification","valueRequired":true,"valueName":"search_term_string"}}],"inLanguage":"de"},{"@type":"Organization","@id":"https:\/\/bulliesteashop.com\/#organization","name":"Bullies Tea Shop","url":"https:\/\/bulliesteashop.com\/","logo":{"@type":"ImageObject","inLanguage":"de","@id":"https:\/\/bulliesteashop.com\/#\/schema\/logo\/image\/","url":"https:\/\/bulliesteashop.com\/wp-content\/uploads\/2023\/07\/bulliesteashop-2.png","contentUrl":"https:\/\/bulliesteashop.com\/wp-content\/uploads\/2023\/07\/bulliesteashop-2.png","width":351,"height":337,"caption":"Bullies Tea Shop"},"image":{"@id":"https:\/\/bulliesteashop.com\/#\/schema\/logo\/image\/"},"sameAs":["https:\/\/www.facebook.com\/iengelswienkeltje2\/"]}]}},"_links":{"self":[{"href":"https:\/\/bulliesteashop.com\/de\/wp-json\/wp\/v2\/product\/16245"}],"collection":[{"href":"https:\/\/bulliesteashop.com\/de\/wp-json\/wp\/v2\/product"}],"about":[{"href":"https:\/\/bulliesteashop.com\/de\/wp-json\/wp\/v2\/types\/product"}],"replies":[{"embeddable":true,"href":"https:\/\/bulliesteashop.com\/de\/wp-json\/wp\/v2\/comments?post=16245"}],"wp:featuredmedia":[{"embeddable":true,"href":"https:\/\/bulliesteashop.com\/de\/wp-json\/wp\/v2\/media\/15759"}],"wp:attachment":[{"href":"https:\/\/bulliesteashop.com\/de\/wp-json\/wp\/v2\/media?parent=16245"}],"wp:term":[{"taxonomy":"product_brand","embeddable":true,"href":"https:\/\/bulliesteashop.com\/de\/wp-json\/wp\/v2\/product_brand?post=16245"},{"taxonomy":"product_cat","embeddable":true,"href":"https:\/\/bulliesteashop.com\/de\/wp-json\/wp\/v2\/product_cat?post=16245"},{"taxonomy":"product_tag","embeddable":true,"href":"https:\/\/bulliesteashop.com\/de\/wp-json\/wp\/v2\/product_tag?post=16245"}],"curies":[{"name":"wp","href":"https:\/\/api.w.org\/{rel}","templated":true}]}}