{"id":16213,"date":"2023-07-28T11:00:29","date_gmt":"2023-07-28T10:00:29","guid":{"rendered":"https:\/\/bulliesteashop.com\/product\/victoria-plum-2\/"},"modified":"2025-02-04T13:50:01","modified_gmt":"2025-02-04T13:50:01","slug":"victoria-plum","status":"publish","type":"product","link":"https:\/\/bulliesteashop.com\/de\/produkt\/victoria-plum\/","title":{"rendered":"Tiptree Victoria Plum"},"content":{"rendered":"<h1>About Tiptree Victoria Plum<\/h1>\n<p>Tiptree Victoria Plum Conserve ist ein echter britischer Klassiker, hergestellt aus Victoria-Pflaumen, die auf der Tiptree-Farm angebaut werden. Jede Pflaume wird sorgf\u00e4ltig von Hand sortiert und entsteint, um die h\u00f6chste Qualit\u00e4t zu gew\u00e4hrleisten. Diese Pflaumen werden dann gekocht, um eine Konfit\u00fcre mit einer charakteristischen tiefrot-braunen Farbe zu erzeugen. Das Ergebnis ist eine vollmundige Marmelade, die das Wesen reifer, saftiger Pflaumen einf\u00e4ngt. Mit ihrem k\u00f6stlich s\u00fc\u00dfen Geschmack bringt diese Konfit\u00fcre einen Hauch von Luxus in jede Mahlzeit. Tiptree's Engagement f\u00fcr traditionelle Methoden und hochwertige Zutaten ist in jedem Glas offensichtlich.<\/p>\n<p>Perfekt zum Streichen auf Toast, Scones oder Crumpets, verleiht Tiptree Victoria Plum Conserve Ihrem Fr\u00fchst\u00fcck oder Nachmittagstee einen reichen, fruchtigen Geschmack. Die dicke, \u00fcppige Textur macht sie auch ideal als F\u00fcllung in Kuchen und Geb\u00e4ck. Die nat\u00fcrliche S\u00fc\u00dfe der Victoria-Pflaumen kommt deutlich zur Geltung, was jeden Bissen zu einem k\u00f6stlichen Erlebnis macht. Tiptree's Engagement f\u00fcr Handwerkskunst stellt sicher, dass diese Konfit\u00fcre den authentischen Geschmack der Pflaumen bewahrt, frei von k\u00fcnstlichen Farb- und Aromastoffen sowie Konservierungsmitteln. Genie\u00dfen Sie den luxuri\u00f6sen Geschmack und bereichern Sie Ihre kulinarischen Kreationen mit dieser exquisiten Konfit\u00fcre.<\/p>\n<h2>N\u00e4hrwerte<\/h2>\n<p>Pro 100g: 1139 kJ\/269 kCal, Fett 0g, davon ges\u00e4ttigte Fetts\u00e4uren 0g, Kohlenhydrate 66g, davon Zucker 66g, Eiwei\u00df 0g, Salz 0,04g, Natrium 0,01g<\/p>\n<h2>Zutaten<\/h2>\n<p>Zucker, Victoria-Pflaumen, Geliermittel: Zitruspektin, S\u00e4ureregulator: Natriumcitrat<\/p>","protected":false},"excerpt":{"rendered":"<div class=\"flex flex-grow flex-col max-w-full\">\n<div class=\"min-h-[20px] text-message flex flex-col items-start whitespace-pre-wrap break-words [.text-message+&amp;]:mt-5 juice:w-full juice:items-end overflow-x-auto gap-2\" dir=\"auto\" data-message-author-role=\"assistant\" data-message-id=\"7bdaec51-b58e-460c-a4c1-88c67ddd58cf\">\n<div class=\"flex w-full flex-col gap-1 juice:empty:hidden juice:first:pt-[3px]\">\n<div class=\"markdown prose w-full break-words dark:prose-invert light\">\n<p>Tiptree Victoria Plum Conserve ist ein britischer Klassiker, hergestellt aus handverlesenen Victoria-Pflaumen von der Tiptree-Farm. Diese tiefrot-braune Konfit\u00fcre bietet einen reichen, s\u00fc\u00dfen Geschmack und eine volle Textur, perfekt zum Streichen auf Toast, Scones oder als F\u00fcllung in Kuchen und Geb\u00e4ck. Genie\u00dfen Sie den authentischen Geschmack reifer, saftiger Pflaumen in jedem Glas, frei von k\u00fcnstlichen Farb- und Aromastoffen sowie Konservierungsmitteln.<\/p>\n<\/div>\n<\/div>\n<\/div>\n<\/div>","protected":false},"featured_media":15711,"comment_status":"closed","ping_status":"closed","template":"","meta":[],"product_brand":[],"product_cat":[18],"product_tag":[21,83,23,81,82],"class_list":{"0":"post-16213","1":"product","2":"type-product","3":"status-publish","4":"has-post-thumbnail","6":"product_cat-jam","7":"product_tag-coeliacs","8":"product_tag-dairy-free","9":"product_tag-kosher","10":"product_tag-vegan","11":"product_tag-vegetarian","12":"pa_upc-105","14":"first","15":"instock","16":"purchasable","17":"product-type-simple"},"yoast_head":"<!-- This site is optimized with the Yoast SEO plugin v23.4 - https:\/\/yoast.com\/wordpress\/plugins\/seo\/ -->\n<title>Tiptree Victoria Plum - Bullies Tea Shop<\/title>\n<meta name=\"description\" content=\"Tiptree Victoria Plum Conserve is a British classic made with hand-sorted Victoria plums. This deep red-brown preserve offers a rich, sweet flavor.\" \/>\n<meta name=\"robots\" content=\"index, follow, max-snippet:-1, max-image-preview:large, max-video-preview:-1\" \/>\n<link rel=\"canonical\" href=\"https:\/\/bulliesteashop.com\/de\/produkt\/victoria-plum\/\" \/>\n<meta property=\"og:locale\" content=\"de_DE\" \/>\n<meta property=\"og:type\" content=\"article\" \/>\n<meta property=\"og:title\" content=\"Tiptree Victoria Plum - Bullies Tea Shop\" \/>\n<meta property=\"og:description\" content=\"Tiptree Victoria Plum Conserve is a British classic made with hand-sorted Victoria plums. This deep red-brown preserve offers a rich, sweet flavor.\" \/>\n<meta property=\"og:url\" content=\"https:\/\/bulliesteashop.com\/de\/produkt\/victoria-plum\/\" \/>\n<meta property=\"og:site_name\" content=\"Bullies Tea Shop\" \/>\n<meta property=\"article:publisher\" content=\"https:\/\/www.facebook.com\/iengelswienkeltje2\/\" \/>\n<meta property=\"article:modified_time\" content=\"2025-02-04T13:50:01+00:00\" \/>\n<meta property=\"og:image\" content=\"https:\/\/bulliesteashop.com\/wp-content\/uploads\/2023\/07\/victoria-plum-340g.jpg\" \/>\n\t<meta property=\"og:image:width\" content=\"800\" \/>\n\t<meta property=\"og:image:height\" content=\"800\" \/>\n\t<meta property=\"og:image:type\" content=\"image\/jpeg\" \/>\n<meta name=\"twitter:card\" content=\"summary_large_image\" \/>\n<meta name=\"twitter:label1\" content=\"Gesch\u00e4tzte Lesezeit\" \/>\n\t<meta name=\"twitter:data1\" content=\"2\u00a0Minuten\" \/>\n<script type=\"application\/ld+json\" class=\"yoast-schema-graph\">{\"@context\":\"https:\/\/schema.org\",\"@graph\":[{\"@type\":\"WebPage\",\"@id\":\"https:\/\/bulliesteashop.com\/product\/victoria-plum\/\",\"url\":\"https:\/\/bulliesteashop.com\/product\/victoria-plum\/\",\"name\":\"Tiptree Victoria Plum - Bullies Tea Shop\",\"isPartOf\":{\"@id\":\"https:\/\/bulliesteashop.com\/#website\"},\"primaryImageOfPage\":{\"@id\":\"https:\/\/bulliesteashop.com\/product\/victoria-plum\/#primaryimage\"},\"image\":{\"@id\":\"https:\/\/bulliesteashop.com\/product\/victoria-plum\/#primaryimage\"},\"thumbnailUrl\":\"https:\/\/bulliesteashop.com\/wp-content\/uploads\/2023\/07\/victoria-plum-340g.jpg\",\"datePublished\":\"2023-07-28T10:00:29+00:00\",\"dateModified\":\"2025-02-04T13:50:01+00:00\",\"description\":\"Tiptree Victoria Plum Conserve is a British classic made with hand-sorted Victoria plums. This deep red-brown preserve offers a rich, sweet flavor.\",\"breadcrumb\":{\"@id\":\"https:\/\/bulliesteashop.com\/product\/victoria-plum\/#breadcrumb\"},\"inLanguage\":\"de\",\"potentialAction\":[{\"@type\":\"ReadAction\",\"target\":[\"https:\/\/bulliesteashop.com\/product\/victoria-plum\/\"]}]},{\"@type\":\"ImageObject\",\"inLanguage\":\"de\",\"@id\":\"https:\/\/bulliesteashop.com\/product\/victoria-plum\/#primaryimage\",\"url\":\"https:\/\/bulliesteashop.com\/wp-content\/uploads\/2023\/07\/victoria-plum-340g.jpg\",\"contentUrl\":\"https:\/\/bulliesteashop.com\/wp-content\/uploads\/2023\/07\/victoria-plum-340g.jpg\",\"width\":800,\"height\":800},{\"@type\":\"BreadcrumbList\",\"@id\":\"https:\/\/bulliesteashop.com\/product\/victoria-plum\/#breadcrumb\",\"itemListElement\":[{\"@type\":\"ListItem\",\"position\":1,\"name\":\"Home\",\"item\":\"https:\/\/bulliesteashop.com\/\"},{\"@type\":\"ListItem\",\"position\":2,\"name\":\"Shop\",\"item\":\"https:\/\/bulliesteashop.com\/shop\/\"},{\"@type\":\"ListItem\",\"position\":3,\"name\":\"Tiptree Victoria Plum\"}]},{\"@type\":\"WebSite\",\"@id\":\"https:\/\/bulliesteashop.com\/#website\",\"url\":\"https:\/\/bulliesteashop.com\/\",\"name\":\"Bullies Tea Shop\",\"description\":\"Online shop for your favourite British and English food and drink products\",\"publisher\":{\"@id\":\"https:\/\/bulliesteashop.com\/#organization\"},\"potentialAction\":[{\"@type\":\"SearchAction\",\"target\":{\"@type\":\"EntryPoint\",\"urlTemplate\":\"https:\/\/bulliesteashop.com\/?s={search_term_string}\"},\"query-input\":{\"@type\":\"PropertyValueSpecification\",\"valueRequired\":true,\"valueName\":\"search_term_string\"}}],\"inLanguage\":\"de\"},{\"@type\":\"Organization\",\"@id\":\"https:\/\/bulliesteashop.com\/#organization\",\"name\":\"Bullies Tea Shop\",\"url\":\"https:\/\/bulliesteashop.com\/\",\"logo\":{\"@type\":\"ImageObject\",\"inLanguage\":\"de\",\"@id\":\"https:\/\/bulliesteashop.com\/#\/schema\/logo\/image\/\",\"url\":\"https:\/\/bulliesteashop.com\/wp-content\/uploads\/2023\/07\/bulliesteashop-2.png\",\"contentUrl\":\"https:\/\/bulliesteashop.com\/wp-content\/uploads\/2023\/07\/bulliesteashop-2.png\",\"width\":351,\"height\":337,\"caption\":\"Bullies Tea Shop\"},\"image\":{\"@id\":\"https:\/\/bulliesteashop.com\/#\/schema\/logo\/image\/\"},\"sameAs\":[\"https:\/\/www.facebook.com\/iengelswienkeltje2\/\"]}]}<\/script>\n<!-- \/ Yoast SEO plugin. -->","yoast_head_json":{"title":"Tiptree Victoria Plum - Bullies Tea Shop","description":"Tiptree Victoria Plum Conserve is a British classic made with hand-sorted Victoria plums. This deep red-brown preserve offers a rich, sweet flavor.","robots":{"index":"index","follow":"follow","max-snippet":"max-snippet:-1","max-image-preview":"max-image-preview:large","max-video-preview":"max-video-preview:-1"},"canonical":"https:\/\/bulliesteashop.com\/de\/produkt\/victoria-plum\/","og_locale":"de_DE","og_type":"article","og_title":"Tiptree Victoria Plum - Bullies Tea Shop","og_description":"Tiptree Victoria Plum Conserve is a British classic made with hand-sorted Victoria plums. This deep red-brown preserve offers a rich, sweet flavor.","og_url":"https:\/\/bulliesteashop.com\/de\/produkt\/victoria-plum\/","og_site_name":"Bullies Tea Shop","article_publisher":"https:\/\/www.facebook.com\/iengelswienkeltje2\/","article_modified_time":"2025-02-04T13:50:01+00:00","og_image":[{"width":800,"height":800,"url":"https:\/\/bulliesteashop.com\/wp-content\/uploads\/2023\/07\/victoria-plum-340g.jpg","type":"image\/jpeg"}],"twitter_card":"summary_large_image","twitter_misc":{"Gesch\u00e4tzte Lesezeit":"2\u00a0Minuten"},"schema":{"@context":"https:\/\/schema.org","@graph":[{"@type":"WebPage","@id":"https:\/\/bulliesteashop.com\/product\/victoria-plum\/","url":"https:\/\/bulliesteashop.com\/product\/victoria-plum\/","name":"Tiptree Victoria Plum - Bullies Tea Shop","isPartOf":{"@id":"https:\/\/bulliesteashop.com\/#website"},"primaryImageOfPage":{"@id":"https:\/\/bulliesteashop.com\/product\/victoria-plum\/#primaryimage"},"image":{"@id":"https:\/\/bulliesteashop.com\/product\/victoria-plum\/#primaryimage"},"thumbnailUrl":"https:\/\/bulliesteashop.com\/wp-content\/uploads\/2023\/07\/victoria-plum-340g.jpg","datePublished":"2023-07-28T10:00:29+00:00","dateModified":"2025-02-04T13:50:01+00:00","description":"Tiptree Victoria Plum Conserve is a British classic made with hand-sorted Victoria plums. This deep red-brown preserve offers a rich, sweet flavor.","breadcrumb":{"@id":"https:\/\/bulliesteashop.com\/product\/victoria-plum\/#breadcrumb"},"inLanguage":"de","potentialAction":[{"@type":"ReadAction","target":["https:\/\/bulliesteashop.com\/product\/victoria-plum\/"]}]},{"@type":"ImageObject","inLanguage":"de","@id":"https:\/\/bulliesteashop.com\/product\/victoria-plum\/#primaryimage","url":"https:\/\/bulliesteashop.com\/wp-content\/uploads\/2023\/07\/victoria-plum-340g.jpg","contentUrl":"https:\/\/bulliesteashop.com\/wp-content\/uploads\/2023\/07\/victoria-plum-340g.jpg","width":800,"height":800},{"@type":"BreadcrumbList","@id":"https:\/\/bulliesteashop.com\/product\/victoria-plum\/#breadcrumb","itemListElement":[{"@type":"ListItem","position":1,"name":"Home","item":"https:\/\/bulliesteashop.com\/"},{"@type":"ListItem","position":2,"name":"Shop","item":"https:\/\/bulliesteashop.com\/shop\/"},{"@type":"ListItem","position":3,"name":"Tiptree Victoria Plum"}]},{"@type":"WebSite","@id":"https:\/\/bulliesteashop.com\/#website","url":"https:\/\/bulliesteashop.com\/","name":"Bullies Tea Shop","description":"Online shop for your favourite British and English food and drink products","publisher":{"@id":"https:\/\/bulliesteashop.com\/#organization"},"potentialAction":[{"@type":"SearchAction","target":{"@type":"EntryPoint","urlTemplate":"https:\/\/bulliesteashop.com\/?s={search_term_string}"},"query-input":{"@type":"PropertyValueSpecification","valueRequired":true,"valueName":"search_term_string"}}],"inLanguage":"de"},{"@type":"Organization","@id":"https:\/\/bulliesteashop.com\/#organization","name":"Bullies Tea Shop","url":"https:\/\/bulliesteashop.com\/","logo":{"@type":"ImageObject","inLanguage":"de","@id":"https:\/\/bulliesteashop.com\/#\/schema\/logo\/image\/","url":"https:\/\/bulliesteashop.com\/wp-content\/uploads\/2023\/07\/bulliesteashop-2.png","contentUrl":"https:\/\/bulliesteashop.com\/wp-content\/uploads\/2023\/07\/bulliesteashop-2.png","width":351,"height":337,"caption":"Bullies Tea Shop"},"image":{"@id":"https:\/\/bulliesteashop.com\/#\/schema\/logo\/image\/"},"sameAs":["https:\/\/www.facebook.com\/iengelswienkeltje2\/"]}]}},"_links":{"self":[{"href":"https:\/\/bulliesteashop.com\/de\/wp-json\/wp\/v2\/product\/16213"}],"collection":[{"href":"https:\/\/bulliesteashop.com\/de\/wp-json\/wp\/v2\/product"}],"about":[{"href":"https:\/\/bulliesteashop.com\/de\/wp-json\/wp\/v2\/types\/product"}],"replies":[{"embeddable":true,"href":"https:\/\/bulliesteashop.com\/de\/wp-json\/wp\/v2\/comments?post=16213"}],"wp:featuredmedia":[{"embeddable":true,"href":"https:\/\/bulliesteashop.com\/de\/wp-json\/wp\/v2\/media\/15711"}],"wp:attachment":[{"href":"https:\/\/bulliesteashop.com\/de\/wp-json\/wp\/v2\/media?parent=16213"}],"wp:term":[{"taxonomy":"product_brand","embeddable":true,"href":"https:\/\/bulliesteashop.com\/de\/wp-json\/wp\/v2\/product_brand?post=16213"},{"taxonomy":"product_cat","embeddable":true,"href":"https:\/\/bulliesteashop.com\/de\/wp-json\/wp\/v2\/product_cat?post=16213"},{"taxonomy":"product_tag","embeddable":true,"href":"https:\/\/bulliesteashop.com\/de\/wp-json\/wp\/v2\/product_tag?post=16213"}],"curies":[{"name":"wp","href":"https:\/\/api.w.org\/{rel}","templated":true}]}}