{"id":16209,"date":"2023-07-28T10:59:50","date_gmt":"2023-07-28T09:59:50","guid":{"rendered":"https:\/\/bulliesteashop.com\/product\/tiptree-lemon-curd-312g-2\/"},"modified":"2026-03-24T22:32:15","modified_gmt":"2026-03-24T22:32:15","slug":"tiptree-lemon-curd-312g-2","status":"publish","type":"product","link":"https:\/\/bulliesteashop.com\/de\/produkt\/tiptree-lemon-curd-312g-2\/","title":{"rendered":"Tiptree Lemon Curd 312g"},"content":{"rendered":"<h1>About Tiptree Lemon Curd<\/h1>\n<p>Tiptree Zitronen-Konserviert wartet mit seinem scharfen Geschmack. Hergestellt aus Eiern, Butter und sizilianischen Zitronen, ist es reich an Geschichte und Tradition. Dieses einzigartige Konserve kombiniert kr\u00e4ftig-zitrone-Zesten mit glatter Textur, perfekt f\u00fcr Verzehr auf Toast oder als Topping. Mit seinem tiefen Geschmackprofil werden Sie hypnotisiert nach nur einem Probieren \u2013 der Geruch allein ist genug, um Sie in die sonnigen H\u00fcgel Siziliens zu transportieren.<\/p>\n<p>Probieren Sie Tiptree Zitronen-Konserviert auf Toast, Joghurt oder als Topping f\u00fcr Scones. Erh\u00f6hen Sie Ihr Fr\u00fchst\u00fcck oder f\u00fcgen Sie eine elegante Note hinzu zum Mittagessen. Seine Versatileit\u00e4t macht ihn perfekt f\u00fcr Backen von Kuchen, Biskuit und mehr. Sie k\u00f6nnen auch davon als Zutat in Rezepten wie Citron-Balkonen oder Cheesecakes verwenden. Oder Sie m\u00f6chten Ihre G\u00e4ste auf einem Dinnertisch beeindrucken oder einfach selbst etwas Leckeres machen, Tiptree Zitronen-Konserviert ist die perfekte Wahl. Seine reiche Geschmacksnote wird lange nach dem leeren Glas auf Ihrer Zunge bleiben.<\/p>\n<h2>N\u00e4hrwerte<\/h2>\n<p>Pro 100 g: 1625 kJ\/387 kcal, Fett 15 g, davon ges\u00e4ttigte Fetts\u00e4uren 8,5 g, Kohlenhydrate 60 g, davon Zucker 60 g, Eiwei\u00df 2,2 g, Salz 0,31 g, Natrium 0,13 g<\/p>\n<h2>Zutaten<\/h2>\n<p>Zucker, gesalzene Butter (MILCH), Zitronensaft (11%), Eigelb aus Freilandhaltung, VOLLEI aus Freilandhaltung, S\u00e4ureregulator: Zitronens\u00e4ure, Geliermittel: Zitruspektin, Zitronen\u00f6l<\/p>","protected":false},"excerpt":{"rendered":"<p>Tiptree Zitronen-Konservierungsware wartet mit ihrem scharfen Genuss, hergestellt aus Eiern, Butter und sizilianischen Zitronen reich an Geschichte und Tradition. Dieses einzigartige Konserve kombiniert kr\u00e4ftigen Zitronenzest mit glatter Textur, perfekt f\u00fcr Verzierung auf Toast oder als Topping. Mit seinem tiefen Geschmackprofil werden Sie nach nur einem Probieren hypnotisiert \u2013 die Duftnote allein ist genug, um Sie in die sonnengebundenen H\u00fcgel Siziliens zu transportieren. Probiert Tiptree Zitronen-Konservierungsware auf Toast, Joghurt oder als Topping f\u00fcr Scones, was Ihr Fr\u00fchst\u00fcck erh\u00f6ht oder eine elegante Note zum Nachmittagtee hinzuf\u00fcgt. Ihre Versatileit\u00e4t macht sie perfekt f\u00fcr Backen von Kuchen, Geb\u00e4ck und mehr, w\u00e4hrend ihr reicher Geschmack lang nach dem leeren Glas auf Ihrer Zunge bleibt.<\/p>","protected":false},"featured_media":15676,"comment_status":"closed","ping_status":"closed","template":"","meta":[],"product_brand":[],"product_cat":[18],"product_tag":[21,22,23,82],"class_list":{"0":"post-16209","1":"product","2":"type-product","3":"status-publish","4":"has-post-thumbnail","6":"product_cat-jam","7":"product_tag-coeliacs","8":"product_tag-halal","9":"product_tag-kosher","10":"product_tag-vegetarian","11":"pa_allergy-contains-milk-egg","12":"pa_ean-103","14":"first","15":"instock","16":"purchasable","17":"product-type-simple"},"yoast_head":"<!-- This site is optimized with the Yoast SEO plugin v23.4 - https:\/\/yoast.com\/wordpress\/plugins\/seo\/ -->\n<title>Tiptree Lemon Curd 312g - Bullies Tea Shop<\/title>\n<meta name=\"description\" content=\"Tiptree Lemon Curd&#039;s tangy delight awaits, made from eggs and Sicilian lemons. This unique preserve combines bold lemon zest with smooth texture.\" \/>\n<meta name=\"robots\" content=\"index, follow, max-snippet:-1, max-image-preview:large, max-video-preview:-1\" \/>\n<link rel=\"canonical\" href=\"https:\/\/bulliesteashop.com\/de\/produkt\/tiptree-lemon-curd-312g-2\/\" \/>\n<meta property=\"og:locale\" content=\"de_DE\" \/>\n<meta property=\"og:type\" content=\"article\" \/>\n<meta property=\"og:title\" content=\"Tiptree Lemon Curd 312g - Bullies Tea Shop\" \/>\n<meta property=\"og:description\" content=\"Tiptree Lemon Curd&#039;s tangy delight awaits, made from eggs and Sicilian lemons. This unique preserve combines bold lemon zest with smooth texture.\" \/>\n<meta property=\"og:url\" content=\"https:\/\/bulliesteashop.com\/de\/produkt\/tiptree-lemon-curd-312g-2\/\" \/>\n<meta property=\"og:site_name\" content=\"Bullies Tea Shop\" \/>\n<meta property=\"article:publisher\" content=\"https:\/\/www.facebook.com\/iengelswienkeltje2\/\" \/>\n<meta property=\"article:modified_time\" content=\"2026-03-24T22:32:15+00:00\" \/>\n<meta property=\"og:image\" content=\"https:\/\/bulliesteashop.com\/wp-content\/uploads\/2023\/07\/lemon-curd-312g.jpg\" \/>\n\t<meta property=\"og:image:width\" content=\"800\" \/>\n\t<meta property=\"og:image:height\" content=\"800\" \/>\n\t<meta property=\"og:image:type\" content=\"image\/jpeg\" \/>\n<meta name=\"twitter:card\" content=\"summary_large_image\" \/>\n<meta name=\"twitter:label1\" content=\"Gesch\u00e4tzte Lesezeit\" \/>\n\t<meta name=\"twitter:data1\" content=\"2\u00a0Minuten\" \/>\n<script type=\"application\/ld+json\" class=\"yoast-schema-graph\">{\"@context\":\"https:\/\/schema.org\",\"@graph\":[{\"@type\":\"WebPage\",\"@id\":\"https:\/\/bulliesteashop.com\/product\/tiptree-lemon-curd-312g-2\/\",\"url\":\"https:\/\/bulliesteashop.com\/product\/tiptree-lemon-curd-312g-2\/\",\"name\":\"Tiptree Lemon Curd 312g - Bullies Tea Shop\",\"isPartOf\":{\"@id\":\"https:\/\/bulliesteashop.com\/#website\"},\"primaryImageOfPage\":{\"@id\":\"https:\/\/bulliesteashop.com\/product\/tiptree-lemon-curd-312g-2\/#primaryimage\"},\"image\":{\"@id\":\"https:\/\/bulliesteashop.com\/product\/tiptree-lemon-curd-312g-2\/#primaryimage\"},\"thumbnailUrl\":\"https:\/\/bulliesteashop.com\/wp-content\/uploads\/2023\/07\/lemon-curd-312g.jpg\",\"datePublished\":\"2023-07-28T09:59:50+00:00\",\"dateModified\":\"2026-03-24T22:32:15+00:00\",\"description\":\"Tiptree Lemon Curd's tangy delight awaits, made from eggs and Sicilian lemons. This unique preserve combines bold lemon zest with smooth texture.\",\"breadcrumb\":{\"@id\":\"https:\/\/bulliesteashop.com\/product\/tiptree-lemon-curd-312g-2\/#breadcrumb\"},\"inLanguage\":\"de\",\"potentialAction\":[{\"@type\":\"ReadAction\",\"target\":[\"https:\/\/bulliesteashop.com\/product\/tiptree-lemon-curd-312g-2\/\"]}]},{\"@type\":\"ImageObject\",\"inLanguage\":\"de\",\"@id\":\"https:\/\/bulliesteashop.com\/product\/tiptree-lemon-curd-312g-2\/#primaryimage\",\"url\":\"https:\/\/bulliesteashop.com\/wp-content\/uploads\/2023\/07\/lemon-curd-312g.jpg\",\"contentUrl\":\"https:\/\/bulliesteashop.com\/wp-content\/uploads\/2023\/07\/lemon-curd-312g.jpg\",\"width\":800,\"height\":800},{\"@type\":\"BreadcrumbList\",\"@id\":\"https:\/\/bulliesteashop.com\/product\/tiptree-lemon-curd-312g-2\/#breadcrumb\",\"itemListElement\":[{\"@type\":\"ListItem\",\"position\":1,\"name\":\"Home\",\"item\":\"https:\/\/bulliesteashop.com\/\"},{\"@type\":\"ListItem\",\"position\":2,\"name\":\"Shop\",\"item\":\"https:\/\/bulliesteashop.com\/shop\/\"},{\"@type\":\"ListItem\",\"position\":3,\"name\":\"Tiptree Lemon Curd 312g\"}]},{\"@type\":\"WebSite\",\"@id\":\"https:\/\/bulliesteashop.com\/#website\",\"url\":\"https:\/\/bulliesteashop.com\/\",\"name\":\"Bullies Tea Shop\",\"description\":\"Online shop for your favourite British and English food and drink products\",\"publisher\":{\"@id\":\"https:\/\/bulliesteashop.com\/#organization\"},\"potentialAction\":[{\"@type\":\"SearchAction\",\"target\":{\"@type\":\"EntryPoint\",\"urlTemplate\":\"https:\/\/bulliesteashop.com\/?s={search_term_string}\"},\"query-input\":{\"@type\":\"PropertyValueSpecification\",\"valueRequired\":true,\"valueName\":\"search_term_string\"}}],\"inLanguage\":\"de\"},{\"@type\":\"Organization\",\"@id\":\"https:\/\/bulliesteashop.com\/#organization\",\"name\":\"Bullies Tea Shop\",\"url\":\"https:\/\/bulliesteashop.com\/\",\"logo\":{\"@type\":\"ImageObject\",\"inLanguage\":\"de\",\"@id\":\"https:\/\/bulliesteashop.com\/#\/schema\/logo\/image\/\",\"url\":\"https:\/\/bulliesteashop.com\/wp-content\/uploads\/2023\/07\/bulliesteashop-2.png\",\"contentUrl\":\"https:\/\/bulliesteashop.com\/wp-content\/uploads\/2023\/07\/bulliesteashop-2.png\",\"width\":351,\"height\":337,\"caption\":\"Bullies Tea Shop\"},\"image\":{\"@id\":\"https:\/\/bulliesteashop.com\/#\/schema\/logo\/image\/\"},\"sameAs\":[\"https:\/\/www.facebook.com\/iengelswienkeltje2\/\"]}]}<\/script>\n<!-- \/ Yoast SEO plugin. -->","yoast_head_json":{"title":"Tiptree Lemon Curd 312g - Bullies Tea Shop","description":"Tiptree Lemon Curd's tangy delight awaits, made from eggs and Sicilian lemons. This unique preserve combines bold lemon zest with smooth texture.","robots":{"index":"index","follow":"follow","max-snippet":"max-snippet:-1","max-image-preview":"max-image-preview:large","max-video-preview":"max-video-preview:-1"},"canonical":"https:\/\/bulliesteashop.com\/de\/produkt\/tiptree-lemon-curd-312g-2\/","og_locale":"de_DE","og_type":"article","og_title":"Tiptree Lemon Curd 312g - Bullies Tea Shop","og_description":"Tiptree Lemon Curd's tangy delight awaits, made from eggs and Sicilian lemons. This unique preserve combines bold lemon zest with smooth texture.","og_url":"https:\/\/bulliesteashop.com\/de\/produkt\/tiptree-lemon-curd-312g-2\/","og_site_name":"Bullies Tea Shop","article_publisher":"https:\/\/www.facebook.com\/iengelswienkeltje2\/","article_modified_time":"2026-03-24T22:32:15+00:00","og_image":[{"width":800,"height":800,"url":"https:\/\/bulliesteashop.com\/wp-content\/uploads\/2023\/07\/lemon-curd-312g.jpg","type":"image\/jpeg"}],"twitter_card":"summary_large_image","twitter_misc":{"Gesch\u00e4tzte Lesezeit":"2\u00a0Minuten"},"schema":{"@context":"https:\/\/schema.org","@graph":[{"@type":"WebPage","@id":"https:\/\/bulliesteashop.com\/product\/tiptree-lemon-curd-312g-2\/","url":"https:\/\/bulliesteashop.com\/product\/tiptree-lemon-curd-312g-2\/","name":"Tiptree Lemon Curd 312g - Bullies Tea Shop","isPartOf":{"@id":"https:\/\/bulliesteashop.com\/#website"},"primaryImageOfPage":{"@id":"https:\/\/bulliesteashop.com\/product\/tiptree-lemon-curd-312g-2\/#primaryimage"},"image":{"@id":"https:\/\/bulliesteashop.com\/product\/tiptree-lemon-curd-312g-2\/#primaryimage"},"thumbnailUrl":"https:\/\/bulliesteashop.com\/wp-content\/uploads\/2023\/07\/lemon-curd-312g.jpg","datePublished":"2023-07-28T09:59:50+00:00","dateModified":"2026-03-24T22:32:15+00:00","description":"Tiptree Lemon Curd's tangy delight awaits, made from eggs and Sicilian lemons. This unique preserve combines bold lemon zest with smooth texture.","breadcrumb":{"@id":"https:\/\/bulliesteashop.com\/product\/tiptree-lemon-curd-312g-2\/#breadcrumb"},"inLanguage":"de","potentialAction":[{"@type":"ReadAction","target":["https:\/\/bulliesteashop.com\/product\/tiptree-lemon-curd-312g-2\/"]}]},{"@type":"ImageObject","inLanguage":"de","@id":"https:\/\/bulliesteashop.com\/product\/tiptree-lemon-curd-312g-2\/#primaryimage","url":"https:\/\/bulliesteashop.com\/wp-content\/uploads\/2023\/07\/lemon-curd-312g.jpg","contentUrl":"https:\/\/bulliesteashop.com\/wp-content\/uploads\/2023\/07\/lemon-curd-312g.jpg","width":800,"height":800},{"@type":"BreadcrumbList","@id":"https:\/\/bulliesteashop.com\/product\/tiptree-lemon-curd-312g-2\/#breadcrumb","itemListElement":[{"@type":"ListItem","position":1,"name":"Home","item":"https:\/\/bulliesteashop.com\/"},{"@type":"ListItem","position":2,"name":"Shop","item":"https:\/\/bulliesteashop.com\/shop\/"},{"@type":"ListItem","position":3,"name":"Tiptree Lemon Curd 312g"}]},{"@type":"WebSite","@id":"https:\/\/bulliesteashop.com\/#website","url":"https:\/\/bulliesteashop.com\/","name":"Bullies Tea Shop","description":"Online shop for your favourite British and English food and drink products","publisher":{"@id":"https:\/\/bulliesteashop.com\/#organization"},"potentialAction":[{"@type":"SearchAction","target":{"@type":"EntryPoint","urlTemplate":"https:\/\/bulliesteashop.com\/?s={search_term_string}"},"query-input":{"@type":"PropertyValueSpecification","valueRequired":true,"valueName":"search_term_string"}}],"inLanguage":"de"},{"@type":"Organization","@id":"https:\/\/bulliesteashop.com\/#organization","name":"Bullies Tea Shop","url":"https:\/\/bulliesteashop.com\/","logo":{"@type":"ImageObject","inLanguage":"de","@id":"https:\/\/bulliesteashop.com\/#\/schema\/logo\/image\/","url":"https:\/\/bulliesteashop.com\/wp-content\/uploads\/2023\/07\/bulliesteashop-2.png","contentUrl":"https:\/\/bulliesteashop.com\/wp-content\/uploads\/2023\/07\/bulliesteashop-2.png","width":351,"height":337,"caption":"Bullies Tea Shop"},"image":{"@id":"https:\/\/bulliesteashop.com\/#\/schema\/logo\/image\/"},"sameAs":["https:\/\/www.facebook.com\/iengelswienkeltje2\/"]}]}},"_links":{"self":[{"href":"https:\/\/bulliesteashop.com\/de\/wp-json\/wp\/v2\/product\/16209"}],"collection":[{"href":"https:\/\/bulliesteashop.com\/de\/wp-json\/wp\/v2\/product"}],"about":[{"href":"https:\/\/bulliesteashop.com\/de\/wp-json\/wp\/v2\/types\/product"}],"replies":[{"embeddable":true,"href":"https:\/\/bulliesteashop.com\/de\/wp-json\/wp\/v2\/comments?post=16209"}],"wp:featuredmedia":[{"embeddable":true,"href":"https:\/\/bulliesteashop.com\/de\/wp-json\/wp\/v2\/media\/15676"}],"wp:attachment":[{"href":"https:\/\/bulliesteashop.com\/de\/wp-json\/wp\/v2\/media?parent=16209"}],"wp:term":[{"taxonomy":"product_brand","embeddable":true,"href":"https:\/\/bulliesteashop.com\/de\/wp-json\/wp\/v2\/product_brand?post=16209"},{"taxonomy":"product_cat","embeddable":true,"href":"https:\/\/bulliesteashop.com\/de\/wp-json\/wp\/v2\/product_cat?post=16209"},{"taxonomy":"product_tag","embeddable":true,"href":"https:\/\/bulliesteashop.com\/de\/wp-json\/wp\/v2\/product_tag?post=16209"}],"curies":[{"name":"wp","href":"https:\/\/api.w.org\/{rel}","templated":true}]}}