{"id":16205,"date":"2023-07-28T10:59:50","date_gmt":"2023-07-28T09:59:50","guid":{"rendered":"https:\/\/bulliesteashop.com\/product\/strawberry-little-scarlet-340g-2\/"},"modified":"2025-03-13T12:15:20","modified_gmt":"2025-03-13T12:15:20","slug":"strawberry-little-scarlet-340g","status":"publish","type":"product","link":"https:\/\/bulliesteashop.com\/de\/produkt\/strawberry-little-scarlet-340g\/","title":{"rendered":"Tiptree Strawberry Little Scarlet 340g"},"content":{"rendered":"<h1>About Tiptree Strawberry Little Scarlet<\/h1>\n<p>Im luxuri\u00f6sen englischen Landschaft, wo H\u00fcgel und gr\u00fcne T\u00e4ler sich am Morgen treffen, liegt das Geheimnis von Tiptree's ber\u00fchmter Strawberry Little Scarlet-Konservierung. Diese exquisite Marmelade wird aus den seltensten Erdbeeren hergestellt - der kleinen, intensiv s\u00fc\u00dfen Little Scarlet-Variet\u00e4t, die nur auf England's fruchtbaren Boden w\u00e4chst. Die Beeren selbst sind ein Naturwunder, einige erreichen bis zu 1p-M\u00fcnze (bis 20mm) und explodieren von Geschmack.<\/p>\n<p>Wenn Sie den Deckel dieser luxuri\u00f6sen Marmeladenschale abnehmen, weht der Duft reifer Erdbeeren auf, die Ihre Sinne in eine sonnige englische Sommersmorng transportiert. Der erste Bissen ist wie ein Konzert auf dem Gaumen - s\u00fc\u00dfe Noten von Erdbeer vermischen sich mit Anfl\u00fcgen von S\u00e4ure, alles umh\u00fcllt von einer reichen, weichlichen Textur, die einfach g\u00f6ttlich ist. Ob Sie es bei scones und Sahne zum Nachmittagstee servieren oder gro\u00dfz\u00fcgig auf Toast f\u00fcr das Fr\u00fchst\u00fcck streuen, Tiptree Strawberry Little Scarlet wird selbst die meisten anspruchsvollen Geschmackssinne erfreuen. Dieser kleine-Batch-Konserven ist wirklich ein Probiergenuss von Englands Bestem - eine Schatzkammer an Geschmack, die Sie noch mehr haben m\u00f6chten.<\/p>\n<h2>N\u00e4hrwerte<\/h2>\n<p>Pro 100g: 1128 kJ\/266 kCal, Fett 0g, davon ges\u00e4ttigte Fetts\u00e4uren 0g, Kohlenhydrate 65g, davon Zucker 65g, Eiwei\u00df 0g, Salz 0g, Natrium 0g<\/p>\n<h2>Zutaten<\/h2>\n<p>Zucker, kleine scharlachrote Erdbeeren, Geliermittel: Zitruspektin; S\u00e4ureregulator: Zitronens\u00e4ure<\/p>","protected":false},"excerpt":{"rendered":"<p>Im luxuri\u00f6sen englischen Landkreis, wo H\u00fcgel und gr\u00fcne T\u00e4ler sich mit dem morgendlichen Sonnenlicht treffen, liegt der Schl\u00fcssel zum Tiptree-Strawberry Little Scarlet-Konserven. Diese exquisite Marmelade wird aus den seltensten Erdbeeren hergestellt - die kleine, intensiv s\u00fc\u00dfe Little Scarlet-Variet\u00e4t, die nur auf englischen fruchtbaren B\u00f6den w\u00e4chst, mit einigen Beeren, die bis zu 1p-M\u00fcnzen (bis 20mm) gro\u00df werden und voller Geschmack sind. Wenn Sie den Deckel dieser luxuri\u00f6sen Dose \u00f6ffnen, weht der Duft reifer Erdbeeren auf, was Ihre Sinne in eine sonnige englische Sommersmorgen-Atmosph\u00e4re transportiert. Der erste Bissen ist wie ein Konzert auf der Zunge - s\u00fc\u00dfe Noten von Erdbeer vermischen sich mit Anfl\u00fcgen von S\u00e4ure, alles umh\u00fcllt von einer reichen, weichlichen Textur, die einfach g\u00f6ttlich ist.<\/p>","protected":false},"featured_media":15700,"comment_status":"closed","ping_status":"closed","template":"","meta":[],"product_brand":[],"product_cat":[18],"product_tag":[21,83,22,23,81,82],"class_list":{"0":"post-16205","1":"product","2":"type-product","3":"status-publish","4":"has-post-thumbnail","6":"product_cat-jam","7":"product_tag-coeliacs","8":"product_tag-dairy-free","9":"product_tag-halal","10":"product_tag-kosher","11":"product_tag-vegan","12":"product_tag-vegetarian","13":"pa_upc-100","15":"first","16":"instock","17":"purchasable","18":"product-type-simple"},"yoast_head":"<!-- This site is optimized with the Yoast SEO plugin v23.4 - https:\/\/yoast.com\/wordpress\/plugins\/seo\/ -->\n<title>Tiptree Strawberry Little Scarlet 340g - Bullies Tea Shop<\/title>\n<meta name=\"description\" content=\"This exquisite jam is crafted from the rarest of strawberries, Tiptree Little Scarlet is made from the tiny and sweet Scarlet strawberry.\" \/>\n<meta name=\"robots\" content=\"index, follow, max-snippet:-1, max-image-preview:large, max-video-preview:-1\" \/>\n<link rel=\"canonical\" href=\"https:\/\/bulliesteashop.com\/de\/produkt\/strawberry-little-scarlet-340g\/\" \/>\n<meta property=\"og:locale\" content=\"de_DE\" \/>\n<meta property=\"og:type\" content=\"article\" \/>\n<meta property=\"og:title\" content=\"Tiptree Strawberry Little Scarlet 340g - Bullies Tea Shop\" \/>\n<meta property=\"og:description\" content=\"This exquisite jam is crafted from the rarest of strawberries, Tiptree Little Scarlet is made from the tiny and sweet Scarlet strawberry.\" \/>\n<meta property=\"og:url\" content=\"https:\/\/bulliesteashop.com\/de\/produkt\/strawberry-little-scarlet-340g\/\" \/>\n<meta property=\"og:site_name\" content=\"Bullies Tea Shop\" \/>\n<meta property=\"article:publisher\" content=\"https:\/\/www.facebook.com\/iengelswienkeltje2\/\" \/>\n<meta property=\"article:modified_time\" content=\"2025-03-13T12:15:20+00:00\" \/>\n<meta property=\"og:image\" content=\"https:\/\/bulliesteashop.com\/wp-content\/uploads\/2023\/07\/aardbei-little-scarlet-340g.jpg\" \/>\n\t<meta property=\"og:image:width\" content=\"800\" \/>\n\t<meta property=\"og:image:height\" content=\"800\" \/>\n\t<meta property=\"og:image:type\" content=\"image\/jpeg\" \/>\n<meta name=\"twitter:card\" content=\"summary_large_image\" \/>\n<meta name=\"twitter:label1\" content=\"Gesch\u00e4tzte Lesezeit\" \/>\n\t<meta name=\"twitter:data1\" content=\"2\u00a0Minuten\" \/>\n<script type=\"application\/ld+json\" class=\"yoast-schema-graph\">{\"@context\":\"https:\/\/schema.org\",\"@graph\":[{\"@type\":\"WebPage\",\"@id\":\"https:\/\/bulliesteashop.com\/product\/strawberry-little-scarlet-340g\/\",\"url\":\"https:\/\/bulliesteashop.com\/product\/strawberry-little-scarlet-340g\/\",\"name\":\"Tiptree Strawberry Little Scarlet 340g - Bullies Tea Shop\",\"isPartOf\":{\"@id\":\"https:\/\/bulliesteashop.com\/#website\"},\"primaryImageOfPage\":{\"@id\":\"https:\/\/bulliesteashop.com\/product\/strawberry-little-scarlet-340g\/#primaryimage\"},\"image\":{\"@id\":\"https:\/\/bulliesteashop.com\/product\/strawberry-little-scarlet-340g\/#primaryimage\"},\"thumbnailUrl\":\"https:\/\/bulliesteashop.com\/wp-content\/uploads\/2023\/07\/aardbei-little-scarlet-340g.jpg\",\"datePublished\":\"2023-07-28T09:59:50+00:00\",\"dateModified\":\"2025-03-13T12:15:20+00:00\",\"description\":\"This exquisite jam is crafted from the rarest of strawberries, Tiptree Little Scarlet is made from the tiny and sweet Scarlet strawberry.\",\"breadcrumb\":{\"@id\":\"https:\/\/bulliesteashop.com\/product\/strawberry-little-scarlet-340g\/#breadcrumb\"},\"inLanguage\":\"de\",\"potentialAction\":[{\"@type\":\"ReadAction\",\"target\":[\"https:\/\/bulliesteashop.com\/product\/strawberry-little-scarlet-340g\/\"]}]},{\"@type\":\"ImageObject\",\"inLanguage\":\"de\",\"@id\":\"https:\/\/bulliesteashop.com\/product\/strawberry-little-scarlet-340g\/#primaryimage\",\"url\":\"https:\/\/bulliesteashop.com\/wp-content\/uploads\/2023\/07\/aardbei-little-scarlet-340g.jpg\",\"contentUrl\":\"https:\/\/bulliesteashop.com\/wp-content\/uploads\/2023\/07\/aardbei-little-scarlet-340g.jpg\",\"width\":800,\"height\":800},{\"@type\":\"BreadcrumbList\",\"@id\":\"https:\/\/bulliesteashop.com\/product\/strawberry-little-scarlet-340g\/#breadcrumb\",\"itemListElement\":[{\"@type\":\"ListItem\",\"position\":1,\"name\":\"Home\",\"item\":\"https:\/\/bulliesteashop.com\/\"},{\"@type\":\"ListItem\",\"position\":2,\"name\":\"Shop\",\"item\":\"https:\/\/bulliesteashop.com\/shop\/\"},{\"@type\":\"ListItem\",\"position\":3,\"name\":\"Tiptree Strawberry Little Scarlet 340g\"}]},{\"@type\":\"WebSite\",\"@id\":\"https:\/\/bulliesteashop.com\/#website\",\"url\":\"https:\/\/bulliesteashop.com\/\",\"name\":\"Bullies Tea Shop\",\"description\":\"Online shop for your favourite British and English food and drink products\",\"publisher\":{\"@id\":\"https:\/\/bulliesteashop.com\/#organization\"},\"potentialAction\":[{\"@type\":\"SearchAction\",\"target\":{\"@type\":\"EntryPoint\",\"urlTemplate\":\"https:\/\/bulliesteashop.com\/?s={search_term_string}\"},\"query-input\":{\"@type\":\"PropertyValueSpecification\",\"valueRequired\":true,\"valueName\":\"search_term_string\"}}],\"inLanguage\":\"de\"},{\"@type\":\"Organization\",\"@id\":\"https:\/\/bulliesteashop.com\/#organization\",\"name\":\"Bullies Tea Shop\",\"url\":\"https:\/\/bulliesteashop.com\/\",\"logo\":{\"@type\":\"ImageObject\",\"inLanguage\":\"de\",\"@id\":\"https:\/\/bulliesteashop.com\/#\/schema\/logo\/image\/\",\"url\":\"https:\/\/bulliesteashop.com\/wp-content\/uploads\/2023\/07\/bulliesteashop-2.png\",\"contentUrl\":\"https:\/\/bulliesteashop.com\/wp-content\/uploads\/2023\/07\/bulliesteashop-2.png\",\"width\":351,\"height\":337,\"caption\":\"Bullies Tea Shop\"},\"image\":{\"@id\":\"https:\/\/bulliesteashop.com\/#\/schema\/logo\/image\/\"},\"sameAs\":[\"https:\/\/www.facebook.com\/iengelswienkeltje2\/\"]}]}<\/script>\n<!-- \/ Yoast SEO plugin. -->","yoast_head_json":{"title":"Tiptree Strawberry Little Scarlet 340g - Bullies Tea Shop","description":"This exquisite jam is crafted from the rarest of strawberries, Tiptree Little Scarlet is made from the tiny and sweet Scarlet strawberry.","robots":{"index":"index","follow":"follow","max-snippet":"max-snippet:-1","max-image-preview":"max-image-preview:large","max-video-preview":"max-video-preview:-1"},"canonical":"https:\/\/bulliesteashop.com\/de\/produkt\/strawberry-little-scarlet-340g\/","og_locale":"de_DE","og_type":"article","og_title":"Tiptree Strawberry Little Scarlet 340g - Bullies Tea Shop","og_description":"This exquisite jam is crafted from the rarest of strawberries, Tiptree Little Scarlet is made from the tiny and sweet Scarlet strawberry.","og_url":"https:\/\/bulliesteashop.com\/de\/produkt\/strawberry-little-scarlet-340g\/","og_site_name":"Bullies Tea Shop","article_publisher":"https:\/\/www.facebook.com\/iengelswienkeltje2\/","article_modified_time":"2025-03-13T12:15:20+00:00","og_image":[{"width":800,"height":800,"url":"https:\/\/bulliesteashop.com\/wp-content\/uploads\/2023\/07\/aardbei-little-scarlet-340g.jpg","type":"image\/jpeg"}],"twitter_card":"summary_large_image","twitter_misc":{"Gesch\u00e4tzte Lesezeit":"2\u00a0Minuten"},"schema":{"@context":"https:\/\/schema.org","@graph":[{"@type":"WebPage","@id":"https:\/\/bulliesteashop.com\/product\/strawberry-little-scarlet-340g\/","url":"https:\/\/bulliesteashop.com\/product\/strawberry-little-scarlet-340g\/","name":"Tiptree Strawberry Little Scarlet 340g - Bullies Tea Shop","isPartOf":{"@id":"https:\/\/bulliesteashop.com\/#website"},"primaryImageOfPage":{"@id":"https:\/\/bulliesteashop.com\/product\/strawberry-little-scarlet-340g\/#primaryimage"},"image":{"@id":"https:\/\/bulliesteashop.com\/product\/strawberry-little-scarlet-340g\/#primaryimage"},"thumbnailUrl":"https:\/\/bulliesteashop.com\/wp-content\/uploads\/2023\/07\/aardbei-little-scarlet-340g.jpg","datePublished":"2023-07-28T09:59:50+00:00","dateModified":"2025-03-13T12:15:20+00:00","description":"This exquisite jam is crafted from the rarest of strawberries, Tiptree Little Scarlet is made from the tiny and sweet Scarlet strawberry.","breadcrumb":{"@id":"https:\/\/bulliesteashop.com\/product\/strawberry-little-scarlet-340g\/#breadcrumb"},"inLanguage":"de","potentialAction":[{"@type":"ReadAction","target":["https:\/\/bulliesteashop.com\/product\/strawberry-little-scarlet-340g\/"]}]},{"@type":"ImageObject","inLanguage":"de","@id":"https:\/\/bulliesteashop.com\/product\/strawberry-little-scarlet-340g\/#primaryimage","url":"https:\/\/bulliesteashop.com\/wp-content\/uploads\/2023\/07\/aardbei-little-scarlet-340g.jpg","contentUrl":"https:\/\/bulliesteashop.com\/wp-content\/uploads\/2023\/07\/aardbei-little-scarlet-340g.jpg","width":800,"height":800},{"@type":"BreadcrumbList","@id":"https:\/\/bulliesteashop.com\/product\/strawberry-little-scarlet-340g\/#breadcrumb","itemListElement":[{"@type":"ListItem","position":1,"name":"Home","item":"https:\/\/bulliesteashop.com\/"},{"@type":"ListItem","position":2,"name":"Shop","item":"https:\/\/bulliesteashop.com\/shop\/"},{"@type":"ListItem","position":3,"name":"Tiptree Strawberry Little Scarlet 340g"}]},{"@type":"WebSite","@id":"https:\/\/bulliesteashop.com\/#website","url":"https:\/\/bulliesteashop.com\/","name":"Bullies Tea Shop","description":"Online shop for your favourite British and English food and drink products","publisher":{"@id":"https:\/\/bulliesteashop.com\/#organization"},"potentialAction":[{"@type":"SearchAction","target":{"@type":"EntryPoint","urlTemplate":"https:\/\/bulliesteashop.com\/?s={search_term_string}"},"query-input":{"@type":"PropertyValueSpecification","valueRequired":true,"valueName":"search_term_string"}}],"inLanguage":"de"},{"@type":"Organization","@id":"https:\/\/bulliesteashop.com\/#organization","name":"Bullies Tea Shop","url":"https:\/\/bulliesteashop.com\/","logo":{"@type":"ImageObject","inLanguage":"de","@id":"https:\/\/bulliesteashop.com\/#\/schema\/logo\/image\/","url":"https:\/\/bulliesteashop.com\/wp-content\/uploads\/2023\/07\/bulliesteashop-2.png","contentUrl":"https:\/\/bulliesteashop.com\/wp-content\/uploads\/2023\/07\/bulliesteashop-2.png","width":351,"height":337,"caption":"Bullies Tea Shop"},"image":{"@id":"https:\/\/bulliesteashop.com\/#\/schema\/logo\/image\/"},"sameAs":["https:\/\/www.facebook.com\/iengelswienkeltje2\/"]}]}},"_links":{"self":[{"href":"https:\/\/bulliesteashop.com\/de\/wp-json\/wp\/v2\/product\/16205"}],"collection":[{"href":"https:\/\/bulliesteashop.com\/de\/wp-json\/wp\/v2\/product"}],"about":[{"href":"https:\/\/bulliesteashop.com\/de\/wp-json\/wp\/v2\/types\/product"}],"replies":[{"embeddable":true,"href":"https:\/\/bulliesteashop.com\/de\/wp-json\/wp\/v2\/comments?post=16205"}],"wp:featuredmedia":[{"embeddable":true,"href":"https:\/\/bulliesteashop.com\/de\/wp-json\/wp\/v2\/media\/15700"}],"wp:attachment":[{"href":"https:\/\/bulliesteashop.com\/de\/wp-json\/wp\/v2\/media?parent=16205"}],"wp:term":[{"taxonomy":"product_brand","embeddable":true,"href":"https:\/\/bulliesteashop.com\/de\/wp-json\/wp\/v2\/product_brand?post=16205"},{"taxonomy":"product_cat","embeddable":true,"href":"https:\/\/bulliesteashop.com\/de\/wp-json\/wp\/v2\/product_cat?post=16205"},{"taxonomy":"product_tag","embeddable":true,"href":"https:\/\/bulliesteashop.com\/de\/wp-json\/wp\/v2\/product_tag?post=16205"}],"curies":[{"name":"wp","href":"https:\/\/api.w.org\/{rel}","templated":true}]}}