{"id":16195,"date":"2023-07-28T10:58:36","date_gmt":"2023-07-28T09:58:36","guid":{"rendered":"https:\/\/bulliesteashop.com\/product\/peach-2\/"},"modified":"2025-07-31T12:21:57","modified_gmt":"2025-07-31T11:21:57","slug":"peach","status":"publish","type":"product","link":"https:\/\/bulliesteashop.com\/de\/produkt\/peach\/","title":{"rendered":"Tiptree Peach"},"content":{"rendered":"<h1>About Tiptree Peach<\/h1>\n<p>Tiptree Pfirsich Konfit\u00fcre ist eine k\u00f6stliche Erg\u00e4nzung f\u00fcr jede Vorratskammer und bietet einen Geschmack, der die Essenz des Sommers verk\u00f6rpert. Sorgf\u00e4ltig hergestellt, kombiniert diese Marmelade die saftigsten, sonnenverw\u00f6hnten Pfirsiche mit genau der richtigen Menge Zucker. Das Ergebnis ist eine Konfit\u00fcre, die die pure, nat\u00fcrliche S\u00fc\u00dfe der Pfirsiche einf\u00e4ngt. Jedes Glas ist gef\u00fcllt mit saftigen Pfirsichst\u00fccken, die eine himmlische Textur bieten, die jeden L\u00f6ffel bereichert. Ob Sie es auf warmem Toast streichen, in Joghurt r\u00fchren oder als F\u00fcllung f\u00fcr Geb\u00e4ck verwenden, diese Konfit\u00fcre bringt einen Hauch von Sonnenschein auf Ihren Tisch.<\/p>\n<p>Genie\u00dfen Sie den reichen, k\u00f6stlichen Geschmack der Tiptree Pfirsich Konfit\u00fcre, ein Genuss f\u00fcr die Sinne. Ihr lebendiger, fruchtiger Geschmack verleiht Ihrem Fr\u00fchst\u00fccksroutine einen Hauch von Luxus. Genie\u00dfen Sie sie mit Scones, Pfannkuchen oder sogar als Topping f\u00fcr Eis. Diese vielseitige Konfit\u00fcre ist perfekt f\u00fcr die Kreation unvergesslicher Mahlzeiten und Desserts. Die \u00fcppige Textur und der s\u00fc\u00dfe, pfirsichartige Geschmack machen sie zu einem Favoriten unter den Marmeladenliebhabern. Mit Tiptree's Engagement f\u00fcr Qualit\u00e4t und Tradition verspricht jedes Glas ein authentisches Geschmackserlebnis. Verwandeln Sie allt\u00e4gliche Momente in besondere Anl\u00e4sse mit der Tiptree Pfirsich Konfit\u00fcre und genie\u00dfen Sie das einfache Vergn\u00fcgen dieser exquisiten Marmelade.<\/p>\n<h2>N\u00e4hrwerte<\/h2>\n<p>Pro 100g: 1139kJ\/268kCal, Fett 0g, davon ges\u00e4ttigte Fetts\u00e4uren 0g, Kohlenhydrate 66g, davon Zucker 65g, Eiwei\u00df 0g, Salz 0g, Natrium 0,01g<\/p>\n<h2>Zutaten<\/h2>\n<p>Zucker, Pfirsiche, Geliermittel: Zitruspektin; S\u00e4ureregulator: Zitronens\u00e4ure<\/p>","protected":false},"excerpt":{"rendered":"<p>Tiptree Pfirsich Konfit\u00fcre ist ein k\u00f6stlicher Aufstrich, hergestellt aus den saftigsten, sonnenverw\u00f6hnten Pfirsichen und genau der richtigen Menge Zucker. Jedes Glas f\u00e4ngt die reine, nat\u00fcrliche S\u00fc\u00dfe der Pfirsiche ein, mit saftigen St\u00fccken, die eine himmlische Textur bieten. Perfekt zum Aufstreichen auf Toast, zum Einr\u00fchren in Joghurt oder als F\u00fcllung f\u00fcr Geb\u00e4ck, bringt diese Marmelade einen Hauch von Sonnenschein auf Ihren Tisch. Genie\u00dfen Sie sie mit Scones, Pfannkuchen oder als Topping f\u00fcr Eis und erleben Sie den reichen, fruchtigen Geschmack, der jeden Bissen zu einem besonderen Genuss macht. Tiptree\u2019s Engagement f\u00fcr Qualit\u00e4t sorgt f\u00fcr ein authentisches Geschmackserlebnis in jedem Glas.<\/p>","protected":false},"featured_media":15685,"comment_status":"closed","ping_status":"closed","template":"","meta":[],"product_brand":[],"product_cat":[18],"product_tag":[21,83,81,82],"class_list":{"0":"post-16195","1":"product","2":"type-product","3":"status-publish","4":"has-post-thumbnail","6":"product_cat-jam","7":"product_tag-coeliacs","8":"product_tag-dairy-free","9":"product_tag-vegan","10":"product_tag-vegetarian","11":"pa_ean-92","12":"pa_upc-93","14":"first","15":"instock","16":"purchasable","17":"product-type-simple"},"yoast_head":"<!-- This site is optimized with the Yoast SEO plugin v23.4 - https:\/\/yoast.com\/wordpress\/plugins\/seo\/ -->\n<title>Tiptree Peach - Bullies Tea Shop<\/title>\n<meta name=\"description\" content=\"Tiptree Peach Conserve is a delightful preserve made from the juiciest, sun-ripened peaches and just the right amount of sugar.\" \/>\n<meta name=\"robots\" content=\"index, follow, max-snippet:-1, max-image-preview:large, max-video-preview:-1\" \/>\n<link rel=\"canonical\" href=\"https:\/\/bulliesteashop.com\/de\/produkt\/peach\/\" \/>\n<meta property=\"og:locale\" content=\"de_DE\" \/>\n<meta property=\"og:type\" content=\"article\" \/>\n<meta property=\"og:title\" content=\"Tiptree Peach - Bullies Tea Shop\" \/>\n<meta property=\"og:description\" content=\"Tiptree Peach Conserve is a delightful preserve made from the juiciest, sun-ripened peaches and just the right amount of sugar.\" \/>\n<meta property=\"og:url\" content=\"https:\/\/bulliesteashop.com\/de\/produkt\/peach\/\" \/>\n<meta property=\"og:site_name\" content=\"Bullies Tea Shop\" \/>\n<meta property=\"article:publisher\" content=\"https:\/\/www.facebook.com\/iengelswienkeltje2\/\" \/>\n<meta property=\"article:modified_time\" content=\"2025-07-31T11:21:57+00:00\" \/>\n<meta property=\"og:image\" content=\"https:\/\/bulliesteashop.com\/wp-content\/uploads\/2023\/07\/perzik-340g.jpg\" \/>\n\t<meta property=\"og:image:width\" content=\"800\" \/>\n\t<meta property=\"og:image:height\" content=\"800\" \/>\n\t<meta property=\"og:image:type\" content=\"image\/jpeg\" \/>\n<meta name=\"twitter:card\" content=\"summary_large_image\" \/>\n<meta name=\"twitter:label1\" content=\"Gesch\u00e4tzte Lesezeit\" \/>\n\t<meta name=\"twitter:data1\" content=\"2\u00a0Minuten\" \/>\n<script type=\"application\/ld+json\" class=\"yoast-schema-graph\">{\"@context\":\"https:\/\/schema.org\",\"@graph\":[{\"@type\":\"WebPage\",\"@id\":\"https:\/\/bulliesteashop.com\/product\/peach\/\",\"url\":\"https:\/\/bulliesteashop.com\/product\/peach\/\",\"name\":\"Tiptree Peach - Bullies Tea Shop\",\"isPartOf\":{\"@id\":\"https:\/\/bulliesteashop.com\/#website\"},\"primaryImageOfPage\":{\"@id\":\"https:\/\/bulliesteashop.com\/product\/peach\/#primaryimage\"},\"image\":{\"@id\":\"https:\/\/bulliesteashop.com\/product\/peach\/#primaryimage\"},\"thumbnailUrl\":\"https:\/\/bulliesteashop.com\/wp-content\/uploads\/2023\/07\/perzik-340g.jpg\",\"datePublished\":\"2023-07-28T09:58:36+00:00\",\"dateModified\":\"2025-07-31T11:21:57+00:00\",\"description\":\"Tiptree Peach Conserve is a delightful preserve made from the juiciest, sun-ripened peaches and just the right amount of sugar.\",\"breadcrumb\":{\"@id\":\"https:\/\/bulliesteashop.com\/product\/peach\/#breadcrumb\"},\"inLanguage\":\"de\",\"potentialAction\":[{\"@type\":\"ReadAction\",\"target\":[\"https:\/\/bulliesteashop.com\/product\/peach\/\"]}]},{\"@type\":\"ImageObject\",\"inLanguage\":\"de\",\"@id\":\"https:\/\/bulliesteashop.com\/product\/peach\/#primaryimage\",\"url\":\"https:\/\/bulliesteashop.com\/wp-content\/uploads\/2023\/07\/perzik-340g.jpg\",\"contentUrl\":\"https:\/\/bulliesteashop.com\/wp-content\/uploads\/2023\/07\/perzik-340g.jpg\",\"width\":800,\"height\":800},{\"@type\":\"BreadcrumbList\",\"@id\":\"https:\/\/bulliesteashop.com\/product\/peach\/#breadcrumb\",\"itemListElement\":[{\"@type\":\"ListItem\",\"position\":1,\"name\":\"Home\",\"item\":\"https:\/\/bulliesteashop.com\/\"},{\"@type\":\"ListItem\",\"position\":2,\"name\":\"Shop\",\"item\":\"https:\/\/bulliesteashop.com\/shop\/\"},{\"@type\":\"ListItem\",\"position\":3,\"name\":\"Tiptree Peach\"}]},{\"@type\":\"WebSite\",\"@id\":\"https:\/\/bulliesteashop.com\/#website\",\"url\":\"https:\/\/bulliesteashop.com\/\",\"name\":\"Bullies Tea Shop\",\"description\":\"Online shop for your favourite British and English food and drink products\",\"publisher\":{\"@id\":\"https:\/\/bulliesteashop.com\/#organization\"},\"potentialAction\":[{\"@type\":\"SearchAction\",\"target\":{\"@type\":\"EntryPoint\",\"urlTemplate\":\"https:\/\/bulliesteashop.com\/?s={search_term_string}\"},\"query-input\":{\"@type\":\"PropertyValueSpecification\",\"valueRequired\":true,\"valueName\":\"search_term_string\"}}],\"inLanguage\":\"de\"},{\"@type\":\"Organization\",\"@id\":\"https:\/\/bulliesteashop.com\/#organization\",\"name\":\"Bullies Tea Shop\",\"url\":\"https:\/\/bulliesteashop.com\/\",\"logo\":{\"@type\":\"ImageObject\",\"inLanguage\":\"de\",\"@id\":\"https:\/\/bulliesteashop.com\/#\/schema\/logo\/image\/\",\"url\":\"https:\/\/bulliesteashop.com\/wp-content\/uploads\/2023\/07\/bulliesteashop-2.png\",\"contentUrl\":\"https:\/\/bulliesteashop.com\/wp-content\/uploads\/2023\/07\/bulliesteashop-2.png\",\"width\":351,\"height\":337,\"caption\":\"Bullies Tea Shop\"},\"image\":{\"@id\":\"https:\/\/bulliesteashop.com\/#\/schema\/logo\/image\/\"},\"sameAs\":[\"https:\/\/www.facebook.com\/iengelswienkeltje2\/\"]}]}<\/script>\n<!-- \/ Yoast SEO plugin. -->","yoast_head_json":{"title":"Tiptree Peach - Bullies Tea Shop","description":"Tiptree Peach Conserve is a delightful preserve made from the juiciest, sun-ripened peaches and just the right amount of sugar.","robots":{"index":"index","follow":"follow","max-snippet":"max-snippet:-1","max-image-preview":"max-image-preview:large","max-video-preview":"max-video-preview:-1"},"canonical":"https:\/\/bulliesteashop.com\/de\/produkt\/peach\/","og_locale":"de_DE","og_type":"article","og_title":"Tiptree Peach - Bullies Tea Shop","og_description":"Tiptree Peach Conserve is a delightful preserve made from the juiciest, sun-ripened peaches and just the right amount of sugar.","og_url":"https:\/\/bulliesteashop.com\/de\/produkt\/peach\/","og_site_name":"Bullies Tea Shop","article_publisher":"https:\/\/www.facebook.com\/iengelswienkeltje2\/","article_modified_time":"2025-07-31T11:21:57+00:00","og_image":[{"width":800,"height":800,"url":"https:\/\/bulliesteashop.com\/wp-content\/uploads\/2023\/07\/perzik-340g.jpg","type":"image\/jpeg"}],"twitter_card":"summary_large_image","twitter_misc":{"Gesch\u00e4tzte Lesezeit":"2\u00a0Minuten"},"schema":{"@context":"https:\/\/schema.org","@graph":[{"@type":"WebPage","@id":"https:\/\/bulliesteashop.com\/product\/peach\/","url":"https:\/\/bulliesteashop.com\/product\/peach\/","name":"Tiptree Peach - Bullies Tea Shop","isPartOf":{"@id":"https:\/\/bulliesteashop.com\/#website"},"primaryImageOfPage":{"@id":"https:\/\/bulliesteashop.com\/product\/peach\/#primaryimage"},"image":{"@id":"https:\/\/bulliesteashop.com\/product\/peach\/#primaryimage"},"thumbnailUrl":"https:\/\/bulliesteashop.com\/wp-content\/uploads\/2023\/07\/perzik-340g.jpg","datePublished":"2023-07-28T09:58:36+00:00","dateModified":"2025-07-31T11:21:57+00:00","description":"Tiptree Peach Conserve is a delightful preserve made from the juiciest, sun-ripened peaches and just the right amount of sugar.","breadcrumb":{"@id":"https:\/\/bulliesteashop.com\/product\/peach\/#breadcrumb"},"inLanguage":"de","potentialAction":[{"@type":"ReadAction","target":["https:\/\/bulliesteashop.com\/product\/peach\/"]}]},{"@type":"ImageObject","inLanguage":"de","@id":"https:\/\/bulliesteashop.com\/product\/peach\/#primaryimage","url":"https:\/\/bulliesteashop.com\/wp-content\/uploads\/2023\/07\/perzik-340g.jpg","contentUrl":"https:\/\/bulliesteashop.com\/wp-content\/uploads\/2023\/07\/perzik-340g.jpg","width":800,"height":800},{"@type":"BreadcrumbList","@id":"https:\/\/bulliesteashop.com\/product\/peach\/#breadcrumb","itemListElement":[{"@type":"ListItem","position":1,"name":"Home","item":"https:\/\/bulliesteashop.com\/"},{"@type":"ListItem","position":2,"name":"Shop","item":"https:\/\/bulliesteashop.com\/shop\/"},{"@type":"ListItem","position":3,"name":"Tiptree Peach"}]},{"@type":"WebSite","@id":"https:\/\/bulliesteashop.com\/#website","url":"https:\/\/bulliesteashop.com\/","name":"Bullies Tea Shop","description":"Online shop for your favourite British and English food and drink products","publisher":{"@id":"https:\/\/bulliesteashop.com\/#organization"},"potentialAction":[{"@type":"SearchAction","target":{"@type":"EntryPoint","urlTemplate":"https:\/\/bulliesteashop.com\/?s={search_term_string}"},"query-input":{"@type":"PropertyValueSpecification","valueRequired":true,"valueName":"search_term_string"}}],"inLanguage":"de"},{"@type":"Organization","@id":"https:\/\/bulliesteashop.com\/#organization","name":"Bullies Tea Shop","url":"https:\/\/bulliesteashop.com\/","logo":{"@type":"ImageObject","inLanguage":"de","@id":"https:\/\/bulliesteashop.com\/#\/schema\/logo\/image\/","url":"https:\/\/bulliesteashop.com\/wp-content\/uploads\/2023\/07\/bulliesteashop-2.png","contentUrl":"https:\/\/bulliesteashop.com\/wp-content\/uploads\/2023\/07\/bulliesteashop-2.png","width":351,"height":337,"caption":"Bullies Tea Shop"},"image":{"@id":"https:\/\/bulliesteashop.com\/#\/schema\/logo\/image\/"},"sameAs":["https:\/\/www.facebook.com\/iengelswienkeltje2\/"]}]}},"_links":{"self":[{"href":"https:\/\/bulliesteashop.com\/de\/wp-json\/wp\/v2\/product\/16195"}],"collection":[{"href":"https:\/\/bulliesteashop.com\/de\/wp-json\/wp\/v2\/product"}],"about":[{"href":"https:\/\/bulliesteashop.com\/de\/wp-json\/wp\/v2\/types\/product"}],"replies":[{"embeddable":true,"href":"https:\/\/bulliesteashop.com\/de\/wp-json\/wp\/v2\/comments?post=16195"}],"wp:featuredmedia":[{"embeddable":true,"href":"https:\/\/bulliesteashop.com\/de\/wp-json\/wp\/v2\/media\/15685"}],"wp:attachment":[{"href":"https:\/\/bulliesteashop.com\/de\/wp-json\/wp\/v2\/media?parent=16195"}],"wp:term":[{"taxonomy":"product_brand","embeddable":true,"href":"https:\/\/bulliesteashop.com\/de\/wp-json\/wp\/v2\/product_brand?post=16195"},{"taxonomy":"product_cat","embeddable":true,"href":"https:\/\/bulliesteashop.com\/de\/wp-json\/wp\/v2\/product_cat?post=16195"},{"taxonomy":"product_tag","embeddable":true,"href":"https:\/\/bulliesteashop.com\/de\/wp-json\/wp\/v2\/product_tag?post=16195"}],"curies":[{"name":"wp","href":"https:\/\/api.w.org\/{rel}","templated":true}]}}