{"id":16185,"date":"2023-07-28T10:57:46","date_gmt":"2023-07-28T09:57:46","guid":{"rendered":"https:\/\/bulliesteashop.com\/product\/blood-orange-340g-2\/"},"modified":"2025-10-15T16:51:54","modified_gmt":"2025-10-15T15:51:54","slug":"blood-orange-340g-2","status":"publish","type":"product","link":"https:\/\/bulliesteashop.com\/de\/produkt\/blood-orange-340g-2\/","title":{"rendered":"Tiptree Blood Orange 340g"},"content":{"rendered":"<h1>About Tiptree Blood Orange<\/h1>\n<p>Erleben Sie den reichen und robusten Geschmack der Tiptree Blutorangen-Marmelade, ein wahrer Genuss f\u00fcr Marmeladenliebhaber. Diese mittelgeschnittene Marmelade, hergestellt aus den besten Blutorangen, bietet eine einzigartige Mischung aus intensiven Zitrusnoten und einer angenehm st\u00fcckigen Textur. Jedes Glas f\u00e4ngt das Wesen sonnenverw\u00f6hnter Blutorangen ein und liefert einen kr\u00e4ftigen Geschmack, der S\u00fc\u00dfe mit einem subtilen Hauch von S\u00e4ure ausbalanciert. Perfekt f\u00fcr diejenigen, die eine Marmelade mit Tiefe und Charakter sch\u00e4tzen, wird dieser Aufstrich Ihr Fr\u00fchst\u00fcckserlebnis verbessern und ein einfaches St\u00fcck Toast in eine Gourmet-Leckerei verwandeln.<\/p>\n<p>Die Tiptree Blutorangen-Marmelade ist nicht nur f\u00fcr Toast \u2013 ihre Vielseitigkeit macht sie zu einer unverzichtbaren Erg\u00e4nzung Ihrer Vorratskammer. Verwenden Sie sie, um Ihren Backwaren einen Zitruskick zu verleihen, Fleisch zu glasieren f\u00fcr einen s\u00fc\u00df-sauren Kontrast oder genie\u00dfen Sie sie einfach l\u00f6ffelweise. Der unverwechselbare Geschmack der Blutorangen kommt in jedem Bissen zum Vorschein und macht sie zu einem Favoriten unter denen, die etwas anderes als die \u00fcblichen Marmeladenangebote suchen. G\u00f6nnen Sie sich die erstklassige Qualit\u00e4t und den au\u00dfergew\u00f6hnlichen Geschmack von Tiptree und lassen Sie sich von jedem L\u00f6ffel dieser exquisiten Marmelade in die Obstg\u00e4rten transportieren, in denen die besten Blutorangen geerntet werden.<\/p>\n<h3>N\u00e4hrwerte<\/h3>\n<p>Pro 100 g: 1129 kJ\/270 kCal, Fett 0 g, davon ges\u00e4ttigte Fetts\u00e4uren 0 g, Kohlenhydrate 68 g, davon Zucker 67 g, Protein 0,5 g, Salz 0,06 g, Natrium 0,02 g<\/p>\n<h2>Zutaten<\/h2>\n<p>Zucker, Blutorangen, Geliermittel: Zitruspektin<\/p>","protected":false},"excerpt":{"rendered":"<p>Eine vollmundige und angenehm st\u00fcckige Marmelade mit mittlerem Schnitt, hergestellt aus Blutorangen.<\/p>","protected":false},"featured_media":15670,"comment_status":"closed","ping_status":"closed","template":"","meta":[],"product_brand":[],"product_cat":[18],"product_tag":[21,83,23,81,82],"class_list":{"0":"post-16185","1":"product","2":"type-product","3":"status-publish","4":"has-post-thumbnail","6":"product_cat-jam","7":"product_tag-coeliacs","8":"product_tag-dairy-free","9":"product_tag-kosher","10":"product_tag-vegan","11":"product_tag-vegetarian","13":"first","14":"instock","15":"purchasable","16":"product-type-simple"},"yoast_head":"<!-- This site is optimized with the Yoast SEO plugin v23.4 - https:\/\/yoast.com\/wordpress\/plugins\/seo\/ -->\n<title>Tiptree Blood Orange 340g - Bullies Tea Shop<\/title>\n<meta name=\"description\" content=\"Tiptree Blood Orange is a full bodied and satisfyingly chunky medium cut marmalade made using only the best blood oranges.\" \/>\n<meta name=\"robots\" content=\"index, follow, max-snippet:-1, max-image-preview:large, max-video-preview:-1\" \/>\n<link rel=\"canonical\" href=\"https:\/\/bulliesteashop.com\/de\/produkt\/blood-orange-340g-2\/\" \/>\n<meta property=\"og:locale\" content=\"de_DE\" \/>\n<meta property=\"og:type\" content=\"article\" \/>\n<meta property=\"og:title\" content=\"Tiptree Blood Orange 340g - Bullies Tea Shop\" \/>\n<meta property=\"og:description\" content=\"Tiptree Blood Orange is a full bodied and satisfyingly chunky medium cut marmalade made using only the best blood oranges.\" \/>\n<meta property=\"og:url\" content=\"https:\/\/bulliesteashop.com\/de\/produkt\/blood-orange-340g-2\/\" \/>\n<meta property=\"og:site_name\" content=\"Bullies Tea Shop\" \/>\n<meta property=\"article:publisher\" content=\"https:\/\/www.facebook.com\/iengelswienkeltje2\/\" \/>\n<meta property=\"article:modified_time\" content=\"2025-10-15T15:51:54+00:00\" \/>\n<meta property=\"og:image\" content=\"https:\/\/bulliesteashop.com\/wp-content\/uploads\/2023\/07\/blood-orange-340g.jpg\" \/>\n\t<meta property=\"og:image:width\" content=\"800\" \/>\n\t<meta property=\"og:image:height\" content=\"800\" \/>\n\t<meta property=\"og:image:type\" content=\"image\/jpeg\" \/>\n<meta name=\"twitter:card\" content=\"summary_large_image\" \/>\n<meta name=\"twitter:label1\" content=\"Gesch\u00e4tzte Lesezeit\" \/>\n\t<meta name=\"twitter:data1\" content=\"2\u00a0Minuten\" \/>\n<script type=\"application\/ld+json\" class=\"yoast-schema-graph\">{\"@context\":\"https:\/\/schema.org\",\"@graph\":[{\"@type\":\"WebPage\",\"@id\":\"https:\/\/bulliesteashop.com\/product\/blood-orange-340g-2\/\",\"url\":\"https:\/\/bulliesteashop.com\/product\/blood-orange-340g-2\/\",\"name\":\"Tiptree Blood Orange 340g - Bullies Tea Shop\",\"isPartOf\":{\"@id\":\"https:\/\/bulliesteashop.com\/#website\"},\"primaryImageOfPage\":{\"@id\":\"https:\/\/bulliesteashop.com\/product\/blood-orange-340g-2\/#primaryimage\"},\"image\":{\"@id\":\"https:\/\/bulliesteashop.com\/product\/blood-orange-340g-2\/#primaryimage\"},\"thumbnailUrl\":\"https:\/\/bulliesteashop.com\/wp-content\/uploads\/2023\/07\/blood-orange-340g.jpg\",\"datePublished\":\"2023-07-28T09:57:46+00:00\",\"dateModified\":\"2025-10-15T15:51:54+00:00\",\"description\":\"Tiptree Blood Orange is a full bodied and satisfyingly chunky medium cut marmalade made using only the best blood oranges.\",\"breadcrumb\":{\"@id\":\"https:\/\/bulliesteashop.com\/product\/blood-orange-340g-2\/#breadcrumb\"},\"inLanguage\":\"de\",\"potentialAction\":[{\"@type\":\"ReadAction\",\"target\":[\"https:\/\/bulliesteashop.com\/product\/blood-orange-340g-2\/\"]}]},{\"@type\":\"ImageObject\",\"inLanguage\":\"de\",\"@id\":\"https:\/\/bulliesteashop.com\/product\/blood-orange-340g-2\/#primaryimage\",\"url\":\"https:\/\/bulliesteashop.com\/wp-content\/uploads\/2023\/07\/blood-orange-340g.jpg\",\"contentUrl\":\"https:\/\/bulliesteashop.com\/wp-content\/uploads\/2023\/07\/blood-orange-340g.jpg\",\"width\":800,\"height\":800,\"caption\":\"Single Tiptree Blood Orange Jar\"},{\"@type\":\"BreadcrumbList\",\"@id\":\"https:\/\/bulliesteashop.com\/product\/blood-orange-340g-2\/#breadcrumb\",\"itemListElement\":[{\"@type\":\"ListItem\",\"position\":1,\"name\":\"Home\",\"item\":\"https:\/\/bulliesteashop.com\/\"},{\"@type\":\"ListItem\",\"position\":2,\"name\":\"Shop\",\"item\":\"https:\/\/bulliesteashop.com\/shop\/\"},{\"@type\":\"ListItem\",\"position\":3,\"name\":\"Tiptree Blood Orange 340g\"}]},{\"@type\":\"WebSite\",\"@id\":\"https:\/\/bulliesteashop.com\/#website\",\"url\":\"https:\/\/bulliesteashop.com\/\",\"name\":\"Bullies Tea Shop\",\"description\":\"Online shop for your favourite British and English food and drink products\",\"publisher\":{\"@id\":\"https:\/\/bulliesteashop.com\/#organization\"},\"potentialAction\":[{\"@type\":\"SearchAction\",\"target\":{\"@type\":\"EntryPoint\",\"urlTemplate\":\"https:\/\/bulliesteashop.com\/?s={search_term_string}\"},\"query-input\":{\"@type\":\"PropertyValueSpecification\",\"valueRequired\":true,\"valueName\":\"search_term_string\"}}],\"inLanguage\":\"de\"},{\"@type\":\"Organization\",\"@id\":\"https:\/\/bulliesteashop.com\/#organization\",\"name\":\"Bullies Tea Shop\",\"url\":\"https:\/\/bulliesteashop.com\/\",\"logo\":{\"@type\":\"ImageObject\",\"inLanguage\":\"de\",\"@id\":\"https:\/\/bulliesteashop.com\/#\/schema\/logo\/image\/\",\"url\":\"https:\/\/bulliesteashop.com\/wp-content\/uploads\/2023\/07\/bulliesteashop-2.png\",\"contentUrl\":\"https:\/\/bulliesteashop.com\/wp-content\/uploads\/2023\/07\/bulliesteashop-2.png\",\"width\":351,\"height\":337,\"caption\":\"Bullies Tea Shop\"},\"image\":{\"@id\":\"https:\/\/bulliesteashop.com\/#\/schema\/logo\/image\/\"},\"sameAs\":[\"https:\/\/www.facebook.com\/iengelswienkeltje2\/\"]}]}<\/script>\n<!-- \/ Yoast SEO plugin. -->","yoast_head_json":{"title":"Tiptree Blood Orange 340g - Bullies Tea Shop","description":"Tiptree Blood Orange is a full bodied and satisfyingly chunky medium cut marmalade made using only the best blood oranges.","robots":{"index":"index","follow":"follow","max-snippet":"max-snippet:-1","max-image-preview":"max-image-preview:large","max-video-preview":"max-video-preview:-1"},"canonical":"https:\/\/bulliesteashop.com\/de\/produkt\/blood-orange-340g-2\/","og_locale":"de_DE","og_type":"article","og_title":"Tiptree Blood Orange 340g - Bullies Tea Shop","og_description":"Tiptree Blood Orange is a full bodied and satisfyingly chunky medium cut marmalade made using only the best blood oranges.","og_url":"https:\/\/bulliesteashop.com\/de\/produkt\/blood-orange-340g-2\/","og_site_name":"Bullies Tea Shop","article_publisher":"https:\/\/www.facebook.com\/iengelswienkeltje2\/","article_modified_time":"2025-10-15T15:51:54+00:00","og_image":[{"width":800,"height":800,"url":"https:\/\/bulliesteashop.com\/wp-content\/uploads\/2023\/07\/blood-orange-340g.jpg","type":"image\/jpeg"}],"twitter_card":"summary_large_image","twitter_misc":{"Gesch\u00e4tzte Lesezeit":"2\u00a0Minuten"},"schema":{"@context":"https:\/\/schema.org","@graph":[{"@type":"WebPage","@id":"https:\/\/bulliesteashop.com\/product\/blood-orange-340g-2\/","url":"https:\/\/bulliesteashop.com\/product\/blood-orange-340g-2\/","name":"Tiptree Blood Orange 340g - Bullies Tea Shop","isPartOf":{"@id":"https:\/\/bulliesteashop.com\/#website"},"primaryImageOfPage":{"@id":"https:\/\/bulliesteashop.com\/product\/blood-orange-340g-2\/#primaryimage"},"image":{"@id":"https:\/\/bulliesteashop.com\/product\/blood-orange-340g-2\/#primaryimage"},"thumbnailUrl":"https:\/\/bulliesteashop.com\/wp-content\/uploads\/2023\/07\/blood-orange-340g.jpg","datePublished":"2023-07-28T09:57:46+00:00","dateModified":"2025-10-15T15:51:54+00:00","description":"Tiptree Blood Orange is a full bodied and satisfyingly chunky medium cut marmalade made using only the best blood oranges.","breadcrumb":{"@id":"https:\/\/bulliesteashop.com\/product\/blood-orange-340g-2\/#breadcrumb"},"inLanguage":"de","potentialAction":[{"@type":"ReadAction","target":["https:\/\/bulliesteashop.com\/product\/blood-orange-340g-2\/"]}]},{"@type":"ImageObject","inLanguage":"de","@id":"https:\/\/bulliesteashop.com\/product\/blood-orange-340g-2\/#primaryimage","url":"https:\/\/bulliesteashop.com\/wp-content\/uploads\/2023\/07\/blood-orange-340g.jpg","contentUrl":"https:\/\/bulliesteashop.com\/wp-content\/uploads\/2023\/07\/blood-orange-340g.jpg","width":800,"height":800,"caption":"Single Tiptree Blood Orange Jar"},{"@type":"BreadcrumbList","@id":"https:\/\/bulliesteashop.com\/product\/blood-orange-340g-2\/#breadcrumb","itemListElement":[{"@type":"ListItem","position":1,"name":"Home","item":"https:\/\/bulliesteashop.com\/"},{"@type":"ListItem","position":2,"name":"Shop","item":"https:\/\/bulliesteashop.com\/shop\/"},{"@type":"ListItem","position":3,"name":"Tiptree Blood Orange 340g"}]},{"@type":"WebSite","@id":"https:\/\/bulliesteashop.com\/#website","url":"https:\/\/bulliesteashop.com\/","name":"Bullies Tea Shop","description":"Online shop for your favourite British and English food and drink products","publisher":{"@id":"https:\/\/bulliesteashop.com\/#organization"},"potentialAction":[{"@type":"SearchAction","target":{"@type":"EntryPoint","urlTemplate":"https:\/\/bulliesteashop.com\/?s={search_term_string}"},"query-input":{"@type":"PropertyValueSpecification","valueRequired":true,"valueName":"search_term_string"}}],"inLanguage":"de"},{"@type":"Organization","@id":"https:\/\/bulliesteashop.com\/#organization","name":"Bullies Tea Shop","url":"https:\/\/bulliesteashop.com\/","logo":{"@type":"ImageObject","inLanguage":"de","@id":"https:\/\/bulliesteashop.com\/#\/schema\/logo\/image\/","url":"https:\/\/bulliesteashop.com\/wp-content\/uploads\/2023\/07\/bulliesteashop-2.png","contentUrl":"https:\/\/bulliesteashop.com\/wp-content\/uploads\/2023\/07\/bulliesteashop-2.png","width":351,"height":337,"caption":"Bullies Tea Shop"},"image":{"@id":"https:\/\/bulliesteashop.com\/#\/schema\/logo\/image\/"},"sameAs":["https:\/\/www.facebook.com\/iengelswienkeltje2\/"]}]}},"_links":{"self":[{"href":"https:\/\/bulliesteashop.com\/de\/wp-json\/wp\/v2\/product\/16185"}],"collection":[{"href":"https:\/\/bulliesteashop.com\/de\/wp-json\/wp\/v2\/product"}],"about":[{"href":"https:\/\/bulliesteashop.com\/de\/wp-json\/wp\/v2\/types\/product"}],"replies":[{"embeddable":true,"href":"https:\/\/bulliesteashop.com\/de\/wp-json\/wp\/v2\/comments?post=16185"}],"wp:featuredmedia":[{"embeddable":true,"href":"https:\/\/bulliesteashop.com\/de\/wp-json\/wp\/v2\/media\/15670"}],"wp:attachment":[{"href":"https:\/\/bulliesteashop.com\/de\/wp-json\/wp\/v2\/media?parent=16185"}],"wp:term":[{"taxonomy":"product_brand","embeddable":true,"href":"https:\/\/bulliesteashop.com\/de\/wp-json\/wp\/v2\/product_brand?post=16185"},{"taxonomy":"product_cat","embeddable":true,"href":"https:\/\/bulliesteashop.com\/de\/wp-json\/wp\/v2\/product_cat?post=16185"},{"taxonomy":"product_tag","embeddable":true,"href":"https:\/\/bulliesteashop.com\/de\/wp-json\/wp\/v2\/product_tag?post=16185"}],"curies":[{"name":"wp","href":"https:\/\/api.w.org\/{rel}","templated":true}]}}