{"id":3,"date":"2023-07-05T22:08:03","date_gmt":"2023-07-05T21:08:03","guid":{"rendered":"http:\/\/bulliesteashop.com\/?page_id=3"},"modified":"2023-08-01T09:56:39","modified_gmt":"2023-08-01T08:56:39","slug":"privacy-policy","status":"publish","type":"page","link":"https:\/\/bulliesteashop.com\/de\/privacy-policy\/","title":{"rendered":"Datenschutzerkl\u00e4rung"},"content":{"rendered":"<h2 class=\"wp-block-heading\">Wer wir sind<\/h2><p><strong class=\"privacy-policy-tutorial\"> <\/strong>Our website address is: http:\/\/bulliesteashop.com.<\/p><h2 class=\"wp-block-heading\">Kommentare<\/h2><p><strong class=\"privacy-policy-tutorial\"> <\/strong>Wenn Besucher verlassen Kommentare auf der Website sammeln wir die Daten gezeigt in die Kommentare, form, und auch die Besucher IP-Adresse und browser-user-agent-string zu helfen, die spam-Erkennung.<\/p><p>An anonymized string created from your email address (also called a hash) may be provided to the Gravatar service to see if you are using it. The Gravatar service Privacy Policy is available here: https:\/\/automattic.com\/privacy\/. After approval of your comment, your profile picture is visible to the public in the context of your comment.<\/p><h2 class=\"wp-block-heading\">Medien<\/h2><p>Wenn du Bilder hochladen, an die website, die Sie vermeiden sollten hochladen von Bildern mit eingebetteten Standortdaten (EXIF GPS) inklusive. Besucher der website k\u00f6nnen downloaden und extrahieren Sie beliebige Standortdaten aus Bildern auf der website.<\/p><h2 class=\"wp-block-heading\">Cookies<\/h2><p>Wenn du einen Kommentar auf unserer Website k\u00f6nnen Sie opt-in to saving your name, E-Mail-Adresse und website in cookies. Diese sind f\u00fcr Ihre Bequemlichkeit, so dass Sie nicht haben zu f\u00fcllen in Ihren details wieder, wenn Sie einen anderen Kommentar hinterlassen. Diese cookies dauern ein Jahr.<\/p><p>Wenn Sie den Besuch unserer login-Seite, setzen wir ein tempor\u00e4res cookie, um festzustellen, ob dein browser cookies akzeptiert. Dieses cookie enth\u00e4lt keine personenbezogenen Daten und wird verworfen, wenn Sie Ihren browser schlie\u00dfen.<\/p><p>Wenn Sie sich anmelden, werden wir auch mehrere cookies speichern Sie Ihre login-Informationen und Ihre Bildschirm Auswahl. Login cookies zuletzt f\u00fcr zwei Tage, und Bildschirm Optionen cookies dauern ein Jahr. Wenn Sie die Option &#034;Remember Me&#034;, your login will persist for two weeks. Wenn Sie sich von Ihrem Konto, die login-cookies werden entfernt.<\/p><p>Wenn Sie Bearbeiten oder einen Artikel ver\u00f6ffentlichen, ein zus\u00e4tzliches cookie in Ihrem browser gespeichert. Dieses cookie enth\u00e4lt keine personenbezogenen Daten und gibt einfach die post-ID des Artikels, den Sie gerade bearbeitet haben. Es l\u00e4uft nach 1 Tag.<\/p><h2 class=\"wp-block-heading\">Eingebettete Inhalte von anderen websites<\/h2><p><strong class=\"privacy-policy-tutorial\"> <\/strong>Artikel auf diese Website kann eingebettete Inhalte (z.B. videos, Bilder, Artikel usw.). Eingebettete Inhalte von anderen websites verh\u00e4lt sich genau so, als ob der Besucher die andere website besucht.<\/p><p>Diese websites k\u00f6nnen sammeln Daten \u00fcber Sie, verwenden cookies, einbetten zus\u00e4tzlicher Drittanbieter-tracking, und \u00fcberwachen Sie Ihre Interaktion mit den eingebetteten Inhalten, einschlie\u00dflich der Verfolgung Ihrer Interaktion mit dem eingebetteten Inhalt, falls Sie ein Konto haben und eingeloggt sind und auf diese website.<\/p><h2 class=\"wp-block-heading\">Wer wir teilen Ihre Daten mit<\/h2><p>Wenn Sie ein Kennwort zur\u00fccksetzen, wird Ihre IP-Adresse wird enthalten sein in die reset-E-Mail.<\/p><h2 class=\"wp-block-heading\">Wie lange behalten wir Ihre Daten<\/h2><p><strong class=\"privacy-policy-tutorial\"> <\/strong>Wenn Sie einen Kommentar hinterlassen, der Kommentar und seine Metadaten auf unbestimmte Zeit beibehalten. So k\u00f6nnen wir erkennen und genehmigen, die follow-up-Kommentare automatisch, sondern halten Sie Sie in einer MODERATIONS-Warteschlange.<\/p><p>F\u00fcr Anwender, die auf unserer website registrieren (falls vorhanden), speichern wir auch die pers\u00f6nlichen Informationen, die Sie in Ihrem Benutzer-Profil. Alle Benutzer k\u00f6nnen sehen, Bearbeiten oder l\u00f6schen Ihrer pers\u00f6nlichen Informationen jederzeit, (Ausnahme die Sie nicht \u00e4ndern k\u00f6nnen Sie Ihren Benutzernamen). Website-Administratoren k\u00f6nnen auch sehen und Bearbeiten Sie die Informationen.<\/p><h2 class=\"wp-block-heading\">Welche Rechte haben Sie \u00fcber Ihre Daten<\/h2><p>Wenn du ein Konto auf dieser Website haben oder Kommentare hinterlassen haben, k\u00f6nnen Sie anfordern, eine exportierte Datei der pers\u00f6nlichen Daten wir \u00fcber Sie gespeichert haben, einschlie\u00dflich aller Daten, die Sie uns zur Verf\u00fcgung gestellt haben. Sie k\u00f6nnen auch verlangen, dass wir die L\u00f6schung von personenbezogenen Daten, die wir \u00fcber Sie gespeichert haben. Dies beinhaltet keine Daten, die wir verpflichtet sind zu halten, die f\u00fcr administrative, rechtliche oder Sicherheitszwecke.<\/p><h2 class=\"wp-block-heading\">Wohin Ihre Daten gesendet werden<\/h2><p>Besucher-Kommentare k\u00f6nnen \u00fcberpr\u00fcft werden durch einen automatisierten spam detection service.<\/p>","protected":false},"excerpt":{"rendered":"<p>Who we are Our website address is: http:\/\/bulliesteashop.com. Comments When visitors leave comments on the site we collect the data<\/p>","protected":false},"author":1,"featured_media":0,"parent":0,"menu_order":0,"comment_status":"closed","ping_status":"open","template":"","meta":{"footnotes":""},"class_list":["post-3","page","type-page","status-publish","hentry"],"yoast_head":"<!-- This site is optimized with the Yoast SEO plugin v23.4 - https:\/\/yoast.com\/wordpress\/plugins\/seo\/ -->\n<title>Privacy Policy - Bullies Tea Shop<\/title>\n<meta name=\"robots\" content=\"index, follow, max-snippet:-1, max-image-preview:large, max-video-preview:-1\" \/>\n<link rel=\"canonical\" href=\"https:\/\/bulliesteashop.com\/de\/privacy-policy\/\" \/>\n<meta property=\"og:locale\" content=\"de_DE\" \/>\n<meta property=\"og:type\" content=\"article\" \/>\n<meta property=\"og:title\" content=\"Privacy Policy - Bullies Tea Shop\" \/>\n<meta property=\"og:description\" content=\"Who we are Our website address is: http:\/\/bulliesteashop.com. Comments When visitors leave comments on the site we collect the data\" \/>\n<meta property=\"og:url\" content=\"https:\/\/bulliesteashop.com\/de\/privacy-policy\/\" \/>\n<meta property=\"og:site_name\" content=\"Bullies Tea Shop\" \/>\n<meta property=\"article:publisher\" content=\"https:\/\/www.facebook.com\/iengelswienkeltje2\/\" \/>\n<meta property=\"article:modified_time\" content=\"2023-08-01T08:56:39+00:00\" \/>\n<meta name=\"twitter:card\" content=\"summary_large_image\" \/>\n<meta name=\"twitter:label1\" content=\"Gesch\u00e4tzte Lesezeit\" \/>\n\t<meta name=\"twitter:data1\" content=\"3\u00a0Minuten\" \/>\n<script type=\"application\/ld+json\" class=\"yoast-schema-graph\">{\"@context\":\"https:\/\/schema.org\",\"@graph\":[{\"@type\":\"WebPage\",\"@id\":\"https:\/\/bulliesteashop.com\/privacy-policy\/\",\"url\":\"https:\/\/bulliesteashop.com\/privacy-policy\/\",\"name\":\"Privacy Policy - Bullies Tea Shop\",\"isPartOf\":{\"@id\":\"https:\/\/bulliesteashop.com\/#website\"},\"datePublished\":\"2023-07-05T21:08:03+00:00\",\"dateModified\":\"2023-08-01T08:56:39+00:00\",\"breadcrumb\":{\"@id\":\"https:\/\/bulliesteashop.com\/privacy-policy\/#breadcrumb\"},\"inLanguage\":\"de\",\"potentialAction\":[{\"@type\":\"ReadAction\",\"target\":[\"https:\/\/bulliesteashop.com\/privacy-policy\/\"]}]},{\"@type\":\"BreadcrumbList\",\"@id\":\"https:\/\/bulliesteashop.com\/privacy-policy\/#breadcrumb\",\"itemListElement\":[{\"@type\":\"ListItem\",\"position\":1,\"name\":\"Home\",\"item\":\"https:\/\/bulliesteashop.com\/\"},{\"@type\":\"ListItem\",\"position\":2,\"name\":\"Privacy Policy\"}]},{\"@type\":\"WebSite\",\"@id\":\"https:\/\/bulliesteashop.com\/#website\",\"url\":\"https:\/\/bulliesteashop.com\/\",\"name\":\"Bullies Tea Shop\",\"description\":\"Online shop for your favourite British and English food and drink products\",\"publisher\":{\"@id\":\"https:\/\/bulliesteashop.com\/#organization\"},\"potentialAction\":[{\"@type\":\"SearchAction\",\"target\":{\"@type\":\"EntryPoint\",\"urlTemplate\":\"https:\/\/bulliesteashop.com\/?s={search_term_string}\"},\"query-input\":{\"@type\":\"PropertyValueSpecification\",\"valueRequired\":true,\"valueName\":\"search_term_string\"}}],\"inLanguage\":\"de\"},{\"@type\":\"Organization\",\"@id\":\"https:\/\/bulliesteashop.com\/#organization\",\"name\":\"Bullies Tea Shop\",\"url\":\"https:\/\/bulliesteashop.com\/\",\"logo\":{\"@type\":\"ImageObject\",\"inLanguage\":\"de\",\"@id\":\"https:\/\/bulliesteashop.com\/#\/schema\/logo\/image\/\",\"url\":\"https:\/\/bulliesteashop.com\/wp-content\/uploads\/2023\/07\/bulliesteashop-2.png\",\"contentUrl\":\"https:\/\/bulliesteashop.com\/wp-content\/uploads\/2023\/07\/bulliesteashop-2.png\",\"width\":351,\"height\":337,\"caption\":\"Bullies Tea Shop\"},\"image\":{\"@id\":\"https:\/\/bulliesteashop.com\/#\/schema\/logo\/image\/\"},\"sameAs\":[\"https:\/\/www.facebook.com\/iengelswienkeltje2\/\"]}]}<\/script>\n<!-- \/ Yoast SEO plugin. -->","yoast_head_json":{"title":"Privacy Policy - Bullies Tea Shop","robots":{"index":"index","follow":"follow","max-snippet":"max-snippet:-1","max-image-preview":"max-image-preview:large","max-video-preview":"max-video-preview:-1"},"canonical":"https:\/\/bulliesteashop.com\/de\/privacy-policy\/","og_locale":"de_DE","og_type":"article","og_title":"Privacy Policy - Bullies Tea Shop","og_description":"Who we are Our website address is: http:\/\/bulliesteashop.com. Comments When visitors leave comments on the site we collect the data","og_url":"https:\/\/bulliesteashop.com\/de\/privacy-policy\/","og_site_name":"Bullies Tea Shop","article_publisher":"https:\/\/www.facebook.com\/iengelswienkeltje2\/","article_modified_time":"2023-08-01T08:56:39+00:00","twitter_card":"summary_large_image","twitter_misc":{"Gesch\u00e4tzte Lesezeit":"3\u00a0Minuten"},"schema":{"@context":"https:\/\/schema.org","@graph":[{"@type":"WebPage","@id":"https:\/\/bulliesteashop.com\/privacy-policy\/","url":"https:\/\/bulliesteashop.com\/privacy-policy\/","name":"Privacy Policy - Bullies Tea Shop","isPartOf":{"@id":"https:\/\/bulliesteashop.com\/#website"},"datePublished":"2023-07-05T21:08:03+00:00","dateModified":"2023-08-01T08:56:39+00:00","breadcrumb":{"@id":"https:\/\/bulliesteashop.com\/privacy-policy\/#breadcrumb"},"inLanguage":"de","potentialAction":[{"@type":"ReadAction","target":["https:\/\/bulliesteashop.com\/privacy-policy\/"]}]},{"@type":"BreadcrumbList","@id":"https:\/\/bulliesteashop.com\/privacy-policy\/#breadcrumb","itemListElement":[{"@type":"ListItem","position":1,"name":"Home","item":"https:\/\/bulliesteashop.com\/"},{"@type":"ListItem","position":2,"name":"Privacy Policy"}]},{"@type":"WebSite","@id":"https:\/\/bulliesteashop.com\/#website","url":"https:\/\/bulliesteashop.com\/","name":"Bullies Tea Shop","description":"Online shop for your favourite British and English food and drink products","publisher":{"@id":"https:\/\/bulliesteashop.com\/#organization"},"potentialAction":[{"@type":"SearchAction","target":{"@type":"EntryPoint","urlTemplate":"https:\/\/bulliesteashop.com\/?s={search_term_string}"},"query-input":{"@type":"PropertyValueSpecification","valueRequired":true,"valueName":"search_term_string"}}],"inLanguage":"de"},{"@type":"Organization","@id":"https:\/\/bulliesteashop.com\/#organization","name":"Bullies Tea Shop","url":"https:\/\/bulliesteashop.com\/","logo":{"@type":"ImageObject","inLanguage":"de","@id":"https:\/\/bulliesteashop.com\/#\/schema\/logo\/image\/","url":"https:\/\/bulliesteashop.com\/wp-content\/uploads\/2023\/07\/bulliesteashop-2.png","contentUrl":"https:\/\/bulliesteashop.com\/wp-content\/uploads\/2023\/07\/bulliesteashop-2.png","width":351,"height":337,"caption":"Bullies Tea Shop"},"image":{"@id":"https:\/\/bulliesteashop.com\/#\/schema\/logo\/image\/"},"sameAs":["https:\/\/www.facebook.com\/iengelswienkeltje2\/"]}]}},"_links":{"self":[{"href":"https:\/\/bulliesteashop.com\/de\/wp-json\/wp\/v2\/pages\/3"}],"collection":[{"href":"https:\/\/bulliesteashop.com\/de\/wp-json\/wp\/v2\/pages"}],"about":[{"href":"https:\/\/bulliesteashop.com\/de\/wp-json\/wp\/v2\/types\/page"}],"author":[{"embeddable":true,"href":"https:\/\/bulliesteashop.com\/de\/wp-json\/wp\/v2\/users\/1"}],"replies":[{"embeddable":true,"href":"https:\/\/bulliesteashop.com\/de\/wp-json\/wp\/v2\/comments?post=3"}],"version-history":[{"count":1,"href":"https:\/\/bulliesteashop.com\/de\/wp-json\/wp\/v2\/pages\/3\/revisions"}],"predecessor-version":[{"id":16025,"href":"https:\/\/bulliesteashop.com\/de\/wp-json\/wp\/v2\/pages\/3\/revisions\/16025"}],"wp:attachment":[{"href":"https:\/\/bulliesteashop.com\/de\/wp-json\/wp\/v2\/media?parent=3"}],"curies":[{"name":"wp","href":"https:\/\/api.w.org\/{rel}","templated":true}]}}